{"id":3245,"date":"2023-04-03T11:00:57","date_gmt":"2023-04-03T11:00:57","guid":{"rendered":"https:\/\/valitec.co\/sitioweb\/?post_type=product&#038;p=3245"},"modified":"2023-04-03T11:00:58","modified_gmt":"2023-04-03T11:00:58","slug":"filtros-de-gas-super-clean","status":"publish","type":"product","link":"https:\/\/valitec.co\/sitioweb\/product\/filtros-de-gas-super-clean\/","title":{"rendered":"Filtros de gas Super Clean"},"content":{"rendered":"<p><strong>ECD y MS<\/strong>\u00a0Triple filtro para eliminar O2\/Humedad\/Hidrocarburos del gas portador<\/p>\n<p>&nbsp;<\/p>\n<p><strong>GC\/MS<\/strong>\u00a0Triple filtros espec\u00edficos para el Helio del gas portador, elimina la<\/p>\n<p>O2\/ Humedad\/Hidrocarburos y est\u00e1 condicionado con Helio<\/p>\n<p>&nbsp;<\/p>\n<p><strong>FID<\/strong>\u00a0Filtros de alta capacidad para eliminar O2\/humedad\/hidrocarburos<\/p>\n<p>del gas portador y 2 combi filtros de alta capacidad para eliminar la<\/p>\n<p>humedad e hidrocarburos de los gases de combusti\u00f3n H2 y aire para FID<\/p>\n<p>&nbsp;<\/p>\n<p><strong>LC\/MS<\/strong>\u00a0Filtros para purificar el N2 de Hidrocarburos y un filtro de part\u00edculas para el aire<\/p>\n<p>&nbsp;<\/p>\n<p><strong>TOC<\/strong>\u00a0Filtro para eliminaci\u00f3n de di\u00f3xido de carbono y azufre de<\/p>\n<p>una corriente de gas se usa en combinaci\u00f3n de un filtro de humedad<\/p>\n<h3><a href=\"https:\/\/www.teknokroma.es\/media\/3675\/gc_lq.pdf\" rel=\"nofollow noopener\" target=\"_blank\">Descarga cat\u00e1logo general<\/a><\/h3>\n<h3><a href=\"https:\/\/www.teknokroma.es\/media\/3718\/sgt_cat.pdf\" rel=\"nofollow noopener\" target=\"_blank\">Filtros<\/a><\/h3>\n<h3><a href=\"https:\/\/www.teknokroma.es\/media\/3427\/super-clean-brochure-2015.pdf\" rel=\"nofollow noopener\" target=\"_blank\">Super Clean brochure<\/a><\/h3>\n<p>Fabricante:<\/p>\n<p><img decoding=\"async\" class=\"alignnone  wp-image-3246\" src=\"https:\/\/valitec.co\/sitioweb\/wp-content\/uploads\/2023\/04\/fabricante.jpg\" alt=\"\" width=\"265\" height=\"96\" srcset=\"https:\/\/valitec.co\/sitioweb\/wp-content\/uploads\/2023\/04\/fabricante.jpg 706w, https:\/\/valitec.co\/sitioweb\/wp-content\/uploads\/2023\/04\/fabricante-300x109.jpg 300w, https:\/\/valitec.co\/sitioweb\/wp-content\/uploads\/2023\/04\/fabricante-600x218.jpg 600w, https:\/\/valitec.co\/sitioweb\/wp-content\/uploads\/2023\/04\/fabricante-90x33.jpg 90w\" sizes=\"(max-width: 265px) 100vw, 265px\" \/><\/p>\n","protected":false},"excerpt":{"rendered":"<p>El Gas portador debe contener menos de 1 ppm de ox\u00edgeno, humedad u otros contaminantes, para prevenir la degradaci\u00f3n de la columna, aumentar la vida \u00fatil y la disminuci\u00f3n de sangrado de la fase estacionaria.<\/p>\n<p>Los filtros de gas Super Clean contribuir\u00e1n definitivamente a conseguir esta pureza y obtener unos resultados cromatogr\u00e1ficos libres de picos fantasma, permitiendo analizar trazas de compuestos. Disminuir\u00e1n tiempo y coste en el mantenimiento de los equipos.<\/p>\n<p>Las ventajas de utilizar los purificadores de l\u00ednea de gas con una placa base, hacen que el cambio de filtros sea r\u00e1pido y sencillo. Permite cambiar los cartuchos sin introducir ox\u00edgeno. Las v\u00e1lvulas de retenci\u00f3n accionadas por resorte sellan cuando se quita un filtro y se abren solo cuando se ha bloqueado un nuevo filtro en su lugar. Ya no es necesario aflojar y apretar los racores cada vez que se cambia una trampa, evit\u00e1ndose que su sistema se contamine durante el proceso.<\/p>\n<p>&nbsp;<\/p>\n<p>Caracter\u00edsticas<\/p>\n<p>&nbsp;<\/p>\n<p>\u2022 Alta capacidad de retenci\u00f3n de impurezas<\/p>\n<p>\u2022 La trampa proporciona un gas de salida de 99,9999% de pureza<\/p>\n<p>\u2022 El sistema de \u201cconexi\u00f3n r\u00e1pida\u00bb facilita el cambi\u00f3 del cartucho r\u00e1pido y seguro<\/p>\n<p>\u2022 Vidrio en el interior para evitar difusi\u00f3n de contaminantes y pl\u00e1stico exterior para la seguridad<\/p>\n<p>\u2022 Materiales reciclables o renovables<\/p>\n<p>\u2022 Indicador de trampa agotada.<\/p>\n<p>\u2022 Trampas espec\u00edficas para helio e hidr\u00f3geno disponibles<\/p>\n","protected":false},"featured_media":3244,"template":"","meta":{"_eb_attr":""},"product_brand":[],"product_cat":[92],"product_tag":[],"class_list":{"0":"post-3245","1":"product","2":"type-product","3":"status-publish","4":"has-post-thumbnail","6":"product_cat-purificadores-de-gases","8":"first","9":"instock","10":"shipping-taxable","11":"product-type-simple"},"_links":{"self":[{"href":"https:\/\/valitec.co\/sitioweb\/wp-json\/wp\/v2\/product\/3245","targetHints":{"allow":["GET"]}}],"collection":[{"href":"https:\/\/valitec.co\/sitioweb\/wp-json\/wp\/v2\/product"}],"about":[{"href":"https:\/\/valitec.co\/sitioweb\/wp-json\/wp\/v2\/types\/product"}],"wp:featuredmedia":[{"embeddable":true,"href":"https:\/\/valitec.co\/sitioweb\/wp-json\/wp\/v2\/media\/3244"}],"wp:attachment":[{"href":"https:\/\/valitec.co\/sitioweb\/wp-json\/wp\/v2\/media?parent=3245"}],"wp:term":[{"taxonomy":"product_brand","embeddable":true,"href":"https:\/\/valitec.co\/sitioweb\/wp-json\/wp\/v2\/product_brand?post=3245"},{"taxonomy":"product_cat","embeddable":true,"href":"https:\/\/valitec.co\/sitioweb\/wp-json\/wp\/v2\/product_cat?post=3245"},{"taxonomy":"product_tag","embeddable":true,"href":"https:\/\/valitec.co\/sitioweb\/wp-json\/wp\/v2\/product_tag?post=3245"}],"curies":[{"name":"wp","href":"https:\/\/api.w.org\/{rel}","templated":true}]}}