{"id":3241,"date":"2023-04-03T00:39:22","date_gmt":"2023-04-03T00:39:22","guid":{"rendered":"https:\/\/valitec.co\/sitioweb\/?post_type=product&#038;p=3241"},"modified":"2023-04-03T00:39:28","modified_gmt":"2023-04-03T00:39:28","slug":"ferrulas-capilares","status":"publish","type":"product","link":"https:\/\/valitec.co\/sitioweb\/product\/ferrulas-capilares\/","title":{"rendered":"F\u00e9rrulas Capilares"},"content":{"rendered":"<h5>Especificaciones:<\/h5>\n<p><strong>Grafito<\/strong><\/p>\n<p>El grafito es el mejor material para trabajar a alta temperatura y al mismo tiempo es la f\u00e9rrula m\u00e1s blanda, por lo tanto, se\u00a0adapta y cierra a la columna capilar tan solo apretando con los dedos y despu\u00e9s \u00bc de vuelta con la llave.\u00a0Como es un material muy blando, se destruye o deforma f\u00e1cilmente. Ideal para los detectores de FID y NPD. No lo use con detectores de MS u otros sensibles al ox\u00edgeno.<br \/>\nL\u00edmite de temperatura: 450\u00baC.<\/p>\n<p><strong>Vespel\/Grafito<\/strong><\/p>\n<p>Se recomiendan las f\u00e9rrulas de Vespel\/Grafito para aplicaciones con la interfase GC\/MS u otros detectores sensibles al ox\u00edgeno.<br \/>\nLa composici\u00f3n de las f\u00e9rrulas es 60% de poliimida y 40% de grafito. Es una f\u00e9rrula para uso general en cromatograf\u00eda de gases.<br \/>\nEs mec\u00e1nicamente robusta y forma un sello perfecto. Es una f\u00e9rrula reutilizable. Necesita ser reajustada frecuentemente. Temperatura l\u00edmite 400\u00baC<br \/>\nLa composici\u00f3n de las f\u00e9rrulas de Agilent es 85% de\u00a0poliimida 15% de grafito.<\/p>\n<p><strong>Vespel<\/strong><\/p>\n<p>La composici\u00f3n de la f\u00e9rrula de Vespel es 100% poliimida.<br \/>\nEs mec\u00e1nicamente robusta. Puede ser extra\u00edda y reutilizada varias veces. Es un material ideal para columnas de vidrio y metal.<br \/>\nNecesita ser reajustada frecuentemente. Temperatura l\u00edmite 350\u00baC.<\/p>\n<h3><a href=\"https:\/\/www.teknokroma.es\/media\/3716\/ferrules_cat.pdf\" rel=\"nofollow noopener\" target=\"_blank\">Descarga<\/a><\/h3>\n<p>Fabricante:<\/p>\n<p><img decoding=\"async\" class=\"alignnone size-full wp-image-3114\" src=\"https:\/\/valitec.co\/sitioweb\/wp-content\/uploads\/2023\/03\/teckno.png\" alt=\"\" width=\"243\" height=\"66\" srcset=\"https:\/\/valitec.co\/sitioweb\/wp-content\/uploads\/2023\/03\/teckno.png 243w, https:\/\/valitec.co\/sitioweb\/wp-content\/uploads\/2023\/03\/teckno-90x24.png 90w\" sizes=\"(max-width: 243px) 100vw, 243px\" \/><\/p>\n","protected":false},"excerpt":{"rendered":"<p><strong>Consideraciones generales para elegir las F\u00e9rrulas<\/strong>:<\/p>\n<p>\u00b7 Temperatura de inyecci\u00f3n<\/p>\n<p>\u00b7 Sensibilidad del detector<\/p>\n<p>\u00b7 Tipo de material para un sellado perfecto y evitar fugas<\/p>\n<p>\u00b7 Di\u00e1metro externo de la columna<\/p>\n","protected":false},"featured_media":3240,"template":"","meta":{"_eb_attr":""},"product_brand":[],"product_cat":[91],"product_tag":[],"class_list":{"0":"post-3241","1":"product","2":"type-product","3":"status-publish","4":"has-post-thumbnail","6":"product_cat-ferrulas-para-gc","8":"first","9":"instock","10":"shipping-taxable","11":"product-type-simple"},"_links":{"self":[{"href":"https:\/\/valitec.co\/sitioweb\/wp-json\/wp\/v2\/product\/3241","targetHints":{"allow":["GET"]}}],"collection":[{"href":"https:\/\/valitec.co\/sitioweb\/wp-json\/wp\/v2\/product"}],"about":[{"href":"https:\/\/valitec.co\/sitioweb\/wp-json\/wp\/v2\/types\/product"}],"wp:featuredmedia":[{"embeddable":true,"href":"https:\/\/valitec.co\/sitioweb\/wp-json\/wp\/v2\/media\/3240"}],"wp:attachment":[{"href":"https:\/\/valitec.co\/sitioweb\/wp-json\/wp\/v2\/media?parent=3241"}],"wp:term":[{"taxonomy":"product_brand","embeddable":true,"href":"https:\/\/valitec.co\/sitioweb\/wp-json\/wp\/v2\/product_brand?post=3241"},{"taxonomy":"product_cat","embeddable":true,"href":"https:\/\/valitec.co\/sitioweb\/wp-json\/wp\/v2\/product_cat?post=3241"},{"taxonomy":"product_tag","embeddable":true,"href":"https:\/\/valitec.co\/sitioweb\/wp-json\/wp\/v2\/product_tag?post=3241"}],"curies":[{"name":"wp","href":"https:\/\/api.w.org\/{rel}","templated":true}]}}