{"id":3238,"date":"2023-04-03T00:32:29","date_gmt":"2023-04-03T00:32:29","guid":{"rendered":"https:\/\/valitec.co\/sitioweb\/?post_type=product&#038;p=3238"},"modified":"2023-04-03T00:32:59","modified_gmt":"2023-04-03T00:32:59","slug":"liners-teknokroma","status":"publish","type":"product","link":"https:\/\/valitec.co\/sitioweb\/product\/liners-teknokroma\/","title":{"rendered":"Liners Teknokroma"},"content":{"rendered":"","protected":false},"excerpt":{"rendered":"<p>Camisas de Inyecci\u00f3n Teknokroma,\u00a0consiguen\u00a0lograr exactitud, sensibilidad y precisi\u00f3n constantes en el an\u00e1lisis de cromatograf\u00eda de gases (GC).<\/p>\n<p>para equipos:<\/p>\n<p>Agilent, Perkin Elmer, Varian<\/p>\n<p>configuraciones:<\/p>\n<p>Split, Splitless, Split \/ Splitless,<\/p>\n<p>con copa, sin copa, de lana de v\u00eddrio, de Cuarzo<\/p>\n<h3><a href=\"https:\/\/www.teknokroma.es\/media\/4325\/liners-teknokroma.pdf\">Descarga<\/a><\/h3>\n<p>Fabricante:<\/p>\n<p><img decoding=\"async\" class=\"alignnone size-full wp-image-3114\" src=\"https:\/\/valitec.co\/sitioweb\/wp-content\/uploads\/2023\/03\/teckno.png\" alt=\"\" width=\"243\" height=\"66\" srcset=\"https:\/\/valitec.co\/sitioweb\/wp-content\/uploads\/2023\/03\/teckno.png 243w, https:\/\/valitec.co\/sitioweb\/wp-content\/uploads\/2023\/03\/teckno-90x24.png 90w\" sizes=\"(max-width: 243px) 100vw, 243px\" \/><\/p>\n","protected":false},"featured_media":3237,"template":"","meta":{"_eb_attr":""},"product_brand":[],"product_cat":[90],"product_tag":[],"class_list":{"0":"post-3238","1":"product","2":"type-product","3":"status-publish","4":"has-post-thumbnail","6":"product_cat-liners","8":"first","9":"instock","10":"shipping-taxable","11":"product-type-simple"},"_links":{"self":[{"href":"https:\/\/valitec.co\/sitioweb\/wp-json\/wp\/v2\/product\/3238","targetHints":{"allow":["GET"]}}],"collection":[{"href":"https:\/\/valitec.co\/sitioweb\/wp-json\/wp\/v2\/product"}],"about":[{"href":"https:\/\/valitec.co\/sitioweb\/wp-json\/wp\/v2\/types\/product"}],"wp:featuredmedia":[{"embeddable":true,"href":"https:\/\/valitec.co\/sitioweb\/wp-json\/wp\/v2\/media\/3237"}],"wp:attachment":[{"href":"https:\/\/valitec.co\/sitioweb\/wp-json\/wp\/v2\/media?parent=3238"}],"wp:term":[{"taxonomy":"product_brand","embeddable":true,"href":"https:\/\/valitec.co\/sitioweb\/wp-json\/wp\/v2\/product_brand?post=3238"},{"taxonomy":"product_cat","embeddable":true,"href":"https:\/\/valitec.co\/sitioweb\/wp-json\/wp\/v2\/product_cat?post=3238"},{"taxonomy":"product_tag","embeddable":true,"href":"https:\/\/valitec.co\/sitioweb\/wp-json\/wp\/v2\/product_tag?post=3238"}],"curies":[{"name":"wp","href":"https:\/\/api.w.org\/{rel}","templated":true}]}}