{"id":3227,"date":"2023-04-03T00:17:30","date_gmt":"2023-04-03T00:17:30","guid":{"rendered":"https:\/\/valitec.co\/sitioweb\/?post_type=product&#038;p=3227"},"modified":"2023-04-03T00:17:45","modified_gmt":"2023-04-03T00:17:45","slug":"diskobolus-hsa","status":"publish","type":"product","link":"https:\/\/valitec.co\/sitioweb\/product\/diskobolus-hsa\/","title":{"rendered":"Diskobolus\u2122 hsa"},"content":{"rendered":"","protected":false},"excerpt":{"rendered":"<p>Ha sido dise\u00f1ado con los siguientes requerimientos:<\/p>\n<p>\u2022 Ideal para GC\/MS<br \/>\n\u2022 Intervalo de temperatura:100-350\u00baC<br \/>\n\u2022 Pre-acondicionado,listo para su uso<br \/>\n\u2022 Se suministra en envases de vidrio para evitar contaminaciones cruzadas.<\/p>\n<p>El septa\u00a0<strong>diskobolus\u2122 hsa<\/strong>\u00a0(an\u00e1lisis de alta sensibilidad) de Teknokroma ha sido especialmente dise\u00f1ado y preacondicionado para trabajar a altas temperaturas, proveer un bajo sangrado y mejorar la l\u00ednea de base. Ideal para an\u00e1lisis en los que se requiera una alta sensibilidad,como en an\u00e1lisis de trazas, donde el bajo sangrado y la estabilidad frente a temperaturas elevadas son imprescindibles.<br \/>\n<span data-mce-new=\"true\">Teknokroma controla el sangrado y la tolerancia a la penetraci\u00f3n de cada lote de septa.<br \/>\nCada septa est\u00e1 acondicionado y listo para su uso.<\/span><\/p>\n<p>\u201cSi el septa que utiliza le crea problemas de sangrado,pruebe nuestro septa diskobolus hsa\u201d<\/p>\n<p>Fabricante:<\/p>\n<p><img decoding=\"async\" class=\"alignnone size-full wp-image-3114\" src=\"https:\/\/valitec.co\/sitioweb\/wp-content\/uploads\/2023\/03\/teckno.png\" alt=\"\" width=\"243\" height=\"66\" srcset=\"https:\/\/valitec.co\/sitioweb\/wp-content\/uploads\/2023\/03\/teckno.png 243w, https:\/\/valitec.co\/sitioweb\/wp-content\/uploads\/2023\/03\/teckno-90x24.png 90w\" sizes=\"(max-width: 243px) 100vw, 243px\" \/><\/p>\n","protected":false},"featured_media":3226,"template":"","meta":{"_eb_attr":""},"product_brand":[],"product_cat":[89],"product_tag":[],"class_list":{"0":"post-3227","1":"product","2":"type-product","3":"status-publish","4":"has-post-thumbnail","6":"product_cat-septa-para-gc","8":"first","9":"instock","10":"shipping-taxable","11":"product-type-simple"},"_links":{"self":[{"href":"https:\/\/valitec.co\/sitioweb\/wp-json\/wp\/v2\/product\/3227","targetHints":{"allow":["GET"]}}],"collection":[{"href":"https:\/\/valitec.co\/sitioweb\/wp-json\/wp\/v2\/product"}],"about":[{"href":"https:\/\/valitec.co\/sitioweb\/wp-json\/wp\/v2\/types\/product"}],"wp:featuredmedia":[{"embeddable":true,"href":"https:\/\/valitec.co\/sitioweb\/wp-json\/wp\/v2\/media\/3226"}],"wp:attachment":[{"href":"https:\/\/valitec.co\/sitioweb\/wp-json\/wp\/v2\/media?parent=3227"}],"wp:term":[{"taxonomy":"product_brand","embeddable":true,"href":"https:\/\/valitec.co\/sitioweb\/wp-json\/wp\/v2\/product_brand?post=3227"},{"taxonomy":"product_cat","embeddable":true,"href":"https:\/\/valitec.co\/sitioweb\/wp-json\/wp\/v2\/product_cat?post=3227"},{"taxonomy":"product_tag","embeddable":true,"href":"https:\/\/valitec.co\/sitioweb\/wp-json\/wp\/v2\/product_tag?post=3227"}],"curies":[{"name":"wp","href":"https:\/\/api.w.org\/{rel}","templated":true}]}}