{"id":3193,"date":"2023-04-01T12:54:50","date_gmt":"2023-04-01T12:54:50","guid":{"rendered":"https:\/\/valitec.co\/sitioweb\/?post_type=product&#038;p=3193"},"modified":"2023-04-01T12:55:27","modified_gmt":"2023-04-01T12:55:27","slug":"trb-5ht-tkm-5ht","status":"publish","type":"product","link":"https:\/\/valitec.co\/sitioweb\/product\/trb-5ht-tkm-5ht\/","title":{"rendered":"TRB-5HT \/ TKM-5HT"},"content":{"rendered":"<p><span class=\"textcontent\"><span class=\"textsubtitle_style\">Fases equivalentes a\u00a0<strong>TKM-5HT<\/strong><\/span><br \/>\n<\/span><\/p>\n<p>Agilent:\u00a0<strong>DB-5HT, VF-5HT<\/strong><br \/>\nPhenomenex:\u00a0<strong>ZB-5HT Inferno<\/strong><br \/>\nRestek:\u00a0<strong>Rxi-5HT, MTX-5HT<\/strong><\/p>\n<h3><a href=\"https:\/\/www.teknokroma.es\/media\/3309\/trb-5ht_cat.pdf\" rel=\"nofollow noopener\" target=\"_blank\">Descarga<\/a><\/h3>\n<p>Fabricante:<\/p>\n<p><img decoding=\"async\" class=\"alignnone size-full wp-image-3114\" src=\"https:\/\/valitec.co\/sitioweb\/wp-content\/uploads\/2023\/03\/teckno.png\" alt=\"\" width=\"243\" height=\"66\" srcset=\"https:\/\/valitec.co\/sitioweb\/wp-content\/uploads\/2023\/03\/teckno.png 243w, https:\/\/valitec.co\/sitioweb\/wp-content\/uploads\/2023\/03\/teckno-90x24.png 90w\" sizes=\"(max-width: 243px) 100vw, 243px\" \/><\/p>\n","protected":false},"excerpt":{"rendered":"<p><span class=\"textnormal\"><span class=\"textcontent\">\u2022\u00a0Disenyada especialmente para an\u00e1lisis a alta temperatura hasta 400\u00baC.<br \/>\n\u2022 Disponible con tubo de s\u00edlice fundida recubierto con poliamida resistente a altas temperaturas o tubo de acero inoxidable especialmente desactivado.<br \/>\n\u2022 Simetr\u00eda excelente para los compuestos de punto de ebullici\u00f3n elevado.<br \/>\n\u2022 Se utiliza preferentemente para el an\u00e1lisis de ceras, triglic\u00e9ridos, \u00e9steres de esterol, alcoholes polioxietilenados, etc.<\/span><\/span><\/p>\n<p><img decoding=\"async\" src=\"https:\/\/www.teknokroma.es\/media\/1289\/trb-5_struct.jpg?width=212&amp;height=112\" alt=\"Las Columnas Capilares TRB-5 de Teknokroma, tienen la estructura de Poli(dimetil)siloxano; y son compatibles con las fases: Restek: Rtx-5; Agilent\/JW: HP-5, Ultra-2, DB-5, DB-5. 625; Supelco: SPB-5, PTE-5, SAC-5, Equity-5; Chromapack\/Varian: CP-SIL 8 CB; Alltech: AT-5; Macherey-Nagel: OPTIMA-5; Quadrex: 007-2; SGE: BP-5\" data-id=\"5709\" \/><\/p>\n<p><span class=\"textnormal\">95% Dimetil-5% difenilpolisiloxano, fase ligada y entrecruzada<\/span><\/p>\n","protected":false},"featured_media":3178,"template":"","meta":{"_eb_attr":""},"product_brand":[],"product_cat":[87],"product_tag":[],"class_list":{"0":"post-3193","1":"product","2":"type-product","3":"status-publish","4":"has-post-thumbnail","6":"product_cat-columas-capilares-de-alta-temperaatura","8":"first","9":"instock","10":"shipping-taxable","11":"product-type-simple"},"_links":{"self":[{"href":"https:\/\/valitec.co\/sitioweb\/wp-json\/wp\/v2\/product\/3193","targetHints":{"allow":["GET"]}}],"collection":[{"href":"https:\/\/valitec.co\/sitioweb\/wp-json\/wp\/v2\/product"}],"about":[{"href":"https:\/\/valitec.co\/sitioweb\/wp-json\/wp\/v2\/types\/product"}],"wp:featuredmedia":[{"embeddable":true,"href":"https:\/\/valitec.co\/sitioweb\/wp-json\/wp\/v2\/media\/3178"}],"wp:attachment":[{"href":"https:\/\/valitec.co\/sitioweb\/wp-json\/wp\/v2\/media?parent=3193"}],"wp:term":[{"taxonomy":"product_brand","embeddable":true,"href":"https:\/\/valitec.co\/sitioweb\/wp-json\/wp\/v2\/product_brand?post=3193"},{"taxonomy":"product_cat","embeddable":true,"href":"https:\/\/valitec.co\/sitioweb\/wp-json\/wp\/v2\/product_cat?post=3193"},{"taxonomy":"product_tag","embeddable":true,"href":"https:\/\/valitec.co\/sitioweb\/wp-json\/wp\/v2\/product_tag?post=3193"}],"curies":[{"name":"wp","href":"https:\/\/api.w.org\/{rel}","templated":true}]}}