{"id":3190,"date":"2023-04-01T12:49:42","date_gmt":"2023-04-01T12:49:42","guid":{"rendered":"https:\/\/valitec.co\/sitioweb\/?post_type=product&#038;p=3190"},"modified":"2023-04-01T12:49:54","modified_gmt":"2023-04-01T12:49:54","slug":"trb-2887-tkm-2887","status":"publish","type":"product","link":"https:\/\/valitec.co\/sitioweb\/product\/trb-2887-tkm-2887\/","title":{"rendered":"TRB-2887 \/ TKM-2887"},"content":{"rendered":"<p>Fases equivalentes\u00a0<strong>TKM-2887<\/strong><\/p>\n<p>Agilent:\u00a0<strong>DB-2887<\/strong><br \/>\nSupelco:\u00a0<strong>Petrocol-2887; Petrocol-EX2887<\/strong><br \/>\nRestek:\u00a0<strong>Rtx-2887, MXT-2887<\/strong><br \/>\nPhenomenex:\u00a0<strong>ZB-1HT Inferno, ZB-1XT SimDist<\/strong><br \/>\nSGE:\u00a0<strong>BPX1, BP1 PONA<\/strong><\/p>\n<h3><a href=\"https:\/\/www.teknokroma.es\/media\/3353\/trb-2887_tkm-2887_cat.pdf\" rel=\"nofollow noopener\" target=\"_blank\">Descarga<\/a><\/h3>\n<p>Fabricante:<\/p>\n<p><img decoding=\"async\" class=\"alignnone size-full wp-image-3114\" src=\"https:\/\/valitec.co\/sitioweb\/wp-content\/uploads\/2023\/03\/teckno.png\" alt=\"\" width=\"243\" height=\"66\" srcset=\"https:\/\/valitec.co\/sitioweb\/wp-content\/uploads\/2023\/03\/teckno.png 243w, https:\/\/valitec.co\/sitioweb\/wp-content\/uploads\/2023\/03\/teckno-90x24.png 90w\" sizes=\"(max-width: 243px) 100vw, 243px\" \/><\/p>\n","protected":false},"excerpt":{"rendered":"<p><span class=\"textcontent\">\u2022 Dise\u00f1ada espec\u00edficamente para destilaci\u00f3n simulada segun el metodo ASTM D2887.<\/span><\/p>\n<p><img decoding=\"async\" src=\"https:\/\/www.teknokroma.es\/media\/1229\/trb-2887_struct.jpg?width=163&amp;height=112\" alt=\"Las Columnas Capilares TRB-2887 de Teknokroma, tienen la estructura de Poli(dimetil)siloxano; y son compatibles con las fases: Agilent: DB-2887; Supelco: PETROCOL-2887; Restek: Rtx-2887\" data-id=\"5398\" \/><\/p>\n<p>100% Dimetilpolisiloxano, fase ligada y entrecruzada<\/p>\n","protected":false},"featured_media":3178,"template":"","meta":{"_eb_attr":""},"product_brand":[],"product_cat":[87],"product_tag":[],"class_list":{"0":"post-3190","1":"product","2":"type-product","3":"status-publish","4":"has-post-thumbnail","6":"product_cat-columas-capilares-de-alta-temperaatura","8":"first","9":"instock","10":"shipping-taxable","11":"product-type-simple"},"_links":{"self":[{"href":"https:\/\/valitec.co\/sitioweb\/wp-json\/wp\/v2\/product\/3190","targetHints":{"allow":["GET"]}}],"collection":[{"href":"https:\/\/valitec.co\/sitioweb\/wp-json\/wp\/v2\/product"}],"about":[{"href":"https:\/\/valitec.co\/sitioweb\/wp-json\/wp\/v2\/types\/product"}],"wp:featuredmedia":[{"embeddable":true,"href":"https:\/\/valitec.co\/sitioweb\/wp-json\/wp\/v2\/media\/3178"}],"wp:attachment":[{"href":"https:\/\/valitec.co\/sitioweb\/wp-json\/wp\/v2\/media?parent=3190"}],"wp:term":[{"taxonomy":"product_brand","embeddable":true,"href":"https:\/\/valitec.co\/sitioweb\/wp-json\/wp\/v2\/product_brand?post=3190"},{"taxonomy":"product_cat","embeddable":true,"href":"https:\/\/valitec.co\/sitioweb\/wp-json\/wp\/v2\/product_cat?post=3190"},{"taxonomy":"product_tag","embeddable":true,"href":"https:\/\/valitec.co\/sitioweb\/wp-json\/wp\/v2\/product_tag?post=3190"}],"curies":[{"name":"wp","href":"https:\/\/api.w.org\/{rel}","templated":true}]}}