{"id":3189,"date":"2023-04-01T12:47:24","date_gmt":"2023-04-01T12:47:24","guid":{"rendered":"https:\/\/valitec.co\/sitioweb\/?post_type=product&#038;p=3189"},"modified":"2023-04-01T12:47:40","modified_gmt":"2023-04-01T12:47:40","slug":"trb-biodiesel-tkm-biodiesel","status":"publish","type":"product","link":"https:\/\/valitec.co\/sitioweb\/product\/trb-biodiesel-tkm-biodiesel\/","title":{"rendered":"TRB-BIODIESEL \/ TKM-BIODIESEL"},"content":{"rendered":"<p><span class=\"textsubtitle_style\">Fases equivalentes\u00a0<strong>TRB-BIODIESEL<\/strong><\/span><br \/>\n<span class=\"textcontent\"><br \/>\nRestek:\u00a0<strong>Rtx-Biodiesel<\/strong><\/span><\/p>\n<h3><a href=\"https:\/\/www.teknokroma.es\/media\/3352\/trb-biodiesel_tkm-biodiesel_cat.pdf\" rel=\"nofollow noopener\" target=\"_blank\">Descarga<\/a><\/h3>\n<p>Fabricante:<\/p>\n<p><img decoding=\"async\" class=\"alignnone size-full wp-image-3114\" src=\"https:\/\/valitec.co\/sitioweb\/wp-content\/uploads\/2023\/03\/teckno.png\" alt=\"\" width=\"243\" height=\"66\" srcset=\"https:\/\/valitec.co\/sitioweb\/wp-content\/uploads\/2023\/03\/teckno.png 243w, https:\/\/valitec.co\/sitioweb\/wp-content\/uploads\/2023\/03\/teckno-90x24.png 90w\" sizes=\"(max-width: 243px) 100vw, 243px\" \/><\/p>\n","protected":false},"excerpt":{"rendered":"<p>\u2022 An\u00e1lisis de glicerina y mono-, di-, triglic\u00e9ridos seg\u00fan m\u00e9todos EN14105\/ASTM D6584.<br \/>\n\u2022 Incercia qu\u00edmica garantizada para el an\u00e1lisis de glicerina.<br \/>\n\u2022 Bajo nivel de sangrado a altas temperaturas.<br \/>\n\u2022 Disponible en s\u00edlica (poliimida\u00a0para alta temperatura) y en acero inoxidable (INOX)<\/p>\n","protected":false},"featured_media":3107,"template":"","meta":{"_eb_attr":""},"product_brand":[],"product_cat":[87],"product_tag":[],"class_list":{"0":"post-3189","1":"product","2":"type-product","3":"status-publish","4":"has-post-thumbnail","6":"product_cat-columas-capilares-de-alta-temperaatura","8":"first","9":"instock","10":"shipping-taxable","11":"product-type-simple"},"_links":{"self":[{"href":"https:\/\/valitec.co\/sitioweb\/wp-json\/wp\/v2\/product\/3189","targetHints":{"allow":["GET"]}}],"collection":[{"href":"https:\/\/valitec.co\/sitioweb\/wp-json\/wp\/v2\/product"}],"about":[{"href":"https:\/\/valitec.co\/sitioweb\/wp-json\/wp\/v2\/types\/product"}],"wp:featuredmedia":[{"embeddable":true,"href":"https:\/\/valitec.co\/sitioweb\/wp-json\/wp\/v2\/media\/3107"}],"wp:attachment":[{"href":"https:\/\/valitec.co\/sitioweb\/wp-json\/wp\/v2\/media?parent=3189"}],"wp:term":[{"taxonomy":"product_brand","embeddable":true,"href":"https:\/\/valitec.co\/sitioweb\/wp-json\/wp\/v2\/product_brand?post=3189"},{"taxonomy":"product_cat","embeddable":true,"href":"https:\/\/valitec.co\/sitioweb\/wp-json\/wp\/v2\/product_cat?post=3189"},{"taxonomy":"product_tag","embeddable":true,"href":"https:\/\/valitec.co\/sitioweb\/wp-json\/wp\/v2\/product_tag?post=3189"}],"curies":[{"name":"wp","href":"https:\/\/api.w.org\/{rel}","templated":true}]}}