{"id":3187,"date":"2023-04-01T12:40:19","date_gmt":"2023-04-01T12:40:19","guid":{"rendered":"https:\/\/valitec.co\/sitioweb\/?post_type=product&#038;p=3187"},"modified":"2023-04-01T12:40:32","modified_gmt":"2023-04-01T12:40:32","slug":"trb-1ht-tkm-1ht-2","status":"publish","type":"product","link":"https:\/\/valitec.co\/sitioweb\/product\/trb-1ht-tkm-1ht-2\/","title":{"rendered":"TRB-1HT\/TKM-1HT"},"content":{"rendered":"<p><strong>TRB-1HT<\/strong>\u00a0Fases equivalentes<\/p>\n<p>Agilent:\u00a0<strong>DB-1HT, Select Mineral Oil<\/strong><br \/>\nRestek:\u00a0<strong>Stx-1HT, Rxi-1HT<\/strong><br \/>\nPhenomenex:\u00a0<strong>ZB-1HT Inferno, ZB-XTSimDist<\/strong><br \/>\nSGE:<strong>\u00a0BPX1<\/strong><\/p>\n<h3><a href=\"http:\/\/TRB-1HT Fases equivalentes Agilent: DB-1HT, Select Mineral Oil Restek: Stx-1HT, Rxi-1HT Phenomenex: ZB-1HT Inferno, ZB-XTSimDist SGE: BPX1\">Descarga<\/a><\/h3>\n<p>Fabricante:<\/p>\n<p><img decoding=\"async\" class=\"alignnone size-full wp-image-3114\" src=\"https:\/\/valitec.co\/sitioweb\/wp-content\/uploads\/2023\/03\/teckno.png\" alt=\"\" width=\"243\" height=\"66\" srcset=\"https:\/\/valitec.co\/sitioweb\/wp-content\/uploads\/2023\/03\/teckno.png 243w, https:\/\/valitec.co\/sitioweb\/wp-content\/uploads\/2023\/03\/teckno-90x24.png 90w\" sizes=\"(max-width: 243px) 100vw, 243px\" \/><\/p>\n","protected":false},"excerpt":{"rendered":"<p><span class=\"textnormal\"><span class=\"textcontent\">\u2022\u00a0Fase no polar<br \/>\n\u2022\u00a0Producido especialmente para an\u00e1lisis de alta temperatura (Temp. m\u00e1x. 400\u00baC)<br \/>\n\u2022\u00a0Disponible en s\u00edlice fundida (TRB-1HT) y en tubo met\u00e1lico (TKM-1HT) a\u00f1adir \u00abM\u00bb al final del P\/N deseado<br \/>\n\u2022\u00a0Usos: an\u00e1lisis de compuestos con alto punto de ebullici\u00f3n, triglic\u00e9ridos, ceras, etc.<\/span><\/span><\/p>\n<p><span class=\"textnormal\"><span class=\"textcontent\">\u00a0<img decoding=\"async\" src=\"https:\/\/www.teknokroma.es\/media\/1177\/estructura_sapiens-1ms.jpg?width=182&amp;height=125\" alt=\"TRB-1ht Capillary Column, by Teknokroma, Structure of Poly(dimethyl)siloxane, TRB-1ht Equivalent Phases: Agilent: DB-1ht, Restek: Stx-1HT, Alltech: AT-1ht\" data-id=\"5220\" \/><\/span><\/span><\/p>\n<p>100% Dimetil polisiloxano, fase entrecruzada y qu\u00edmicamente ligada<\/p>\n<p>Triglic\u00e9ridos, ceras, cadenas largas, hidrocarburos, muchos otros principios b\u00e1sicos compuestos, combustible diesel, productos de petr\u00f3leo de alta ebullici\u00f3n, ceras de de alto peso molecular, hidrocarburos de cadena larga, aceites para motores, pol\u00edmeros \/ pl\u00e1sticos, destilaci\u00f3n simulada<\/p>\n","protected":false},"featured_media":3107,"template":"","meta":{"_eb_attr":""},"product_brand":[],"product_cat":[86],"product_tag":[],"class_list":{"0":"post-3187","1":"product","2":"type-product","3":"status-publish","4":"has-post-thumbnail","6":"product_cat-columnas-de-silice-fundida","8":"first","9":"instock","10":"shipping-taxable","11":"product-type-simple"},"_links":{"self":[{"href":"https:\/\/valitec.co\/sitioweb\/wp-json\/wp\/v2\/product\/3187","targetHints":{"allow":["GET"]}}],"collection":[{"href":"https:\/\/valitec.co\/sitioweb\/wp-json\/wp\/v2\/product"}],"about":[{"href":"https:\/\/valitec.co\/sitioweb\/wp-json\/wp\/v2\/types\/product"}],"wp:featuredmedia":[{"embeddable":true,"href":"https:\/\/valitec.co\/sitioweb\/wp-json\/wp\/v2\/media\/3107"}],"wp:attachment":[{"href":"https:\/\/valitec.co\/sitioweb\/wp-json\/wp\/v2\/media?parent=3187"}],"wp:term":[{"taxonomy":"product_brand","embeddable":true,"href":"https:\/\/valitec.co\/sitioweb\/wp-json\/wp\/v2\/product_brand?post=3187"},{"taxonomy":"product_cat","embeddable":true,"href":"https:\/\/valitec.co\/sitioweb\/wp-json\/wp\/v2\/product_cat?post=3187"},{"taxonomy":"product_tag","embeddable":true,"href":"https:\/\/valitec.co\/sitioweb\/wp-json\/wp\/v2\/product_tag?post=3187"}],"curies":[{"name":"wp","href":"https:\/\/api.w.org\/{rel}","templated":true}]}}