{"id":3186,"date":"2023-03-29T12:12:28","date_gmt":"2023-03-29T12:12:28","guid":{"rendered":"https:\/\/valitec.co\/sitioweb\/?post_type=product&#038;p=3186"},"modified":"2023-03-29T12:49:54","modified_gmt":"2023-03-29T12:49:54","slug":"trb-1ht-simdist-2","status":"publish","type":"product","link":"https:\/\/valitec.co\/sitioweb\/product\/trb-1ht-simdist-2\/","title":{"rendered":"TRB-1HT SimDist"},"content":{"rendered":"<p><span class=\"textsubtitle_style\">Fases equivalentes\u00a0<strong>TRB-1HT SimDist<\/strong><\/span><\/p>\n<p>Agilent:\u00a0<strong>DB-HT SimDist, CP-SimDist Ultimetal<\/strong><br \/>\nRestek:\u00a0<strong>MXT-1HT SimDist<\/strong><br \/>\nPhenomenex:\u00a0<strong>ZB-1HT Inferno, ZB-XTSimDist<\/strong><br \/>\nSGE:\u00a0<strong>BPX1<\/strong><br \/>\nSUPELCO:\u00a0<strong>HT5<\/strong><\/p>\n<h3><a href=\"https:\/\/www.teknokroma.es\/media\/3301\/trb-1ht_simdist_cat.pdf\" rel=\"nofollow noopener\" target=\"_blank\">Descarga<\/a><\/h3>\n<p>Fabricante<\/p>\n<p><img decoding=\"async\" class=\"alignnone size-full wp-image-3114\" src=\"https:\/\/valitec.co\/sitioweb\/wp-content\/uploads\/2023\/03\/teckno.png\" alt=\"\" width=\"243\" height=\"66\" srcset=\"https:\/\/valitec.co\/sitioweb\/wp-content\/uploads\/2023\/03\/teckno.png 243w, https:\/\/valitec.co\/sitioweb\/wp-content\/uploads\/2023\/03\/teckno-90x24.png 90w\" sizes=\"(max-width: 243px) 100vw, 243px\" \/><\/p>\n","protected":false},"excerpt":{"rendered":"<p>\u2022 Fase no polar.<br \/>\n\u2022 acero inoxidable con tratamiento especial.<br \/>\n\u2022 Temperatura m\u00e1xima 430\u00baC.<br \/>\n\u2022 Bajo sangrado a 400\u00baC (Valores t\u00edpicos 4-6pA).<br \/>\n\u2022 Rango de destilaci\u00f3n de C6 a C120.<\/p>\n<p><img decoding=\"async\" src=\"https:\/\/www.teknokroma.es\/media\/1203\/trb-1ht-simdist_struct.jpg?width=186&amp;height=128\" alt=\"TRB-1HT SimDist\" data-id=\"5330\" \/><\/p>\n<p>&nbsp;<\/p>\n<p><span class=\"textsubtitle_style\">(100%) Dimetil polisiloxano,\u00a0\u00a0<\/span><span class=\"textsubtitle_style\">fase entrecruzada y qu\u00edmicamente ligada<\/span><\/p>\n<p><strong>ASTM D2887\u00a0<\/strong>\u00a0Destilaci\u00f3n simulada de los cortes petrol\u00edferos por cromatograf\u00eda en fase gaseosa<br \/>\n<strong>ASTM D6352\u00a0<\/strong>\u00a0M\u00e9todo de prueba para la distribuci\u00f3n del rango de destilados de petr\u00f3leo en el intervalo de ebullici\u00f3n de 174\u00b0C a 700\u00b0C mediante cromatograf\u00eda de gases<br \/>\n<strong>ASTM D7169\u00a0<\/strong>\u00a0M\u00e9todo de prueba para la distribuci\u00f3n de muestras con residuos como aceites crudos, residuos atmosf\u00e9ricos y de vac\u00edo durante el punto de ebullici\u00f3n mediante\u00a0cromatograf\u00eda de gases de alta temperatura<br \/>\n<strong>ASTM D7213\u00a0<\/strong>\u00a0M\u00e9todo de prueba para la distribuci\u00f3n de destilados de petr\u00f3leo en el intervalo de ebullici\u00f3n de 100\u00b0C a 615 \u00b0C por cromatograf\u00eda de gases<br \/>\n<strong>ASTM D7500<\/strong>\u00a0M\u00e9todo de ensayo para la determinaci\u00f3n del reparto de destilados y aceites de base lubricantes-en el intervalo de ebullici\u00f3n de 100\u00b0C a 735\u00b0C mediante cromatograf\u00eda de gases<\/p>\n","protected":false},"featured_media":3178,"template":"","meta":{"_eb_attr":""},"product_brand":[],"product_cat":[86],"product_tag":[],"class_list":{"0":"post-3186","1":"product","2":"type-product","3":"status-publish","4":"has-post-thumbnail","6":"product_cat-columnas-de-silice-fundida","8":"first","9":"instock","10":"shipping-taxable","11":"product-type-simple"},"_links":{"self":[{"href":"https:\/\/valitec.co\/sitioweb\/wp-json\/wp\/v2\/product\/3186","targetHints":{"allow":["GET"]}}],"collection":[{"href":"https:\/\/valitec.co\/sitioweb\/wp-json\/wp\/v2\/product"}],"about":[{"href":"https:\/\/valitec.co\/sitioweb\/wp-json\/wp\/v2\/types\/product"}],"wp:featuredmedia":[{"embeddable":true,"href":"https:\/\/valitec.co\/sitioweb\/wp-json\/wp\/v2\/media\/3178"}],"wp:attachment":[{"href":"https:\/\/valitec.co\/sitioweb\/wp-json\/wp\/v2\/media?parent=3186"}],"wp:term":[{"taxonomy":"product_brand","embeddable":true,"href":"https:\/\/valitec.co\/sitioweb\/wp-json\/wp\/v2\/product_brand?post=3186"},{"taxonomy":"product_cat","embeddable":true,"href":"https:\/\/valitec.co\/sitioweb\/wp-json\/wp\/v2\/product_cat?post=3186"},{"taxonomy":"product_tag","embeddable":true,"href":"https:\/\/valitec.co\/sitioweb\/wp-json\/wp\/v2\/product_tag?post=3186"}],"curies":[{"name":"wp","href":"https:\/\/api.w.org\/{rel}","templated":true}]}}