{"id":3184,"date":"2023-03-28T16:09:27","date_gmt":"2023-03-28T16:09:27","guid":{"rendered":"https:\/\/valitec.co\/sitioweb\/?post_type=product&#038;p=3184"},"modified":"2023-03-28T16:10:15","modified_gmt":"2023-03-28T16:10:15","slug":"trb-sulfur","status":"publish","type":"product","link":"https:\/\/valitec.co\/sitioweb\/product\/trb-sulfur\/","title":{"rendered":"TRB-SULFUR"},"content":{"rendered":"<p><span class=\"textsubtitle_style\"><strong>TRB-SULFUR<\/strong>\u00a0Fases equivalentes<br \/>\n<\/span><\/p>\n<p>Agilent:\u00a0<strong>CP-Select CB for Sulfur, CP-Sil 5CB for Sulfur<\/strong><br \/>\nSupelco:\u00a0<strong>SPB-1 SULFUR<\/strong><\/p>\n<h3><a href=\"https:\/\/www.teknokroma.es\/media\/3303\/trb-sulfur_cat.pdf\" rel=\"nofollow noopener\" target=\"_blank\">Descarga<\/a><\/h3>\n<p>Fabricante<\/p>\n<p><img decoding=\"async\" class=\"alignnone size-full wp-image-3114\" src=\"https:\/\/valitec.co\/sitioweb\/wp-content\/uploads\/2023\/03\/teckno.png\" alt=\"\" width=\"243\" height=\"66\" srcset=\"https:\/\/valitec.co\/sitioweb\/wp-content\/uploads\/2023\/03\/teckno.png 243w, https:\/\/valitec.co\/sitioweb\/wp-content\/uploads\/2023\/03\/teckno-90x24.png 90w\" sizes=\"(max-width: 243px) 100vw, 243px\" \/><\/p>\n","protected":false},"excerpt":{"rendered":"<p><span class=\"textcontent\">\u2022 Columna dise\u00f1ada especialmente para el an\u00e1lisis de compuestos azufrados (en gas natural, derivados del petr\u00f3leo, vinos, cerveza, etc.).<br \/>\n\u2022 Estabilidad t\u00e9rmica garantizada,con un bajo nivel de sangrado.<br \/>\n\u2022 Esta columna re\u00fane todos los requisitos de:\u00a0<strong>USP\u00a0<\/strong><strong>G1<\/strong>,<strong>G2<\/strong>,<strong>G9\u00a0<\/strong>y<strong>\u00a0G38<\/strong>.<\/span><br \/>\n<span class=\"textsubtitle_style\"><br \/>\n<img decoding=\"async\" src=\"https:\/\/www.teknokroma.es\/media\/1177\/estructura_sapiens-1ms.jpg?width=182&amp;height=125\" alt=\"La Columna TRB-Sulfur, de Teknokroma, tiene la estructura de Poli(dimetil)siloxano, y es equivalente a las fase: Supelco: SPB-1 SULFUR\" data-id=\"5220\" \/><br \/>\n<\/span><\/p>\n<p><span class=\"textsubtitle_style\">100% Dimetil polisiloxano, fase entrecruzada y ligada.<\/span><\/p>\n","protected":false},"featured_media":3144,"template":"","meta":{"_eb_attr":""},"product_brand":[],"product_cat":[86],"product_tag":[],"class_list":{"0":"post-3184","1":"product","2":"type-product","3":"status-publish","4":"has-post-thumbnail","6":"product_cat-columnas-de-silice-fundida","8":"first","9":"instock","10":"shipping-taxable","11":"product-type-simple"},"_links":{"self":[{"href":"https:\/\/valitec.co\/sitioweb\/wp-json\/wp\/v2\/product\/3184","targetHints":{"allow":["GET"]}}],"collection":[{"href":"https:\/\/valitec.co\/sitioweb\/wp-json\/wp\/v2\/product"}],"about":[{"href":"https:\/\/valitec.co\/sitioweb\/wp-json\/wp\/v2\/types\/product"}],"wp:featuredmedia":[{"embeddable":true,"href":"https:\/\/valitec.co\/sitioweb\/wp-json\/wp\/v2\/media\/3144"}],"wp:attachment":[{"href":"https:\/\/valitec.co\/sitioweb\/wp-json\/wp\/v2\/media?parent=3184"}],"wp:term":[{"taxonomy":"product_brand","embeddable":true,"href":"https:\/\/valitec.co\/sitioweb\/wp-json\/wp\/v2\/product_brand?post=3184"},{"taxonomy":"product_cat","embeddable":true,"href":"https:\/\/valitec.co\/sitioweb\/wp-json\/wp\/v2\/product_cat?post=3184"},{"taxonomy":"product_tag","embeddable":true,"href":"https:\/\/valitec.co\/sitioweb\/wp-json\/wp\/v2\/product_tag?post=3184"}],"curies":[{"name":"wp","href":"https:\/\/api.w.org\/{rel}","templated":true}]}}