{"id":3183,"date":"2023-03-28T16:04:28","date_gmt":"2023-03-28T16:04:28","guid":{"rendered":"https:\/\/valitec.co\/sitioweb\/?post_type=product&#038;p=3183"},"modified":"2023-03-28T16:05:12","modified_gmt":"2023-03-28T16:05:12","slug":"trb-petrol","status":"publish","type":"product","link":"https:\/\/valitec.co\/sitioweb\/product\/trb-petrol\/","title":{"rendered":"TRB-PETROL"},"content":{"rendered":"<p><span class=\"textsubtitle_style\"><strong>TRB-PETROL<\/strong>\u00a0Fases equivalentes:<br \/>\n<\/span><br \/>\nAgilent:<strong>\u00a0DB-Petro,HP-1, CP-Sil PONA CB<\/strong><br \/>\nSupelco:<strong>\u00a0Petrocol DH<\/strong><br \/>\nPhenomenex:<strong>\u00a0ZB-DHA-PONA<\/strong><br \/>\nRestek:<strong>\u00a0Rtx-DHA-100<\/strong><br \/>\nSGE:<strong>\u00a0BP1 PONA<\/strong><\/p>\n<h3><a href=\"https:\/\/www.teknokroma.es\/media\/3304\/trb-petrol_cat.pdf\" rel=\"nofollow noopener\" target=\"_blank\">Descarga<\/a><\/h3>\n<p>Fabricante:<\/p>\n<p><img decoding=\"async\" class=\"alignnone size-full wp-image-3114\" src=\"https:\/\/valitec.co\/sitioweb\/wp-content\/uploads\/2023\/03\/teckno.png\" alt=\"\" width=\"243\" height=\"66\" srcset=\"https:\/\/valitec.co\/sitioweb\/wp-content\/uploads\/2023\/03\/teckno.png 243w, https:\/\/valitec.co\/sitioweb\/wp-content\/uploads\/2023\/03\/teckno-90x24.png 90w\" sizes=\"(max-width: 243px) 100vw, 243px\" \/><\/p>\n","protected":false},"excerpt":{"rendered":"<p><span class=\"textcontent\">\u2022 Columna para el an\u00e1lisis de mezclas complejas de hidrocarburos seg\u00fan las normas ASTM (American Society for Testing and Materials).<br \/>\n\u2022 Poder de resoluci\u00f3n para llevar a cabo an\u00e1lisis PNA, PONA, PIANO.<br \/>\n\u2022 Esta columna reune todos los requisitos de:\u00a0<\/span><strong>USP G1<\/strong>,\u00a0<strong>G2<\/strong>, y\u00a0<strong>G9<\/strong>.<br \/>\n<em>\u2022\u00a0ASTM\u00a0<strong>D5441<\/strong><\/em>\u00a0&#8211;\u00a0M\u00e9todo de test est\u00e1ndar para an\u00e1lisis de metil terbutil \u00e9ter (MTBD) mediante GC<\/p>\n<p><img decoding=\"async\" src=\"https:\/\/www.teknokroma.es\/media\/1177\/estructura_sapiens-1ms.jpg?width=182&amp;height=125\" alt=\"Las Columnas Capilares TRB-Petrol de Teknokroma, tienen la estructura de Poli(dimetil)siloxano; y son compatibles con las fases: Agilent: DB-Petro; Supelco: Petrocol DH\" data-id=\"5220\" \/><\/p>\n<p>100% Dimetil polisiloxano, fase ligada y entrecruzada<\/p>\n","protected":false},"featured_media":3144,"template":"","meta":{"_eb_attr":""},"product_brand":[],"product_cat":[86],"product_tag":[],"class_list":{"0":"post-3183","1":"product","2":"type-product","3":"status-publish","4":"has-post-thumbnail","6":"product_cat-columnas-de-silice-fundida","8":"first","9":"instock","10":"shipping-taxable","11":"product-type-simple"},"_links":{"self":[{"href":"https:\/\/valitec.co\/sitioweb\/wp-json\/wp\/v2\/product\/3183","targetHints":{"allow":["GET"]}}],"collection":[{"href":"https:\/\/valitec.co\/sitioweb\/wp-json\/wp\/v2\/product"}],"about":[{"href":"https:\/\/valitec.co\/sitioweb\/wp-json\/wp\/v2\/types\/product"}],"wp:featuredmedia":[{"embeddable":true,"href":"https:\/\/valitec.co\/sitioweb\/wp-json\/wp\/v2\/media\/3144"}],"wp:attachment":[{"href":"https:\/\/valitec.co\/sitioweb\/wp-json\/wp\/v2\/media?parent=3183"}],"wp:term":[{"taxonomy":"product_brand","embeddable":true,"href":"https:\/\/valitec.co\/sitioweb\/wp-json\/wp\/v2\/product_brand?post=3183"},{"taxonomy":"product_cat","embeddable":true,"href":"https:\/\/valitec.co\/sitioweb\/wp-json\/wp\/v2\/product_cat?post=3183"},{"taxonomy":"product_tag","embeddable":true,"href":"https:\/\/valitec.co\/sitioweb\/wp-json\/wp\/v2\/product_tag?post=3183"}],"curies":[{"name":"wp","href":"https:\/\/api.w.org\/{rel}","templated":true}]}}