{"id":3181,"date":"2023-03-28T15:57:46","date_gmt":"2023-03-28T15:57:46","guid":{"rendered":"https:\/\/valitec.co\/sitioweb\/?post_type=product&#038;p=3181"},"modified":"2023-03-28T15:58:45","modified_gmt":"2023-03-28T15:58:45","slug":"trb-petro-150","status":"publish","type":"product","link":"https:\/\/valitec.co\/sitioweb\/product\/trb-petro-150\/","title":{"rendered":"TRB-PETRO.150"},"content":{"rendered":"<p><span class=\"textsubtitle_style\"><strong>TRB-PETRO.150<\/strong>\u00a0Fases equivalentes:<\/span><\/p>\n<p><span class=\"textsubtitle_style\"><br \/>\n<\/span><span class=\"textcontent\">Agilent<strong>:\u00a0DB-1, CP-Sil PONA CB<br \/>\n<\/strong>Supelco:\u00a0<strong>Petrocol DH 150<br \/>\n<\/strong>Restek:\u00a0<strong>Rtx-DHA-150<br \/>\n<\/strong>Phenomenex:\u00a0<strong>ZB-DHA-PONA<br \/>\n<\/strong>SGE:\u00a0<strong>BP1 PONA<\/strong><\/span><\/p>\n<h3><a href=\"https:\/\/www.teknokroma.es\/media\/3307\/trb-petro150_cat.pdf\" rel=\"nofollow noopener\" target=\"_blank\">Descarga<\/a><\/h3>\n<p>Fabricante:<\/p>\n<p><img decoding=\"async\" class=\"alignnone size-full wp-image-3114\" src=\"https:\/\/valitec.co\/sitioweb\/wp-content\/uploads\/2023\/03\/teckno.png\" alt=\"\" width=\"243\" height=\"66\" srcset=\"https:\/\/valitec.co\/sitioweb\/wp-content\/uploads\/2023\/03\/teckno.png 243w, https:\/\/valitec.co\/sitioweb\/wp-content\/uploads\/2023\/03\/teckno-90x24.png 90w\" sizes=\"(max-width: 243px) 100vw, 243px\" \/><\/p>\n<p>&nbsp;<\/p>\n","protected":false},"excerpt":{"rendered":"<p><span class=\"textcontent\">\u2022 Resoluci\u00f3n m\u00e1xima en el an\u00e1lisis de hidrocarburos.<br \/>\n\u2022 Esta columna reune todos los requisitos de:\u00a0<strong>USP G1<\/strong>,<strong>\u00a0G2<\/strong>, y<strong>\u00a0G9<\/strong>.<br \/>\n\u2022\u00a0<strong>ASTM<\/strong>\u00a0<strong>D6730<\/strong>\u00a0&#8211; M\u00e9todo de prueba est\u00e1ndar para la determinaci\u00f3n de componentes individuales en los combustibles de motor de encendido por chispa por 100 metros de capilar (con precolumna) de alta resoluci\u00f3n de cromatograf\u00eda de gases<\/span><\/p>\n<p><img decoding=\"async\" src=\"https:\/\/www.teknokroma.es\/media\/1177\/estructura_sapiens-1ms.jpg?width=182&amp;height=125\" alt=\"Las Columnas Capilares TRB-Petro.150 de Teknokroma, tienen la estructura de Poli(dimetil)siloxano; y son compatibles con las fases: Supelco: Petrocol DH 150\" data-id=\"5220\" \/><\/p>\n<p>100% Dimetil polisiloxano, fase ligada y entrecruzada<\/p>\n<p>An\u00e1lisis de parafinas, isoparafinas, olefinas, naftenos y arom\u00e1ticos, gases de hidrocarburos ligeros, y petroqu\u00edmicos: PIONA<\/p>\n","protected":false},"featured_media":3107,"template":"","meta":{"_eb_attr":""},"product_brand":[],"product_cat":[86],"product_tag":[],"class_list":{"0":"post-3181","1":"product","2":"type-product","3":"status-publish","4":"has-post-thumbnail","6":"product_cat-columnas-de-silice-fundida","8":"first","9":"instock","10":"shipping-taxable","11":"product-type-simple"},"_links":{"self":[{"href":"https:\/\/valitec.co\/sitioweb\/wp-json\/wp\/v2\/product\/3181","targetHints":{"allow":["GET"]}}],"collection":[{"href":"https:\/\/valitec.co\/sitioweb\/wp-json\/wp\/v2\/product"}],"about":[{"href":"https:\/\/valitec.co\/sitioweb\/wp-json\/wp\/v2\/types\/product"}],"wp:featuredmedia":[{"embeddable":true,"href":"https:\/\/valitec.co\/sitioweb\/wp-json\/wp\/v2\/media\/3107"}],"wp:attachment":[{"href":"https:\/\/valitec.co\/sitioweb\/wp-json\/wp\/v2\/media?parent=3181"}],"wp:term":[{"taxonomy":"product_brand","embeddable":true,"href":"https:\/\/valitec.co\/sitioweb\/wp-json\/wp\/v2\/product_brand?post=3181"},{"taxonomy":"product_cat","embeddable":true,"href":"https:\/\/valitec.co\/sitioweb\/wp-json\/wp\/v2\/product_cat?post=3181"},{"taxonomy":"product_tag","embeddable":true,"href":"https:\/\/valitec.co\/sitioweb\/wp-json\/wp\/v2\/product_tag?post=3181"}],"curies":[{"name":"wp","href":"https:\/\/api.w.org\/{rel}","templated":true}]}}