{"id":3179,"date":"2023-03-28T15:51:02","date_gmt":"2023-03-28T15:51:02","guid":{"rendered":"https:\/\/valitec.co\/sitioweb\/?post_type=product&#038;p=3179"},"modified":"2023-03-28T15:52:05","modified_gmt":"2023-03-28T15:52:05","slug":"trb-5","status":"publish","type":"product","link":"https:\/\/valitec.co\/sitioweb\/product\/trb-5\/","title":{"rendered":"TRB-5"},"content":{"rendered":"<p><span class=\"textsubtitle_style\"><strong>TRB-5<\/strong>\u00a0Fases equivalentes:<br \/>\n<\/span><br \/>\n<span class=\"textcontent\">Restek:\u00a0<strong>Rtx-5<\/strong><br \/>\nAgilent:\u00a0<strong>HP-5, Ultra-2, DB-5, CP-SIL8CB<\/strong><br \/>\nSupelco:\u00a0<strong>SPB-5, MDN-5<\/strong><br \/>\nMacherey-Nagel:\u00a0<strong>OPTIMA-5<\/strong><br \/>\nPhenomenex:<strong>\u00a0ZB-5<\/strong><br \/>\nSGE:\u00a0<strong>BP5<\/strong><\/span><\/p>\n<h3><a href=\"https:\/\/www.teknokroma.es\/media\/3308\/trb-5_cat.pdf\" rel=\"nofollow noopener\" target=\"_blank\">Descarga<\/a><\/h3>\n<p>Fabricante:<\/p>\n<p><img decoding=\"async\" class=\"alignnone size-full wp-image-3114\" src=\"https:\/\/valitec.co\/sitioweb\/wp-content\/uploads\/2023\/03\/teckno.png\" alt=\"\" width=\"243\" height=\"66\" srcset=\"https:\/\/valitec.co\/sitioweb\/wp-content\/uploads\/2023\/03\/teckno.png 243w, https:\/\/valitec.co\/sitioweb\/wp-content\/uploads\/2023\/03\/teckno-90x24.png 90w\" sizes=\"(max-width: 243px) 100vw, 243px\" \/><\/p>\n","protected":false},"excerpt":{"rendered":"<p><span class=\"textcontent\">\u2022 Es la fase estacionaria m\u00e1s universal y vers\u00e1til que existe en el campo del an\u00e1lisis por cromatograf\u00eda de gases.<br \/>\n\u2022\u00a0Afinidad caracter\u00edstica hacia los compuestos con anillos arom\u00e1ticos.<br \/>\n\u2022\u00a0Gran estabilidad t\u00e9rmica;\u00a0permite analizar compuestos \u00e1cidos y b\u00e1sicos en todo el rango de polaridad.<br \/>\n\u2022 Ideal para el an\u00e1lisis en el campo medioambiental; dioxinas, PCB, PCT, compuestos poliarom\u00e1ticos, fenoles, herbicidas,<br \/>\npesticidas organoclorados y organofosforados, hidrocarburos arom\u00e1ticos, solventes, drogas, aceites, etc&#8230;<br \/>\n\u2022\u00a0Esta columna re\u00fane\u00a0todos los requisitos de\u00a0<strong>USP G27<\/strong>,\u00a0<strong>G36<\/strong>.<br \/>\n<\/span><br \/>\n<span class=\"textcontent\"><img decoding=\"async\" src=\"https:\/\/www.teknokroma.es\/media\/1289\/trb-5_struct.jpg?width=212&amp;height=112\" alt=\"Las Columnas Capilares TRB-5 de Teknokroma, tienen la estructura de Poli(dimetil)siloxano; y son compatibles con las fases: Restek: Rtx-5; Agilent\/JW: HP-5, Ultra-2, DB-5, DB-5. 625; Supelco: SPB-5, PTE-5, SAC-5, Equity-5; Chromapack\/Varian: CP-SIL 8 CB; Alltech: AT-5; Macherey-Nagel: OPTIMA-5; Quadrex: 007-2; SGE: BP-5\" data-id=\"5709\" \/><\/span><\/p>\n<p>95% Dimetil -5% Difenil polisiloxano, fase ligada y entrecruzada<\/p>\n<p>Semivol\u00e1tiles seg\u00fan m\u00e9todo\u00a0<strong>EPA 8270<\/strong><br \/>\n<em>ASTM\u00a0<strong>D4947<\/strong><\/em>\u00a0&#8211;\u00a0M\u00e9todo de test est\u00e1ndar para residuos de clordano y heptachlor en aire de interiores<br \/>\n<em>ASTM\u00a0<strong>D5075<\/strong><\/em>\u00a0&#8211;\u00a0M\u00e9todo de test est\u00e1ndar para nicotina en aire de interiores<br \/>\n<em>ASTM\u00a0<strong>D5442<\/strong><\/em>\u00a0&#8211;\u00a0M\u00e9todo de test est\u00e1ndar para an\u00e1lisis de ceras de petr\u00f3leo mediante GC<br \/>\n<em>ASTM\u00a0<strong>D5599<\/strong><\/em>\u00a0&#8211;\u00a0M\u00e9todo de test est\u00e1ndar para determinaci\u00f3n de compuestos oxigenados en gasolina mediante GC y detecci\u00f3n por ionizaci\u00f3n de llama selectiva al ox\u00edgeno<br \/>\n<em>ASTM\u00a0<strong>D5739<\/strong><\/em>\u00a0&#8211; Pr\u00e1ctica est\u00e1ndar para identificaci\u00f3n de fuente de salpicadura de aceite mediante GC y espectrometr\u00eda de masas de baja resoluci\u00f3n de impacto de electrones de iones positivos<br \/>\nAn\u00e1lisis de semivol\u00e1tiles, alcaloides, drogas, FAME, compuestos halogenados, pesticidas, herbicidas<\/p>\n","protected":false},"featured_media":3154,"template":"","meta":{"_eb_attr":""},"product_brand":[],"product_cat":[86],"product_tag":[],"class_list":{"0":"post-3179","1":"product","2":"type-product","3":"status-publish","4":"has-post-thumbnail","6":"product_cat-columnas-de-silice-fundida","8":"first","9":"instock","10":"shipping-taxable","11":"product-type-simple"},"_links":{"self":[{"href":"https:\/\/valitec.co\/sitioweb\/wp-json\/wp\/v2\/product\/3179","targetHints":{"allow":["GET"]}}],"collection":[{"href":"https:\/\/valitec.co\/sitioweb\/wp-json\/wp\/v2\/product"}],"about":[{"href":"https:\/\/valitec.co\/sitioweb\/wp-json\/wp\/v2\/types\/product"}],"wp:featuredmedia":[{"embeddable":true,"href":"https:\/\/valitec.co\/sitioweb\/wp-json\/wp\/v2\/media\/3154"}],"wp:attachment":[{"href":"https:\/\/valitec.co\/sitioweb\/wp-json\/wp\/v2\/media?parent=3179"}],"wp:term":[{"taxonomy":"product_brand","embeddable":true,"href":"https:\/\/valitec.co\/sitioweb\/wp-json\/wp\/v2\/product_brand?post=3179"},{"taxonomy":"product_cat","embeddable":true,"href":"https:\/\/valitec.co\/sitioweb\/wp-json\/wp\/v2\/product_cat?post=3179"},{"taxonomy":"product_tag","embeddable":true,"href":"https:\/\/valitec.co\/sitioweb\/wp-json\/wp\/v2\/product_tag?post=3179"}],"curies":[{"name":"wp","href":"https:\/\/api.w.org\/{rel}","templated":true}]}}