{"id":3177,"date":"2023-03-28T15:46:53","date_gmt":"2023-03-28T15:46:53","guid":{"rendered":"https:\/\/valitec.co\/sitioweb\/?post_type=product&#038;p=3177"},"modified":"2023-03-28T15:49:01","modified_gmt":"2023-03-28T15:49:01","slug":"trb-5ht","status":"publish","type":"product","link":"https:\/\/valitec.co\/sitioweb\/product\/trb-5ht\/","title":{"rendered":"TRB-5HT"},"content":{"rendered":"<p><span class=\"textcontent\"><span class=\"textsubtitle_style\">Fases equivalentes a\u00a0<strong>TRB-5HT<\/strong><\/span><\/span><\/p>\n<p><span class=\"textcontent\"><br \/>\nAgilent:\u00a0<strong>DB-5HT, VF-5HT<\/strong><br \/>\nPhenomenex:\u00a0<strong>ZB-5HT Inferno<\/strong><br \/>\nRestek:\u00a0<strong>Rxi-5HT, MTX-5HT<\/strong><\/span><\/p>\n<h3><a href=\"https:\/\/www.teknokroma.es\/media\/3309\/trb-5ht_cat.pdf\" rel=\"nofollow noopener\" target=\"_blank\">Descarga<\/a><\/h3>\n<p>Fabricante:<\/p>\n<p><img decoding=\"async\" class=\"alignnone size-full wp-image-3114\" src=\"https:\/\/valitec.co\/sitioweb\/wp-content\/uploads\/2023\/03\/teckno.png\" alt=\"\" width=\"243\" height=\"66\" srcset=\"https:\/\/valitec.co\/sitioweb\/wp-content\/uploads\/2023\/03\/teckno.png 243w, https:\/\/valitec.co\/sitioweb\/wp-content\/uploads\/2023\/03\/teckno-90x24.png 90w\" sizes=\"(max-width: 243px) 100vw, 243px\" \/><\/p>\n","protected":false},"excerpt":{"rendered":"<p><span class=\"textnormal\">\u2022 Producida especialmente para los an\u00e1lisis a alta temperatura hasta 400\u00baC<br \/>\n\u2022 Disponible en s\u00edlice fundida (TRB-5HT) y en tubo met\u00e1lico (TKM-5HT)<br \/>\na\u00f1adir \u00abM\u00bb al final del P\/N deseado<br \/>\n\u2022 Excelente simetr\u00eda para compuestos con altos puntos de ebullici\u00f3n<br \/>\n\u2022 Para el an\u00e1lisis de ceras, triglic\u00e9ridos, \u00e9steres de esteroles,<br \/>\nalcoholes polioxietilenados, etc.<\/span><\/p>\n<p><img decoding=\"async\" src=\"https:\/\/www.teknokroma.es\/media\/1289\/trb-5_struct.jpg?width=212&amp;height=112\" alt=\"Las Columnas Capilares TRB-5 de Teknokroma, tienen la estructura de Poli(dimetil)siloxano; y son compatibles con las fases: Restek: Rtx-5; Agilent\/JW: HP-5, Ultra-2, DB-5, DB-5. 625; Supelco: SPB-5, PTE-5, SAC-5, Equity-5; Chromapack\/Varian: CP-SIL 8 CB; Alltech: AT-5; Macherey-Nagel: OPTIMA-5; Quadrex: 007-2; SGE: BP-5\" data-id=\"5709\" \/><\/p>\n<p><span class=\"textnormal\">95% Dimetil-5% difenilpolisiloxano, fase ligada y entrecruzada<\/span><\/p>\n","protected":false},"featured_media":3178,"template":"","meta":{"_eb_attr":""},"product_brand":[],"product_cat":[86],"product_tag":[],"class_list":{"0":"post-3177","1":"product","2":"type-product","3":"status-publish","4":"has-post-thumbnail","6":"product_cat-columnas-de-silice-fundida","8":"first","9":"instock","10":"shipping-taxable","11":"product-type-simple"},"_links":{"self":[{"href":"https:\/\/valitec.co\/sitioweb\/wp-json\/wp\/v2\/product\/3177","targetHints":{"allow":["GET"]}}],"collection":[{"href":"https:\/\/valitec.co\/sitioweb\/wp-json\/wp\/v2\/product"}],"about":[{"href":"https:\/\/valitec.co\/sitioweb\/wp-json\/wp\/v2\/types\/product"}],"wp:featuredmedia":[{"embeddable":true,"href":"https:\/\/valitec.co\/sitioweb\/wp-json\/wp\/v2\/media\/3178"}],"wp:attachment":[{"href":"https:\/\/valitec.co\/sitioweb\/wp-json\/wp\/v2\/media?parent=3177"}],"wp:term":[{"taxonomy":"product_brand","embeddable":true,"href":"https:\/\/valitec.co\/sitioweb\/wp-json\/wp\/v2\/product_brand?post=3177"},{"taxonomy":"product_cat","embeddable":true,"href":"https:\/\/valitec.co\/sitioweb\/wp-json\/wp\/v2\/product_cat?post=3177"},{"taxonomy":"product_tag","embeddable":true,"href":"https:\/\/valitec.co\/sitioweb\/wp-json\/wp\/v2\/product_tag?post=3177"}],"curies":[{"name":"wp","href":"https:\/\/api.w.org\/{rel}","templated":true}]}}