{"id":3176,"date":"2023-03-28T15:42:11","date_gmt":"2023-03-28T15:42:11","guid":{"rendered":"https:\/\/valitec.co\/sitioweb\/?post_type=product&#038;p=3176"},"modified":"2023-03-28T15:43:40","modified_gmt":"2023-03-28T15:43:40","slug":"trb-5ms","status":"publish","type":"product","link":"https:\/\/valitec.co\/sitioweb\/product\/trb-5ms\/","title":{"rendered":"TRB-5MS"},"content":{"rendered":"<p><span class=\"textsubtitle_style\"><strong>TRB-5MS<\/strong>\u00a0Fases equivalentes:<br \/>\n<\/span><br \/>\nRestek:\u00a0<strong>Rtx-5MS<\/strong><br \/>\nAgilent:\u00a0<strong>HP-5MS, CP-Sil8-CB MS, PAS-5<\/strong><br \/>\nSupelco:\u00a0<strong>Equity-5<\/strong><br \/>\nMacherey-Nagel:\u00a0<strong>OPTIMA-5MS<\/strong><br \/>\nPhenomenex:\u00a0<strong>ZB-5MSi<\/strong><\/p>\n<h3><a href=\"https:\/\/www.teknokroma.es\/media\/3311\/trb-5ms_cat.pdf\" rel=\"nofollow noopener\" target=\"_blank\">Descarga<\/a><\/h3>\n<p>Fabricante:<\/p>\n<p><img decoding=\"async\" class=\"alignnone size-full wp-image-3114\" src=\"https:\/\/valitec.co\/sitioweb\/wp-content\/uploads\/2023\/03\/teckno.png\" alt=\"\" width=\"243\" height=\"66\" srcset=\"https:\/\/valitec.co\/sitioweb\/wp-content\/uploads\/2023\/03\/teckno.png 243w, https:\/\/valitec.co\/sitioweb\/wp-content\/uploads\/2023\/03\/teckno-90x24.png 90w\" sizes=\"(max-width: 243px) 100vw, 243px\" \/><\/p>\n","protected":false},"excerpt":{"rendered":"<p>\u2022 La misma polaridad que el TRB-5, pero la s\u00edntesis de pol\u00edmeros, el el proceso de desactivaci\u00f3n<br \/>\ny la uni\u00f3n y el entrecruzamiento se han optimizado los procedimientos para obtener un m\u00ednimo<br \/>\nsangrado y una inercia qu\u00edmica excepcional. Ideal para la detectores MS.<br \/>\n\u2022 Las especificaciones de sangrado para una columna de 30 m x 0,25 mm x 0,25 \u03bcm (P\/N 520232) indican<br \/>\nque es inferior a 4 pA a 320\u00baC.<br \/>\n\u2022 Columna recomendada para trabajar con cualquier detector selectivo<\/p>\n<p><img decoding=\"async\" src=\"https:\/\/www.teknokroma.es\/media\/1289\/trb-5_struct.jpg?width=212&amp;height=112\" alt=\"Las Columnas Capilares TRB-5MS de Teknokroma, tienen la estructura de Poli(difenildimetil)siloxano; y son compatibles con las fases: Restek: Rtx-5MS, Rxi-5ms, Agilent\/JW: HP-5MS, Supelco: PTE-5, Equity-5, Macherey-Nagel: OPTIMA-5ms, Varian: CP-Sil 8 CB MS, VF-5ms\" data-id=\"5709\" \/><br \/>\n<span class=\"textsubtitle_style\">95% Dimetil-5% difenilpolisiloxano, fase ligada y entrecruzada<\/span><\/p>\n<p>Esta columna reune todos los requisitos de:\u00a0<strong>USP G27<\/strong>, y\u00a0<strong>USP 36<\/strong>.<br \/>\nSemivol\u00e1tiles seg\u00fan m\u00e9todo\u00a0<strong>EPA 8270<\/strong><br \/>\n<em>ASTM\u00a0<strong>D5310<\/strong><\/em>\u00a0&#8211;\u00a0M\u00e9todo de test est\u00e1ndar para composici\u00f3n de \u00e1cidos de alquitr\u00e1n mediante GC capilar<br \/>\n<em>ASTM\u00a0<strong>D5317<\/strong><\/em>\u00a0&#8211;\u00a0M\u00e9todo de test est\u00e1ndar para determinaci\u00f3n de compuestos \u00e1cidos org\u00e1nicos clorados en agua mediante GC con detector de captura de electrones<br \/>\n<em>ASTM\u00a0<strong>D5475<\/strong><\/em>\u00a0&#8211;\u00a0M\u00e9todo de test est\u00e1ndar pesticidas que contienen nitr\u00f3geno y f\u00f3sforo en agua mediante GC con detector de nitr\u00f3geno f\u00f3sforo<br \/>\n<em>ASTM\u00a0<strong>D5812<\/strong><\/em>\u00a0&#8211;\u00a0M\u00e9todo de test est\u00e1ndar para determinaci\u00f3n de pesticidas organoclorados en agua mediante GC capilar<br \/>\n<em>ASTM\u00a0<strong>D6160<\/strong><\/em>\u00a0&#8211; M\u00e9todo de test est\u00e1ndar\u00a0para determinaci\u00f3n de PCBs en materiales residules mediante GC<br \/>\nAn\u00e1lisis de semivol\u00e1tiles, alcaloides, drogas, FAME, compuestos halogenados, pesticidas, herbicidas<\/p>\n","protected":false},"featured_media":3154,"template":"","meta":{"_eb_attr":""},"product_brand":[],"product_cat":[86],"product_tag":[],"class_list":{"0":"post-3176","1":"product","2":"type-product","3":"status-publish","4":"has-post-thumbnail","6":"product_cat-columnas-de-silice-fundida","8":"first","9":"instock","10":"shipping-taxable","11":"product-type-simple"},"_links":{"self":[{"href":"https:\/\/valitec.co\/sitioweb\/wp-json\/wp\/v2\/product\/3176","targetHints":{"allow":["GET"]}}],"collection":[{"href":"https:\/\/valitec.co\/sitioweb\/wp-json\/wp\/v2\/product"}],"about":[{"href":"https:\/\/valitec.co\/sitioweb\/wp-json\/wp\/v2\/types\/product"}],"wp:featuredmedia":[{"embeddable":true,"href":"https:\/\/valitec.co\/sitioweb\/wp-json\/wp\/v2\/media\/3154"}],"wp:attachment":[{"href":"https:\/\/valitec.co\/sitioweb\/wp-json\/wp\/v2\/media?parent=3176"}],"wp:term":[{"taxonomy":"product_brand","embeddable":true,"href":"https:\/\/valitec.co\/sitioweb\/wp-json\/wp\/v2\/product_brand?post=3176"},{"taxonomy":"product_cat","embeddable":true,"href":"https:\/\/valitec.co\/sitioweb\/wp-json\/wp\/v2\/product_cat?post=3176"},{"taxonomy":"product_tag","embeddable":true,"href":"https:\/\/valitec.co\/sitioweb\/wp-json\/wp\/v2\/product_tag?post=3176"}],"curies":[{"name":"wp","href":"https:\/\/api.w.org\/{rel}","templated":true}]}}