{"id":3175,"date":"2023-03-28T15:36:29","date_gmt":"2023-03-28T15:36:29","guid":{"rendered":"https:\/\/valitec.co\/sitioweb\/?post_type=product&#038;p=3175"},"modified":"2023-03-28T15:39:04","modified_gmt":"2023-03-28T15:39:04","slug":"trb-esterol","status":"publish","type":"product","link":"https:\/\/valitec.co\/sitioweb\/product\/trb-esterol\/","title":{"rendered":"TRB-ESTEROL"},"content":{"rendered":"<p><span class=\"textsubtitle_style\"><strong>TRB-STEROL<\/strong>\u00a0Fases equivalentes:<br \/>\n<\/span><br \/>\nSupelco:\u00a0<strong>SAC-5<\/strong><\/p>\n<h3><a href=\"https:\/\/www.teknokroma.es\/media\/3310\/trb-sterol_cat.pdf\" rel=\"nofollow noopener\" target=\"_blank\">Descarga<\/a><\/h3>\n<p>Fabricante:<\/p>\n<p><img decoding=\"async\" class=\"alignnone size-full wp-image-3114\" src=\"https:\/\/valitec.co\/sitioweb\/wp-content\/uploads\/2023\/03\/teckno.png\" alt=\"\" width=\"243\" height=\"66\" srcset=\"https:\/\/valitec.co\/sitioweb\/wp-content\/uploads\/2023\/03\/teckno.png 243w, https:\/\/valitec.co\/sitioweb\/wp-content\/uploads\/2023\/03\/teckno-90x24.png 90w\" sizes=\"(max-width: 243px) 100vw, 243px\" \/><\/p>\n","protected":false},"excerpt":{"rendered":"<p><span class=\"textcontent\">\u2022 Columna dise\u00f1ada espec\u00edficamente para el an\u00e1lisis de mezclas complejas de esteroles, tanto de origen animal como vegetal.<br \/>\n\u2022 M\u00e9todo de desactivaci\u00f3n de la pared del tubo capilar, desarrollado por Teknokroma, que garantiza una columna inerte qu\u00edmicamente\u00a0y\u00a0un bajo nivel de sangrado, que posibilita el an\u00e1lisis de los esteroles sin derivatizar.<br \/>\n\u2022 La columna se entrega comprobada con un test espec\u00edfico de esteroles.<\/span><\/p>\n<p><img decoding=\"async\" src=\"https:\/\/www.teknokroma.es\/media\/1300\/trb-sterol_struct.jpg?width=210&amp;height=117\" alt=\"Las Columnas Capilares TRB-Esterol de Teknokroma, tienen la estructura de Poli(difenildimetil)siloxano; y son compatibles con las fases: Supelco: SAC-5\" data-id=\"5830\" \/><br \/>\n95% Dimetil-5% difenilpolisiloxano, fase ligada y entrecruzada<\/p>\n","protected":false},"featured_media":3144,"template":"","meta":{"_eb_attr":""},"product_brand":[],"product_cat":[86],"product_tag":[],"class_list":{"0":"post-3175","1":"product","2":"type-product","3":"status-publish","4":"has-post-thumbnail","6":"product_cat-columnas-de-silice-fundida","8":"first","9":"instock","10":"shipping-taxable","11":"product-type-simple"},"_links":{"self":[{"href":"https:\/\/valitec.co\/sitioweb\/wp-json\/wp\/v2\/product\/3175","targetHints":{"allow":["GET"]}}],"collection":[{"href":"https:\/\/valitec.co\/sitioweb\/wp-json\/wp\/v2\/product"}],"about":[{"href":"https:\/\/valitec.co\/sitioweb\/wp-json\/wp\/v2\/types\/product"}],"wp:featuredmedia":[{"embeddable":true,"href":"https:\/\/valitec.co\/sitioweb\/wp-json\/wp\/v2\/media\/3144"}],"wp:attachment":[{"href":"https:\/\/valitec.co\/sitioweb\/wp-json\/wp\/v2\/media?parent=3175"}],"wp:term":[{"taxonomy":"product_brand","embeddable":true,"href":"https:\/\/valitec.co\/sitioweb\/wp-json\/wp\/v2\/product_brand?post=3175"},{"taxonomy":"product_cat","embeddable":true,"href":"https:\/\/valitec.co\/sitioweb\/wp-json\/wp\/v2\/product_cat?post=3175"},{"taxonomy":"product_tag","embeddable":true,"href":"https:\/\/valitec.co\/sitioweb\/wp-json\/wp\/v2\/product_tag?post=3175"}],"curies":[{"name":"wp","href":"https:\/\/api.w.org\/{rel}","templated":true}]}}