{"id":3173,"date":"2023-03-28T15:30:57","date_gmt":"2023-03-28T15:30:57","guid":{"rendered":"https:\/\/valitec.co\/sitioweb\/?post_type=product&#038;p=3173"},"modified":"2023-03-28T15:31:37","modified_gmt":"2023-03-28T15:31:37","slug":"metamine-vol","status":"publish","type":"product","link":"https:\/\/valitec.co\/sitioweb\/product\/metamine-vol\/","title":{"rendered":"MetAmine-VOL"},"content":{"rendered":"<p><span class=\"textsubtitle_style\">Fases equivalentes\u00a0<strong>MetAmine\u2010VOL<\/strong><br \/>\n<\/span><br \/>\n<span class=\"textcontent\">Varian:\u00a0<strong>CP-Volamine<\/strong><br \/>\nRestek:\u00a0<strong>Rtx-Volatile Amine<\/strong><\/span><\/p>\n<h3><a href=\"https:\/\/www.teknokroma.es\/media\/3313\/metamine-vol_cat.pdf\" rel=\"nofollow noopener\" target=\"_blank\">Descarga<\/a><\/h3>\n<p>Fabricante:<\/p>\n<p><img decoding=\"async\" class=\"alignnone size-full wp-image-3114\" src=\"https:\/\/valitec.co\/sitioweb\/wp-content\/uploads\/2023\/03\/teckno.png\" alt=\"\" width=\"243\" height=\"66\" srcset=\"https:\/\/valitec.co\/sitioweb\/wp-content\/uploads\/2023\/03\/teckno.png 243w, https:\/\/valitec.co\/sitioweb\/wp-content\/uploads\/2023\/03\/teckno-90x24.png 90w\" sizes=\"(max-width: 243px) 100vw, 243px\" \/><\/p>\n","protected":false},"excerpt":{"rendered":"<p><span class=\"textcontent\">\u2022 Separaci\u00f3n optimizada para el an\u00e1lisis de aminas vol\u00e1tiles y alcoholes.<br \/>\n\u2022 Totalmente compatible con las muestras de agua.<br \/>\n\u2022 Buena forma de pico para los alcoholes vol\u00e1tiles.<\/span><\/p>\n<p>&nbsp;<\/p>\n<p><span class=\"textcontent\">Fase exclusiva de TEKNOKROMA\u00a0Columna basadas en polisiloxano<\/span><\/p>\n","protected":false},"featured_media":3154,"template":"","meta":{"_eb_attr":""},"product_brand":[],"product_cat":[86],"product_tag":[],"class_list":{"0":"post-3173","1":"product","2":"type-product","3":"status-publish","4":"has-post-thumbnail","6":"product_cat-columnas-de-silice-fundida","8":"first","9":"instock","10":"shipping-taxable","11":"product-type-simple"},"_links":{"self":[{"href":"https:\/\/valitec.co\/sitioweb\/wp-json\/wp\/v2\/product\/3173","targetHints":{"allow":["GET"]}}],"collection":[{"href":"https:\/\/valitec.co\/sitioweb\/wp-json\/wp\/v2\/product"}],"about":[{"href":"https:\/\/valitec.co\/sitioweb\/wp-json\/wp\/v2\/types\/product"}],"wp:featuredmedia":[{"embeddable":true,"href":"https:\/\/valitec.co\/sitioweb\/wp-json\/wp\/v2\/media\/3154"}],"wp:attachment":[{"href":"https:\/\/valitec.co\/sitioweb\/wp-json\/wp\/v2\/media?parent=3173"}],"wp:term":[{"taxonomy":"product_brand","embeddable":true,"href":"https:\/\/valitec.co\/sitioweb\/wp-json\/wp\/v2\/product_brand?post=3173"},{"taxonomy":"product_cat","embeddable":true,"href":"https:\/\/valitec.co\/sitioweb\/wp-json\/wp\/v2\/product_cat?post=3173"},{"taxonomy":"product_tag","embeddable":true,"href":"https:\/\/valitec.co\/sitioweb\/wp-json\/wp\/v2\/product_tag?post=3173"}],"curies":[{"name":"wp","href":"https:\/\/api.w.org\/{rel}","templated":true}]}}