{"id":3172,"date":"2023-03-28T15:28:24","date_gmt":"2023-03-28T15:28:24","guid":{"rendered":"https:\/\/valitec.co\/sitioweb\/?post_type=product&#038;p=3172"},"modified":"2023-03-28T15:29:09","modified_gmt":"2023-03-28T15:29:09","slug":"3172","status":"publish","type":"product","link":"https:\/\/valitec.co\/sitioweb\/product\/3172\/","title":{"rendered":"TRB-5.625"},"content":{"rendered":"<p><span class=\"textsubtitle_style\"><strong>TRB-5.625<\/strong>\u00a0Fases equivalentes<\/span><\/p>\n<p><span class=\"textcontent\">Supelco:\u00a0<strong>PTE-5<\/strong><br \/>\nAgilent:\u00a0<strong>DB-5.625<\/strong><\/span><\/p>\n<h3><a href=\"https:\/\/www.teknokroma.es\/media\/3314\/trb-5625_cat.pdf\" rel=\"nofollow noopener\" target=\"_blank\">Descarga<\/a><\/h3>\n<p>Fabricante:<\/p>\n<p><img decoding=\"async\" class=\"alignnone size-full wp-image-3114\" src=\"https:\/\/valitec.co\/sitioweb\/wp-content\/uploads\/2023\/03\/teckno.png\" alt=\"\" width=\"243\" height=\"66\" srcset=\"https:\/\/valitec.co\/sitioweb\/wp-content\/uploads\/2023\/03\/teckno.png 243w, https:\/\/valitec.co\/sitioweb\/wp-content\/uploads\/2023\/03\/teckno-90x24.png 90w\" sizes=\"(max-width: 243px) 100vw, 243px\" \/><\/p>\n","protected":false},"excerpt":{"rendered":"<p><span class=\"textcontent\">\u2022\u00a0Columna fabricada especialmente para cumplir con el nivel de inercia requerido<br \/>\npor\u00a0los m\u00e9todos de la EPA para el an\u00e1lisis de compuestos semivol\u00e1tiles, dise\u00f1ados para<br \/>\nlos m\u00e9todos 625, 1625, 8270 y los protocolos CLP<br \/>\n\u2022\u00a0Inercia y m\u00ednima absorci\u00f3n de compuestos \u00e1cidos, b\u00e1sicos y neutros.<\/span><span class=\"textcontent\"><br \/>\n<\/span><\/p>\n<p><span class=\"textcontent\"><img decoding=\"async\" src=\"https:\/\/www.teknokroma.es\/media\/1311\/trb-5-625_struct.jpg?width=188&amp;height=105\" alt=\"Las Columnas Capilares TRB-5.625 de Teknokroma, tienen la estructura de Poli(difenildimetil)siloxano; y son compatibles con las fases: Restek: Rtx-XTI-5; Supelco: PTE-5; Agilent: DB-5.625\" data-id=\"5875\" \/><\/span><\/p>\n<p>95% Dimetil-5% difenilpolisiloxano, fase ligada y entrecruzada<\/p>\n","protected":false},"featured_media":3154,"template":"","meta":{"_eb_attr":""},"product_brand":[],"product_cat":[86],"product_tag":[],"class_list":{"0":"post-3172","1":"product","2":"type-product","3":"status-publish","4":"has-post-thumbnail","6":"product_cat-columnas-de-silice-fundida","8":"first","9":"instock","10":"shipping-taxable","11":"product-type-simple"},"_links":{"self":[{"href":"https:\/\/valitec.co\/sitioweb\/wp-json\/wp\/v2\/product\/3172","targetHints":{"allow":["GET"]}}],"collection":[{"href":"https:\/\/valitec.co\/sitioweb\/wp-json\/wp\/v2\/product"}],"about":[{"href":"https:\/\/valitec.co\/sitioweb\/wp-json\/wp\/v2\/types\/product"}],"wp:featuredmedia":[{"embeddable":true,"href":"https:\/\/valitec.co\/sitioweb\/wp-json\/wp\/v2\/media\/3154"}],"wp:attachment":[{"href":"https:\/\/valitec.co\/sitioweb\/wp-json\/wp\/v2\/media?parent=3172"}],"wp:term":[{"taxonomy":"product_brand","embeddable":true,"href":"https:\/\/valitec.co\/sitioweb\/wp-json\/wp\/v2\/product_brand?post=3172"},{"taxonomy":"product_cat","embeddable":true,"href":"https:\/\/valitec.co\/sitioweb\/wp-json\/wp\/v2\/product_cat?post=3172"},{"taxonomy":"product_tag","embeddable":true,"href":"https:\/\/valitec.co\/sitioweb\/wp-json\/wp\/v2\/product_tag?post=3172"}],"curies":[{"name":"wp","href":"https:\/\/api.w.org\/{rel}","templated":true}]}}