{"id":3171,"date":"2023-03-28T15:26:10","date_gmt":"2023-03-28T15:26:10","guid":{"rendered":"https:\/\/valitec.co\/sitioweb\/?post_type=product&#038;p=3171"},"modified":"2023-03-28T15:26:24","modified_gmt":"2023-03-28T15:26:24","slug":"trb-g27","status":"publish","type":"product","link":"https:\/\/valitec.co\/sitioweb\/product\/trb-g27\/","title":{"rendered":"TRB-G27"},"content":{"rendered":"<p><span class=\"textsubtitle_style\"><strong>TRB-G27<\/strong>\u00a0Fases equivalentes:<br \/>\n<\/span><br \/>\n<span class=\"textcontent\">Restek:\u00a0<strong>Rtx-G27<\/strong><br \/>\nSupelco:\u00a0<strong>G27<\/strong><\/span><\/p>\n<h3><a href=\"https:\/\/www.teknokroma.es\/media\/3315\/trb-g27_cat.pdf\" rel=\"nofollow noopener\" target=\"_blank\">Descarga<\/a><\/h3>\n<p>Fabricante:<\/p>\n<p><img decoding=\"async\" class=\"alignnone size-full wp-image-3114\" src=\"https:\/\/valitec.co\/sitioweb\/wp-content\/uploads\/2023\/03\/teckno.png\" alt=\"\" width=\"243\" height=\"66\" srcset=\"https:\/\/valitec.co\/sitioweb\/wp-content\/uploads\/2023\/03\/teckno.png 243w, https:\/\/valitec.co\/sitioweb\/wp-content\/uploads\/2023\/03\/teckno-90x24.png 90w\" sizes=\"(max-width: 243px) 100vw, 243px\" \/><\/p>\n","protected":false},"excerpt":{"rendered":"<p>\u2022 Columna que cumple con las especificaciones de la Farmacopea Americana\u00a0<strong>USP 467<\/strong>, para el test de\u00a0<em>impurezas org\u00e1nicas vol\u00e1tiles (OVI) en productos farmac\u00e9uticos<\/em>.<\/p>\n<p><img decoding=\"async\" src=\"https:\/\/www.teknokroma.es\/media\/1335\/trb-g27_struct.jpg?width=147&amp;height=147\" alt=\"Las Columnas Capilares TRB-G27 de Teknokroma, tienen la estructura de Poli(difenildimetil)siloxano; y son compatibles con las fases: Restek: Rtx-G27; Supelco: G27\" width=\"147\" height=\"147\" data-id=\"5936\" \/><\/p>\n<p>95% Dimetil-5% difenilpolisiloxano, fase ligada y entrecruzada<\/p>\n","protected":false},"featured_media":3154,"template":"","meta":{"_eb_attr":""},"product_brand":[],"product_cat":[86],"product_tag":[],"class_list":{"0":"post-3171","1":"product","2":"type-product","3":"status-publish","4":"has-post-thumbnail","6":"product_cat-columnas-de-silice-fundida","8":"first","9":"instock","10":"shipping-taxable","11":"product-type-simple"},"_links":{"self":[{"href":"https:\/\/valitec.co\/sitioweb\/wp-json\/wp\/v2\/product\/3171","targetHints":{"allow":["GET"]}}],"collection":[{"href":"https:\/\/valitec.co\/sitioweb\/wp-json\/wp\/v2\/product"}],"about":[{"href":"https:\/\/valitec.co\/sitioweb\/wp-json\/wp\/v2\/types\/product"}],"wp:featuredmedia":[{"embeddable":true,"href":"https:\/\/valitec.co\/sitioweb\/wp-json\/wp\/v2\/media\/3154"}],"wp:attachment":[{"href":"https:\/\/valitec.co\/sitioweb\/wp-json\/wp\/v2\/media?parent=3171"}],"wp:term":[{"taxonomy":"product_brand","embeddable":true,"href":"https:\/\/valitec.co\/sitioweb\/wp-json\/wp\/v2\/product_brand?post=3171"},{"taxonomy":"product_cat","embeddable":true,"href":"https:\/\/valitec.co\/sitioweb\/wp-json\/wp\/v2\/product_cat?post=3171"},{"taxonomy":"product_tag","embeddable":true,"href":"https:\/\/valitec.co\/sitioweb\/wp-json\/wp\/v2\/product_tag?post=3171"}],"curies":[{"name":"wp","href":"https:\/\/api.w.org\/{rel}","templated":true}]}}