{"id":3167,"date":"2023-03-28T03:10:33","date_gmt":"2023-03-28T03:10:33","guid":{"rendered":"https:\/\/valitec.co\/sitioweb\/?post_type=product&#038;p=3167"},"modified":"2023-03-28T03:12:04","modified_gmt":"2023-03-28T03:12:04","slug":"meta-x5","status":"publish","type":"product","link":"https:\/\/valitec.co\/sitioweb\/product\/meta-x5\/","title":{"rendered":"Meta.X5"},"content":{"rendered":"<p><span class=\"textsubtitle_style\"><strong>Meta.X5<\/strong>\u00a0Fases equivalentes<br \/>\n<\/span><br \/>\nRestek:\u00a0<strong>Rtx-5Sil MS<\/strong><br \/>\nAgilent:\u00a0<strong>DB-5 MS, HP-5TA, CP-SIL8CB Low bleed\/MS,\u00a0VF-5MS<\/strong><br \/>\nSGE:\u00a0<strong>BPX5, BP5M<\/strong><br \/>\nPhenomenex:\u00a0<strong>ZB-5MS<\/strong><\/p>\n<h3><a href=\"https:\/\/www.teknokroma.es\/media\/3317\/metax5_cat.pdf\" rel=\"nofollow noopener\" target=\"_blank\">Descarga<\/a><\/h3>\n<p>Fabricante:<\/p>\n<p><img decoding=\"async\" class=\"alignnone size-full wp-image-3114\" src=\"https:\/\/valitec.co\/sitioweb\/wp-content\/uploads\/2023\/03\/teckno.png\" alt=\"\" width=\"243\" height=\"66\" srcset=\"https:\/\/valitec.co\/sitioweb\/wp-content\/uploads\/2023\/03\/teckno.png 243w, https:\/\/valitec.co\/sitioweb\/wp-content\/uploads\/2023\/03\/teckno-90x24.png 90w\" sizes=\"(max-width: 243px) 100vw, 243px\" \/><\/p>\n","protected":false},"excerpt":{"rendered":"<p>\u2022\u00a0Columna de elecci\u00f3n para el an\u00e1lisis de compuestos semivol\u00e1tiles por GC-MS.<br \/>\n\u2022\u00a0Selectividad similar a la del TRB-5.<br \/>\n\u2022\u00a0La nueva generaci\u00f3n de columnas incorpora grupos de arileno en la estructura del pol\u00edmero, mejora la estabilidad t\u00e9rmica, reduce<br \/>\nnivel de sangrado y proporciona una resoluci\u00f3n \u00f3ptima para los compuestos arom\u00e1ticos.<br \/>\n\u2022\u00a0Los procedimientos de fabricaci\u00f3n garantizan la m\u00e1xima inercia y el m\u00ednimo nivel de sangrado.<\/p>\n<p><span class=\"textcontent\"><img decoding=\"async\" id=\"__mcenew\" src=\"https:\/\/www.teknokroma.es\/media\/1351\/metax5_struct.jpg?width=321&amp;height=104\" alt=\"Las Columnas Capilares Meta.X5 de Teknokroma, tienen la estructura Polisiloxano con p-silfenileno; y son compatibles con las fases: Restek: Rtx-5Sil MS; Agilent\/JW: DB-5MS, HP-5TA; Supelco: MDN-5, SLB-5ms; Chromopack\/Varian: CP-SIL8CB MS, VF-5ms; Alltech: AT-5ms; Quadrex: 007-5MS; SGE: BPX-5; Phenomenex: ZB-5MS\" width=\"321\" height=\"104\" data-id=\"5966\" \/><\/span><\/p>\n<p><span class=\"textcontent\">polisiloxano con p-silfenileno<\/span><\/p>\n<p><span class=\"textcontent\">An\u00e1lisis de:\u00a0semivol\u00e1tiles, alcaloides, f\u00e1rmacos, FAMEs, compuestos halogenados, ftalatos, hidrocarburos clorados, fenoles, aminas, pesticidas, impurezas disolventes e hidrocarburos<\/span><\/p>\n","protected":false},"featured_media":3154,"template":"","meta":{"_eb_attr":""},"product_brand":[],"product_cat":[86],"product_tag":[],"class_list":{"0":"post-3167","1":"product","2":"type-product","3":"status-publish","4":"has-post-thumbnail","6":"product_cat-columnas-de-silice-fundida","8":"first","9":"instock","10":"shipping-taxable","11":"product-type-simple"},"_links":{"self":[{"href":"https:\/\/valitec.co\/sitioweb\/wp-json\/wp\/v2\/product\/3167","targetHints":{"allow":["GET"]}}],"collection":[{"href":"https:\/\/valitec.co\/sitioweb\/wp-json\/wp\/v2\/product"}],"about":[{"href":"https:\/\/valitec.co\/sitioweb\/wp-json\/wp\/v2\/types\/product"}],"wp:featuredmedia":[{"embeddable":true,"href":"https:\/\/valitec.co\/sitioweb\/wp-json\/wp\/v2\/media\/3154"}],"wp:attachment":[{"href":"https:\/\/valitec.co\/sitioweb\/wp-json\/wp\/v2\/media?parent=3167"}],"wp:term":[{"taxonomy":"product_brand","embeddable":true,"href":"https:\/\/valitec.co\/sitioweb\/wp-json\/wp\/v2\/product_brand?post=3167"},{"taxonomy":"product_cat","embeddable":true,"href":"https:\/\/valitec.co\/sitioweb\/wp-json\/wp\/v2\/product_cat?post=3167"},{"taxonomy":"product_tag","embeddable":true,"href":"https:\/\/valitec.co\/sitioweb\/wp-json\/wp\/v2\/product_tag?post=3167"}],"curies":[{"name":"wp","href":"https:\/\/api.w.org\/{rel}","templated":true}]}}