{"id":3163,"date":"2023-03-28T02:59:25","date_gmt":"2023-03-28T02:59:25","guid":{"rendered":"https:\/\/valitec.co\/sitioweb\/?post_type=product&#038;p=3163"},"modified":"2023-03-28T03:14:31","modified_gmt":"2023-03-28T03:14:31","slug":"3163","status":"publish","type":"product","link":"https:\/\/valitec.co\/sitioweb\/product\/3163\/","title":{"rendered":"TRB-624"},"content":{"rendered":"<p><span class=\"textsubtitle_style\">Fases Equivalentes<strong>\u00a0TRB-624<\/strong><br \/>\n<\/span><br \/>\nAgilent:\u00a0<strong>HP-624, DB-624, CP- Select 624 CB<\/strong><br \/>\nSupelco:\u00a0<strong>OVI-G43, SPB-624<\/strong><br \/>\nRestek:\u00a0<strong>Rtx-1301, Rtx-624<\/strong><br \/>\nSGE:\u00a0<strong>BP624<\/strong><br \/>\nPhenomenex:\u00a0<strong>ZB-624<\/strong><\/p>\n<h3><a href=\"https:\/\/www.teknokroma.es\/media\/3321\/trb-624_cat.pdf\" rel=\"nofollow noopener\" target=\"_blank\">Descarga<\/a><\/h3>\n<p>Fabricante:<\/p>\n<p><img decoding=\"async\" class=\"alignnone size-full wp-image-3114\" src=\"https:\/\/valitec.co\/sitioweb\/wp-content\/uploads\/2023\/03\/teckno.png\" alt=\"\" width=\"243\" height=\"66\" srcset=\"https:\/\/valitec.co\/sitioweb\/wp-content\/uploads\/2023\/03\/teckno.png 243w, https:\/\/valitec.co\/sitioweb\/wp-content\/uploads\/2023\/03\/teckno-90x24.png 90w\" sizes=\"(max-width: 243px) 100vw, 243px\" \/><\/p>\n","protected":false},"excerpt":{"rendered":"<p><span class=\"textcontent\">\u2022\u00a0Columna desarrollada especialmente para el an\u00e1lisis ambiental de compuestos vol\u00e1tiles (Contaminantes vol\u00e1tiles prioritarios)<br \/>\n\u2022\u00a0Columna compatible con los m\u00e9todos de la EPA 501.3, 502.2, 524.2, 601, 602, 8010, 8015, 8020, 8221, 8240 y 8260.<br \/>\n\u2022\u00a0Excelente inercia.<\/span><\/p>\n<p><img decoding=\"async\" src=\"https:\/\/www.teknokroma.es\/media\/1372\/trb-624_struct.jpg?width=269&amp;height=153\" alt=\"Las Columnas Capilares TRB-G43 de Teknokroma, tienen la estructura Poli(dimetilcianopropilfenil)siloxano, son compatibles con las fases: Agilent: HP-1301, HP-624, DB-1301, DB-624; Supelco: SPB-1301, OVI-G43; Restek: Rtx-1301, Rtx-624; SGE: BPX-624; gAlltech: AT-624; USP Nomenclature: G43\" \/><\/p>\n<p>&nbsp;<\/p>\n<p>94% Dimetil- 6% cianopropil-fenil polisiloxano, fase ligada y entrecruzada.<\/p>\n<p>Columna desarrollada especialmente para el an\u00e1lisis ambiental de compuestos vol\u00e1tiles (Contaminantes \u201cPrioritarios Volatiles\u201d),\u00a0perfectamente compatible con los m\u00e9todos\u00a0<strong>EPA 501.3<\/strong>,\u00a0<strong>EPA 502.2<\/strong>,\u00a0<strong>EPA 524.2<\/strong>,\u00a0<strong>EPA 601<\/strong>,\u00a0<strong>EPA 602<\/strong>,\u00a0<strong>EPA 8010<\/strong>,\u00a0<strong>EPA 8015<\/strong>,\u00a0<strong>EPA 8020<\/strong>,\u00a0<strong>EPA 8221<\/strong>,\u00a0<strong>EPA 8240<\/strong>, y\u00a0<strong>EPA 8260<\/strong>.<\/p>\n<p><strong>ASTM D3257<\/strong>\u00a0M\u00e9todo de test est\u00e1ndar para arom\u00e1ticos en licores minerales mediante GC<br \/>\n<strong>ASTM D3447<\/strong>\u00a0M\u00e9todo de test est\u00e1ndar para pureza de disolventes org\u00e1nicos halogenados<br \/>\n<strong>ASTM D5790<\/strong>\u00a0M\u00e9todo de test est\u00e1ndar para medici\u00f3n de compuestos org\u00e1nicos purgables en agua mediante columna capilar de GC\/MS<br \/>\n<strong>ASTM E202<\/strong>\u00a0M\u00e9todo de test est\u00e1ndar para an\u00e1lisis de etilenglicoles y propilenglicoles<\/p>\n<p>Columna para el an\u00e1lisis de arocloros, compuestos org\u00e1nicos vol\u00e1tiles, alcoholes, y pesticidas<\/p>\n","protected":false},"featured_media":3144,"template":"","meta":{"_eb_attr":""},"product_brand":[],"product_cat":[86],"product_tag":[],"class_list":{"0":"post-3163","1":"product","2":"type-product","3":"status-publish","4":"has-post-thumbnail","6":"product_cat-columnas-de-silice-fundida","8":"first","9":"instock","10":"shipping-taxable","11":"product-type-simple"},"_links":{"self":[{"href":"https:\/\/valitec.co\/sitioweb\/wp-json\/wp\/v2\/product\/3163","targetHints":{"allow":["GET"]}}],"collection":[{"href":"https:\/\/valitec.co\/sitioweb\/wp-json\/wp\/v2\/product"}],"about":[{"href":"https:\/\/valitec.co\/sitioweb\/wp-json\/wp\/v2\/types\/product"}],"wp:featuredmedia":[{"embeddable":true,"href":"https:\/\/valitec.co\/sitioweb\/wp-json\/wp\/v2\/media\/3144"}],"wp:attachment":[{"href":"https:\/\/valitec.co\/sitioweb\/wp-json\/wp\/v2\/media?parent=3163"}],"wp:term":[{"taxonomy":"product_brand","embeddable":true,"href":"https:\/\/valitec.co\/sitioweb\/wp-json\/wp\/v2\/product_brand?post=3163"},{"taxonomy":"product_cat","embeddable":true,"href":"https:\/\/valitec.co\/sitioweb\/wp-json\/wp\/v2\/product_cat?post=3163"},{"taxonomy":"product_tag","embeddable":true,"href":"https:\/\/valitec.co\/sitioweb\/wp-json\/wp\/v2\/product_tag?post=3163"}],"curies":[{"name":"wp","href":"https:\/\/api.w.org\/{rel}","templated":true}]}}