{"id":3162,"date":"2023-03-28T02:56:10","date_gmt":"2023-03-28T02:56:10","guid":{"rendered":"https:\/\/valitec.co\/sitioweb\/?post_type=product&#038;p=3162"},"modified":"2023-03-28T02:57:13","modified_gmt":"2023-03-28T02:57:13","slug":"trb-g43","status":"publish","type":"product","link":"https:\/\/valitec.co\/sitioweb\/product\/trb-g43\/","title":{"rendered":"TRB-G43"},"content":{"rendered":"<p><span class=\"textsubtitle_style\">Fases Equivalentes<strong>\u00a0TRB-G43<\/strong><\/span><\/p>\n<p>Agilent:\u00a0<strong>HP-624, DB-624, CP-Select 624 CB, DB-624 UI<\/strong><br \/>\nSupelco:\u00a0<strong>OVI-G43<\/strong><br \/>\nRestek:\u00a0<strong>Rtx-G43<\/strong><br \/>\nSGE:\u00a0<strong>BP624<\/strong><br \/>\nPhenomenex:\u00a0<strong>ZB-624<\/strong><\/p>\n<h3><a href=\"https:\/\/www.teknokroma.es\/media\/3322\/trb-g43_cat.pdf\" rel=\"nofollow noopener\" target=\"_blank\">Descarga<\/a><\/h3>\n<p>Fabricante:<\/p>\n<p><img decoding=\"async\" class=\"alignnone size-full wp-image-3114\" src=\"https:\/\/valitec.co\/sitioweb\/wp-content\/uploads\/2023\/03\/teckno.png\" alt=\"\" width=\"243\" height=\"66\" srcset=\"https:\/\/valitec.co\/sitioweb\/wp-content\/uploads\/2023\/03\/teckno.png 243w, https:\/\/valitec.co\/sitioweb\/wp-content\/uploads\/2023\/03\/teckno-90x24.png 90w\" sizes=\"(max-width: 243px) 100vw, 243px\" \/><\/p>\n","protected":false},"excerpt":{"rendered":"<p>\u2022 USP G43.<br \/>\n\u2022 Cumple las especificaciones de las farmacopeas americana (USP) y europea (EP) para el an\u00e1lisis de los disolventes residuales<br \/>\n(OVI) en productos farmac\u00e9uticos, m\u00e9todo USP &lt;467&gt; y m\u00e9todo EP 2.4.24.<br \/>\n\u2022 La columna presenta alta inercia y un bajo sangrado garantizados.<br \/>\n\u2022 Especialmente probada para la completa separaci\u00f3n de los cinco disolventes regulados por el m\u00e9todo USP 467.<br \/>\n\u2022 Para USP &lt;467&gt;, la farmacopea recomienda el uso de la precolumna de 5m (P\/N TR-200055) para atrapar las impurezas no vol\u00e1tiles<br \/>\nde la muestra.<\/p>\n<p><img decoding=\"async\" src=\"https:\/\/www.teknokroma.es\/media\/1372\/trb-624_struct.jpg?width=269&amp;height=153\" alt=\"Las Columnas Capilares TRB-G43 de Teknokroma, tienen la estructura Poli(dimetilcianopropilfenil)siloxano, son compatibles con las fases: Agilent: HP-1301, HP-624, DB-1301, DB-624; Supelco: SPB-1301, OVI-G43; Restek: Rtx-1301, Rtx-624; SGE: BPX-624; gAlltech: AT-624; USP Nomenclature: G43\" \/><br \/>\n94% Dimetil- 6% cianopropil-fenil polisiloxano, fase ligada y entrecruzada<strong><br \/>\n<\/strong><\/p>\n","protected":false},"featured_media":3144,"template":"","meta":{"_eb_attr":""},"product_brand":[],"product_cat":[86],"product_tag":[],"class_list":{"0":"post-3162","1":"product","2":"type-product","3":"status-publish","4":"has-post-thumbnail","6":"product_cat-columnas-de-silice-fundida","8":"first","9":"instock","10":"shipping-taxable","11":"product-type-simple"},"_links":{"self":[{"href":"https:\/\/valitec.co\/sitioweb\/wp-json\/wp\/v2\/product\/3162","targetHints":{"allow":["GET"]}}],"collection":[{"href":"https:\/\/valitec.co\/sitioweb\/wp-json\/wp\/v2\/product"}],"about":[{"href":"https:\/\/valitec.co\/sitioweb\/wp-json\/wp\/v2\/types\/product"}],"wp:featuredmedia":[{"embeddable":true,"href":"https:\/\/valitec.co\/sitioweb\/wp-json\/wp\/v2\/media\/3144"}],"wp:attachment":[{"href":"https:\/\/valitec.co\/sitioweb\/wp-json\/wp\/v2\/media?parent=3162"}],"wp:term":[{"taxonomy":"product_brand","embeddable":true,"href":"https:\/\/valitec.co\/sitioweb\/wp-json\/wp\/v2\/product_brand?post=3162"},{"taxonomy":"product_cat","embeddable":true,"href":"https:\/\/valitec.co\/sitioweb\/wp-json\/wp\/v2\/product_cat?post=3162"},{"taxonomy":"product_tag","embeddable":true,"href":"https:\/\/valitec.co\/sitioweb\/wp-json\/wp\/v2\/product_tag?post=3162"}],"curies":[{"name":"wp","href":"https:\/\/api.w.org\/{rel}","templated":true}]}}