{"id":3151,"date":"2023-03-28T02:34:15","date_gmt":"2023-03-28T02:34:15","guid":{"rendered":"https:\/\/valitec.co\/sitioweb\/?post_type=product&#038;p=3151"},"modified":"2023-03-28T02:34:25","modified_gmt":"2023-03-28T02:34:25","slug":"trb-pag","status":"publish","type":"product","link":"https:\/\/valitec.co\/sitioweb\/product\/trb-pag\/","title":{"rendered":"TRB-PAG"},"content":{"rendered":"<p><span class=\"textsubtitle_style\"><strong>TRB-PAG<\/strong>\u00a0Fase equivalente<br \/>\n<\/span><br \/>\nSupelco:\u00a0<strong>PAG<\/strong><\/p>\n<h3><a href=\"https:\/\/www.teknokroma.es\/media\/3331\/trb-pag_cat.pdf\" rel=\"nofollow noopener\" target=\"_blank\">Descarga<\/a><\/h3>\n<p>Fabricante:<\/p>\n<p><img decoding=\"async\" class=\"alignnone size-full wp-image-3114\" src=\"https:\/\/valitec.co\/sitioweb\/wp-content\/uploads\/2023\/03\/teckno.png\" alt=\"\" width=\"243\" height=\"66\" srcset=\"https:\/\/valitec.co\/sitioweb\/wp-content\/uploads\/2023\/03\/teckno.png 243w, https:\/\/valitec.co\/sitioweb\/wp-content\/uploads\/2023\/03\/teckno-90x24.png 90w\" sizes=\"(max-width: 243px) 100vw, 243px\" \/><\/p>\n","protected":false},"excerpt":{"rendered":"<p>\u2022 Fase de polaridad ligeramente inferior a la TRB-WAX debido a la incorporaci\u00f3n de grupos de \u00f3xido de propileno.<br \/>\n\u2022 Polaridad similar a la fase UCON.<\/p>\n<p><img decoding=\"async\" src=\"https:\/\/www.teknokroma.es\/media\/1427\/trb-pag_struct.jpg?width=269&amp;height=36\" alt=\"Las Columnas Capilares de Teknokroma TRB-PAG, polares, tienen la estructura Poli(etilenpropilen)glicol, y s\u00f3n compatibles con Supelco: PAG\" data-id=\"6345\" \/><\/p>\n<p>50% polietilen -50% polipropilenglicol, fase entrecruzada y qu\u00edmicamente ligada<\/p>\n<p>Esta columna cumple todos los requisitos de los m\u00e9todos\u00a0<strong>USP G18<\/strong><br \/>\nColumna de uso general para: an\u00e1lisis microbiol\u00f3gico, y algunos an\u00e1lisis FAME<\/p>\n<p>&nbsp;<\/p>\n","protected":false},"featured_media":3144,"template":"","meta":{"_eb_attr":""},"product_brand":[],"product_cat":[86],"product_tag":[],"class_list":{"0":"post-3151","1":"product","2":"type-product","3":"status-publish","4":"has-post-thumbnail","6":"product_cat-columnas-de-silice-fundida","8":"first","9":"instock","10":"shipping-taxable","11":"product-type-simple"},"_links":{"self":[{"href":"https:\/\/valitec.co\/sitioweb\/wp-json\/wp\/v2\/product\/3151","targetHints":{"allow":["GET"]}}],"collection":[{"href":"https:\/\/valitec.co\/sitioweb\/wp-json\/wp\/v2\/product"}],"about":[{"href":"https:\/\/valitec.co\/sitioweb\/wp-json\/wp\/v2\/types\/product"}],"wp:featuredmedia":[{"embeddable":true,"href":"https:\/\/valitec.co\/sitioweb\/wp-json\/wp\/v2\/media\/3144"}],"wp:attachment":[{"href":"https:\/\/valitec.co\/sitioweb\/wp-json\/wp\/v2\/media?parent=3151"}],"wp:term":[{"taxonomy":"product_brand","embeddable":true,"href":"https:\/\/valitec.co\/sitioweb\/wp-json\/wp\/v2\/product_brand?post=3151"},{"taxonomy":"product_cat","embeddable":true,"href":"https:\/\/valitec.co\/sitioweb\/wp-json\/wp\/v2\/product_cat?post=3151"},{"taxonomy":"product_tag","embeddable":true,"href":"https:\/\/valitec.co\/sitioweb\/wp-json\/wp\/v2\/product_tag?post=3151"}],"curies":[{"name":"wp","href":"https:\/\/api.w.org\/{rel}","templated":true}]}}