{"id":3146,"date":"2023-03-28T02:17:13","date_gmt":"2023-03-28T02:17:13","guid":{"rendered":"https:\/\/valitec.co\/sitioweb\/?post_type=product&#038;p=3146"},"modified":"2023-03-28T02:17:13","modified_gmt":"2023-03-28T02:17:13","slug":"trb-wax-omega","status":"publish","type":"product","link":"https:\/\/valitec.co\/sitioweb\/product\/trb-wax-omega\/","title":{"rendered":"TRB-WAX.Omega"},"content":{"rendered":"<p><span class=\"textsubtitle_style\">Fases equivalentes\u00a0<strong>TRB-WAX.Omega<\/strong><br \/>\n<\/span><br \/>\n<span class=\"textcontent\">Supelco:\u00a0<strong>Omegawax<\/strong><br \/>\nRestek:\u00a0<strong>Famewax<\/strong><\/span><\/p>\n<h3><a href=\"https:\/\/www.teknokroma.es\/media\/3336\/trb-waxomega_cat.pdf\" rel=\"nofollow noopener\" target=\"_blank\">Descarga<\/a><\/h3>\n<p>Fabricante<\/p>\n<p><img decoding=\"async\" class=\"alignnone size-full wp-image-3114\" src=\"https:\/\/valitec.co\/sitioweb\/wp-content\/uploads\/2023\/03\/teckno.png\" alt=\"\" width=\"243\" height=\"66\" srcset=\"https:\/\/valitec.co\/sitioweb\/wp-content\/uploads\/2023\/03\/teckno.png 243w, https:\/\/valitec.co\/sitioweb\/wp-content\/uploads\/2023\/03\/teckno-90x24.png 90w\" sizes=\"(max-width: 243px) 100vw, 243px\" \/><\/p>\n<p>&nbsp;<\/p>\n<p>&nbsp;<\/p>\n","protected":false},"excerpt":{"rendered":"<p><span class=\"textcontent\">\u2022 Columna de polaridad alta.<br \/>\n\u2022 Dise\u00f1ada especialmente para el an\u00e1lisis de \u00e9steres met\u00edlicos de \u00e1cidos grasos\u00a0<strong>Omega 3<\/strong>\u00a0y\u00a0<strong>Omega 6<\/strong>.<\/span><\/p>\n<p><img decoding=\"async\" src=\"https:\/\/www.teknokroma.es\/media\/1451\/trb-waxomega_struct.jpg?width=217&amp;height=53\" alt=\"Las Columnas Capilares de Teknokroma TRB-WAX.Omega, polares, tienen la estructura Polietilenglicol, y s\u00f3n compatibles con Supelco: Omegawax; Restek: Famewax\" data-id=\"6471\" \/><\/p>\n<p>100% polietilenglicol (PEG), fase entrecruzada y ligada<\/p>\n<p>&nbsp;<\/p>\n","protected":false},"featured_media":3107,"template":"","meta":{"_eb_attr":""},"product_brand":[],"product_cat":[86],"product_tag":[],"class_list":{"0":"post-3146","1":"product","2":"type-product","3":"status-publish","4":"has-post-thumbnail","6":"product_cat-columnas-de-silice-fundida","8":"first","9":"instock","10":"shipping-taxable","11":"product-type-simple"},"_links":{"self":[{"href":"https:\/\/valitec.co\/sitioweb\/wp-json\/wp\/v2\/product\/3146","targetHints":{"allow":["GET"]}}],"collection":[{"href":"https:\/\/valitec.co\/sitioweb\/wp-json\/wp\/v2\/product"}],"about":[{"href":"https:\/\/valitec.co\/sitioweb\/wp-json\/wp\/v2\/types\/product"}],"wp:featuredmedia":[{"embeddable":true,"href":"https:\/\/valitec.co\/sitioweb\/wp-json\/wp\/v2\/media\/3107"}],"wp:attachment":[{"href":"https:\/\/valitec.co\/sitioweb\/wp-json\/wp\/v2\/media?parent=3146"}],"wp:term":[{"taxonomy":"product_brand","embeddable":true,"href":"https:\/\/valitec.co\/sitioweb\/wp-json\/wp\/v2\/product_brand?post=3146"},{"taxonomy":"product_cat","embeddable":true,"href":"https:\/\/valitec.co\/sitioweb\/wp-json\/wp\/v2\/product_cat?post=3146"},{"taxonomy":"product_tag","embeddable":true,"href":"https:\/\/valitec.co\/sitioweb\/wp-json\/wp\/v2\/product_tag?post=3146"}],"curies":[{"name":"wp","href":"https:\/\/api.w.org\/{rel}","templated":true}]}}