{"id":3142,"date":"2023-03-27T23:38:45","date_gmt":"2023-03-27T23:38:45","guid":{"rendered":"https:\/\/valitec.co\/sitioweb\/?post_type=product&#038;p=3142"},"modified":"2023-03-27T23:39:25","modified_gmt":"2023-03-27T23:39:25","slug":"tr-cn100","status":"publish","type":"product","link":"https:\/\/valitec.co\/sitioweb\/product\/tr-cn100\/","title":{"rendered":"TR-CN100"},"content":{"rendered":"<p><span class=\"textsubtitle_style\">Fases equivalentes\u00a0<strong>TR-CN100<\/strong><br \/>\n<\/span><br \/>\nAgilent:\u00a0<strong>CP-SIL 88, HP-88, Select FAME<\/strong><br \/>\nSupelco:\u00a0<strong>SP-2340, SP-2380, SP-2560, SP-2330<\/strong><br \/>\nRestek:\u00a0<strong>Rt-2330, Rt-2560<\/strong><br \/>\nPhenomenex:\u00a0<strong>ZB-FAME, ZB-88<\/strong><br \/>\nSGE:\u00a0<strong>BPX70, BPX90<\/strong><\/p>\n<h3><a href=\"https:\/\/www.teknokroma.es\/media\/3339\/tr-cn100_cat.pdf\" rel=\"nofollow noopener\" target=\"_blank\">Descargas<\/a><\/h3>\n<p>Fabricante:<\/p>\n<p><img decoding=\"async\" class=\"alignnone size-full wp-image-3114\" src=\"https:\/\/valitec.co\/sitioweb\/wp-content\/uploads\/2023\/03\/teckno.png\" alt=\"\" width=\"243\" height=\"66\" srcset=\"https:\/\/valitec.co\/sitioweb\/wp-content\/uploads\/2023\/03\/teckno.png 243w, https:\/\/valitec.co\/sitioweb\/wp-content\/uploads\/2023\/03\/teckno-90x24.png 90w\" sizes=\"(max-width: 243px) 100vw, 243px\" \/><\/p>\n<p>&nbsp;<\/p>\n","protected":false},"excerpt":{"rendered":"<p><span class=\"textcontent\">\u2022 Columna de polaridad m\u00e1xima.<br \/>\n\u2022 Dise\u00f1ada para la separaci\u00f3n de \u00e9steres met\u00edlicos de \u00e1cidos grasos (FAMEs).<br \/>\n\u2022 Alta selectividad hacia los is\u00f3meros cis-trans de los FAMEs.<br \/>\n<\/span><\/p>\n<p><img decoding=\"async\" src=\"https:\/\/www.teknokroma.es\/media\/1469\/tr-cn100_struct.jpg?width=213&amp;height=179\" alt=\"Las Columnas Capilares de Teknokroma TR-CN100, polares, tienen estructura Poli(biscianopropil)siloxano, y s\u00f3n compatibles con Supelco: SP-2340, SP-2380; Restek: Rt-2560, Rt-2330; Varian: CP-SIL 88\" data-id=\"6566\" \/><\/p>\n<p>100% biscianopropilpolisiloxano, fase no ligada<\/p>\n<p>Esta columna cumple todos los requisitos de los m\u00e9todos:\u00a0<strong>USP G16<\/strong><br \/>\nEsta columna cumple todos los requisitos de los m\u00e9todos:\u00a0<strong>ASTM D1983<\/strong>\u00a0FAME analysis. Teknokroma recomienda\u00a0<strong>TR-882162<\/strong>\u00a0TR-CN100 60 m x 0.25 mm x 0.2 \u00b5m.<\/p>\n","protected":false},"featured_media":3107,"template":"","meta":{"_eb_attr":""},"product_brand":[],"product_cat":[86],"product_tag":[],"class_list":{"0":"post-3142","1":"product","2":"type-product","3":"status-publish","4":"has-post-thumbnail","6":"product_cat-columnas-de-silice-fundida","8":"first","9":"instock","10":"shipping-taxable","11":"product-type-simple"},"_links":{"self":[{"href":"https:\/\/valitec.co\/sitioweb\/wp-json\/wp\/v2\/product\/3142","targetHints":{"allow":["GET"]}}],"collection":[{"href":"https:\/\/valitec.co\/sitioweb\/wp-json\/wp\/v2\/product"}],"about":[{"href":"https:\/\/valitec.co\/sitioweb\/wp-json\/wp\/v2\/types\/product"}],"wp:featuredmedia":[{"embeddable":true,"href":"https:\/\/valitec.co\/sitioweb\/wp-json\/wp\/v2\/media\/3107"}],"wp:attachment":[{"href":"https:\/\/valitec.co\/sitioweb\/wp-json\/wp\/v2\/media?parent=3142"}],"wp:term":[{"taxonomy":"product_brand","embeddable":true,"href":"https:\/\/valitec.co\/sitioweb\/wp-json\/wp\/v2\/product_brand?post=3142"},{"taxonomy":"product_cat","embeddable":true,"href":"https:\/\/valitec.co\/sitioweb\/wp-json\/wp\/v2\/product_cat?post=3142"},{"taxonomy":"product_tag","embeddable":true,"href":"https:\/\/valitec.co\/sitioweb\/wp-json\/wp\/v2\/product_tag?post=3142"}],"curies":[{"name":"wp","href":"https:\/\/api.w.org\/{rel}","templated":true}]}}