{"id":3139,"date":"2023-03-27T23:29:54","date_gmt":"2023-03-27T23:29:54","guid":{"rendered":"https:\/\/valitec.co\/sitioweb\/?post_type=product&#038;p=3139"},"modified":"2023-03-27T23:31:46","modified_gmt":"2023-03-27T23:31:46","slug":"tr-cresol","status":"publish","type":"product","link":"https:\/\/valitec.co\/sitioweb\/product\/tr-cresol\/","title":{"rendered":"TR-CRESOL"},"content":{"rendered":"<p>Fases equivalentes\u00a0<strong>TR-CRESOL<\/strong><\/p>\n<p>Agilent:\u00a0<strong>CP-CRESOL<\/strong><\/p>\n<h3><a href=\"https:\/\/www.teknokroma.es\/media\/3340\/tr-cresol_cat.pdf\" rel=\"nofollow noopener\" target=\"_blank\">Descarga<\/a><\/h3>\n<p>Fabricante<\/p>\n<p><img decoding=\"async\" class=\"alignnone size-full wp-image-3114\" src=\"https:\/\/valitec.co\/sitioweb\/wp-content\/uploads\/2023\/03\/teckno.png\" alt=\"\" width=\"243\" height=\"66\" srcset=\"https:\/\/valitec.co\/sitioweb\/wp-content\/uploads\/2023\/03\/teckno.png 243w, https:\/\/valitec.co\/sitioweb\/wp-content\/uploads\/2023\/03\/teckno-90x24.png 90w\" sizes=\"(max-width: 243px) 100vw, 243px\" \/><\/p>\n","protected":false},"excerpt":{"rendered":"<p>\u2022 Columna dise\u00f1ada especialmente para el an\u00e1lisis de\u00a0<strong>compuestos fen\u00f3licos<\/strong>\u00a0(<strong>fenoles<\/strong>,\u00a0<strong>\u00e1cidos cres\u00edlicos<\/strong>).<br \/>\n\u2022 No es necesaria la derivatizaci\u00f3n de los compuestos fen\u00f3licos para conseguir una resoluci\u00f3n adecuada de los mismos.<br \/>\n\u2022 Resuelve el par\u00a0<strong>m-cresol\/p-cresol<\/strong>\u00a0y el\u00a0<strong>2,4-xilenol\/2,5-xilenol<\/strong>, que no se separan con otras columnas empleadas para este an\u00e1lisis como la TRB-5 y la TRB-WAX.<\/p>\n","protected":false},"featured_media":3141,"template":"","meta":{"_eb_attr":""},"product_brand":[],"product_cat":[86],"product_tag":[],"class_list":{"0":"post-3139","1":"product","2":"type-product","3":"status-publish","4":"has-post-thumbnail","6":"product_cat-columnas-de-silice-fundida","8":"first","9":"instock","10":"shipping-taxable","11":"product-type-simple"},"_links":{"self":[{"href":"https:\/\/valitec.co\/sitioweb\/wp-json\/wp\/v2\/product\/3139","targetHints":{"allow":["GET"]}}],"collection":[{"href":"https:\/\/valitec.co\/sitioweb\/wp-json\/wp\/v2\/product"}],"about":[{"href":"https:\/\/valitec.co\/sitioweb\/wp-json\/wp\/v2\/types\/product"}],"wp:featuredmedia":[{"embeddable":true,"href":"https:\/\/valitec.co\/sitioweb\/wp-json\/wp\/v2\/media\/3141"}],"wp:attachment":[{"href":"https:\/\/valitec.co\/sitioweb\/wp-json\/wp\/v2\/media?parent=3139"}],"wp:term":[{"taxonomy":"product_brand","embeddable":true,"href":"https:\/\/valitec.co\/sitioweb\/wp-json\/wp\/v2\/product_brand?post=3139"},{"taxonomy":"product_cat","embeddable":true,"href":"https:\/\/valitec.co\/sitioweb\/wp-json\/wp\/v2\/product_cat?post=3139"},{"taxonomy":"product_tag","embeddable":true,"href":"https:\/\/valitec.co\/sitioweb\/wp-json\/wp\/v2\/product_tag?post=3139"}],"curies":[{"name":"wp","href":"https:\/\/api.w.org\/{rel}","templated":true}]}}