{"id":3130,"date":"2023-03-27T22:09:37","date_gmt":"2023-03-27T22:09:37","guid":{"rendered":"https:\/\/valitec.co\/sitioweb\/?post_type=product&#038;p=3130"},"modified":"2023-03-27T22:41:26","modified_gmt":"2023-03-27T22:41:26","slug":"metablood-2","status":"publish","type":"product","link":"https:\/\/valitec.co\/sitioweb\/product\/metablood-2\/","title":{"rendered":"MetaBLOOD 2"},"content":{"rendered":"<p><span class=\"textsubtitle_style\">Fases equivalentes\u00a0<strong>MetaBLOOD\u00a02<\/strong><br \/>\n<\/span><br \/>\nAgilent:\u00a0<strong>DB-ALC2<\/strong><br \/>\nRestek:\u00a0<strong>Rtx-BAC2,\u00a0Rtx-BAC 2 Plus<\/strong><br \/>\nPhenomenex:\u00a0<strong>ZB-BAC2<\/strong><\/p>\n<h3><a href=\"https:\/\/www.teknokroma.es\/media\/3346\/metablood-2_cat.pdf\" rel=\"nofollow noopener\" target=\"_blank\">Descarga<\/a><\/h3>\n<p>Fabricante<\/p>\n<p><img decoding=\"async\" class=\"alignnone size-full wp-image-3114\" src=\"https:\/\/valitec.co\/sitioweb\/wp-content\/uploads\/2023\/03\/teckno.png\" alt=\"\" width=\"243\" height=\"66\" srcset=\"https:\/\/valitec.co\/sitioweb\/wp-content\/uploads\/2023\/03\/teckno.png 243w, https:\/\/valitec.co\/sitioweb\/wp-content\/uploads\/2023\/03\/teckno-90x24.png 90w\" sizes=\"(max-width: 243px) 100vw, 243px\" \/><\/p>\n","protected":false},"excerpt":{"rendered":"<p><span class=\"textcontent\">\u2022Para an\u00e1lisis de vol\u00e1tiles en fluidos biol\u00f3gicos.<br \/>\n\u2022Tiempos de an\u00e1lisis extremadamente cortos.<br \/>\n\u2022Posibilidad de utilizaci\u00f3n en sistema dual, como columna anal\u00edtica y de confirmaci\u00f3n.<br \/>\n\u2022Orden de eluci\u00f3n diferente respecto a la MetaBLOOD 1 para algunos compuestos.<br \/>\n<\/span><\/p>\n","protected":false},"featured_media":3107,"template":"","meta":{"_eb_attr":""},"product_brand":[],"product_cat":[86],"product_tag":[],"class_list":{"0":"post-3130","1":"product","2":"type-product","3":"status-publish","4":"has-post-thumbnail","6":"product_cat-columnas-de-silice-fundida","8":"first","9":"instock","10":"shipping-taxable","11":"product-type-simple"},"_links":{"self":[{"href":"https:\/\/valitec.co\/sitioweb\/wp-json\/wp\/v2\/product\/3130","targetHints":{"allow":["GET"]}}],"collection":[{"href":"https:\/\/valitec.co\/sitioweb\/wp-json\/wp\/v2\/product"}],"about":[{"href":"https:\/\/valitec.co\/sitioweb\/wp-json\/wp\/v2\/types\/product"}],"wp:featuredmedia":[{"embeddable":true,"href":"https:\/\/valitec.co\/sitioweb\/wp-json\/wp\/v2\/media\/3107"}],"wp:attachment":[{"href":"https:\/\/valitec.co\/sitioweb\/wp-json\/wp\/v2\/media?parent=3130"}],"wp:term":[{"taxonomy":"product_brand","embeddable":true,"href":"https:\/\/valitec.co\/sitioweb\/wp-json\/wp\/v2\/product_brand?post=3130"},{"taxonomy":"product_cat","embeddable":true,"href":"https:\/\/valitec.co\/sitioweb\/wp-json\/wp\/v2\/product_cat?post=3130"},{"taxonomy":"product_tag","embeddable":true,"href":"https:\/\/valitec.co\/sitioweb\/wp-json\/wp\/v2\/product_tag?post=3130"}],"curies":[{"name":"wp","href":"https:\/\/api.w.org\/{rel}","templated":true}]}}