{"id":3123,"date":"2023-03-27T19:34:18","date_gmt":"2023-03-27T19:34:18","guid":{"rendered":"https:\/\/valitec.co\/sitioweb\/?post_type=product&#038;p=3123"},"modified":"2023-03-27T21:51:37","modified_gmt":"2023-03-27T21:51:37","slug":"sapiens-200-4","status":"publish","type":"product","link":"https:\/\/valitec.co\/sitioweb\/product\/sapiens-200-4\/","title":{"rendered":"SAPIENS-200"},"content":{"rendered":"<p><span class=\"textsubtitle_style\">Fases Equivalentes a\u00a0<strong>SAPIENS-200<\/strong>:<br \/>\n<\/span><br \/>\n<span class=\"textcontent\">\u2022 Agilent:\u00a0<strong>DB-200<\/strong><br \/>\n\u2022 Restek:\u00a0<strong>Rxi-200<\/strong><\/span><\/p>\n<h3><a href=\"https:\/\/www.teknokroma.es\/media\/4569\/sapiens-200.pdf\" rel=\"nofollow noopener\" target=\"_blank\">Descarga sapiens 200<\/a><\/h3>\n<h3><a href=\"https:\/\/www.teknokroma.es\/media\/3671\/gc_lq.pdf\" rel=\"nofollow noopener\" target=\"_blank\">descarga cat\u00e1logo<\/a><\/h3>\n<p>Fabricante:<\/p>\n<p><img decoding=\"async\" class=\"alignnone size-full wp-image-3114\" src=\"https:\/\/valitec.co\/sitioweb\/wp-content\/uploads\/2023\/03\/teckno.png\" alt=\"\" width=\"243\" height=\"66\" srcset=\"https:\/\/valitec.co\/sitioweb\/wp-content\/uploads\/2023\/03\/teckno.png 243w, https:\/\/valitec.co\/sitioweb\/wp-content\/uploads\/2023\/03\/teckno-90x24.png 90w\" sizes=\"(max-width: 243px) 100vw, 243px\" \/><\/p>\n","protected":false},"excerpt":{"rendered":"<p>\u2022\u00a0Polaridad intermedia<br \/>\n\u2022\u00a0Selectividad \u00fanica basada en la alta aceptaci\u00f3n de electrones de los \u00e1tomos de fl\u00faor<br \/>\n\u2022\u00a0Columna de elecci\u00f3n para la separaci\u00f3n de compuestos con grupos donantes de electrones como cetonas, \u00e9steres,<\/p>\n<p>nitrilos, aminas secundarias y terciarias, nitro y compuestos clorados,\u00a0PAHs, CFCs\u00a0y silanos<br \/>\n\u2022\u00a0Bajo\u00a0sangrado, ideal para los detectores de\u00a0NPD, ECD\u00a0y MS<\/p>\n<p>\u2022 Cumple con las especificaciones de\u00a0<strong>USP G6<\/strong><\/p>\n<p>&nbsp;<\/p>\n<p><strong><img decoding=\"async\" src=\"https:\/\/www.teknokroma.es\/media\/4805\/form.png?width=284&amp;height=124\" alt=\"\" data-id=\"154381\" \/><\/strong><\/p>\n<p>&nbsp;<\/p>\n<p>&nbsp;<\/p>\n<p>35% Trifluropropilmetil polisiloxano, fase ligada y entrecruzada<\/p>\n","protected":false},"featured_media":3107,"template":"","meta":{"_eb_attr":""},"product_brand":[],"product_cat":[86],"product_tag":[],"class_list":{"0":"post-3123","1":"product","2":"type-product","3":"status-publish","4":"has-post-thumbnail","6":"product_cat-columnas-de-silice-fundida","8":"first","9":"instock","10":"shipping-taxable","11":"product-type-simple"},"_links":{"self":[{"href":"https:\/\/valitec.co\/sitioweb\/wp-json\/wp\/v2\/product\/3123","targetHints":{"allow":["GET"]}}],"collection":[{"href":"https:\/\/valitec.co\/sitioweb\/wp-json\/wp\/v2\/product"}],"about":[{"href":"https:\/\/valitec.co\/sitioweb\/wp-json\/wp\/v2\/types\/product"}],"wp:featuredmedia":[{"embeddable":true,"href":"https:\/\/valitec.co\/sitioweb\/wp-json\/wp\/v2\/media\/3107"}],"wp:attachment":[{"href":"https:\/\/valitec.co\/sitioweb\/wp-json\/wp\/v2\/media?parent=3123"}],"wp:term":[{"taxonomy":"product_brand","embeddable":true,"href":"https:\/\/valitec.co\/sitioweb\/wp-json\/wp\/v2\/product_brand?post=3123"},{"taxonomy":"product_cat","embeddable":true,"href":"https:\/\/valitec.co\/sitioweb\/wp-json\/wp\/v2\/product_cat?post=3123"},{"taxonomy":"product_tag","embeddable":true,"href":"https:\/\/valitec.co\/sitioweb\/wp-json\/wp\/v2\/product_tag?post=3123"}],"curies":[{"name":"wp","href":"https:\/\/api.w.org\/{rel}","templated":true}]}}