{"id":3117,"date":"2023-03-27T18:54:09","date_gmt":"2023-03-27T18:54:09","guid":{"rendered":"https:\/\/valitec.co\/sitioweb\/?post_type=product&#038;p=3117"},"modified":"2023-03-27T18:54:53","modified_gmt":"2023-03-27T18:54:53","slug":"sapiens-624ms-2","status":"publish","type":"product","link":"https:\/\/valitec.co\/sitioweb\/product\/sapiens-624ms-2\/","title":{"rendered":"SAPIENS-624MS"},"content":{"rendered":"<p><span class=\"textsubtitle_style\">Fases Equivalentes a\u00a0<strong>SAPIENS-624MS<\/strong>:<br \/>\n<\/span><br \/>\n<span class=\"textcontent\">\u2022 Agilent:\u00a0<strong>DB-624UI, VF-624MS, VF-1301MS, DB-Select 624UI for &lt;467&gt;<\/strong><br \/>\n\u2022 Restek:\u00a0<strong>Rxi-624Sil MS<\/strong><br \/>\n\u2022 SGE:\u00a0<strong>BPX-Volatile<\/strong><\/span><\/p>\n<h4><a href=\"https:\/\/www.teknokroma.es\/media\/3708\/sapiens-624ms.pdf\" rel=\"nofollow noopener\" target=\"_blank\">Descarga<\/a><\/h4>\n<p>Fabricante<\/p>\n<p><img decoding=\"async\" class=\"alignnone size-full wp-image-3114\" src=\"https:\/\/valitec.co\/sitioweb\/wp-content\/uploads\/2023\/03\/teckno.png\" alt=\"\" width=\"243\" height=\"66\" srcset=\"https:\/\/valitec.co\/sitioweb\/wp-content\/uploads\/2023\/03\/teckno.png 243w, https:\/\/valitec.co\/sitioweb\/wp-content\/uploads\/2023\/03\/teckno-90x24.png 90w\" sizes=\"(max-width: 243px) 100vw, 243px\" \/><\/p>\n","protected":false},"excerpt":{"rendered":"<p>\u2022 Polaridad intermedia<br \/>\n\u2022 Columna dise\u00f1ada espec\u00edficamente para \u00e1cidos, b\u00e1sicos, y compuestos polares<br \/>\n\u2022 Bajo sangrado, fase especialmente dise\u00f1ada para una alta estabilidad t\u00e9rmica ; hasta 300\u00baC<br \/>\n\u2022 Ideal para an\u00e1lisis ambientales de compuestos org\u00e1nicos vol\u00e1tiles y disolventes residuales<br \/>\nen productos farmac\u00e9uticos.<br \/>\n\u2022 Cumple con las especificaciones de\u00a0<strong>USP 467<\/strong>\u00a0y\u00a0<strong>PhEur 2.4.24<\/strong><br \/>\n\u2022 Equivalente a fase\u00a0<strong>USP G43<\/strong><\/p>\n<p>&nbsp;<\/p>\n<p>Fase de silfenileno equivalente al 94% de metil-6% cianopropilfenilo,<br \/>\npolisiloxano ligada y entrecruzada<\/p>\n","protected":false},"featured_media":3107,"template":"","meta":{"_eb_attr":""},"product_brand":[],"product_cat":[85],"product_tag":[],"class_list":{"0":"post-3117","1":"product","2":"type-product","3":"status-publish","4":"has-post-thumbnail","6":"product_cat-cromatografia-de-gases","8":"first","9":"instock","10":"shipping-taxable","11":"product-type-simple"},"_links":{"self":[{"href":"https:\/\/valitec.co\/sitioweb\/wp-json\/wp\/v2\/product\/3117","targetHints":{"allow":["GET"]}}],"collection":[{"href":"https:\/\/valitec.co\/sitioweb\/wp-json\/wp\/v2\/product"}],"about":[{"href":"https:\/\/valitec.co\/sitioweb\/wp-json\/wp\/v2\/types\/product"}],"wp:featuredmedia":[{"embeddable":true,"href":"https:\/\/valitec.co\/sitioweb\/wp-json\/wp\/v2\/media\/3107"}],"wp:attachment":[{"href":"https:\/\/valitec.co\/sitioweb\/wp-json\/wp\/v2\/media?parent=3117"}],"wp:term":[{"taxonomy":"product_brand","embeddable":true,"href":"https:\/\/valitec.co\/sitioweb\/wp-json\/wp\/v2\/product_brand?post=3117"},{"taxonomy":"product_cat","embeddable":true,"href":"https:\/\/valitec.co\/sitioweb\/wp-json\/wp\/v2\/product_cat?post=3117"},{"taxonomy":"product_tag","embeddable":true,"href":"https:\/\/valitec.co\/sitioweb\/wp-json\/wp\/v2\/product_tag?post=3117"}],"curies":[{"name":"wp","href":"https:\/\/api.w.org\/{rel}","templated":true}]}}