{"id":3101,"date":"2023-03-27T14:54:32","date_gmt":"2023-03-27T14:54:32","guid":{"rendered":"https:\/\/valitec.co\/sitioweb\/?post_type=product&#038;p=3101"},"modified":"2023-03-27T19:08:12","modified_gmt":"2023-03-27T19:08:12","slug":"sapiens-1ms-2","status":"publish","type":"product","link":"https:\/\/valitec.co\/sitioweb\/product\/sapiens-1ms-2\/","title":{"rendered":"SAPIENS-1MS"},"content":{"rendered":"<p><strong>SAPIENS-1MS<\/strong>\u00a0Fases Equivalentes<\/p>\n<p>\u2022 Aglilent:<strong>\u00a0HP-1MS UI, DB-1MS UI, VF-1MS<\/strong><br \/>\n\u2022 Restek:<strong>\u00a0Rxi-1MS<\/strong><br \/>\n\u2022 Phenomenex:\u00a0<strong>ZB-1Plus<\/strong><br \/>\n\u2022 GL Sciences:<strong>\u00a0InertCap 1MS<\/strong><br \/>\n\u2022 Supelco (Merck):<strong>\u00a0SLB-1MS<\/strong><br \/>\n\u2022 SGE:\u00a0<strong>Sol-GEL-1MS<\/strong><br \/>\n\u2022 Macherey-Nagel:\u00a0<strong>Optima-1MS Accent<\/strong><\/p>\n<h4><a href=\"https:\/\/www.teknokroma.es\/media\/3701\/sapiens-1ms_cat.pdf\" rel=\"nofollow noopener\" target=\"_blank\">Descarga<\/a><\/h4>\n<p>Fabricante<\/p>\n<p><img decoding=\"async\" class=\"alignnone size-full wp-image-3114\" src=\"https:\/\/valitec.co\/sitioweb\/wp-content\/uploads\/2023\/03\/teckno.png\" alt=\"\" width=\"243\" height=\"66\" srcset=\"https:\/\/valitec.co\/sitioweb\/wp-content\/uploads\/2023\/03\/teckno.png 243w, https:\/\/valitec.co\/sitioweb\/wp-content\/uploads\/2023\/03\/teckno-90x24.png 90w\" sizes=\"(max-width: 243px) 100vw, 243px\" \/><\/p>\n","protected":false},"excerpt":{"rendered":"<p>\u2022 Columna apolar de prop\u00f3sito general<br \/>\n\u2022 Nivel de sangrado Ultra bajo, tiene una relaci\u00f3n se\u00f1al-ruido mejorada ideal para GC-MS<br \/>\n\u2022 Ultra inerte\u00a0qu\u00edmicamente y con alta estabilidad t\u00e9rmica, columna especial para an\u00e1lisis de trazas y GC-MS<br \/>\n\u2022\u00a0Enjuagable con disolvente.<br \/>\n\u2022 Desarrollado con una nueva tecnolog\u00eda integral.<br \/>\n\u2022 Proceso de estabilizaci\u00f3n molecular incorporado (MSP).<br \/>\n\u2022 Muy inerte para los compuestos polares, \u00e1cidos y b\u00e1sicos.<br \/>\n\u2022 Reproducibilidad garantizada entre lotes.<br \/>\n\u2022 Perfecto para usar con el software de bloqueo de tiempo de retenci\u00f3n (RTL).<\/p>\n<p>&nbsp;<\/p>\n<p><img decoding=\"async\" src=\"https:\/\/www.teknokroma.es\/media\/1177\/estructura_sapiens-1ms.jpg?width=182&amp;height=125\" alt=\"Sapiens-1MS Capillary Column, Sapiens-1MS, Structure of Poly(dimethyl)siloxane, Sapiens-1MS Equivalent Phases: Restek: Rtx-1ms, Rxi-1ms, Varian: CP-SIL 5 CB MS, VF-1ms, Alltech: AT-1MS\" data-id=\"5220\" \/><\/p>\n<p>&nbsp;<\/p>\n<p>100% Dimethyl polysiloxane, bonded and crosslinked phase<\/p>\n<p>&nbsp;<\/p>\n<p>Aminas, hidrocarburos, pesticidas, PCB, fenoles, compuestos azufrados, aromas, y fragancias<\/p>\n<p>Columnas de uso general para impurezas disolventes, destilaci\u00f3n simulada, aceleradores de incendios provocados, gases, oxigenados.<\/p>\n<p>Equivale a fases\u00a0<strong>USP G1, USP G2, y USP G38<\/strong><\/p>\n","protected":false},"featured_media":3097,"template":"","meta":{"_eb_attr":""},"product_brand":[],"product_cat":[85],"product_tag":[],"class_list":{"0":"post-3101","1":"product","2":"type-product","3":"status-publish","4":"has-post-thumbnail","6":"product_cat-cromatografia-de-gases","8":"first","9":"instock","10":"shipping-taxable","11":"product-type-simple"},"_links":{"self":[{"href":"https:\/\/valitec.co\/sitioweb\/wp-json\/wp\/v2\/product\/3101","targetHints":{"allow":["GET"]}}],"collection":[{"href":"https:\/\/valitec.co\/sitioweb\/wp-json\/wp\/v2\/product"}],"about":[{"href":"https:\/\/valitec.co\/sitioweb\/wp-json\/wp\/v2\/types\/product"}],"wp:featuredmedia":[{"embeddable":true,"href":"https:\/\/valitec.co\/sitioweb\/wp-json\/wp\/v2\/media\/3097"}],"wp:attachment":[{"href":"https:\/\/valitec.co\/sitioweb\/wp-json\/wp\/v2\/media?parent=3101"}],"wp:term":[{"taxonomy":"product_brand","embeddable":true,"href":"https:\/\/valitec.co\/sitioweb\/wp-json\/wp\/v2\/product_brand?post=3101"},{"taxonomy":"product_cat","embeddable":true,"href":"https:\/\/valitec.co\/sitioweb\/wp-json\/wp\/v2\/product_cat?post=3101"},{"taxonomy":"product_tag","embeddable":true,"href":"https:\/\/valitec.co\/sitioweb\/wp-json\/wp\/v2\/product_tag?post=3101"}],"curies":[{"name":"wp","href":"https:\/\/api.w.org\/{rel}","templated":true}]}}