{"id":2594,"date":"2023-03-11T00:12:33","date_gmt":"2023-03-11T00:12:33","guid":{"rendered":"https:\/\/valitec.co\/sitioweb\/?post_type=product&#038;p=2594"},"modified":"2025-07-15T18:32:10","modified_gmt":"2025-07-15T18:32:10","slug":"columnas-hplc-mediterranea","status":"publish","type":"product","link":"https:\/\/valitec.co\/sitioweb\/product\/columnas-hplc-mediterranea\/","title":{"rendered":"COLUMNAS HPLC MEDITERRANEA"},"content":{"rendered":"<p>&nbsp;<\/p>\n<p>&nbsp;<\/p>\n","protected":false},"excerpt":{"rendered":"<p><strong>Columnas HPLC de \u00daltima Generaci\u00f3n<\/strong><\/p>\n<p>La part\u00edcula de s\u00edlica sobre la que est\u00e1 basada la columna mediterranea sea18 es el resultado de un proceso de optimizaci\u00f3n en el que partiendo de materiales extremadamente puros, con contenidos de metales inusualmente bajos, se ha conseguido una part\u00edcula perfectamente esf\u00e9rica, r\u00edgida e inerte. Asimismo el proceso de \u201cporificaci\u00f3n\u201d desarrollado para tal fin (<a href=\"https:\/\/www.teknokroma.es\/media\/2067\/sea_y_med.pdf\">Surface Enhanced Accessibility SEA<\/a>) ha conseguido una elevada \u00e1rea superficial sin que se pierda ninguna de sus propiedades de resistencia f\u00edsica a la vez que presenta una muy elevada capacidad de carga, ideal para procesos de escalado preparativo.<br \/>\nLa qu\u00edmica del relleno basada en la nueva tecnolog\u00eda\u00a0<a href=\"https:\/\/www.teknokroma.es\/media\/2067\/sea_y_med.pdf\">MED, \u201cMultifunctional Encapping Deactivation\u201d<\/a>, consigue unos niveles de desactivaci\u00f3n, resistencia frente a valores extremos de pH y versatilidad en sus aplicaciones cromatogr\u00e1ficas hasta ahora nunca alcanzados. La tecnolog\u00eda\u00a0<a href=\"https:\/\/www.teknokroma.es\/media\/2067\/sea_y_med.pdf\">MED<\/a>\u00a0ha sido rigurosamente estudiada para conseguir la m\u00e1xima reproducibilidad, con el fin de que sus separaciones cromatogr\u00e1ficas sean, columna a columna, exactamente iguales.<br \/>\nLa columna mediterranea sea18 le ofrece un nivel hasta ahora no alcanzado de eficacia, robustez, reproducibilidad y fiabilidad, orientada a simplificar y hacer m\u00e1s amigable su trabajo en HPLC.<br \/>\nLa versatilidad de la columna mediterranea sea18 le permitir\u00e1 abordar con pleno \u00e9xito la inmensa mayor\u00eda de las separaciones en el campo de farmacia, ciencias de la vida, medio ambiente, alimentaci\u00f3n, etc., etc.<br \/>\nDesarrolladas sobre el novedoso sistema\u00a0<a href=\"https:\/\/www.teknokroma.es\/media\/2070\/ultrafit.pdf\">Ultrafit\u2122,<\/a>\u00a0se presentan en todas las configuraciones desde microbore, anal\u00edticas, ultrar\u00e1pidas, preparativas y para\u00a0<a href=\"https:\/\/www.teknokroma.es\/media\/2071\/lc-ms.pdf\">LCMS<\/a>.<\/p>\n<p>&nbsp;<\/p>\n<h6>Descargas:<\/h6>\n<h6><a href=\"https:\/\/www.teknokroma.es\/media\/2081\/mediterranea-dosier-paginado-nac.pdf\">Mediterr\u00e1nea Brochure<\/a><\/h6>\n<h6><a href=\"https:\/\/www.teknokroma.es\/media\/4189\/mediterranea_cat.pdf\">Mediterr\u00e1nea Cat\u00e1logo<\/a><\/h6>\n<p>&nbsp;<\/p>\n<h6 style=\"text-align: center;\">FABRICANTE<\/h6>\n<h6><img decoding=\"async\" class=\"alignnone size-full wp-image-4090 aligncenter\" src=\"https:\/\/valitec.co\/sitioweb\/wp-content\/uploads\/2023\/04\/7.png\" alt=\"\" width=\"243\" height=\"66\" srcset=\"https:\/\/valitec.co\/sitioweb\/wp-content\/uploads\/2023\/04\/7.png 243w, https:\/\/valitec.co\/sitioweb\/wp-content\/uploads\/2023\/04\/7-90x24.png 90w\" sizes=\"(max-width: 243px) 100vw, 243px\" \/><\/h6>\n","protected":false},"featured_media":2595,"template":"","meta":{"_eb_attr":""},"product_brand":[],"product_cat":[62],"product_tag":[],"class_list":{"0":"post-2594","1":"product","2":"type-product","3":"status-publish","4":"has-post-thumbnail","6":"product_cat-columnas-hplc","8":"first","9":"instock","10":"shipping-taxable","11":"product-type-simple"},"_links":{"self":[{"href":"https:\/\/valitec.co\/sitioweb\/wp-json\/wp\/v2\/product\/2594","targetHints":{"allow":["GET"]}}],"collection":[{"href":"https:\/\/valitec.co\/sitioweb\/wp-json\/wp\/v2\/product"}],"about":[{"href":"https:\/\/valitec.co\/sitioweb\/wp-json\/wp\/v2\/types\/product"}],"wp:featuredmedia":[{"embeddable":true,"href":"https:\/\/valitec.co\/sitioweb\/wp-json\/wp\/v2\/media\/2595"}],"wp:attachment":[{"href":"https:\/\/valitec.co\/sitioweb\/wp-json\/wp\/v2\/media?parent=2594"}],"wp:term":[{"taxonomy":"product_brand","embeddable":true,"href":"https:\/\/valitec.co\/sitioweb\/wp-json\/wp\/v2\/product_brand?post=2594"},{"taxonomy":"product_cat","embeddable":true,"href":"https:\/\/valitec.co\/sitioweb\/wp-json\/wp\/v2\/product_cat?post=2594"},{"taxonomy":"product_tag","embeddable":true,"href":"https:\/\/valitec.co\/sitioweb\/wp-json\/wp\/v2\/product_tag?post=2594"}],"curies":[{"name":"wp","href":"https:\/\/api.w.org\/{rel}","templated":true}]}}