{"id":1648,"date":"2022-11-24T20:32:00","date_gmt":"2022-11-24T20:32:00","guid":{"rendered":"https:\/\/valitec.co\/sitioweb\/?post_type=product&#038;p=1648"},"modified":"2023-03-11T02:24:18","modified_gmt":"2023-03-11T02:24:18","slug":"kit-de-filtracion-de-fase-movil-2","status":"publish","type":"product","link":"https:\/\/valitec.co\/sitioweb\/product\/kit-de-filtracion-de-fase-movil-2\/","title":{"rendered":"Kit de Filtraci\u00f3n de Fase Movil"},"content":{"rendered":"","protected":false},"excerpt":{"rendered":"<ul>\n<li>\u2022 Equipo de filtraci\u00f3n de Teknokroma para fase m\u00f3vil completo para membranas de 47 mm D<br \/>\n\u2022 Fabricado en vidrio de primera calidad, tubo de vidrio DURAN de Schott.<br \/>\n\u2022 La porosidad de la placa de filtraci\u00f3n es del numero 3, con un tama\u00f1o de poro nominal de 16-40 micr\u00f3metros.<\/li>\n<\/ul>\n","protected":false},"featured_media":1649,"template":"","meta":{"_eb_attr":""},"product_brand":[],"product_cat":[66],"product_tag":[],"class_list":{"0":"post-1648","1":"product","2":"type-product","3":"status-publish","4":"has-post-thumbnail","6":"product_cat-accesorios-para-cromatografia-liquida","8":"first","9":"instock","10":"shipping-taxable","11":"product-type-simple"},"_links":{"self":[{"href":"https:\/\/valitec.co\/sitioweb\/wp-json\/wp\/v2\/product\/1648","targetHints":{"allow":["GET"]}}],"collection":[{"href":"https:\/\/valitec.co\/sitioweb\/wp-json\/wp\/v2\/product"}],"about":[{"href":"https:\/\/valitec.co\/sitioweb\/wp-json\/wp\/v2\/types\/product"}],"wp:featuredmedia":[{"embeddable":true,"href":"https:\/\/valitec.co\/sitioweb\/wp-json\/wp\/v2\/media\/1649"}],"wp:attachment":[{"href":"https:\/\/valitec.co\/sitioweb\/wp-json\/wp\/v2\/media?parent=1648"}],"wp:term":[{"taxonomy":"product_brand","embeddable":true,"href":"https:\/\/valitec.co\/sitioweb\/wp-json\/wp\/v2\/product_brand?post=1648"},{"taxonomy":"product_cat","embeddable":true,"href":"https:\/\/valitec.co\/sitioweb\/wp-json\/wp\/v2\/product_cat?post=1648"},{"taxonomy":"product_tag","embeddable":true,"href":"https:\/\/valitec.co\/sitioweb\/wp-json\/wp\/v2\/product_tag?post=1648"}],"curies":[{"name":"wp","href":"https:\/\/api.w.org\/{rel}","templated":true}]}}