{"id":1646,"date":"2022-11-24T20:29:45","date_gmt":"2022-11-24T20:29:45","guid":{"rendered":"https:\/\/valitec.co\/sitioweb\/?post_type=product&#038;p=1646"},"modified":"2023-03-11T02:24:17","modified_gmt":"2023-03-11T02:24:17","slug":"uniones-columnas-precolumnas","status":"publish","type":"product","link":"https:\/\/valitec.co\/sitioweb\/product\/uniones-columnas-precolumnas\/","title":{"rendered":"Uniones Columnas \/ Precolumnas"},"content":{"rendered":"","protected":false},"excerpt":{"rendered":"<ul>\n<li>\n<p style=\"margin: 0cm; margin-bottom: .0001pt;\"><span style=\"font-family: 'Arial',sans-serif; color: #666666;\">\u2022 Econ\u00f3mica<br \/>\n\u2022 Volumen muerto mnimo<\/span><\/p>\n<p style=\"margin: 0cm; margin-bottom: .0001pt;\"><span style=\"font-family: 'Arial',sans-serif; color: #666666;\">Esta uni\u00f3n columna-precolumna es la soluci\u00f3n ideal para este tipo de conexiones, ya que su volumen muerto es pr\u00e1cticamente despreciable.<\/p>\n<p><span class=\"textsubtitlestyle\">Adaptador Columna \u2013 Una sola pieza,\u00a0se aprieta manualmente<\/span><\/p>\n<p>\u2022 Conexiones de volumen muerto Cero<br \/>\n\u2022 Autoajustable para adaptarse a todos los dise\u00f1os de columnas<br \/>\n\u2022 Fabricado de PEEK\u00a0(biocompatible)<br \/>\n\u2022 Cuatro\u00a0di\u00e1metros disponibles<\/span><\/p>\n<p style=\"margin: 0cm; margin-bottom: .0001pt;\"><span style=\"font-family: 'Arial',sans-serif; color: #666666;\">La caracter\u00edstica que hace \u00fanico al adaptador de columna VICI Jour, es que se ajusta para adaptarse a todos los tipos de conexiones 10-32. Independientemente del tipo de accesorio y de la longitud del modelo (Valco\u00ae, Waters\u00ae, Upchurch\u00ae, Rheodyne\u00ae, etc.),\u00a0la uni\u00f3n se adapta autom\u00e1ticamente al fondo, creando as\u00ed solo peque\u00f1os vol\u00famenes vac\u00edos.<\/span><\/p>\n<p style=\"margin: 0cm; margin-bottom: .0001pt;\"><span style=\"font-family: 'Arial',sans-serif; color: #666666;\">Son herm\u00e9ticas a\u00a0350 bar (5000 psi).<\/span><\/p>\n<\/li>\n<\/ul>\n","protected":false},"featured_media":1647,"template":"","meta":{"_eb_attr":""},"product_brand":[],"product_cat":[66],"product_tag":[],"class_list":{"0":"post-1646","1":"product","2":"type-product","3":"status-publish","4":"has-post-thumbnail","6":"product_cat-accesorios-para-cromatografia-liquida","8":"first","9":"instock","10":"shipping-taxable","11":"product-type-simple"},"_links":{"self":[{"href":"https:\/\/valitec.co\/sitioweb\/wp-json\/wp\/v2\/product\/1646","targetHints":{"allow":["GET"]}}],"collection":[{"href":"https:\/\/valitec.co\/sitioweb\/wp-json\/wp\/v2\/product"}],"about":[{"href":"https:\/\/valitec.co\/sitioweb\/wp-json\/wp\/v2\/types\/product"}],"wp:featuredmedia":[{"embeddable":true,"href":"https:\/\/valitec.co\/sitioweb\/wp-json\/wp\/v2\/media\/1647"}],"wp:attachment":[{"href":"https:\/\/valitec.co\/sitioweb\/wp-json\/wp\/v2\/media?parent=1646"}],"wp:term":[{"taxonomy":"product_brand","embeddable":true,"href":"https:\/\/valitec.co\/sitioweb\/wp-json\/wp\/v2\/product_brand?post=1646"},{"taxonomy":"product_cat","embeddable":true,"href":"https:\/\/valitec.co\/sitioweb\/wp-json\/wp\/v2\/product_cat?post=1646"},{"taxonomy":"product_tag","embeddable":true,"href":"https:\/\/valitec.co\/sitioweb\/wp-json\/wp\/v2\/product_tag?post=1646"}],"curies":[{"name":"wp","href":"https:\/\/api.w.org\/{rel}","templated":true}]}}