{"id":1644,"date":"2022-11-24T20:26:27","date_gmt":"2022-11-24T20:26:27","guid":{"rendered":"https:\/\/valitec.co\/sitioweb\/?post_type=product&#038;p=1644"},"modified":"2023-03-11T02:24:17","modified_gmt":"2023-03-11T02:24:17","slug":"conectores-valco","status":"publish","type":"product","link":"https:\/\/valitec.co\/sitioweb\/product\/conectores-valco\/","title":{"rendered":"Conectores Valco"},"content":{"rendered":"","protected":false},"excerpt":{"rendered":"<ul>\n<li><strong>Accesorios para HPLC Nanovolume\u00ae<\/strong>\n<p>Los accesorios Nanovolume\u00ae para cromatograf\u00eda de l\u00edquidos de alta y ultra alta resoluci\u00f3n tienen un di\u00e1metro interior de 100 o 150 \u00b5m (.004&#8243;-.006&#8243;). El m\u00ednimo volumen de transferencia aportado por los componentes Nanovolume\u00ae los hace especialmente beneficiosos en aplicaciones con caudales en el rango de \u00b5l\/min, cuando el volumen de transferencia puede ser cr\u00edtico.<\/p>\n<p>&nbsp;<\/p>\n<p><strong>Conectores Nanovolume\u00ae para tubo de 360 micras de di\u00e1metro exterior<\/strong><\/p>\n<p>Nuestros nuevos conectores de alta presi\u00f3n permiten la conexi\u00f3n directa de tubos de 360 \u00b5m de di\u00e1metro exterior (s\u00edlice fundida, PEEK, acero inoxidable o n\u00edquel electroformado) sin necesidad de utilizar revestimientos.<\/p>\n<ul>\n<li>Conectores de 360 \u00b5m:\n<ul>\n<li>Para tubos met\u00e1licos, &lt;40K psi<\/li>\n<li>Para tubos de s\u00edlice fundida, \u226510K psi<\/li>\n<li>Para tuber\u00eda PEEK o FS, &lt;10K psi<\/li>\n<\/ul>\n<\/li>\n<\/ul>\n<p><strong>Accesorios para HPLC Nanovolume\u00ae<\/strong><\/p>\n<p>Los conectores Cheminert Nanovolume\u00ae 1\/32&#8243;, con un di\u00e1metro de 100 \u00b5m o 150 \u00b5m, son ideales para la cromatograf\u00eda capilar de alta resoluci\u00f3n. Calificados a 5000 psi con tuercas apretadas con los dedos, permanecer\u00e1n herm\u00e9ticos mucho m\u00e1s all\u00e1 de la resistencia al estallido de la mayor\u00eda de los tubos PEEK.<\/li>\n<\/ul>\n","protected":false},"featured_media":1645,"template":"","meta":{"_eb_attr":""},"product_brand":[],"product_cat":[66],"product_tag":[],"class_list":{"0":"post-1644","1":"product","2":"type-product","3":"status-publish","4":"has-post-thumbnail","6":"product_cat-accesorios-para-cromatografia-liquida","8":"first","9":"instock","10":"shipping-taxable","11":"product-type-simple"},"_links":{"self":[{"href":"https:\/\/valitec.co\/sitioweb\/wp-json\/wp\/v2\/product\/1644","targetHints":{"allow":["GET"]}}],"collection":[{"href":"https:\/\/valitec.co\/sitioweb\/wp-json\/wp\/v2\/product"}],"about":[{"href":"https:\/\/valitec.co\/sitioweb\/wp-json\/wp\/v2\/types\/product"}],"wp:featuredmedia":[{"embeddable":true,"href":"https:\/\/valitec.co\/sitioweb\/wp-json\/wp\/v2\/media\/1645"}],"wp:attachment":[{"href":"https:\/\/valitec.co\/sitioweb\/wp-json\/wp\/v2\/media?parent=1644"}],"wp:term":[{"taxonomy":"product_brand","embeddable":true,"href":"https:\/\/valitec.co\/sitioweb\/wp-json\/wp\/v2\/product_brand?post=1644"},{"taxonomy":"product_cat","embeddable":true,"href":"https:\/\/valitec.co\/sitioweb\/wp-json\/wp\/v2\/product_cat?post=1644"},{"taxonomy":"product_tag","embeddable":true,"href":"https:\/\/valitec.co\/sitioweb\/wp-json\/wp\/v2\/product_tag?post=1644"}],"curies":[{"name":"wp","href":"https:\/\/api.w.org\/{rel}","templated":true}]}}