{"id":1642,"date":"2022-11-24T20:17:34","date_gmt":"2022-11-24T20:17:34","guid":{"rendered":"https:\/\/valitec.co\/sitioweb\/?post_type=product&#038;p=1642"},"modified":"2025-07-17T01:18:57","modified_gmt":"2025-07-17T01:18:57","slug":"uniones-de-volumen-muerto","status":"publish","type":"product","link":"https:\/\/valitec.co\/sitioweb\/product\/uniones-de-volumen-muerto\/","title":{"rendered":"Uniones de Volumen Muerto"},"content":{"rendered":"","protected":false},"excerpt":{"rendered":"<ul>\n<li>Uniones Polim\u00e9ricas Estas dos uniones, construidas en materiales polim\u00e9ricos presentan unos vol\u00famenes muertos de 0.071 y 0.283\u03bcl los cuales, a efectos pr\u00e1cticos, pueden considerarse totalmente despreciables.Uniones de volumen muerto en acero inoxidable\n<p>Las uniones de acero inoxidable sustituyen directamente a las de los fabricantes especificados. El material de acero inoxidable 316 est\u00e1 perfectamente pasivado.<\/li>\n<\/ul>\n","protected":false},"featured_media":1643,"template":"","meta":{"_eb_attr":""},"product_brand":[],"product_cat":[66],"product_tag":[],"class_list":{"0":"post-1642","1":"product","2":"type-product","3":"status-publish","4":"has-post-thumbnail","6":"product_cat-accesorios-para-cromatografia-liquida","8":"first","9":"instock","10":"shipping-taxable","11":"product-type-simple"},"_links":{"self":[{"href":"https:\/\/valitec.co\/sitioweb\/wp-json\/wp\/v2\/product\/1642","targetHints":{"allow":["GET"]}}],"collection":[{"href":"https:\/\/valitec.co\/sitioweb\/wp-json\/wp\/v2\/product"}],"about":[{"href":"https:\/\/valitec.co\/sitioweb\/wp-json\/wp\/v2\/types\/product"}],"wp:featuredmedia":[{"embeddable":true,"href":"https:\/\/valitec.co\/sitioweb\/wp-json\/wp\/v2\/media\/1643"}],"wp:attachment":[{"href":"https:\/\/valitec.co\/sitioweb\/wp-json\/wp\/v2\/media?parent=1642"}],"wp:term":[{"taxonomy":"product_brand","embeddable":true,"href":"https:\/\/valitec.co\/sitioweb\/wp-json\/wp\/v2\/product_brand?post=1642"},{"taxonomy":"product_cat","embeddable":true,"href":"https:\/\/valitec.co\/sitioweb\/wp-json\/wp\/v2\/product_cat?post=1642"},{"taxonomy":"product_tag","embeddable":true,"href":"https:\/\/valitec.co\/sitioweb\/wp-json\/wp\/v2\/product_tag?post=1642"}],"curies":[{"name":"wp","href":"https:\/\/api.w.org\/{rel}","templated":true}]}}