{"id":712,"date":"2022-08-31T21:02:37","date_gmt":"2022-08-31T21:02:37","guid":{"rendered":"https:\/\/valitec.co\/sitioweb\/?page_id=712"},"modified":"2025-07-17T02:13:11","modified_gmt":"2025-07-17T02:13:11","slug":"servicios-2","status":"publish","type":"page","link":"https:\/\/valitec.co\/sitioweb\/servicios-2\/","title":{"rendered":"Asesor\u00eda en gesti\u00f3n de mantenimiento y metrolog\u00eda"},"content":{"rendered":"<h2>Servicios<\/h2>\n<ul>\n<li><a title=\"Home\" href=\"https:\/\/valitec.co\/sitioweb\" rel=\"bookmark\">Home<\/a><\/li>\n<\/ul>\n<style>\/*! elementor - v3.7.3 - 29-08-2022 *\/<br \/>\n.elementor-widget-image{text-align:center}.elementor-widget-image a{display:inline-block}.elementor-widget-image a img[src$=\".svg\"]{width:48px}.elementor-widget-image img{vertical-align:middle;display:inline-block}<\/style>\n<p><img fetchpriority=\"high\" decoding=\"async\" src=\"https:\/\/valitec.co\/sitioweb\/wp-content\/uploads\/2022\/11\/medicion.jpg\" sizes=\"(max-width: 905px) 100vw, 905px\" srcset=\"https:\/\/valitec.co\/sitioweb\/wp-content\/uploads\/2022\/11\/medicion.jpg 905w, https:\/\/valitec.co\/sitioweb\/wp-content\/uploads\/2022\/11\/medicion-300x200.jpg 300w, https:\/\/valitec.co\/sitioweb\/wp-content\/uploads\/2022\/11\/medicion-768x513.jpg 768w, https:\/\/valitec.co\/sitioweb\/wp-content\/uploads\/2022\/11\/medicion-600x400.jpg 600w, https:\/\/valitec.co\/sitioweb\/wp-content\/uploads\/2022\/11\/medicion-81x54.jpg 81w\" alt=\"\" width=\"905\" height=\"604\" \/><\/p>\n<style>\/*! elementor - v3.7.3 - 29-08-2022 *\/<br \/>\n.elementor-column .elementor-spacer-inner{height:var(--spacer-size)}.e-container{--container-widget-width:100%}.e-container>.elementor-widget-spacer{width:var(--container-widget-width,var(--spacer-size));-ms-flex-item-align:stretch;align-self:stretch;-ms-flex-negative:0;flex-shrink:0}.e-container>.elementor-widget-spacer>.elementor-widget-container,.e-container>.elementor-widget-spacer>.elementor-widget-container>.elementor-spacer{height:100%}.e-container>.elementor-widget-spacer>.elementor-widget-container>.elementor-spacer>.elementor-spacer-inner{height:var(--container-widget-height,var(--spacer-size))}<\/style>\n<h2>Asesor\u00eda en gesti\u00f3n de mantenimiento y metrolog\u00eda<\/h2>\n<p>VALITEC S.A.S presta asesor\u00eda y consultor\u00eda para aquellos clientes que requieran implementar el plan de mantenimiento y metrolog\u00eda (PAME) basado en las normas ISO 10012 y OIML D10. Para esto se tiene en cuenta la documentaci\u00f3n, los registros, la frecuencia de mantenimiento, la calibraci\u00f3n y las verificaciones intermedias de los equipos con el fin de optimizar los costos e incrementar la eficiencia de los procesos en el sector biom\u00e9dico, farmac\u00e9utico, alimentos, entre otras industrias, los cuales deben cumplir con estos requisitos y dar cumplimento a las exigencias de BPM y BPL INVIMA, ICA, ISO 17025 y dem\u00e1s entes de control.<\/p>\n<ul>\n<li>\n<h4><\/h4>\n<\/li>\n<\/ul>\n<p><a role=\"button\" href=\"https:\/\/valitec.co\/sitioweb\/calificacion-de-autoclaves-y-esterilizadores-de-vapor\/\"><br \/>\nRegresar a Servicios<br \/>\n<\/a><\/p>\n","protected":false},"excerpt":{"rendered":"<p>Servicios Home Asesor\u00eda en gesti\u00f3n de mantenimiento y metrolog\u00eda VALITEC S.A.S presta asesor\u00eda y consultor\u00eda para aquellos clientes que requieran implementar el plan de mantenimiento y metrolog\u00eda (PAME) basado en las normas ISO 10012 y OIML D10. Para esto se tiene en cuenta la documentaci\u00f3n, los registros, la frecuencia de mantenimiento, la calibraci\u00f3n y las<\/p>\n<div class=\"klb-readmore\"><a class=\"c-btn\" href=\"https:\/\/valitec.co\/sitioweb\/servicios-2\/\">Read More <i class=\"far fa-plus\"><\/i><\/a><\/div>\n","protected":false},"author":1,"featured_media":0,"parent":0,"menu_order":0,"comment_status":"closed","ping_status":"closed","template":"","meta":{"_eb_attr":"","footnotes":""},"class_list":["post-712","page","type-page","status-publish","hentry"],"_links":{"self":[{"href":"https:\/\/valitec.co\/sitioweb\/wp-json\/wp\/v2\/pages\/712","targetHints":{"allow":["GET"]}}],"collection":[{"href":"https:\/\/valitec.co\/sitioweb\/wp-json\/wp\/v2\/pages"}],"about":[{"href":"https:\/\/valitec.co\/sitioweb\/wp-json\/wp\/v2\/types\/page"}],"author":[{"embeddable":true,"href":"https:\/\/valitec.co\/sitioweb\/wp-json\/wp\/v2\/users\/1"}],"replies":[{"embeddable":true,"href":"https:\/\/valitec.co\/sitioweb\/wp-json\/wp\/v2\/comments?post=712"}],"version-history":[{"count":64,"href":"https:\/\/valitec.co\/sitioweb\/wp-json\/wp\/v2\/pages\/712\/revisions"}],"predecessor-version":[{"id":4763,"href":"https:\/\/valitec.co\/sitioweb\/wp-json\/wp\/v2\/pages\/712\/revisions\/4763"}],"wp:attachment":[{"href":"https:\/\/valitec.co\/sitioweb\/wp-json\/wp\/v2\/media?parent=712"}],"curies":[{"name":"wp","href":"https:\/\/api.w.org\/{rel}","templated":true}]}}