{"id":4982,"date":"2025-11-20T07:26:37","date_gmt":"2025-11-20T07:26:37","guid":{"rendered":"https:\/\/valitec.co\/sitioweb\/?page_id=4982"},"modified":"2025-11-20T07:38:46","modified_gmt":"2025-11-20T07:38:46","slug":"autosampler-guys","status":"publish","type":"page","link":"https:\/\/valitec.co\/sitioweb\/autosampler-guys\/","title":{"rendered":"AUTOSAMPLER GUYS"},"content":{"rendered":"\t\t<div data-elementor-type=\"wp-page\" data-elementor-id=\"4982\" class=\"elementor elementor-4982\" data-elementor-post-type=\"page\">\n\t\t\t\t\t\t<section class=\"elementor-section elementor-top-section elementor-element elementor-element-561f394 elementor-section-full_width elementor-section-height-default elementor-section-height-default\" data-id=\"561f394\" data-element_type=\"section\" data-e-type=\"section\">\n\t\t\t\t\t\t<div class=\"elementor-container elementor-column-gap-no\">\n\t\t\t\t\t<div class=\"elementor-column elementor-col-100 elementor-top-column elementor-element elementor-element-a322092\" data-id=\"a322092\" data-element_type=\"column\" data-e-type=\"column\">\n\t\t\t<div class=\"elementor-widget-wrap elementor-element-populated\">\n\t\t\t\t\t\t<div class=\"elementor-element elementor-element-c63c006 elementor-widget elementor-widget-medibazar-breadcrumb\" data-id=\"c63c006\" data-element_type=\"widget\" data-e-type=\"widget\" data-widget_type=\"medibazar-breadcrumb.default\">\n\t\t\t\t<div class=\"elementor-widget-container\">\n\t\t\t\t\t<div class=\"breadcrumb-area pt-125 pb-125\" style=\"background-image:url(https:\/\/valitec.co\/sitioweb\/wp-content\/uploads\/2022\/09\/mixing-reagent-with-blood-sample-2021-09-24-03-59-19-utc.jpg)\"><div class=\"container\"><div class=\"klb-breadcrumb-wrapper\"><div class=\"row\"><div class=\"col-xl-12\"><div class=\"breadcrumb-text\"><h1>Representaciones<\/h1><\/div><\/div><ul class=\"breadcrumb-menu\"><li><a  href=\"https:\/\/valitec.co\/sitioweb\" title=\"Home\" rel=\"bookmark\">Home<\/a> <\/li>  <\/ul><\/div><\/div><\/div><\/div>\t\t\t\t<\/div>\n\t\t\t\t<\/div>\n\t\t\t\t\t<\/div>\n\t\t<\/div>\n\t\t\t\t\t<\/div>\n\t\t<\/section>\n\t\t\t\t<section class=\"elementor-section elementor-top-section elementor-element elementor-element-2a2ad95 elementor-section-content-top elementor-section-boxed elementor-section-height-default elementor-section-height-default\" data-id=\"2a2ad95\" data-element_type=\"section\" data-e-type=\"section\">\n\t\t\t\t\t\t<div class=\"elementor-container elementor-column-gap-default\">\n\t\t\t\t\t<div class=\"elementor-column elementor-col-50 elementor-top-column elementor-element elementor-element-b834121\" data-id=\"b834121\" data-element_type=\"column\" data-e-type=\"column\">\n\t\t\t<div class=\"elementor-widget-wrap elementor-element-populated\">\n\t\t\t\t\t\t<div class=\"elementor-element elementor-element-e0c792e elementor-widget elementor-widget-medibazar-single-image\" data-id=\"e0c792e\" data-element_type=\"widget\" data-e-type=\"widget\" data-widget_type=\"medibazar-single-image.default\">\n\t\t\t\t<div class=\"elementor-widget-container\">\n\t\t\t\t\t<div class=\"about-img pos-rel\"><img decoding=\"async\" src=\"https:\/\/valitec.co\/sitioweb\/wp-content\/uploads\/2025\/11\/6119742a2526cef43e918b98_logo-1.png\" alt=\"mission\"><div class=\"about-tag\"><h2><\/h2><span><\/span><\/div><\/div>\t\t\t\t<\/div>\n\t\t\t\t<\/div>\n\t\t\t\t<div class=\"elementor-element elementor-element-b16e594 elementor-widget elementor-widget-spacer\" data-id=\"b16e594\" data-element_type=\"widget\" data-e-type=\"widget\" data-widget_type=\"spacer.default\">\n\t\t\t\t<div class=\"elementor-widget-container\">\n\t\t\t\t\t\t\t<div class=\"elementor-spacer\">\n\t\t\t<div class=\"elementor-spacer-inner\"><\/div>\n\t\t<\/div>\n\t\t\t\t\t\t<\/div>\n\t\t\t\t<\/div>\n\t\t\t\t<section class=\"elementor-section elementor-inner-section elementor-element elementor-element-d78e1fa elementor-section-boxed elementor-section-height-default elementor-section-height-default\" data-id=\"d78e1fa\" data-element_type=\"section\" data-e-type=\"section\">\n\t\t\t\t\t\t<div class=\"elementor-container elementor-column-gap-default\">\n\t\t\t\t\t<div class=\"elementor-column elementor-col-33 elementor-inner-column elementor-element elementor-element-730b090\" data-id=\"730b090\" data-element_type=\"column\" data-e-type=\"column\">\n\t\t\t<div class=\"elementor-widget-wrap elementor-element-populated\">\n\t\t\t\t\t\t<div class=\"elementor-element elementor-element-d318515 elementor-align-left elementor-widget elementor-widget-button\" data-id=\"d318515\" data-element_type=\"widget\" data-e-type=\"widget\" data-widget_type=\"button.default\">\n\t\t\t\t<div class=\"elementor-widget-container\">\n\t\t\t\t\t\t\t\t\t<div class=\"elementor-button-wrapper\">\n\t\t\t\t\t<a class=\"elementor-button elementor-button-link elementor-size-sm\" href=\"https:\/\/valitec.co\/sitioweb\/productos\/\">\n\t\t\t\t\t\t<span class=\"elementor-button-content-wrapper\">\n\t\t\t\t\t\t\t\t\t<span class=\"elementor-button-text\">Productos<\/span>\n\t\t\t\t\t<\/span>\n\t\t\t\t\t<\/a>\n\t\t\t\t<\/div>\n\t\t\t\t\t\t\t\t<\/div>\n\t\t\t\t<\/div>\n\t\t\t\t\t<\/div>\n\t\t<\/div>\n\t\t\t\t<div class=\"elementor-column elementor-col-33 elementor-inner-column elementor-element elementor-element-5847661\" data-id=\"5847661\" data-element_type=\"column\" data-e-type=\"column\">\n\t\t\t<div class=\"elementor-widget-wrap elementor-element-populated\">\n\t\t\t\t\t\t<div class=\"elementor-element elementor-element-dcb5216 elementor-align-left elementor-widget elementor-widget-button\" data-id=\"dcb5216\" data-element_type=\"widget\" data-e-type=\"widget\" data-widget_type=\"button.default\">\n\t\t\t\t<div class=\"elementor-widget-container\">\n\t\t\t\t\t\t\t\t\t<div class=\"elementor-button-wrapper\">\n\t\t\t\t\t<a class=\"elementor-button elementor-button-link elementor-size-sm\" href=\"https:\/\/www.autosamplerguys.com\/\" target=\"_blank\" rel=\"nofollow noopener\">\n\t\t\t\t\t\t<span class=\"elementor-button-content-wrapper\">\n\t\t\t\t\t\t\t\t\t<span class=\"elementor-button-text\">Visitar Sitio<\/span>\n\t\t\t\t\t<\/span>\n\t\t\t\t\t<\/a>\n\t\t\t\t<\/div>\n\t\t\t\t\t\t\t\t<\/div>\n\t\t\t\t<\/div>\n\t\t\t\t\t<\/div>\n\t\t<\/div>\n\t\t\t\t<div class=\"elementor-column elementor-col-33 elementor-inner-column elementor-element elementor-element-d858a7f\" data-id=\"d858a7f\" data-element_type=\"column\" data-e-type=\"column\">\n\t\t\t<div class=\"elementor-widget-wrap elementor-element-populated\">\n\t\t\t\t\t\t<div class=\"elementor-element elementor-element-60492a3 elementor-align-left elementor-widget elementor-widget-button\" data-id=\"60492a3\" data-element_type=\"widget\" data-e-type=\"widget\" data-widget_type=\"button.default\">\n\t\t\t\t<div class=\"elementor-widget-container\">\n\t\t\t\t\t\t\t\t\t<div class=\"elementor-button-wrapper\">\n\t\t\t\t\t<a class=\"elementor-button elementor-button-link elementor-size-sm\" href=\"https:\/\/valitec.co\/sitioweb\/representaciones\/\">\n\t\t\t\t\t\t<span class=\"elementor-button-content-wrapper\">\n\t\t\t\t\t\t\t\t\t<span class=\"elementor-button-text\">Representaciones<\/span>\n\t\t\t\t\t<\/span>\n\t\t\t\t\t<\/a>\n\t\t\t\t<\/div>\n\t\t\t\t\t\t\t\t<\/div>\n\t\t\t\t<\/div>\n\t\t\t\t\t<\/div>\n\t\t<\/div>\n\t\t\t\t\t<\/div>\n\t\t<\/section>\n\t\t\t\t\t<\/div>\n\t\t<\/div>\n\t\t\t\t<div class=\"elementor-column elementor-col-50 elementor-top-column elementor-element elementor-element-1872968\" data-id=\"1872968\" data-element_type=\"column\" data-e-type=\"column\">\n\t\t\t<div class=\"elementor-widget-wrap elementor-element-populated\">\n\t\t\t\t\t\t<div class=\"elementor-element elementor-element-d4864e5 elementor-widget elementor-widget-medibazar-block-list\" data-id=\"d4864e5\" data-element_type=\"widget\" data-e-type=\"widget\" data-widget_type=\"medibazar-block-list.default\">\n\t\t\t\t<div class=\"elementor-widget-container\">\n\t\t\t\t\t<div class=\"about-item\"><ul><li><div class=\"about-text\"><h4><i class=\"far fa-check-circle\"><\/i>AUTOSAMPLER GUYS<\/h4><p><\/p><\/div><\/li><\/ul><\/div>\t\t\t\t<\/div>\n\t\t\t\t<\/div>\n\t\t\t\t<div class=\"elementor-element elementor-element-d9da121 elementor-widget elementor-widget-text-editor\" data-id=\"d9da121\" data-element_type=\"widget\" data-e-type=\"widget\" data-widget_type=\"text-editor.default\">\n\t\t\t\t<div class=\"elementor-widget-container\">\n\t\t\t\t\t\t\t\t\t<p>Especialistas en Autosampladores CTC PAL<\/p>\n<p>Soluciones Integrales en Automatizaci\u00f3n para HPLC y GC: Equipos Usados, Soporte, Reparaci\u00f3n y Partes.<\/p>\n<p><strong>\u00bfQui\u00e9nes Somos?<\/strong><br \/>AUTOSAMPLER GUYS es una empresa especializada fundada por ex-empleados de CHROMSYS\u00ae LLC. Nuestra misi\u00f3n es garantizar el M\u00e1ximo Rendimiento de su sistema PAL ofreciendo un soporte t\u00e9cnico altamente especializado para cualquier autosampler CTC est\u00e1ndar, incluyendo los modelos HTS, HTC, LC-Mini, Combi PAL y GC PAL.<\/p>\t\t\t\t\t\t\t\t<\/div>\n\t\t\t\t<\/div>\n\t\t\t\t\t<\/div>\n\t\t<\/div>\n\t\t\t\t\t<\/div>\n\t\t<\/section>\n\t\t\t\t<\/div>\n\t\t","protected":false},"excerpt":{"rendered":"<p>Representaciones Home Productos Visitar Sitio Representaciones AUTOSAMPLER GUYS Especialistas en Autosampladores CTC PAL Soluciones Integrales en Automatizaci\u00f3n para HPLC y GC: Equipos Usados, Soporte, Reparaci\u00f3n y Partes. \u00bfQui\u00e9nes Somos?AUTOSAMPLER GUYS es una empresa especializada fundada por ex-empleados de CHROMSYS\u00ae LLC. Nuestra misi\u00f3n es garantizar el M\u00e1ximo Rendimiento de su sistema PAL ofreciendo un soporte t\u00e9cnico<\/p>\n<div class=\"klb-readmore\"><a class=\"c-btn\" href=\"https:\/\/valitec.co\/sitioweb\/autosampler-guys\/\">Read More <i class=\"far fa-plus\"><\/i><\/a><\/div>\n","protected":false},"author":2,"featured_media":0,"parent":0,"menu_order":0,"comment_status":"closed","ping_status":"closed","template":"","meta":{"_eb_attr":"","footnotes":""},"class_list":["post-4982","page","type-page","status-publish","hentry"],"_links":{"self":[{"href":"https:\/\/valitec.co\/sitioweb\/wp-json\/wp\/v2\/pages\/4982","targetHints":{"allow":["GET"]}}],"collection":[{"href":"https:\/\/valitec.co\/sitioweb\/wp-json\/wp\/v2\/pages"}],"about":[{"href":"https:\/\/valitec.co\/sitioweb\/wp-json\/wp\/v2\/types\/page"}],"author":[{"embeddable":true,"href":"https:\/\/valitec.co\/sitioweb\/wp-json\/wp\/v2\/users\/2"}],"replies":[{"embeddable":true,"href":"https:\/\/valitec.co\/sitioweb\/wp-json\/wp\/v2\/comments?post=4982"}],"version-history":[{"count":7,"href":"https:\/\/valitec.co\/sitioweb\/wp-json\/wp\/v2\/pages\/4982\/revisions"}],"predecessor-version":[{"id":4990,"href":"https:\/\/valitec.co\/sitioweb\/wp-json\/wp\/v2\/pages\/4982\/revisions\/4990"}],"wp:attachment":[{"href":"https:\/\/valitec.co\/sitioweb\/wp-json\/wp\/v2\/media?parent=4982"}],"curies":[{"name":"wp","href":"https:\/\/api.w.org\/{rel}","templated":true}]}}