{"id":4507,"date":"2023-05-27T12:16:25","date_gmt":"2023-05-27T12:16:25","guid":{"rendered":"https:\/\/valitec.co\/sitioweb\/?page_id=4507"},"modified":"2023-05-29T17:48:24","modified_gmt":"2023-05-29T17:48:24","slug":"adn","status":"publish","type":"page","link":"https:\/\/valitec.co\/sitioweb\/adn\/","title":{"rendered":"ADN"},"content":{"rendered":"\t\t<div data-elementor-type=\"wp-page\" data-elementor-id=\"4507\" class=\"elementor elementor-4507\" data-elementor-post-type=\"page\">\n\t\t\t\t\t\t<section class=\"elementor-section elementor-top-section elementor-element elementor-element-0c78c14 elementor-section-boxed elementor-section-height-default elementor-section-height-default\" data-id=\"0c78c14\" data-element_type=\"section\" data-e-type=\"section\">\n\t\t\t\t\t\t<div class=\"elementor-container elementor-column-gap-default\">\n\t\t\t\t\t<div class=\"elementor-column elementor-col-100 elementor-top-column elementor-element elementor-element-253e887\" data-id=\"253e887\" data-element_type=\"column\" data-e-type=\"column\">\n\t\t\t<div class=\"elementor-widget-wrap elementor-element-populated\">\n\t\t\t\t\t\t<div class=\"elementor-element elementor-element-8b5bf0c elementor-widget elementor-widget-image\" data-id=\"8b5bf0c\" data-element_type=\"widget\" data-e-type=\"widget\" data-widget_type=\"image.default\">\n\t\t\t\t<div class=\"elementor-widget-container\">\n\t\t\t\t\t\t\t\t\t\t\t\t\t\t\t<img fetchpriority=\"high\" decoding=\"async\" width=\"600\" height=\"315\" src=\"https:\/\/valitec.co\/sitioweb\/wp-content\/uploads\/2023\/05\/CellsAndDNA_Share.jpg\" class=\"attachment-2048x2048 size-2048x2048 wp-image-4510\" alt=\"\" srcset=\"https:\/\/valitec.co\/sitioweb\/wp-content\/uploads\/2023\/05\/CellsAndDNA_Share.jpg 600w, https:\/\/valitec.co\/sitioweb\/wp-content\/uploads\/2023\/05\/CellsAndDNA_Share-300x158.jpg 300w, https:\/\/valitec.co\/sitioweb\/wp-content\/uploads\/2023\/05\/CellsAndDNA_Share-90x47.jpg 90w\" sizes=\"(max-width: 600px) 100vw, 600px\" \/>\t\t\t\t\t\t\t\t\t\t\t\t\t\t\t<\/div>\n\t\t\t\t<\/div>\n\t\t\t\t\t<\/div>\n\t\t<\/div>\n\t\t\t\t\t<\/div>\n\t\t<\/section>\n\t\t\t\t<section class=\"elementor-section elementor-top-section elementor-element elementor-element-bf2998f elementor-section-boxed elementor-section-height-default elementor-section-height-default\" data-id=\"bf2998f\" data-element_type=\"section\" data-e-type=\"section\">\n\t\t\t\t\t\t<div class=\"elementor-container elementor-column-gap-default\">\n\t\t\t\t\t<div class=\"elementor-column elementor-col-100 elementor-top-column elementor-element elementor-element-18e056b\" data-id=\"18e056b\" data-element_type=\"column\" data-e-type=\"column\">\n\t\t\t<div class=\"elementor-widget-wrap elementor-element-populated\">\n\t\t\t\t\t\t<div class=\"elementor-element elementor-element-1b3f43c elementor-widget elementor-widget-heading\" data-id=\"1b3f43c\" data-element_type=\"widget\" data-e-type=\"widget\" data-widget_type=\"heading.default\">\n\t\t\t\t<div class=\"elementor-widget-container\">\n\t\t\t\t\t<h2 class=\"elementor-heading-title elementor-size-default\">ADN<\/h2>\t\t\t\t<\/div>\n\t\t\t\t<\/div>\n\t\t\t\t\t<\/div>\n\t\t<\/div>\n\t\t\t\t\t<\/div>\n\t\t<\/section>\n\t\t\t\t<section class=\"elementor-section elementor-top-section elementor-element elementor-element-c14419d elementor-section-boxed elementor-section-height-default elementor-section-height-default\" data-id=\"c14419d\" data-element_type=\"section\" data-e-type=\"section\">\n\t\t\t\t\t\t<div class=\"elementor-container elementor-column-gap-default\">\n\t\t\t\t\t<div class=\"elementor-column elementor-col-100 elementor-top-column elementor-element elementor-element-cff3ff1\" data-id=\"cff3ff1\" data-element_type=\"column\" data-e-type=\"column\">\n\t\t\t<div class=\"elementor-widget-wrap elementor-element-populated\">\n\t\t\t\t\t\t<div class=\"elementor-element elementor-element-e60822f elementor-button-info elementor-widget elementor-widget-button\" data-id=\"e60822f\" data-element_type=\"widget\" data-e-type=\"widget\" data-widget_type=\"button.default\">\n\t\t\t\t<div class=\"elementor-widget-container\">\n\t\t\t\t\t\t\t\t\t<div class=\"elementor-button-wrapper\">\n\t\t\t\t\t<a class=\"elementor-button elementor-button-link elementor-size-sm\" href=\"https:\/\/valitec.co\/sitioweb\/con\/\">\n\t\t\t\t\t\t<span class=\"elementor-button-content-wrapper\">\n\t\t\t\t\t\t\t\t\t<span class=\"elementor-button-text\">Atr\u00e1s<\/span>\n\t\t\t\t\t<\/span>\n\t\t\t\t\t<\/a>\n\t\t\t\t<\/div>\n\t\t\t\t\t\t\t\t<\/div>\n\t\t\t\t<\/div>\n\t\t\t\t<div class=\"elementor-element elementor-element-44be264 elementor-widget elementor-widget-text-editor\" data-id=\"44be264\" data-element_type=\"widget\" data-e-type=\"widget\" data-widget_type=\"text-editor.default\">\n\t\t\t\t<div class=\"elementor-widget-container\">\n\t\t\t\t\t\t\t\t\t<p><span>Los qu\u00edmicos de Concise Separations dise\u00f1aron una esfera de divinilbenceno de poliestireno \u00fanica que est\u00e1 funcionalizada para una selectividad superior de ADN, oligonucle\u00f3tidos y ARN monocatenario o bicatenario.<\/span><\/p><h6><br \/><b><span>Beneficios<\/span><\/b><\/h6><p><br \/><span>El eluyente vol\u00e1til lo convierte en una herramienta de purificaci\u00f3n ideal<\/span><br \/><span>De anal\u00edtico a f\u00e1cil producci\u00f3n Ampliaci\u00f3n de escala<\/span><br \/><span>Separaciones de ARN superiores<\/span><br \/><span>L\u00edmites de detecci\u00f3n de mutaci\u00f3n muy bajos Reproducibilidad<\/span><br \/><span>inigualable de columna a columna, de inyecci\u00f3n a inyecci\u00f3n<\/span><br \/><span>Tampones preempaquetados<\/span><br \/><span>Disponible semipreparado<\/span><\/p>\t\t\t\t\t\t\t\t<\/div>\n\t\t\t\t<\/div>\n\t\t\t\t\t<\/div>\n\t\t<\/div>\n\t\t\t\t\t<\/div>\n\t\t<\/section>\n\t\t\t\t<\/div>\n\t\t","protected":false},"excerpt":{"rendered":"<p>ADN Atr\u00e1s Los qu\u00edmicos de Concise Separations dise\u00f1aron una esfera de divinilbenceno de poliestireno \u00fanica que est\u00e1 funcionalizada para una selectividad superior de ADN, oligonucle\u00f3tidos y ARN monocatenario o bicatenario. Beneficios El eluyente vol\u00e1til lo convierte en una herramienta de purificaci\u00f3n idealDe anal\u00edtico a f\u00e1cil producci\u00f3n Ampliaci\u00f3n de escalaSeparaciones de ARN superioresL\u00edmites de detecci\u00f3n de<\/p>\n<div class=\"klb-readmore\"><a class=\"c-btn\" href=\"https:\/\/valitec.co\/sitioweb\/adn\/\">Read More <i class=\"far fa-plus\"><\/i><\/a><\/div>\n","protected":false},"author":1,"featured_media":0,"parent":0,"menu_order":0,"comment_status":"closed","ping_status":"closed","template":"","meta":{"_eb_attr":"","footnotes":""},"class_list":["post-4507","page","type-page","status-publish","hentry"],"_links":{"self":[{"href":"https:\/\/valitec.co\/sitioweb\/wp-json\/wp\/v2\/pages\/4507","targetHints":{"allow":["GET"]}}],"collection":[{"href":"https:\/\/valitec.co\/sitioweb\/wp-json\/wp\/v2\/pages"}],"about":[{"href":"https:\/\/valitec.co\/sitioweb\/wp-json\/wp\/v2\/types\/page"}],"author":[{"embeddable":true,"href":"https:\/\/valitec.co\/sitioweb\/wp-json\/wp\/v2\/users\/1"}],"replies":[{"embeddable":true,"href":"https:\/\/valitec.co\/sitioweb\/wp-json\/wp\/v2\/comments?post=4507"}],"version-history":[{"count":8,"href":"https:\/\/valitec.co\/sitioweb\/wp-json\/wp\/v2\/pages\/4507\/revisions"}],"predecessor-version":[{"id":4617,"href":"https:\/\/valitec.co\/sitioweb\/wp-json\/wp\/v2\/pages\/4507\/revisions\/4617"}],"wp:attachment":[{"href":"https:\/\/valitec.co\/sitioweb\/wp-json\/wp\/v2\/media?parent=4507"}],"curies":[{"name":"wp","href":"https:\/\/api.w.org\/{rel}","templated":true}]}}