{"id":4493,"date":"2023-05-27T00:43:58","date_gmt":"2023-05-27T00:43:58","guid":{"rendered":"https:\/\/valitec.co\/sitioweb\/?page_id=4493"},"modified":"2023-05-29T17:47:06","modified_gmt":"2023-05-29T17:47:06","slug":"cromatografia-ionica","status":"publish","type":"page","link":"https:\/\/valitec.co\/sitioweb\/cromatografia-ionica\/","title":{"rendered":"CROMATOGRAF\u00cdA I\u00d3NICA"},"content":{"rendered":"\t\t<div data-elementor-type=\"wp-page\" data-elementor-id=\"4493\" class=\"elementor elementor-4493\" data-elementor-post-type=\"page\">\n\t\t\t\t\t\t<section class=\"elementor-section elementor-top-section elementor-element elementor-element-6dede8a4 elementor-section-boxed elementor-section-height-default elementor-section-height-default\" data-id=\"6dede8a4\" data-element_type=\"section\" data-e-type=\"section\">\n\t\t\t\t\t\t<div class=\"elementor-container elementor-column-gap-default\">\n\t\t\t\t\t<div class=\"elementor-column elementor-col-100 elementor-top-column elementor-element elementor-element-33687b8a\" data-id=\"33687b8a\" data-element_type=\"column\" data-e-type=\"column\">\n\t\t\t<div class=\"elementor-widget-wrap elementor-element-populated\">\n\t\t\t\t\t\t<div class=\"elementor-element elementor-element-67b1da94 elementor-widget elementor-widget-text-editor\" data-id=\"67b1da94\" data-element_type=\"widget\" data-e-type=\"widget\" data-widget_type=\"text-editor.default\">\n\t\t\t\t<div class=\"elementor-widget-container\">\n\t\t\t\t\t\t\t\t\t\n<figure class=\"wp-block-image\"><img decoding=\"async\" src=\"https:\/\/cdn.conciseseparations.com\/public\/23\/Thumbnail.ANX-99-5511-1.jpg\" alt=\"\"\/><\/figure>\n\t\t\t\t\t\t\t\t<\/div>\n\t\t\t\t<\/div>\n\t\t\t\t\t<\/div>\n\t\t<\/div>\n\t\t\t\t\t<\/div>\n\t\t<\/section>\n\t\t\t\t<section class=\"elementor-section elementor-top-section elementor-element elementor-element-857cae0 elementor-section-boxed elementor-section-height-default elementor-section-height-default\" data-id=\"857cae0\" data-element_type=\"section\" data-e-type=\"section\">\n\t\t\t\t\t\t<div class=\"elementor-container elementor-column-gap-default\">\n\t\t\t\t\t<div class=\"elementor-column elementor-col-100 elementor-top-column elementor-element elementor-element-97768f2\" data-id=\"97768f2\" data-element_type=\"column\" data-e-type=\"column\">\n\t\t\t<div class=\"elementor-widget-wrap elementor-element-populated\">\n\t\t\t\t\t\t<div class=\"elementor-element elementor-element-d781068 elementor-widget elementor-widget-heading\" data-id=\"d781068\" data-element_type=\"widget\" data-e-type=\"widget\" data-widget_type=\"heading.default\">\n\t\t\t\t<div class=\"elementor-widget-container\">\n\t\t\t\t\t<h2 class=\"elementor-heading-title elementor-size-default\">Cromatograf\u00eda i\u00f3nica<\/h2>\t\t\t\t<\/div>\n\t\t\t\t<\/div>\n\t\t\t\t\t<\/div>\n\t\t<\/div>\n\t\t\t\t\t<\/div>\n\t\t<\/section>\n\t\t\t\t<section class=\"elementor-section elementor-top-section elementor-element elementor-element-f653d75 elementor-section-boxed elementor-section-height-default elementor-section-height-default\" data-id=\"f653d75\" data-element_type=\"section\" data-e-type=\"section\">\n\t\t\t\t\t\t<div class=\"elementor-container elementor-column-gap-default\">\n\t\t\t\t\t<div class=\"elementor-column elementor-col-100 elementor-top-column elementor-element elementor-element-931cb76\" data-id=\"931cb76\" data-element_type=\"column\" data-e-type=\"column\">\n\t\t\t<div class=\"elementor-widget-wrap elementor-element-populated\">\n\t\t\t\t\t\t<div class=\"elementor-element elementor-element-525ba22 elementor-button-info elementor-widget elementor-widget-button\" data-id=\"525ba22\" data-element_type=\"widget\" data-e-type=\"widget\" data-widget_type=\"button.default\">\n\t\t\t\t<div class=\"elementor-widget-container\">\n\t\t\t\t\t\t\t\t\t<div class=\"elementor-button-wrapper\">\n\t\t\t\t\t<a class=\"elementor-button elementor-button-link elementor-size-sm\" href=\"https:\/\/valitec.co\/sitioweb\/con\/\">\n\t\t\t\t\t\t<span class=\"elementor-button-content-wrapper\">\n\t\t\t\t\t\t\t\t\t<span class=\"elementor-button-text\">Atr\u00e1s<\/span>\n\t\t\t\t\t<\/span>\n\t\t\t\t\t<\/a>\n\t\t\t\t<\/div>\n\t\t\t\t\t\t\t\t<\/div>\n\t\t\t\t<\/div>\n\t\t\t\t<div class=\"elementor-element elementor-element-613ffb3 elementor-widget elementor-widget-spacer\" data-id=\"613ffb3\" data-element_type=\"widget\" data-e-type=\"widget\" data-widget_type=\"spacer.default\">\n\t\t\t\t<div class=\"elementor-widget-container\">\n\t\t\t\t\t\t\t<div class=\"elementor-spacer\">\n\t\t\t<div class=\"elementor-spacer-inner\"><\/div>\n\t\t<\/div>\n\t\t\t\t\t\t<\/div>\n\t\t\t\t<\/div>\n\t\t\t\t\t<\/div>\n\t\t<\/div>\n\t\t\t\t\t<\/div>\n\t\t<\/section>\n\t\t\t\t<section class=\"elementor-section elementor-top-section elementor-element elementor-element-a7c2edf elementor-section-boxed elementor-section-height-default elementor-section-height-default\" data-id=\"a7c2edf\" data-element_type=\"section\" data-e-type=\"section\">\n\t\t\t\t\t\t<div class=\"elementor-container elementor-column-gap-default\">\n\t\t\t\t\t<div class=\"elementor-column elementor-col-100 elementor-top-column elementor-element elementor-element-d33c2e2\" data-id=\"d33c2e2\" data-element_type=\"column\" data-e-type=\"column\">\n\t\t\t<div class=\"elementor-widget-wrap elementor-element-populated\">\n\t\t\t\t\t\t<div class=\"elementor-element elementor-element-58de335 elementor-widget elementor-widget-text-editor\" data-id=\"58de335\" data-element_type=\"widget\" data-e-type=\"widget\" data-widget_type=\"text-editor.default\">\n\t\t\t\t<div class=\"elementor-widget-container\">\n\t\t\t\t\t\t\t\t\t<p><span>Concise Separations ofrece columnas IC basadas en eluyentes de carbonato o \u00e1cido salic\u00edlico en una variedad de capacidades para optimizar sus necesidades de separaci\u00f3n.<\/span><\/p>\n<h6><br \/><b><span>Beneficios<\/span><\/b><\/h6>\n<p><span>Los sustratos polim\u00e9ricos producen estabilidad de pH de 0 a 14.<\/span><br \/><span>Disponible para modos de detecci\u00f3n suprimidos y no suprimidos<\/span><br \/><span>Compatible con disolventes<\/span><br \/><span>Selectividad \u00fanica<\/span><br \/><span>Ampliamente utilizado para dent\u00edfricos, refrescos, suministros de agua potable municipales y plantas de tratamiento de aguas residuales Las<\/span><br \/><span>columnas IC son compatibles con los sistemas Dionex, Metrohm, Hach\/Lachat<\/span><\/p>\n<h6><br \/><br \/><b><span>Columnas populares<\/span><\/b><\/h6>\n<ul>\n<li><span>ICSep AN2<\/span><\/li>\n<li><span>ICSep AN300H<\/span><\/li>\n<\/ul>\t\t\t\t\t\t\t\t<\/div>\n\t\t\t\t<\/div>\n\t\t\t\t\t<\/div>\n\t\t<\/div>\n\t\t\t\t\t<\/div>\n\t\t<\/section>\n\t\t\t\t<\/div>\n\t\t","protected":false},"excerpt":{"rendered":"<p>Cromatograf\u00eda i\u00f3nica Atr\u00e1s Concise Separations ofrece columnas IC basadas en eluyentes de carbonato o \u00e1cido salic\u00edlico en una variedad de capacidades para optimizar sus necesidades de separaci\u00f3n. Beneficios Los sustratos polim\u00e9ricos producen estabilidad de pH de 0 a 14.Disponible para modos de detecci\u00f3n suprimidos y no suprimidosCompatible con disolventesSelectividad \u00fanicaAmpliamente utilizado para dent\u00edfricos, refrescos, suministros<\/p>\n<div class=\"klb-readmore\"><a class=\"c-btn\" href=\"https:\/\/valitec.co\/sitioweb\/cromatografia-ionica\/\">Read More <i class=\"far fa-plus\"><\/i><\/a><\/div>\n","protected":false},"author":1,"featured_media":0,"parent":0,"menu_order":0,"comment_status":"closed","ping_status":"closed","template":"","meta":{"_eb_attr":"","footnotes":""},"class_list":["post-4493","page","type-page","status-publish","hentry"],"_links":{"self":[{"href":"https:\/\/valitec.co\/sitioweb\/wp-json\/wp\/v2\/pages\/4493","targetHints":{"allow":["GET"]}}],"collection":[{"href":"https:\/\/valitec.co\/sitioweb\/wp-json\/wp\/v2\/pages"}],"about":[{"href":"https:\/\/valitec.co\/sitioweb\/wp-json\/wp\/v2\/types\/page"}],"author":[{"embeddable":true,"href":"https:\/\/valitec.co\/sitioweb\/wp-json\/wp\/v2\/users\/1"}],"replies":[{"embeddable":true,"href":"https:\/\/valitec.co\/sitioweb\/wp-json\/wp\/v2\/comments?post=4493"}],"version-history":[{"count":8,"href":"https:\/\/valitec.co\/sitioweb\/wp-json\/wp\/v2\/pages\/4493\/revisions"}],"predecessor-version":[{"id":4614,"href":"https:\/\/valitec.co\/sitioweb\/wp-json\/wp\/v2\/pages\/4493\/revisions\/4614"}],"wp:attachment":[{"href":"https:\/\/valitec.co\/sitioweb\/wp-json\/wp\/v2\/media?parent=4493"}],"curies":[{"name":"wp","href":"https:\/\/api.w.org\/{rel}","templated":true}]}}