{"id":4487,"date":"2023-05-27T00:34:31","date_gmt":"2023-05-27T00:34:31","guid":{"rendered":"https:\/\/valitec.co\/sitioweb\/?page_id=4487"},"modified":"2023-05-29T17:40:52","modified_gmt":"2023-05-29T17:40:52","slug":"acido-organico","status":"publish","type":"page","link":"https:\/\/valitec.co\/sitioweb\/acido-organico\/","title":{"rendered":"\u00c1CIDO ORG\u00c1NICO"},"content":{"rendered":"\t\t<div data-elementor-type=\"wp-page\" data-elementor-id=\"4487\" class=\"elementor elementor-4487\" data-elementor-post-type=\"page\">\n\t\t\t\t\t\t<section class=\"elementor-section elementor-top-section elementor-element elementor-element-2f17ac2 elementor-section-boxed elementor-section-height-default elementor-section-height-default\" data-id=\"2f17ac2\" data-element_type=\"section\" data-e-type=\"section\">\n\t\t\t\t\t\t<div class=\"elementor-container elementor-column-gap-default\">\n\t\t\t\t\t<div class=\"elementor-column elementor-col-100 elementor-top-column elementor-element elementor-element-4363ba12\" data-id=\"4363ba12\" data-element_type=\"column\" data-e-type=\"column\">\n\t\t\t<div class=\"elementor-widget-wrap elementor-element-populated\">\n\t\t\t\t\t\t<div class=\"elementor-element elementor-element-34ec58dd elementor-widget elementor-widget-text-editor\" data-id=\"34ec58dd\" data-element_type=\"widget\" data-e-type=\"widget\" data-widget_type=\"text-editor.default\">\n\t\t\t\t<div class=\"elementor-widget-container\">\n\t\t\t\t\t\t\t\t\t\n<figure class=\"wp-block-image\"><img decoding=\"async\" src=\"https:\/\/cdn.conciseseparations.com\/public\/17\/ICE-99-9754-1.jpg\" alt=\"\"\/><\/figure>\n\t\t\t\t\t\t\t\t<\/div>\n\t\t\t\t<\/div>\n\t\t\t\t\t<\/div>\n\t\t<\/div>\n\t\t\t\t\t<\/div>\n\t\t<\/section>\n\t\t\t\t<section class=\"elementor-section elementor-top-section elementor-element elementor-element-35861fb elementor-section-boxed elementor-section-height-default elementor-section-height-default\" data-id=\"35861fb\" data-element_type=\"section\" data-e-type=\"section\">\n\t\t\t\t\t\t<div class=\"elementor-container elementor-column-gap-default\">\n\t\t\t\t\t<div class=\"elementor-column elementor-col-100 elementor-top-column elementor-element elementor-element-66330e6\" data-id=\"66330e6\" data-element_type=\"column\" data-e-type=\"column\">\n\t\t\t<div class=\"elementor-widget-wrap elementor-element-populated\">\n\t\t\t\t\t\t<div class=\"elementor-element elementor-element-871eeaa elementor-widget elementor-widget-heading\" data-id=\"871eeaa\" data-element_type=\"widget\" data-e-type=\"widget\" data-widget_type=\"heading.default\">\n\t\t\t\t<div class=\"elementor-widget-container\">\n\t\t\t\t\t<h2 class=\"elementor-heading-title elementor-size-default\">\u00c1cido org\u00e1nico<\/h2>\t\t\t\t<\/div>\n\t\t\t\t<\/div>\n\t\t\t\t\t<\/div>\n\t\t<\/div>\n\t\t\t\t\t<\/div>\n\t\t<\/section>\n\t\t\t\t<section class=\"elementor-section elementor-top-section elementor-element elementor-element-7048355 elementor-section-boxed elementor-section-height-default elementor-section-height-default\" data-id=\"7048355\" data-element_type=\"section\" data-e-type=\"section\">\n\t\t\t\t\t\t<div class=\"elementor-container elementor-column-gap-default\">\n\t\t\t\t\t<div class=\"elementor-column elementor-col-100 elementor-top-column elementor-element elementor-element-d4432a4\" data-id=\"d4432a4\" data-element_type=\"column\" data-e-type=\"column\">\n\t\t\t<div class=\"elementor-widget-wrap elementor-element-populated\">\n\t\t\t\t\t\t<div class=\"elementor-element elementor-element-bed7746 elementor-button-info elementor-widget elementor-widget-button\" data-id=\"bed7746\" data-element_type=\"widget\" data-e-type=\"widget\" data-widget_type=\"button.default\">\n\t\t\t\t<div class=\"elementor-widget-container\">\n\t\t\t\t\t\t\t\t\t<div class=\"elementor-button-wrapper\">\n\t\t\t\t\t<a class=\"elementor-button elementor-button-link elementor-size-sm\" href=\"https:\/\/valitec.co\/sitioweb\/con\/\">\n\t\t\t\t\t\t<span class=\"elementor-button-content-wrapper\">\n\t\t\t\t\t\t\t\t\t<span class=\"elementor-button-text\">Atr\u00e1s<\/span>\n\t\t\t\t\t<\/span>\n\t\t\t\t\t<\/a>\n\t\t\t\t<\/div>\n\t\t\t\t\t\t\t\t<\/div>\n\t\t\t\t<\/div>\n\t\t\t\t<div class=\"elementor-element elementor-element-52e6229 elementor-widget elementor-widget-spacer\" data-id=\"52e6229\" data-element_type=\"widget\" data-e-type=\"widget\" data-widget_type=\"spacer.default\">\n\t\t\t\t<div class=\"elementor-widget-container\">\n\t\t\t\t\t\t\t<div class=\"elementor-spacer\">\n\t\t\t<div class=\"elementor-spacer-inner\"><\/div>\n\t\t<\/div>\n\t\t\t\t\t\t<\/div>\n\t\t\t\t<\/div>\n\t\t\t\t\t<\/div>\n\t\t<\/div>\n\t\t\t\t\t<\/div>\n\t\t<\/section>\n\t\t\t\t<section class=\"elementor-section elementor-top-section elementor-element elementor-element-d69f4f3 elementor-section-boxed elementor-section-height-default elementor-section-height-default\" data-id=\"d69f4f3\" data-element_type=\"section\" data-e-type=\"section\">\n\t\t\t\t\t\t<div class=\"elementor-container elementor-column-gap-default\">\n\t\t\t\t\t<div class=\"elementor-column elementor-col-100 elementor-top-column elementor-element elementor-element-7944d5c\" data-id=\"7944d5c\" data-element_type=\"column\" data-e-type=\"column\">\n\t\t\t<div class=\"elementor-widget-wrap elementor-element-populated\">\n\t\t\t\t\t\t<div class=\"elementor-element elementor-element-65b17ba elementor-widget elementor-widget-text-editor\" data-id=\"65b17ba\" data-element_type=\"widget\" data-e-type=\"widget\" data-widget_type=\"text-editor.default\">\n\t\t\t\t<div class=\"elementor-widget-container\">\n\t\t\t\t\t\t\t\t\t<p><span>Concise Separations ofrece una variedad de columnas de exclusi\u00f3n de iones que se crearon para separar az\u00facares, alcoholes de az\u00facar, \u00e1cidos y alcoholes en la misma corrida.<\/span><\/p>\n<h6><br \/><b><span>Beneficios<\/span><\/b><\/h6>\n<p><span>Ideal para aniones inorg\u00e1nicos, \u00e1cidos carbox\u00edlicos, \u00e1cidos del ciclo de Krebs, alcoholes de az\u00facar.<\/span><br \/><span>Simplemente diluya el eluyente de \u00e1cido sulf\u00farico<\/span><br \/><span>Las columnas m\u00e1s robustas disponibles&#8230; pueden manejar muestras sucias<\/span><br \/><span>Tiempos de an\u00e1lisis r\u00e1pidos<\/span><br \/><span>Probado para muestras complejas<\/span><br \/><span>Alta resoluci\u00f3n con<\/span><br \/><span>espectroscopia de masas de alta eficiencia Compatible<\/span><br \/><span>Se ofrece en 6 %, 7 %, 8 % y 10 % para adaptarse mejor a sus necesidades de an\u00e1lisis<\/span><\/p>\n<h6><br \/><b><span>Popular columnas<\/span><\/b><\/h6>\n<ul>\n<li><span>Coregel ORH 801<\/span><\/li>\n<li><span>Coregel\u00ae ION 300<\/span><\/li>\n<\/ul>\t\t\t\t\t\t\t\t<\/div>\n\t\t\t\t<\/div>\n\t\t\t\t\t<\/div>\n\t\t<\/div>\n\t\t\t\t\t<\/div>\n\t\t<\/section>\n\t\t\t\t<\/div>\n\t\t","protected":false},"excerpt":{"rendered":"<p>\u00c1cido org\u00e1nico Atr\u00e1s Concise Separations ofrece una variedad de columnas de exclusi\u00f3n de iones que se crearon para separar az\u00facares, alcoholes de az\u00facar, \u00e1cidos y alcoholes en la misma corrida. Beneficios Ideal para aniones inorg\u00e1nicos, \u00e1cidos carbox\u00edlicos, \u00e1cidos del ciclo de Krebs, alcoholes de az\u00facar.Simplemente diluya el eluyente de \u00e1cido sulf\u00faricoLas columnas m\u00e1s robustas disponibles&#8230;<\/p>\n<div class=\"klb-readmore\"><a class=\"c-btn\" href=\"https:\/\/valitec.co\/sitioweb\/acido-organico\/\">Read More <i class=\"far fa-plus\"><\/i><\/a><\/div>\n","protected":false},"author":1,"featured_media":0,"parent":0,"menu_order":0,"comment_status":"closed","ping_status":"closed","template":"","meta":{"_eb_attr":"","footnotes":""},"class_list":["post-4487","page","type-page","status-publish","hentry"],"_links":{"self":[{"href":"https:\/\/valitec.co\/sitioweb\/wp-json\/wp\/v2\/pages\/4487","targetHints":{"allow":["GET"]}}],"collection":[{"href":"https:\/\/valitec.co\/sitioweb\/wp-json\/wp\/v2\/pages"}],"about":[{"href":"https:\/\/valitec.co\/sitioweb\/wp-json\/wp\/v2\/types\/page"}],"author":[{"embeddable":true,"href":"https:\/\/valitec.co\/sitioweb\/wp-json\/wp\/v2\/users\/1"}],"replies":[{"embeddable":true,"href":"https:\/\/valitec.co\/sitioweb\/wp-json\/wp\/v2\/comments?post=4487"}],"version-history":[{"count":11,"href":"https:\/\/valitec.co\/sitioweb\/wp-json\/wp\/v2\/pages\/4487\/revisions"}],"predecessor-version":[{"id":4602,"href":"https:\/\/valitec.co\/sitioweb\/wp-json\/wp\/v2\/pages\/4487\/revisions\/4602"}],"wp:attachment":[{"href":"https:\/\/valitec.co\/sitioweb\/wp-json\/wp\/v2\/media?parent=4487"}],"curies":[{"name":"wp","href":"https:\/\/api.w.org\/{rel}","templated":true}]}}