{"id":4483,"date":"2023-05-26T20:24:57","date_gmt":"2023-05-26T20:24:57","guid":{"rendered":"https:\/\/valitec.co\/sitioweb\/?page_id=4483"},"modified":"2023-05-29T17:45:17","modified_gmt":"2023-05-29T17:45:17","slug":"aminoacidos","status":"publish","type":"page","link":"https:\/\/valitec.co\/sitioweb\/aminoacidos\/","title":{"rendered":"AMINO\u00c1CIDOS"},"content":{"rendered":"\t\t<div data-elementor-type=\"wp-page\" data-elementor-id=\"4483\" class=\"elementor elementor-4483\" data-elementor-post-type=\"page\">\n\t\t\t\t\t\t<section class=\"elementor-section elementor-top-section elementor-element elementor-element-7f74918d elementor-section-boxed elementor-section-height-default elementor-section-height-default\" data-id=\"7f74918d\" data-element_type=\"section\" data-e-type=\"section\">\n\t\t\t\t\t\t<div class=\"elementor-container elementor-column-gap-default\">\n\t\t\t\t\t<div class=\"elementor-column elementor-col-100 elementor-top-column elementor-element elementor-element-5fe2374c\" data-id=\"5fe2374c\" data-element_type=\"column\" data-e-type=\"column\">\n\t\t\t<div class=\"elementor-widget-wrap elementor-element-populated\">\n\t\t\t\t\t\t<div class=\"elementor-element elementor-element-5ad65c00 elementor-widget elementor-widget-text-editor\" data-id=\"5ad65c00\" data-element_type=\"widget\" data-e-type=\"widget\" data-widget_type=\"text-editor.default\">\n\t\t\t\t<div class=\"elementor-widget-container\">\n\t\t\t\t\t\t\t\t\t\n<figure class=\"wp-block-image\"><img decoding=\"async\" src=\"https:\/\/cdn.conciseseparations.com\/public\/20\/Thumbnail.ANX-99-4650-1.jpg\" alt=\"\"\/><\/figure>\n\n\n\n<p><\/p>\n\t\t\t\t\t\t\t\t<\/div>\n\t\t\t\t<\/div>\n\t\t\t\t\t<\/div>\n\t\t<\/div>\n\t\t\t\t\t<\/div>\n\t\t<\/section>\n\t\t\t\t<section class=\"elementor-section elementor-top-section elementor-element elementor-element-648c2ee elementor-section-boxed elementor-section-height-default elementor-section-height-default\" data-id=\"648c2ee\" data-element_type=\"section\" data-e-type=\"section\">\n\t\t\t\t\t\t<div class=\"elementor-container elementor-column-gap-default\">\n\t\t\t\t\t<div class=\"elementor-column elementor-col-100 elementor-top-column elementor-element elementor-element-102b486\" data-id=\"102b486\" data-element_type=\"column\" data-e-type=\"column\">\n\t\t\t<div class=\"elementor-widget-wrap elementor-element-populated\">\n\t\t\t\t\t\t<div class=\"elementor-element elementor-element-eedb92d elementor-widget elementor-widget-heading\" data-id=\"eedb92d\" data-element_type=\"widget\" data-e-type=\"widget\" data-widget_type=\"heading.default\">\n\t\t\t\t<div class=\"elementor-widget-container\">\n\t\t\t\t\t<h2 class=\"elementor-heading-title elementor-size-default\">Amino\u00e1cidos<\/h2>\t\t\t\t<\/div>\n\t\t\t\t<\/div>\n\t\t\t\t\t<\/div>\n\t\t<\/div>\n\t\t\t\t\t<\/div>\n\t\t<\/section>\n\t\t\t\t<section class=\"elementor-section elementor-top-section elementor-element elementor-element-9913e31 elementor-section-boxed elementor-section-height-default elementor-section-height-default\" data-id=\"9913e31\" data-element_type=\"section\" data-e-type=\"section\">\n\t\t\t\t\t\t<div class=\"elementor-container elementor-column-gap-default\">\n\t\t\t\t\t<div class=\"elementor-column elementor-col-100 elementor-top-column elementor-element elementor-element-ceb74b7\" data-id=\"ceb74b7\" data-element_type=\"column\" data-e-type=\"column\">\n\t\t\t<div class=\"elementor-widget-wrap elementor-element-populated\">\n\t\t\t\t\t\t<div class=\"elementor-element elementor-element-a3fa53f elementor-widget elementor-widget-spacer\" data-id=\"a3fa53f\" data-element_type=\"widget\" data-e-type=\"widget\" data-widget_type=\"spacer.default\">\n\t\t\t\t<div class=\"elementor-widget-container\">\n\t\t\t\t\t\t\t<div class=\"elementor-spacer\">\n\t\t\t<div class=\"elementor-spacer-inner\"><\/div>\n\t\t<\/div>\n\t\t\t\t\t\t<\/div>\n\t\t\t\t<\/div>\n\t\t\t\t<div class=\"elementor-element elementor-element-cc81f3c elementor-button-info elementor-widget elementor-widget-button\" data-id=\"cc81f3c\" data-element_type=\"widget\" data-e-type=\"widget\" data-widget_type=\"button.default\">\n\t\t\t\t<div class=\"elementor-widget-container\">\n\t\t\t\t\t\t\t\t\t<div class=\"elementor-button-wrapper\">\n\t\t\t\t\t<a class=\"elementor-button elementor-button-link elementor-size-sm\" href=\"https:\/\/valitec.co\/sitioweb\/con\/\">\n\t\t\t\t\t\t<span class=\"elementor-button-content-wrapper\">\n\t\t\t\t\t\t\t\t\t<span class=\"elementor-button-text\">Atr\u00e1s<\/span>\n\t\t\t\t\t<\/span>\n\t\t\t\t\t<\/a>\n\t\t\t\t<\/div>\n\t\t\t\t\t\t\t\t<\/div>\n\t\t\t\t<\/div>\n\t\t\t\t\t<\/div>\n\t\t<\/div>\n\t\t\t\t\t<\/div>\n\t\t<\/section>\n\t\t\t\t<section class=\"elementor-section elementor-top-section elementor-element elementor-element-ffd3289 elementor-section-boxed elementor-section-height-default elementor-section-height-default\" data-id=\"ffd3289\" data-element_type=\"section\" data-e-type=\"section\">\n\t\t\t\t\t\t<div class=\"elementor-container elementor-column-gap-default\">\n\t\t\t\t\t<div class=\"elementor-column elementor-col-100 elementor-top-column elementor-element elementor-element-5833140\" data-id=\"5833140\" data-element_type=\"column\" data-e-type=\"column\">\n\t\t\t<div class=\"elementor-widget-wrap elementor-element-populated\">\n\t\t\t\t\t\t<div class=\"elementor-element elementor-element-408257e elementor-widget elementor-widget-text-editor\" data-id=\"408257e\" data-element_type=\"widget\" data-e-type=\"widget\" data-widget_type=\"text-editor.default\">\n\t\t\t\t<div class=\"elementor-widget-container\">\n\t\t\t\t\t\t\t\t\t<p><span>Concise Separations fabrica columnas de HPLC de amino\u00e1cidos que combinan un alto grado de resoluci\u00f3n con la reproducibilidad necesaria para permitir un an\u00e1lisis completo de muestras de amino\u00e1cidos complejas.<\/span><\/p>\n<h6><br \/><br \/><b><span>Beneficios<\/span><\/b><\/h6>\n<p><br \/><span>Muestras fisiol\u00f3gicas (formato Li+)<\/span><br \/><span>Hidrolizados de prote\u00ednas (formato Na+)<\/span><br \/><span>Eluyentes simples<\/span><br \/><span>Reproducibilidad extrema<\/span><br \/><span>Detecci\u00f3n postcolumna de ninhidrina u OPA<\/span><br \/><span>Sensibilidad a picomoles<\/span><\/p>\n<h6><br \/><br \/><b><span>Gu\u00eda de selecci\u00f3n<\/span><\/b><\/h6>\n<p><span>Muestras fisiol\u00f3gicas<\/span><\/p>\n<ul>\n<li><span>Li+ conciso<\/span><\/li>\n<li><span>Estilo Beckman Li+<\/span><\/li>\n<\/ul>\n<h6><br \/><b><span>Hidrolizados de prote\u00ednas<\/span><\/b><\/h6>\n<p>\u00a0<\/p>\n<ul>\n<li><span>Estilo Beckman Na+<\/span><\/li>\n<li><span>Beckman Oro Na+<\/span><\/li>\n<li><span>AA 511<\/span><\/li>\n<li><span>AA 511HS (alta velocidad)<\/span><\/li>\n<li><span>AA 911<\/span><\/li>\n<\/ul>\n<h6><br \/><b><span>Otros enfoques<\/span><\/b><\/h6>\n<ul>\n<li><span>biocombustibles<\/span><\/li>\n<li><span>Bebida alimenticia<\/span><\/li>\n<li><span>Agua potable<\/span><\/li>\n<li><span>An\u00e1lisis de carbohidratos<\/span><\/li>\n<li><span>Amino\u00e1cidos<\/span><\/li>\n<li><span>Cromatograf\u00eda i\u00f3nica<\/span><\/li>\n<li><span>An\u00e1lisis de \u00e1cido nucleico<\/span><\/li>\n<li><span>An\u00e1lisis de \u00e1cidos org\u00e1nicos<\/span><\/li>\n<li><span>An\u00e1lisis de fase inversa<\/span><\/li>\n<li><span>Preparaci\u00f3n de la muestra<\/span><\/li>\n<\/ul>\n<h6><br \/><b><span>Columnas Populares<\/span><\/b><\/h6>\n<ul>\n<li><span>AminoSep AA 911<\/span><\/li>\n<li><span>AminoSep AA 511<\/span><\/li>\n<\/ul>\t\t\t\t\t\t\t\t<\/div>\n\t\t\t\t<\/div>\n\t\t\t\t\t<\/div>\n\t\t<\/div>\n\t\t\t\t\t<\/div>\n\t\t<\/section>\n\t\t\t\t<\/div>\n\t\t","protected":false},"excerpt":{"rendered":"<p>Amino\u00e1cidos Atr\u00e1s Concise Separations fabrica columnas de HPLC de amino\u00e1cidos que combinan un alto grado de resoluci\u00f3n con la reproducibilidad necesaria para permitir un an\u00e1lisis completo de muestras de amino\u00e1cidos complejas. Beneficios Muestras fisiol\u00f3gicas (formato Li+)Hidrolizados de prote\u00ednas (formato Na+)Eluyentes simplesReproducibilidad extremaDetecci\u00f3n postcolumna de ninhidrina u OPASensibilidad a picomoles Gu\u00eda de selecci\u00f3n Muestras fisiol\u00f3gicas Li+<\/p>\n<div class=\"klb-readmore\"><a class=\"c-btn\" href=\"https:\/\/valitec.co\/sitioweb\/aminoacidos\/\">Read More <i class=\"far fa-plus\"><\/i><\/a><\/div>\n","protected":false},"author":1,"featured_media":0,"parent":0,"menu_order":0,"comment_status":"closed","ping_status":"closed","template":"","meta":{"_eb_attr":"","footnotes":""},"class_list":["post-4483","page","type-page","status-publish","hentry"],"_links":{"self":[{"href":"https:\/\/valitec.co\/sitioweb\/wp-json\/wp\/v2\/pages\/4483","targetHints":{"allow":["GET"]}}],"collection":[{"href":"https:\/\/valitec.co\/sitioweb\/wp-json\/wp\/v2\/pages"}],"about":[{"href":"https:\/\/valitec.co\/sitioweb\/wp-json\/wp\/v2\/types\/page"}],"author":[{"embeddable":true,"href":"https:\/\/valitec.co\/sitioweb\/wp-json\/wp\/v2\/users\/1"}],"replies":[{"embeddable":true,"href":"https:\/\/valitec.co\/sitioweb\/wp-json\/wp\/v2\/comments?post=4483"}],"version-history":[{"count":6,"href":"https:\/\/valitec.co\/sitioweb\/wp-json\/wp\/v2\/pages\/4483\/revisions"}],"predecessor-version":[{"id":4611,"href":"https:\/\/valitec.co\/sitioweb\/wp-json\/wp\/v2\/pages\/4483\/revisions\/4611"}],"wp:attachment":[{"href":"https:\/\/valitec.co\/sitioweb\/wp-json\/wp\/v2\/media?parent=4483"}],"curies":[{"name":"wp","href":"https:\/\/api.w.org\/{rel}","templated":true}]}}