{"id":4476,"date":"2023-05-26T20:14:55","date_gmt":"2023-05-26T20:14:55","guid":{"rendered":"https:\/\/valitec.co\/sitioweb\/?page_id=4476"},"modified":"2025-07-17T01:24:33","modified_gmt":"2025-07-17T01:24:33","slug":"analisis-de-carbohidratos","status":"publish","type":"page","link":"https:\/\/valitec.co\/sitioweb\/analisis-de-carbohidratos\/","title":{"rendered":"AN\u00c1LISIS DE CARBOHIDRATOS"},"content":{"rendered":"\n<figure><img decoding=\"async\" src=\"https:\/\/cdn.conciseseparations.com\/public\/15\/CHO-99-8453-1.jpg\" alt=\"\"\/><\/figure>\n\n\n\n<p><a href=\"https:\/\/conciseseparations.com\/\" rel=\"nofollow noopener\" target=\"_blank\">Inicio<\/a>&nbsp;\/ An\u00e1lisis de Carbohidratos<\/p>\n\n\n<h2>An\u00e1lisis de carbohidratos<\/h2>\n<p><a role=\"button\" href=\"https:\/\/valitec.co\/sitioweb\/con\/\"><br \/>Atr\u00e1s<br \/><\/a><\/p>\n<p>Concise ofrece la herramienta apropiada para cada ensayo de az\u00facar, gracias a sus desarrollos, cuentan con la gama m\u00e1s amplia de columnas de carbohidratos para separaciones\u00a0mas\u00a0precisas<\/p>\n<h6><b>Beneficios<\/b><\/h6>\n<p>Eluyente de agua simple<br \/>Varios enlaces cruzados de part\u00edculas optimizan la detecci\u00f3n de mono, di, tri y oligosac\u00e1ridos<br \/>Se ofrecen m\u00faltiples ligandos met\u00e1licos para separar de manera eficiente matrices de az\u00facar complejas<br \/>Las columnas se pueden usar con<br \/>fracciones de detecci\u00f3n PAD: Ca2+, Na+, K+, Pb2+ y modo mixto<\/p>\n<h6><b>Columnas populares<\/b><\/h6>\n<ul>\n<li>Sistema de cartucho de eliminaci\u00f3n de cenizas<\/li>\n<li>Coregel CHO 620<\/li>\n<li>Coregel 87C<\/li>\n<\/ul>\n\n\n<p><\/p>\n","protected":false},"excerpt":{"rendered":"<p>Inicio&nbsp;\/ An\u00e1lisis de Carbohidratos An\u00e1lisis de carbohidratos Atr\u00e1s Concise ofrece la herramienta apropiada para cada ensayo de az\u00facar, gracias a sus desarrollos, cuentan con la gama m\u00e1s amplia de columnas de carbohidratos para separaciones\u00a0mas\u00a0precisas Beneficios Eluyente de agua simpleVarios enlaces cruzados de part\u00edculas optimizan la detecci\u00f3n de mono, di, tri y oligosac\u00e1ridosSe ofrecen m\u00faltiples ligandos<\/p>\n<div class=\"klb-readmore\"><a class=\"c-btn\" href=\"https:\/\/valitec.co\/sitioweb\/analisis-de-carbohidratos\/\">Read More <i class=\"far fa-plus\"><\/i><\/a><\/div>\n","protected":false},"author":1,"featured_media":0,"parent":0,"menu_order":0,"comment_status":"closed","ping_status":"closed","template":"","meta":{"_eb_attr":"","footnotes":""},"class_list":["post-4476","page","type-page","status-publish","hentry"],"_links":{"self":[{"href":"https:\/\/valitec.co\/sitioweb\/wp-json\/wp\/v2\/pages\/4476","targetHints":{"allow":["GET"]}}],"collection":[{"href":"https:\/\/valitec.co\/sitioweb\/wp-json\/wp\/v2\/pages"}],"about":[{"href":"https:\/\/valitec.co\/sitioweb\/wp-json\/wp\/v2\/types\/page"}],"author":[{"embeddable":true,"href":"https:\/\/valitec.co\/sitioweb\/wp-json\/wp\/v2\/users\/1"}],"replies":[{"embeddable":true,"href":"https:\/\/valitec.co\/sitioweb\/wp-json\/wp\/v2\/comments?post=4476"}],"version-history":[{"count":13,"href":"https:\/\/valitec.co\/sitioweb\/wp-json\/wp\/v2\/pages\/4476\/revisions"}],"predecessor-version":[{"id":4739,"href":"https:\/\/valitec.co\/sitioweb\/wp-json\/wp\/v2\/pages\/4476\/revisions\/4739"}],"wp:attachment":[{"href":"https:\/\/valitec.co\/sitioweb\/wp-json\/wp\/v2\/media?parent=4476"}],"curies":[{"name":"wp","href":"https:\/\/api.w.org\/{rel}","templated":true}]}}