{"id":3543,"date":"2023-04-05T16:03:49","date_gmt":"2023-04-05T16:03:49","guid":{"rendered":"https:\/\/valitec.co\/sitioweb\/?page_id=3543"},"modified":"2023-04-05T16:06:44","modified_gmt":"2023-04-05T16:06:44","slug":"recipientes-de-alta-precision-zymark","status":"publish","type":"page","link":"https:\/\/valitec.co\/sitioweb\/recipientes-de-alta-precision-zymark\/","title":{"rendered":"Recipientes de alta precisi\u00f3n Zymark"},"content":{"rendered":"\t\t<div data-elementor-type=\"wp-page\" data-elementor-id=\"3543\" class=\"elementor elementor-3543\" data-elementor-post-type=\"page\">\n\t\t\t\t\t\t<section class=\"elementor-section elementor-top-section elementor-element elementor-element-3f3b85f elementor-section-boxed elementor-section-height-default elementor-section-height-default\" data-id=\"3f3b85f\" data-element_type=\"section\" data-e-type=\"section\">\n\t\t\t\t\t\t<div class=\"elementor-container elementor-column-gap-default\">\n\t\t\t\t\t<div class=\"elementor-column elementor-col-100 elementor-top-column elementor-element elementor-element-5c2f963\" data-id=\"5c2f963\" data-element_type=\"column\" data-e-type=\"column\">\n\t\t\t<div class=\"elementor-widget-wrap elementor-element-populated\">\n\t\t\t\t\t\t<div class=\"elementor-element elementor-element-658ca48 elementor-position-top elementor-widget elementor-widget-image-box\" data-id=\"658ca48\" data-element_type=\"widget\" data-e-type=\"widget\" data-widget_type=\"image-box.default\">\n\t\t\t\t<div class=\"elementor-widget-container\">\n\t\t\t\t\t<div class=\"elementor-image-box-wrapper\"><figure class=\"elementor-image-box-img\"><img fetchpriority=\"high\" decoding=\"async\" width=\"500\" height=\"333\" src=\"https:\/\/valitec.co\/sitioweb\/wp-content\/uploads\/2023\/04\/8-2.jpg\" class=\"attachment-full size-full wp-image-3481\" alt=\"\" srcset=\"https:\/\/valitec.co\/sitioweb\/wp-content\/uploads\/2023\/04\/8-2.jpg 500w, https:\/\/valitec.co\/sitioweb\/wp-content\/uploads\/2023\/04\/8-2-300x200.jpg 300w, https:\/\/valitec.co\/sitioweb\/wp-content\/uploads\/2023\/04\/8-2-81x54.jpg 81w\" sizes=\"(max-width: 500px) 100vw, 500px\" \/><\/figure><div class=\"elementor-image-box-content\"><h3 class=\"elementor-image-box-title\">Compatible con Zymark <\/h3><\/div><\/div>\t\t\t\t<\/div>\n\t\t\t\t<\/div>\n\t\t\t\t\t<\/div>\n\t\t<\/div>\n\t\t\t\t\t<\/div>\n\t\t<\/section>\n\t\t\t\t<section class=\"elementor-section elementor-top-section elementor-element elementor-element-ba03cc5 elementor-section-boxed elementor-section-height-default elementor-section-height-default\" data-id=\"ba03cc5\" data-element_type=\"section\" data-e-type=\"section\">\n\t\t\t\t\t\t<div class=\"elementor-container elementor-column-gap-default\">\n\t\t\t\t\t<div class=\"elementor-column elementor-col-100 elementor-top-column elementor-element elementor-element-66178f5\" data-id=\"66178f5\" data-element_type=\"column\" data-e-type=\"column\">\n\t\t\t<div class=\"elementor-widget-wrap elementor-element-populated\">\n\t\t\t\t\t\t<div class=\"elementor-element elementor-element-fa8ee36 elementor-widget elementor-widget-spacer\" data-id=\"fa8ee36\" data-element_type=\"widget\" data-e-type=\"widget\" data-widget_type=\"spacer.default\">\n\t\t\t\t<div class=\"elementor-widget-container\">\n\t\t\t\t\t\t\t<div class=\"elementor-spacer\">\n\t\t\t<div class=\"elementor-spacer-inner\"><\/div>\n\t\t<\/div>\n\t\t\t\t\t\t<\/div>\n\t\t\t\t<\/div>\n\t\t\t\t\t<\/div>\n\t\t<\/div>\n\t\t\t\t\t<\/div>\n\t\t<\/section>\n\t\t\t\t<section class=\"elementor-section elementor-top-section elementor-element elementor-element-ca53279 elementor-section-boxed elementor-section-height-default elementor-section-height-default\" data-id=\"ca53279\" data-element_type=\"section\" data-e-type=\"section\">\n\t\t\t\t\t\t<div class=\"elementor-container elementor-column-gap-default\">\n\t\t\t\t\t<div class=\"elementor-column elementor-col-100 elementor-top-column elementor-element elementor-element-9959d95\" data-id=\"9959d95\" data-element_type=\"column\" data-e-type=\"column\">\n\t\t\t<div class=\"elementor-widget-wrap elementor-element-populated\">\n\t\t\t\t\t\t<div class=\"elementor-element elementor-element-afe2dd6 elementor-widget elementor-widget-text-editor\" data-id=\"afe2dd6\" data-element_type=\"widget\" data-e-type=\"widget\" data-widget_type=\"text-editor.default\">\n\t\t\t\t<div class=\"elementor-widget-container\">\n\t\t\t\t\t\t\t\t\t<p><strong><span>Recipientes de alta precisi\u00f3n &#8211; USP<\/span><\/strong><span>\u00a0Recipientes de la m\u00e1s alta especificaci\u00f3n, con esfericidad precisa, circularidad, concentricidad de la superficie interna, centro vertical y geometr\u00eda uniforme.\u00a0Reduce las variaciones en los resultados de disoluci\u00f3n y crea mejores condiciones para pasar la USP PVT (Prueba de Verificaci\u00f3n de Desempe\u00f1o) en la Etapa 1.<\/span><\/p>\t\t\t\t\t\t\t\t<\/div>\n\t\t\t\t<\/div>\n\t\t\t\t\t<\/div>\n\t\t<\/div>\n\t\t\t\t\t<\/div>\n\t\t<\/section>\n\t\t\t\t<section class=\"elementor-section elementor-top-section elementor-element elementor-element-dc6be75 elementor-section-boxed elementor-section-height-default elementor-section-height-default\" data-id=\"dc6be75\" data-element_type=\"section\" data-e-type=\"section\">\n\t\t\t\t\t\t<div class=\"elementor-container elementor-column-gap-default\">\n\t\t\t\t\t<div class=\"elementor-column elementor-col-100 elementor-top-column elementor-element elementor-element-1acdfed\" data-id=\"1acdfed\" data-element_type=\"column\" data-e-type=\"column\">\n\t\t\t<div class=\"elementor-widget-wrap elementor-element-populated\">\n\t\t\t\t\t\t<div class=\"elementor-element elementor-element-bfbf24f elementor-widget elementor-widget-spacer\" data-id=\"bfbf24f\" data-element_type=\"widget\" data-e-type=\"widget\" data-widget_type=\"spacer.default\">\n\t\t\t\t<div class=\"elementor-widget-container\">\n\t\t\t\t\t\t\t<div class=\"elementor-spacer\">\n\t\t\t<div class=\"elementor-spacer-inner\"><\/div>\n\t\t<\/div>\n\t\t\t\t\t\t<\/div>\n\t\t\t\t<\/div>\n\t\t\t\t\t<\/div>\n\t\t<\/div>\n\t\t\t\t\t<\/div>\n\t\t<\/section>\n\t\t\t\t<section class=\"elementor-section elementor-top-section elementor-element elementor-element-c106150 elementor-section-boxed elementor-section-height-default elementor-section-height-default\" data-id=\"c106150\" data-element_type=\"section\" data-e-type=\"section\">\n\t\t\t\t\t\t<div class=\"elementor-container elementor-column-gap-default\">\n\t\t\t\t\t<div class=\"elementor-column elementor-col-100 elementor-top-column elementor-element elementor-element-2681fab\" data-id=\"2681fab\" data-element_type=\"column\" data-e-type=\"column\">\n\t\t\t<div class=\"elementor-widget-wrap elementor-element-populated\">\n\t\t\t\t\t\t<div class=\"elementor-element elementor-element-9781ae3 elementor-widget elementor-widget-text-editor\" data-id=\"9781ae3\" data-element_type=\"widget\" data-e-type=\"widget\" data-widget_type=\"text-editor.default\">\n\t\t\t\t<div class=\"elementor-widget-container\">\n\t\t\t\t\t\t\t\t\t<p><strong><span>PSHPGLA900-ZM<\/span><br><span>Recipiente de vidrio transparente de alta precisi\u00f3n de 1000 ml para Zymark<\/span><\/strong><\/p>\n<table id=\"kenmerktable\">\n<tbody>\n<tr>\n<td><strong><span>N\u00famero de producto &nbsp; &nbsp;<\/span><\/strong><\/td>\n<td><span>PSHPGLA900-ZM<\/span><\/td>\n<\/tr>\n<tr>\n<td><strong><span>Referencia OEM &nbsp; &nbsp;<\/span><\/strong><\/td>\n<td><span>Accesorios de disoluci\u00f3n producto innovado<\/span><\/td>\n<\/tr>\n<tr>\n<td><strong><span>OEM &nbsp; &nbsp;<\/span><\/strong><\/td>\n<td><span>Zymark<\/span><\/td>\n<\/tr>\n<tr>\n<td><strong><span>Material &nbsp; &nbsp;<\/span><\/strong><\/td>\n<td><span>3.3 Vidrio de borosilicato<\/span><\/td>\n<\/tr>\n<tr>\n<td><strong><span>Volumen &nbsp; &nbsp;<\/span><\/strong><\/td>\n<td><span>1000ml<\/span><\/td>\n<\/tr>\n<tr>\n<td><strong><span>Color &nbsp; &nbsp;<\/span><\/strong><\/td>\n<td><span>Claro<\/span><\/td>\n<\/tr>\n<tr>\n<td><strong><span>Estilo de embarcaci\u00f3n &nbsp; &nbsp;<\/span><\/strong><\/td>\n<td><span>fondo redondo<\/span><\/td>\n<\/tr>\n<\/tbody>\n<\/table>\n<p><span>Caracter\u00edsticas clave:<\/span><\/p>\n<ul>\n<li><span>Se ajusta directamente al ba\u00f1o de disoluci\u00f3n sin el uso de anillos adaptadores.<\/span><\/li>\n<li><span>Viene de serie con un certificado de cumplimiento individual que indica:<\/span><strong><span>&#8211;<\/span><\/strong><span>&nbsp;N\u00famero de serie del recipiente<\/span><br><strong><span>&#8211;<\/span><\/strong><span>&nbsp;Altura del recipiente<\/span><br><strong><span>&#8211;<\/span><\/strong><span>&nbsp;Di\u00e1metro interior del recipiente a 45 mm, 70 mm y 95 mm<\/span><br><strong><span>&#8211;<\/span><\/strong><span>&nbsp;Radio del recipiente<\/span><\/li>\n<li><span>Cumple con las normas ASTM, USP, JP, EP, BP.<\/span><\/li>\n<li><span>Reducir\u00e1 la variaci\u00f3n de los datos de disoluci\u00f3n.<\/span><\/li><li><span>Fabricante: Dissolution Accessories<\/span><\/li>\n<\/ul>\t\t\t\t\t\t\t\t<\/div>\n\t\t\t\t<\/div>\n\t\t\t\t\t<\/div>\n\t\t<\/div>\n\t\t\t\t\t<\/div>\n\t\t<\/section>\n\t\t\t\t<section class=\"elementor-section elementor-top-section elementor-element elementor-element-b594598 elementor-section-boxed elementor-section-height-default elementor-section-height-default\" data-id=\"b594598\" data-element_type=\"section\" data-e-type=\"section\">\n\t\t\t\t\t\t<div class=\"elementor-container elementor-column-gap-default\">\n\t\t\t\t\t<div class=\"elementor-column elementor-col-100 elementor-top-column elementor-element elementor-element-9611bae\" data-id=\"9611bae\" data-element_type=\"column\" data-e-type=\"column\">\n\t\t\t<div class=\"elementor-widget-wrap elementor-element-populated\">\n\t\t\t\t\t\t<div class=\"elementor-element elementor-element-1c89ad0 elementor-widget elementor-widget-image\" data-id=\"1c89ad0\" data-element_type=\"widget\" data-e-type=\"widget\" data-widget_type=\"image.default\">\n\t\t\t\t<div class=\"elementor-widget-container\">\n\t\t\t\t\t\t\t\t\t\t\t\t\t\t\t<img decoding=\"async\" width=\"300\" height=\"200\" src=\"https:\/\/valitec.co\/sitioweb\/wp-content\/uploads\/2023\/04\/8-2-300x200.jpg\" class=\"attachment-medium size-medium wp-image-3481\" alt=\"\" srcset=\"https:\/\/valitec.co\/sitioweb\/wp-content\/uploads\/2023\/04\/8-2-300x200.jpg 300w, https:\/\/valitec.co\/sitioweb\/wp-content\/uploads\/2023\/04\/8-2-81x54.jpg 81w, https:\/\/valitec.co\/sitioweb\/wp-content\/uploads\/2023\/04\/8-2.jpg 500w\" sizes=\"(max-width: 300px) 100vw, 300px\" \/>\t\t\t\t\t\t\t\t\t\t\t\t\t\t\t<\/div>\n\t\t\t\t<\/div>\n\t\t\t\t\t<\/div>\n\t\t<\/div>\n\t\t\t\t\t<\/div>\n\t\t<\/section>\n\t\t\t\t<\/div>\n\t\t","protected":false},"excerpt":{"rendered":"<p>Compatible con Zymark Recipientes de alta precisi\u00f3n &#8211; USP&nbsp;Recipientes de la m\u00e1s alta especificaci\u00f3n, con esfericidad precisa, circularidad, concentricidad de la superficie interna, centro vertical y geometr\u00eda uniforme.&nbsp;Reduce las variaciones en los resultados de disoluci\u00f3n y crea mejores condiciones para pasar la USP PVT (Prueba de Verificaci\u00f3n de Desempe\u00f1o) en la Etapa 1. PSHPGLA900-ZM Recipiente<\/p>\n<div class=\"klb-readmore\"><a class=\"c-btn\" href=\"https:\/\/valitec.co\/sitioweb\/recipientes-de-alta-precision-zymark\/\">Read More <i class=\"far fa-plus\"><\/i><\/a><\/div>\n","protected":false},"author":1,"featured_media":0,"parent":0,"menu_order":0,"comment_status":"closed","ping_status":"closed","template":"","meta":{"_eb_attr":"","footnotes":""},"class_list":["post-3543","page","type-page","status-publish","hentry"],"_links":{"self":[{"href":"https:\/\/valitec.co\/sitioweb\/wp-json\/wp\/v2\/pages\/3543","targetHints":{"allow":["GET"]}}],"collection":[{"href":"https:\/\/valitec.co\/sitioweb\/wp-json\/wp\/v2\/pages"}],"about":[{"href":"https:\/\/valitec.co\/sitioweb\/wp-json\/wp\/v2\/types\/page"}],"author":[{"embeddable":true,"href":"https:\/\/valitec.co\/sitioweb\/wp-json\/wp\/v2\/users\/1"}],"replies":[{"embeddable":true,"href":"https:\/\/valitec.co\/sitioweb\/wp-json\/wp\/v2\/comments?post=3543"}],"version-history":[{"count":8,"href":"https:\/\/valitec.co\/sitioweb\/wp-json\/wp\/v2\/pages\/3543\/revisions"}],"predecessor-version":[{"id":3551,"href":"https:\/\/valitec.co\/sitioweb\/wp-json\/wp\/v2\/pages\/3543\/revisions\/3551"}],"wp:attachment":[{"href":"https:\/\/valitec.co\/sitioweb\/wp-json\/wp\/v2\/media?parent=3543"}],"curies":[{"name":"wp","href":"https:\/\/api.w.org\/{rel}","templated":true}]}}