{"id":3526,"date":"2023-04-05T15:52:31","date_gmt":"2023-04-05T15:52:31","guid":{"rendered":"https:\/\/valitec.co\/sitioweb\/?page_id=3526"},"modified":"2023-04-05T15:58:40","modified_gmt":"2023-04-05T15:58:40","slug":"recipientes-de-alta-precision-sotax","status":"publish","type":"page","link":"https:\/\/valitec.co\/sitioweb\/recipientes-de-alta-precision-sotax\/","title":{"rendered":"Recipientes de alta precisi\u00f3n Sotax"},"content":{"rendered":"\t\t<div data-elementor-type=\"wp-page\" data-elementor-id=\"3526\" class=\"elementor elementor-3526\" data-elementor-post-type=\"page\">\n\t\t\t\t\t\t<section class=\"elementor-section elementor-top-section elementor-element elementor-element-4313f38 elementor-section-boxed elementor-section-height-default elementor-section-height-default\" data-id=\"4313f38\" data-element_type=\"section\" data-e-type=\"section\">\n\t\t\t\t\t\t<div class=\"elementor-container elementor-column-gap-default\">\n\t\t\t\t\t<div class=\"elementor-column elementor-col-100 elementor-top-column elementor-element elementor-element-2b8a816\" data-id=\"2b8a816\" data-element_type=\"column\" data-e-type=\"column\">\n\t\t\t<div class=\"elementor-widget-wrap elementor-element-populated\">\n\t\t\t\t\t\t<div class=\"elementor-element elementor-element-8d963d2 elementor-position-top elementor-widget elementor-widget-image-box\" data-id=\"8d963d2\" data-element_type=\"widget\" data-e-type=\"widget\" data-widget_type=\"image-box.default\">\n\t\t\t\t<div class=\"elementor-widget-container\">\n\t\t\t\t\t<div class=\"elementor-image-box-wrapper\"><figure class=\"elementor-image-box-img\"><img fetchpriority=\"high\" decoding=\"async\" width=\"500\" height=\"333\" src=\"https:\/\/valitec.co\/sitioweb\/wp-content\/uploads\/2023\/04\/8-2.jpg\" class=\"attachment-full size-full wp-image-3481\" alt=\"\" srcset=\"https:\/\/valitec.co\/sitioweb\/wp-content\/uploads\/2023\/04\/8-2.jpg 500w, https:\/\/valitec.co\/sitioweb\/wp-content\/uploads\/2023\/04\/8-2-300x200.jpg 300w, https:\/\/valitec.co\/sitioweb\/wp-content\/uploads\/2023\/04\/8-2-81x54.jpg 81w\" sizes=\"(max-width: 500px) 100vw, 500px\" \/><\/figure><div class=\"elementor-image-box-content\"><h3 class=\"elementor-image-box-title\">Compatible con Sotax<\/h3><\/div><\/div>\t\t\t\t<\/div>\n\t\t\t\t<\/div>\n\t\t\t\t\t<\/div>\n\t\t<\/div>\n\t\t\t\t\t<\/div>\n\t\t<\/section>\n\t\t\t\t<section class=\"elementor-section elementor-top-section elementor-element elementor-element-946a804 elementor-section-boxed elementor-section-height-default elementor-section-height-default\" data-id=\"946a804\" data-element_type=\"section\" data-e-type=\"section\">\n\t\t\t\t\t\t<div class=\"elementor-container elementor-column-gap-default\">\n\t\t\t\t\t<div class=\"elementor-column elementor-col-100 elementor-top-column elementor-element elementor-element-28bc1b1\" data-id=\"28bc1b1\" data-element_type=\"column\" data-e-type=\"column\">\n\t\t\t<div class=\"elementor-widget-wrap elementor-element-populated\">\n\t\t\t\t\t\t<div class=\"elementor-element elementor-element-267b2bc elementor-widget elementor-widget-spacer\" data-id=\"267b2bc\" data-element_type=\"widget\" data-e-type=\"widget\" data-widget_type=\"spacer.default\">\n\t\t\t\t<div class=\"elementor-widget-container\">\n\t\t\t\t\t\t\t<div class=\"elementor-spacer\">\n\t\t\t<div class=\"elementor-spacer-inner\"><\/div>\n\t\t<\/div>\n\t\t\t\t\t\t<\/div>\n\t\t\t\t<\/div>\n\t\t\t\t\t<\/div>\n\t\t<\/div>\n\t\t\t\t\t<\/div>\n\t\t<\/section>\n\t\t\t\t<section class=\"elementor-section elementor-top-section elementor-element elementor-element-7a09eca elementor-section-boxed elementor-section-height-default elementor-section-height-default\" data-id=\"7a09eca\" data-element_type=\"section\" data-e-type=\"section\">\n\t\t\t\t\t\t<div class=\"elementor-container elementor-column-gap-default\">\n\t\t\t\t\t<div class=\"elementor-column elementor-col-100 elementor-top-column elementor-element elementor-element-cac7e12\" data-id=\"cac7e12\" data-element_type=\"column\" data-e-type=\"column\">\n\t\t\t<div class=\"elementor-widget-wrap elementor-element-populated\">\n\t\t\t\t\t\t<div class=\"elementor-element elementor-element-8535416 elementor-widget elementor-widget-text-editor\" data-id=\"8535416\" data-element_type=\"widget\" data-e-type=\"widget\" data-widget_type=\"text-editor.default\">\n\t\t\t\t<div class=\"elementor-widget-container\">\n\t\t\t\t\t\t\t\t\t<p><strong><span>Recipientes de alta precisi\u00f3n &#8211; USP<\/span><\/strong><span>\u00a0Recipientes de la m\u00e1s alta especificaci\u00f3n, con esfericidad precisa, circularidad, concentricidad de la superficie interna, centro vertical y geometr\u00eda uniforme.\u00a0Reduce las variaciones en los resultados de disoluci\u00f3n y crea mejores condiciones para pasar la USP PVT (Prueba de Verificaci\u00f3n de Desempe\u00f1o) en la Etapa 1.<\/span><\/p>\t\t\t\t\t\t\t\t<\/div>\n\t\t\t\t<\/div>\n\t\t\t\t\t<\/div>\n\t\t<\/div>\n\t\t\t\t\t<\/div>\n\t\t<\/section>\n\t\t\t\t<section class=\"elementor-section elementor-top-section elementor-element elementor-element-3a1d2ac elementor-section-boxed elementor-section-height-default elementor-section-height-default\" data-id=\"3a1d2ac\" data-element_type=\"section\" data-e-type=\"section\">\n\t\t\t\t\t\t<div class=\"elementor-container elementor-column-gap-default\">\n\t\t\t\t\t<div class=\"elementor-column elementor-col-100 elementor-top-column elementor-element elementor-element-8b3d046\" data-id=\"8b3d046\" data-element_type=\"column\" data-e-type=\"column\">\n\t\t\t<div class=\"elementor-widget-wrap elementor-element-populated\">\n\t\t\t\t\t\t<div class=\"elementor-element elementor-element-36a90d2 elementor-widget elementor-widget-spacer\" data-id=\"36a90d2\" data-element_type=\"widget\" data-e-type=\"widget\" data-widget_type=\"spacer.default\">\n\t\t\t\t<div class=\"elementor-widget-container\">\n\t\t\t\t\t\t\t<div class=\"elementor-spacer\">\n\t\t\t<div class=\"elementor-spacer-inner\"><\/div>\n\t\t<\/div>\n\t\t\t\t\t\t<\/div>\n\t\t\t\t<\/div>\n\t\t\t\t\t<\/div>\n\t\t<\/div>\n\t\t\t\t\t<\/div>\n\t\t<\/section>\n\t\t\t\t<section class=\"elementor-section elementor-top-section elementor-element elementor-element-bd5874c elementor-section-boxed elementor-section-height-default elementor-section-height-default\" data-id=\"bd5874c\" data-element_type=\"section\" data-e-type=\"section\">\n\t\t\t\t\t\t<div class=\"elementor-container elementor-column-gap-default\">\n\t\t\t\t\t<div class=\"elementor-column elementor-col-25 elementor-top-column elementor-element elementor-element-395f776\" data-id=\"395f776\" data-element_type=\"column\" data-e-type=\"column\">\n\t\t\t<div class=\"elementor-widget-wrap elementor-element-populated\">\n\t\t\t\t\t\t<div class=\"elementor-element elementor-element-67af2d9 elementor-widget elementor-widget-text-editor\" data-id=\"67af2d9\" data-element_type=\"widget\" data-e-type=\"widget\" data-widget_type=\"text-editor.default\">\n\t\t\t\t<div class=\"elementor-widget-container\">\n\t\t\t\t\t\t\t\t\t<p><strong>PSHPGLA900-AST<br \/>Recipiente de vidrio \u00e1mbar de alta precisi\u00f3n de 1000 ml para Sotax<\/strong><\/p><table id=\"kenmerktable\"><tbody><tr><td><strong>N\u00famero de producto \u00a0 \u00a0<\/strong><\/td><td>PSHPGLA900-AST<\/td><\/tr><tr><td><strong>Referencia OEM \u00a0 \u00a0<\/strong><\/td><td>Accesorios de disoluci\u00f3n producto innovado<\/td><\/tr><tr><td><strong>OEM \u00a0 \u00a0<\/strong><\/td><td>impuestos sotax<\/td><\/tr><tr><td><strong>Material \u00a0 \u00a0<\/strong><\/td><td>3.3 Vidrio de borosilicato<\/td><\/tr><tr><td><strong>Volumen \u00a0 \u00a0<\/strong><\/td><td>1000ml<\/td><\/tr><tr><td><strong>Color \u00a0 \u00a0<\/strong><\/td><td>\u00c1mbar<\/td><\/tr><tr><td><strong>Estilo de embarcaci\u00f3n \u00a0 \u00a0<\/strong><\/td><td>fondo redondo<\/td><\/tr><tr><td><strong>instrumento comp. \u00a0 \u00a0<\/strong><\/td><td>en, en7<\/td><\/tr><\/tbody><\/table><p>Caracter\u00edsticas clave:<\/p><ul><li>Amberizado para protecci\u00f3n contra UV<\/li><li>Se ajusta directamente al ba\u00f1o de disoluci\u00f3n sin el uso de anillos adaptadores.<\/li><li>Viene de serie con un certificado de cumplimiento individual que indica:<strong>&#8211;<\/strong>\u00a0N\u00famero de serie del recipiente<br \/><strong>&#8211;<\/strong>\u00a0Altura del recipiente<br \/><strong>&#8211;<\/strong>\u00a0Di\u00e1metro interior del recipiente a 45 mm, 70 mm y 95 mm<br \/><strong>&#8211;<\/strong>\u00a0Radio del recipiente<\/li><li>Cumple con las normas ASTM, USP, JP, EP, BP.<\/li><li>Reducir\u00e1 la variaci\u00f3n de los datos de disoluci\u00f3n.<\/li><\/ul><p>Fabricante: Dissolution Accessories<\/p>\t\t\t\t\t\t\t\t<\/div>\n\t\t\t\t<\/div>\n\t\t\t\t\t<\/div>\n\t\t<\/div>\n\t\t\t\t<div class=\"elementor-column elementor-col-25 elementor-top-column elementor-element elementor-element-22b88db\" data-id=\"22b88db\" data-element_type=\"column\" data-e-type=\"column\">\n\t\t\t<div class=\"elementor-widget-wrap elementor-element-populated\">\n\t\t\t\t\t\t<div class=\"elementor-element elementor-element-04e77bb elementor-widget elementor-widget-text-editor\" data-id=\"04e77bb\" data-element_type=\"widget\" data-e-type=\"widget\" data-widget_type=\"text-editor.default\">\n\t\t\t\t<div class=\"elementor-widget-container\">\n\t\t\t\t\t\t\t\t\t<p><strong>PSHPGLA900-ASTX<br \/>Recipiente de vidrio \u00e1mbar de alta precisi\u00f3n de 1000 ml para Sotax Xtend<\/strong><\/p><table id=\"kenmerktable\"><tbody><tr><td><strong>N\u00famero de producto \u00a0 \u00a0<\/strong><\/td><td>PSHPGLA900-ASTX<\/td><\/tr><tr><td><strong>Referencia OEM \u00a0 \u00a0<\/strong><\/td><td>Accesorios de disoluci\u00f3n producto innovado<\/td><\/tr><tr><td><strong>OEM \u00a0 \u00a0<\/strong><\/td><td>Sotax Xtend<\/td><\/tr><tr><td><strong>Material \u00a0 \u00a0<\/strong><\/td><td>3.3 Vidrio de borosilicato<\/td><\/tr><tr><td><strong>Volumen \u00a0 \u00a0<\/strong><\/td><td>1000ml<\/td><\/tr><tr><td><strong>Color \u00a0 \u00a0<\/strong><\/td><td>\u00c1mbar<\/td><\/tr><tr><td><strong>Estilo de embarcaci\u00f3n \u00a0 \u00a0<\/strong><\/td><td>fondo redondo<\/td><\/tr><\/tbody><\/table><p>Caracter\u00edsticas clave:<\/p><ul><li>Se ajusta directamente al ba\u00f1o de disoluci\u00f3n sin el uso de anillos adaptadores.<\/li><li>Viene de serie con un certificado de cumplimiento individual que indica:<strong>&#8211;<\/strong>\u00a0N\u00famero de serie del recipiente<br \/><strong>&#8211;<\/strong>\u00a0Altura del recipiente<br \/><strong>&#8211;<\/strong>\u00a0Di\u00e1metro interior del recipiente a 45 mm, 70 mm y 95 mm<br \/><strong>&#8211;<\/strong>\u00a0Radio del recipiente<\/li><li>Cumple con las normas ASTM, USP, JP, EP, BP.<\/li><li>Reducir\u00e1 la variaci\u00f3n de los datos de disoluci\u00f3n.<\/li><\/ul><p>Fabricante: Dissolution Accessories<\/p>\t\t\t\t\t\t\t\t<\/div>\n\t\t\t\t<\/div>\n\t\t\t\t\t<\/div>\n\t\t<\/div>\n\t\t\t\t<div class=\"elementor-column elementor-col-25 elementor-top-column elementor-element elementor-element-4c57997\" data-id=\"4c57997\" data-element_type=\"column\" data-e-type=\"column\">\n\t\t\t<div class=\"elementor-widget-wrap elementor-element-populated\">\n\t\t\t\t\t\t<div class=\"elementor-element elementor-element-5e60eb1 elementor-widget elementor-widget-text-editor\" data-id=\"5e60eb1\" data-element_type=\"widget\" data-e-type=\"widget\" data-widget_type=\"text-editor.default\">\n\t\t\t\t<div class=\"elementor-widget-container\">\n\t\t\t\t\t\t\t\t\t<p><strong>PSHPGLA900-ST<br \/>Recipiente de vidrio transparente de alta precisi\u00f3n de 1000 ml para Sotax<\/strong><\/p><table id=\"kenmerktable\"><tbody><tr><td><strong>N\u00famero de producto \u00a0 \u00a0<\/strong><\/td><td>PSHPGLA900-ST<\/td><\/tr><tr><td><strong>Referencia OEM \u00a0 \u00a0<\/strong><\/td><td>Accesorios de disoluci\u00f3n producto innovado<\/td><\/tr><tr><td><strong>OEM \u00a0 \u00a0<\/strong><\/td><td>impuestos sotax<\/td><\/tr><tr><td><strong>Material \u00a0 \u00a0<\/strong><\/td><td>3.3 Vidrio de borosilicato<\/td><\/tr><tr><td><strong>Volumen \u00a0 \u00a0<\/strong><\/td><td>1000ml<\/td><\/tr><tr><td><strong>Color \u00a0 \u00a0<\/strong><\/td><td>Claro<\/td><\/tr><tr><td><strong>Estilo de embarcaci\u00f3n \u00a0 \u00a0<\/strong><\/td><td>fondo redondo<\/td><\/tr><tr><td><strong>instrumento comp. \u00a0 \u00a0<\/strong><\/td><td>en, en7<\/td><\/tr><\/tbody><\/table><p>Caracter\u00edsticas clave:<\/p><ul><li>Se ajusta directamente al ba\u00f1o de disoluci\u00f3n sin el uso de anillos adaptadores.<\/li><li>Viene de serie con un certificado de cumplimiento individual que indica:<strong>&#8211;<\/strong>\u00a0N\u00famero de serie del recipiente<br \/><strong>&#8211;<\/strong>\u00a0Altura del recipiente<br \/><strong>&#8211;<\/strong>\u00a0Di\u00e1metro interior del recipiente a 45 mm, 70 mm y 95 mm<br \/><strong>&#8211;<\/strong>\u00a0Radio del recipiente<\/li><li>Cumple con las normas ASTM, USP, JP, EP, BP.<\/li><li>Reducir\u00e1 la variaci\u00f3n de los datos de disoluci\u00f3n.<\/li><\/ul><p>Fabricante: Dissolution Accessories<\/p>\t\t\t\t\t\t\t\t<\/div>\n\t\t\t\t<\/div>\n\t\t\t\t\t<\/div>\n\t\t<\/div>\n\t\t\t\t<div class=\"elementor-column elementor-col-25 elementor-top-column elementor-element elementor-element-845d864\" data-id=\"845d864\" data-element_type=\"column\" data-e-type=\"column\">\n\t\t\t<div class=\"elementor-widget-wrap elementor-element-populated\">\n\t\t\t\t\t\t<div class=\"elementor-element elementor-element-888bd98 elementor-widget elementor-widget-text-editor\" data-id=\"888bd98\" data-element_type=\"widget\" data-e-type=\"widget\" data-widget_type=\"text-editor.default\">\n\t\t\t\t<div class=\"elementor-widget-container\">\n\t\t\t\t\t\t\t\t\t<p><strong>PSHPGLA900-STX<br \/>Recipiente de vidrio transparente de alta precisi\u00f3n de 1000 ml para Sotax Xtend<\/strong><\/p><table id=\"kenmerktable\"><tbody><tr><td><strong>N\u00famero de producto \u00a0 \u00a0<\/strong><\/td><td>PSHPGLA900-STX<\/td><\/tr><tr><td><strong>Referencia OEM \u00a0 \u00a0<\/strong><\/td><td>Accesorios de disoluci\u00f3n producto innovado<\/td><\/tr><tr><td><strong>OEM \u00a0 \u00a0<\/strong><\/td><td>Sotax Xtend<\/td><\/tr><tr><td><strong>Material \u00a0 \u00a0<\/strong><\/td><td>3.3 Vidrio de borosilicato<\/td><\/tr><tr><td><strong>Volumen \u00a0 \u00a0<\/strong><\/td><td>1000ml<\/td><\/tr><tr><td><strong>Color \u00a0 \u00a0<\/strong><\/td><td>Claro<\/td><\/tr><tr><td><strong>Estilo de embarcaci\u00f3n \u00a0 \u00a0<\/strong><\/td><td>fondo redondo<\/td><\/tr><\/tbody><\/table><p>Caracter\u00edsticas clave:<\/p><ul><li>Se ajusta directamente al ba\u00f1o de disoluci\u00f3n sin el uso de anillos adaptadores.<\/li><li>Viene de serie con un certificado de cumplimiento individual que indica:<strong>&#8211;<\/strong>\u00a0N\u00famero de serie del recipiente<br \/><strong>&#8211;<\/strong>\u00a0Altura del recipiente<br \/><strong>&#8211;<\/strong>\u00a0Di\u00e1metro interior del recipiente a 45 mm, 70 mm y 95 mm<br \/><strong>&#8211;<\/strong>\u00a0Radio del recipiente<\/li><li>Cumple con las normas ASTM, USP, JP, EP, BP.<\/li><li>Reducir\u00e1 la variaci\u00f3n de los datos de disoluci\u00f3n.<br \/>Fabricante: Dissolution Accessories<\/li><\/ul>\t\t\t\t\t\t\t\t<\/div>\n\t\t\t\t<\/div>\n\t\t\t\t\t<\/div>\n\t\t<\/div>\n\t\t\t\t\t<\/div>\n\t\t<\/section>\n\t\t\t\t<section class=\"elementor-section elementor-top-section elementor-element elementor-element-a38b71f elementor-section-boxed elementor-section-height-default elementor-section-height-default\" data-id=\"a38b71f\" data-element_type=\"section\" data-e-type=\"section\">\n\t\t\t\t\t\t<div class=\"elementor-container elementor-column-gap-default\">\n\t\t\t\t\t<div class=\"elementor-column elementor-col-25 elementor-top-column elementor-element elementor-element-f7e1371\" data-id=\"f7e1371\" data-element_type=\"column\" data-e-type=\"column\">\n\t\t\t<div class=\"elementor-widget-wrap elementor-element-populated\">\n\t\t\t\t\t\t<div class=\"elementor-element elementor-element-da3cf3f elementor-widget elementor-widget-image\" data-id=\"da3cf3f\" data-element_type=\"widget\" data-e-type=\"widget\" data-widget_type=\"image.default\">\n\t\t\t\t<div class=\"elementor-widget-container\">\n\t\t\t\t\t\t\t\t\t\t\t\t\t\t\t<img decoding=\"async\" width=\"500\" height=\"333\" src=\"https:\/\/valitec.co\/sitioweb\/wp-content\/uploads\/2023\/04\/14-1.jpg\" class=\"attachment-large size-large wp-image-3528\" alt=\"\" srcset=\"https:\/\/valitec.co\/sitioweb\/wp-content\/uploads\/2023\/04\/14-1.jpg 500w, https:\/\/valitec.co\/sitioweb\/wp-content\/uploads\/2023\/04\/14-1-300x200.jpg 300w, https:\/\/valitec.co\/sitioweb\/wp-content\/uploads\/2023\/04\/14-1-81x54.jpg 81w\" sizes=\"(max-width: 500px) 100vw, 500px\" \/>\t\t\t\t\t\t\t\t\t\t\t\t\t\t\t<\/div>\n\t\t\t\t<\/div>\n\t\t\t\t\t<\/div>\n\t\t<\/div>\n\t\t\t\t<div class=\"elementor-column elementor-col-25 elementor-top-column elementor-element elementor-element-8abe1f1\" data-id=\"8abe1f1\" data-element_type=\"column\" data-e-type=\"column\">\n\t\t\t<div class=\"elementor-widget-wrap elementor-element-populated\">\n\t\t\t\t\t\t<div class=\"elementor-element elementor-element-6e20d02 elementor-widget elementor-widget-image\" data-id=\"6e20d02\" data-element_type=\"widget\" data-e-type=\"widget\" data-widget_type=\"image.default\">\n\t\t\t\t<div class=\"elementor-widget-container\">\n\t\t\t\t\t\t\t\t\t\t\t\t\t\t\t<img decoding=\"async\" width=\"500\" height=\"333\" src=\"https:\/\/valitec.co\/sitioweb\/wp-content\/uploads\/2023\/04\/15-1.jpg\" class=\"attachment-large size-large wp-image-3529\" alt=\"\" srcset=\"https:\/\/valitec.co\/sitioweb\/wp-content\/uploads\/2023\/04\/15-1.jpg 500w, https:\/\/valitec.co\/sitioweb\/wp-content\/uploads\/2023\/04\/15-1-300x200.jpg 300w, https:\/\/valitec.co\/sitioweb\/wp-content\/uploads\/2023\/04\/15-1-81x54.jpg 81w\" sizes=\"(max-width: 500px) 100vw, 500px\" \/>\t\t\t\t\t\t\t\t\t\t\t\t\t\t\t<\/div>\n\t\t\t\t<\/div>\n\t\t\t\t\t<\/div>\n\t\t<\/div>\n\t\t\t\t<div class=\"elementor-column elementor-col-25 elementor-top-column elementor-element elementor-element-b55acae\" data-id=\"b55acae\" data-element_type=\"column\" data-e-type=\"column\">\n\t\t\t<div class=\"elementor-widget-wrap elementor-element-populated\">\n\t\t\t\t\t\t<div class=\"elementor-element elementor-element-e9fca68 elementor-widget elementor-widget-image\" data-id=\"e9fca68\" data-element_type=\"widget\" data-e-type=\"widget\" data-widget_type=\"image.default\">\n\t\t\t\t<div class=\"elementor-widget-container\">\n\t\t\t\t\t\t\t\t\t\t\t\t\t\t\t<img loading=\"lazy\" decoding=\"async\" width=\"500\" height=\"333\" src=\"https:\/\/valitec.co\/sitioweb\/wp-content\/uploads\/2023\/04\/16-1.jpg\" class=\"attachment-large size-large wp-image-3531\" alt=\"\" srcset=\"https:\/\/valitec.co\/sitioweb\/wp-content\/uploads\/2023\/04\/16-1.jpg 500w, https:\/\/valitec.co\/sitioweb\/wp-content\/uploads\/2023\/04\/16-1-300x200.jpg 300w, https:\/\/valitec.co\/sitioweb\/wp-content\/uploads\/2023\/04\/16-1-81x54.jpg 81w\" sizes=\"(max-width: 500px) 100vw, 500px\" \/>\t\t\t\t\t\t\t\t\t\t\t\t\t\t\t<\/div>\n\t\t\t\t<\/div>\n\t\t\t\t\t<\/div>\n\t\t<\/div>\n\t\t\t\t<div class=\"elementor-column elementor-col-25 elementor-top-column elementor-element elementor-element-9870e0a\" data-id=\"9870e0a\" data-element_type=\"column\" data-e-type=\"column\">\n\t\t\t<div class=\"elementor-widget-wrap elementor-element-populated\">\n\t\t\t\t\t\t<div class=\"elementor-element elementor-element-faddd4e elementor-widget elementor-widget-image\" data-id=\"faddd4e\" data-element_type=\"widget\" data-e-type=\"widget\" data-widget_type=\"image.default\">\n\t\t\t\t<div class=\"elementor-widget-container\">\n\t\t\t\t\t\t\t\t\t\t\t\t\t\t\t<img loading=\"lazy\" decoding=\"async\" width=\"500\" height=\"333\" src=\"https:\/\/valitec.co\/sitioweb\/wp-content\/uploads\/2023\/04\/17-1.jpg\" class=\"attachment-large size-large wp-image-3532\" alt=\"\" srcset=\"https:\/\/valitec.co\/sitioweb\/wp-content\/uploads\/2023\/04\/17-1.jpg 500w, https:\/\/valitec.co\/sitioweb\/wp-content\/uploads\/2023\/04\/17-1-300x200.jpg 300w, https:\/\/valitec.co\/sitioweb\/wp-content\/uploads\/2023\/04\/17-1-81x54.jpg 81w\" sizes=\"(max-width: 500px) 100vw, 500px\" \/>\t\t\t\t\t\t\t\t\t\t\t\t\t\t\t<\/div>\n\t\t\t\t<\/div>\n\t\t\t\t\t<\/div>\n\t\t<\/div>\n\t\t\t\t\t<\/div>\n\t\t<\/section>\n\t\t\t\t<\/div>\n\t\t","protected":false},"excerpt":{"rendered":"<p>Compatible con Sotax Recipientes de alta precisi\u00f3n &#8211; USP&nbsp;Recipientes de la m\u00e1s alta especificaci\u00f3n, con esfericidad precisa, circularidad, concentricidad de la superficie interna, centro vertical y geometr\u00eda uniforme.&nbsp;Reduce las variaciones en los resultados de disoluci\u00f3n y crea mejores condiciones para pasar la USP PVT (Prueba de Verificaci\u00f3n de Desempe\u00f1o) en la Etapa 1. PSHPGLA900-AST Recipiente<\/p>\n<div class=\"klb-readmore\"><a class=\"c-btn\" href=\"https:\/\/valitec.co\/sitioweb\/recipientes-de-alta-precision-sotax\/\">Read More <i class=\"far fa-plus\"><\/i><\/a><\/div>\n","protected":false},"author":1,"featured_media":0,"parent":0,"menu_order":0,"comment_status":"closed","ping_status":"closed","template":"","meta":{"_eb_attr":"","footnotes":""},"class_list":["post-3526","page","type-page","status-publish","hentry"],"_links":{"self":[{"href":"https:\/\/valitec.co\/sitioweb\/wp-json\/wp\/v2\/pages\/3526","targetHints":{"allow":["GET"]}}],"collection":[{"href":"https:\/\/valitec.co\/sitioweb\/wp-json\/wp\/v2\/pages"}],"about":[{"href":"https:\/\/valitec.co\/sitioweb\/wp-json\/wp\/v2\/types\/page"}],"author":[{"embeddable":true,"href":"https:\/\/valitec.co\/sitioweb\/wp-json\/wp\/v2\/users\/1"}],"replies":[{"embeddable":true,"href":"https:\/\/valitec.co\/sitioweb\/wp-json\/wp\/v2\/comments?post=3526"}],"version-history":[{"count":5,"href":"https:\/\/valitec.co\/sitioweb\/wp-json\/wp\/v2\/pages\/3526\/revisions"}],"predecessor-version":[{"id":3536,"href":"https:\/\/valitec.co\/sitioweb\/wp-json\/wp\/v2\/pages\/3526\/revisions\/3536"}],"wp:attachment":[{"href":"https:\/\/valitec.co\/sitioweb\/wp-json\/wp\/v2\/media?parent=3526"}],"curies":[{"name":"wp","href":"https:\/\/api.w.org\/{rel}","templated":true}]}}