{"id":3520,"date":"2023-04-05T14:41:17","date_gmt":"2023-04-05T14:41:17","guid":{"rendered":"https:\/\/valitec.co\/sitioweb\/?page_id=3520"},"modified":"2023-04-05T14:45:00","modified_gmt":"2023-04-05T14:45:00","slug":"recipientes-de-alta-precision-pharmatest","status":"publish","type":"page","link":"https:\/\/valitec.co\/sitioweb\/recipientes-de-alta-precision-pharmatest\/","title":{"rendered":"Recipientes de alta precisi\u00f3n Pharmatest"},"content":{"rendered":"\t\t<div data-elementor-type=\"wp-page\" data-elementor-id=\"3520\" class=\"elementor elementor-3520\" data-elementor-post-type=\"page\">\n\t\t\t\t\t\t<section class=\"elementor-section elementor-top-section elementor-element elementor-element-4135834 elementor-section-boxed elementor-section-height-default elementor-section-height-default\" data-id=\"4135834\" data-element_type=\"section\" data-e-type=\"section\">\n\t\t\t\t\t\t<div class=\"elementor-container elementor-column-gap-default\">\n\t\t\t\t\t<div class=\"elementor-column elementor-col-100 elementor-top-column elementor-element elementor-element-67378e7\" data-id=\"67378e7\" data-element_type=\"column\" data-e-type=\"column\">\n\t\t\t<div class=\"elementor-widget-wrap elementor-element-populated\">\n\t\t\t\t\t\t<div class=\"elementor-element elementor-element-e25b19e elementor-position-top elementor-widget elementor-widget-image-box\" data-id=\"e25b19e\" data-element_type=\"widget\" data-e-type=\"widget\" data-widget_type=\"image-box.default\">\n\t\t\t\t<div class=\"elementor-widget-container\">\n\t\t\t\t\t<div class=\"elementor-image-box-wrapper\"><figure class=\"elementor-image-box-img\"><img fetchpriority=\"high\" decoding=\"async\" width=\"500\" height=\"333\" src=\"https:\/\/valitec.co\/sitioweb\/wp-content\/uploads\/2023\/04\/8-2.jpg\" class=\"attachment-full size-full wp-image-3481\" alt=\"\" srcset=\"https:\/\/valitec.co\/sitioweb\/wp-content\/uploads\/2023\/04\/8-2.jpg 500w, https:\/\/valitec.co\/sitioweb\/wp-content\/uploads\/2023\/04\/8-2-300x200.jpg 300w, https:\/\/valitec.co\/sitioweb\/wp-content\/uploads\/2023\/04\/8-2-81x54.jpg 81w\" sizes=\"(max-width: 500px) 100vw, 500px\" \/><\/figure><div class=\"elementor-image-box-content\"><h3 class=\"elementor-image-box-title\">Compatible con Pharmatest<\/h3><\/div><\/div>\t\t\t\t<\/div>\n\t\t\t\t<\/div>\n\t\t\t\t\t<\/div>\n\t\t<\/div>\n\t\t\t\t\t<\/div>\n\t\t<\/section>\n\t\t\t\t<section class=\"elementor-section elementor-top-section elementor-element elementor-element-b9662d7 elementor-section-boxed elementor-section-height-default elementor-section-height-default\" data-id=\"b9662d7\" data-element_type=\"section\" data-e-type=\"section\">\n\t\t\t\t\t\t<div class=\"elementor-container elementor-column-gap-default\">\n\t\t\t\t\t<div class=\"elementor-column elementor-col-100 elementor-top-column elementor-element elementor-element-670e8b5\" data-id=\"670e8b5\" data-element_type=\"column\" data-e-type=\"column\">\n\t\t\t<div class=\"elementor-widget-wrap elementor-element-populated\">\n\t\t\t\t\t\t<div class=\"elementor-element elementor-element-6ee4225 elementor-widget elementor-widget-spacer\" data-id=\"6ee4225\" data-element_type=\"widget\" data-e-type=\"widget\" data-widget_type=\"spacer.default\">\n\t\t\t\t<div class=\"elementor-widget-container\">\n\t\t\t\t\t\t\t<div class=\"elementor-spacer\">\n\t\t\t<div class=\"elementor-spacer-inner\"><\/div>\n\t\t<\/div>\n\t\t\t\t\t\t<\/div>\n\t\t\t\t<\/div>\n\t\t\t\t\t<\/div>\n\t\t<\/div>\n\t\t\t\t\t<\/div>\n\t\t<\/section>\n\t\t\t\t<section class=\"elementor-section elementor-top-section elementor-element elementor-element-69e7fb3 elementor-section-boxed elementor-section-height-default elementor-section-height-default\" data-id=\"69e7fb3\" data-element_type=\"section\" data-e-type=\"section\">\n\t\t\t\t\t\t<div class=\"elementor-container elementor-column-gap-default\">\n\t\t\t\t\t<div class=\"elementor-column elementor-col-100 elementor-top-column elementor-element elementor-element-8c56011\" data-id=\"8c56011\" data-element_type=\"column\" data-e-type=\"column\">\n\t\t\t<div class=\"elementor-widget-wrap elementor-element-populated\">\n\t\t\t\t\t\t<div class=\"elementor-element elementor-element-0e53af3 elementor-widget elementor-widget-text-editor\" data-id=\"0e53af3\" data-element_type=\"widget\" data-e-type=\"widget\" data-widget_type=\"text-editor.default\">\n\t\t\t\t<div class=\"elementor-widget-container\">\n\t\t\t\t\t\t\t\t\t<p><strong><span>Recipientes de alta precisi\u00f3n &#8211; USP<\/span><\/strong><span>\u00a0Recipientes de la m\u00e1s alta especificaci\u00f3n, con esfericidad precisa, circularidad, concentricidad de la superficie interna, centro vertical y geometr\u00eda uniforme.\u00a0Reduce las variaciones en los resultados de disoluci\u00f3n y crea mejores condiciones para pasar la USP PVT (Prueba de Verificaci\u00f3n de Desempe\u00f1o) en la Etapa 1<\/span><\/p>\t\t\t\t\t\t\t\t<\/div>\n\t\t\t\t<\/div>\n\t\t\t\t\t<\/div>\n\t\t<\/div>\n\t\t\t\t\t<\/div>\n\t\t<\/section>\n\t\t\t\t<section class=\"elementor-section elementor-top-section elementor-element elementor-element-cacd851 elementor-section-boxed elementor-section-height-default elementor-section-height-default\" data-id=\"cacd851\" data-element_type=\"section\" data-e-type=\"section\">\n\t\t\t\t\t\t<div class=\"elementor-container elementor-column-gap-default\">\n\t\t\t\t\t<div class=\"elementor-column elementor-col-100 elementor-top-column elementor-element elementor-element-8240f68\" data-id=\"8240f68\" data-element_type=\"column\" data-e-type=\"column\">\n\t\t\t<div class=\"elementor-widget-wrap elementor-element-populated\">\n\t\t\t\t\t\t<div class=\"elementor-element elementor-element-dde1262 elementor-widget elementor-widget-spacer\" data-id=\"dde1262\" data-element_type=\"widget\" data-e-type=\"widget\" data-widget_type=\"spacer.default\">\n\t\t\t\t<div class=\"elementor-widget-container\">\n\t\t\t\t\t\t\t<div class=\"elementor-spacer\">\n\t\t\t<div class=\"elementor-spacer-inner\"><\/div>\n\t\t<\/div>\n\t\t\t\t\t\t<\/div>\n\t\t\t\t<\/div>\n\t\t\t\t\t<\/div>\n\t\t<\/div>\n\t\t\t\t\t<\/div>\n\t\t<\/section>\n\t\t\t\t<section class=\"elementor-section elementor-top-section elementor-element elementor-element-ec587bd elementor-section-boxed elementor-section-height-default elementor-section-height-default\" data-id=\"ec587bd\" data-element_type=\"section\" data-e-type=\"section\">\n\t\t\t\t\t\t<div class=\"elementor-container elementor-column-gap-default\">\n\t\t\t\t\t<div class=\"elementor-column elementor-col-50 elementor-top-column elementor-element elementor-element-2926823\" data-id=\"2926823\" data-element_type=\"column\" data-e-type=\"column\">\n\t\t\t<div class=\"elementor-widget-wrap elementor-element-populated\">\n\t\t\t\t\t\t<div class=\"elementor-element elementor-element-08724ba elementor-widget elementor-widget-text-editor\" data-id=\"08724ba\" data-element_type=\"widget\" data-e-type=\"widget\" data-widget_type=\"text-editor.default\">\n\t\t\t\t<div class=\"elementor-widget-container\">\n\t\t\t\t\t\t\t\t\t<p><strong>PSHPGLA900-APT<br \/>Recipiente de vidrio \u00e1mbar de alta precisi\u00f3n de 1000 ml para Pharmatest<\/strong><\/p><table id=\"kenmerktable\"><tbody><tr><td><strong>N\u00famero de producto \u00a0 \u00a0<\/strong><\/td><td>PSHPGLA900-APT<\/td><\/tr><tr><td><strong>Referencia OEM \u00a0 \u00a0<\/strong><\/td><td>Accesorios de disoluci\u00f3n producto innovado<\/td><\/tr><tr><td><strong>OEM \u00a0 \u00a0<\/strong><\/td><td>Farmatest<\/td><\/tr><tr><td><strong>Material \u00a0 \u00a0<\/strong><\/td><td>3.3 Vidrio de borosilicato<\/td><\/tr><tr><td><strong>Volumen \u00a0 \u00a0<\/strong><\/td><td>1000ml<\/td><\/tr><tr><td><strong>Color \u00a0 \u00a0<\/strong><\/td><td>\u00c1mbar<\/td><\/tr><tr><td><strong>Estilo de embarcaci\u00f3n \u00a0 \u00a0<\/strong><\/td><td>fondo redondo<\/td><\/tr><\/tbody><\/table><p>Caracter\u00edsticas clave:<\/p><ul><li>Amberizado para protecci\u00f3n contra UV<\/li><li>Se ajusta directamente al ba\u00f1o de disoluci\u00f3n sin el uso de anillos adaptadores.<\/li><li>Viene de serie con un certificado de cumplimiento individual que indica:<strong>&#8211;<\/strong>\u00a0N\u00famero de serie del recipiente<br \/><strong>&#8211;<\/strong>\u00a0Altura del recipiente<br \/><strong>&#8211;<\/strong>\u00a0Di\u00e1metro interior del recipiente a 45 mm, 70 mm y 95 mm<br \/><strong>&#8211;<\/strong>\u00a0Radio del recipiente<\/li><li>Cumple con las normas ASTM, USP, JP, EP, BP.<\/li><li>Reducir\u00e1 la variaci\u00f3n de los datos de disoluci\u00f3n.<\/li><\/ul><p>Fabricante: Dissolution Accessories<\/p>\t\t\t\t\t\t\t\t<\/div>\n\t\t\t\t<\/div>\n\t\t\t\t\t<\/div>\n\t\t<\/div>\n\t\t\t\t<div class=\"elementor-column elementor-col-50 elementor-top-column elementor-element elementor-element-693bf54\" data-id=\"693bf54\" data-element_type=\"column\" data-e-type=\"column\">\n\t\t\t<div class=\"elementor-widget-wrap elementor-element-populated\">\n\t\t\t\t\t\t<div class=\"elementor-element elementor-element-ab43462 elementor-widget elementor-widget-text-editor\" data-id=\"ab43462\" data-element_type=\"widget\" data-e-type=\"widget\" data-widget_type=\"text-editor.default\">\n\t\t\t\t<div class=\"elementor-widget-container\">\n\t\t\t\t\t\t\t\t\t<p><strong>PSHPGLA900-PT<br \/>Recipiente de vidrio transparente de alta precisi\u00f3n de 1000 ml para Pharmatest<\/strong><\/p><table id=\"kenmerktable\"><tbody><tr><td><strong>N\u00famero de producto \u00a0 \u00a0<\/strong><\/td><td>PSHPGLA900-PT<\/td><\/tr><tr><td><strong>Referencia OEM \u00a0 \u00a0<\/strong><\/td><td>Accesorios de disoluci\u00f3n producto innovado<\/td><\/tr><tr><td><strong>OEM \u00a0 \u00a0<\/strong><\/td><td>Farmatest<\/td><\/tr><tr><td><strong>Material \u00a0 \u00a0<\/strong><\/td><td>3.3 Vidrio de borosilicato<\/td><\/tr><tr><td><strong>Volumen \u00a0 \u00a0<\/strong><\/td><td>1000ml<\/td><\/tr><tr><td><strong>Color \u00a0 \u00a0<\/strong><\/td><td>Claro<\/td><\/tr><tr><td><strong>Estilo de embarcaci\u00f3n \u00a0 \u00a0<\/strong><\/td><td>fondo redondo<\/td><\/tr><\/tbody><\/table><p>Caracter\u00edsticas clave:<\/p><ul><li>Se ajusta directamente al ba\u00f1o de disoluci\u00f3n sin el uso de anillos adaptadores.<\/li><li>Viene de serie con un certificado de cumplimiento individual que indica:<strong>&#8211;<\/strong>\u00a0N\u00famero de serie del recipiente<br \/><strong>&#8211;<\/strong>\u00a0Altura del recipiente<br \/><strong>&#8211;<\/strong>\u00a0Di\u00e1metro interior del recipiente a 45 mm, 70 mm y 95 mm<br \/><strong>&#8211;<\/strong>\u00a0Radio del recipiente<\/li><li>Cumple con las normas ASTM, USP, JP, EP, BP.<\/li><li>Reducir\u00e1 la variaci\u00f3n de los datos de disoluci\u00f3n.<\/li><\/ul><p>Dissolution Accessories<\/p>\t\t\t\t\t\t\t\t<\/div>\n\t\t\t\t<\/div>\n\t\t\t\t\t<\/div>\n\t\t<\/div>\n\t\t\t\t\t<\/div>\n\t\t<\/section>\n\t\t\t\t<section class=\"elementor-section elementor-top-section elementor-element elementor-element-ef09357 elementor-section-boxed elementor-section-height-default elementor-section-height-default\" data-id=\"ef09357\" data-element_type=\"section\" data-e-type=\"section\">\n\t\t\t\t\t\t<div class=\"elementor-container elementor-column-gap-default\">\n\t\t\t\t\t<div class=\"elementor-column elementor-col-50 elementor-top-column elementor-element elementor-element-a9dfe0f\" data-id=\"a9dfe0f\" data-element_type=\"column\" data-e-type=\"column\">\n\t\t\t<div class=\"elementor-widget-wrap elementor-element-populated\">\n\t\t\t\t\t\t<div class=\"elementor-element elementor-element-3e335b3 elementor-widget elementor-widget-image\" data-id=\"3e335b3\" data-element_type=\"widget\" data-e-type=\"widget\" data-widget_type=\"image.default\">\n\t\t\t\t<div class=\"elementor-widget-container\">\n\t\t\t\t\t\t\t\t\t\t\t\t\t\t\t<img decoding=\"async\" width=\"300\" height=\"200\" src=\"https:\/\/valitec.co\/sitioweb\/wp-content\/uploads\/2023\/04\/7-2-300x200.jpg\" class=\"attachment-medium size-medium wp-image-3480\" alt=\"\" srcset=\"https:\/\/valitec.co\/sitioweb\/wp-content\/uploads\/2023\/04\/7-2-300x200.jpg 300w, https:\/\/valitec.co\/sitioweb\/wp-content\/uploads\/2023\/04\/7-2-81x54.jpg 81w, https:\/\/valitec.co\/sitioweb\/wp-content\/uploads\/2023\/04\/7-2.jpg 500w\" sizes=\"(max-width: 300px) 100vw, 300px\" \/>\t\t\t\t\t\t\t\t\t\t\t\t\t\t\t<\/div>\n\t\t\t\t<\/div>\n\t\t\t\t\t<\/div>\n\t\t<\/div>\n\t\t\t\t<div class=\"elementor-column elementor-col-50 elementor-top-column elementor-element elementor-element-7a22435\" data-id=\"7a22435\" data-element_type=\"column\" data-e-type=\"column\">\n\t\t\t<div class=\"elementor-widget-wrap elementor-element-populated\">\n\t\t\t\t\t\t<div class=\"elementor-element elementor-element-415021e elementor-widget elementor-widget-image\" data-id=\"415021e\" data-element_type=\"widget\" data-e-type=\"widget\" data-widget_type=\"image.default\">\n\t\t\t\t<div class=\"elementor-widget-container\">\n\t\t\t\t\t\t\t\t\t\t\t\t\t\t\t<img decoding=\"async\" width=\"300\" height=\"200\" src=\"https:\/\/valitec.co\/sitioweb\/wp-content\/uploads\/2023\/04\/8-2-300x200.jpg\" class=\"attachment-medium size-medium wp-image-3481\" alt=\"\" srcset=\"https:\/\/valitec.co\/sitioweb\/wp-content\/uploads\/2023\/04\/8-2-300x200.jpg 300w, https:\/\/valitec.co\/sitioweb\/wp-content\/uploads\/2023\/04\/8-2-81x54.jpg 81w, https:\/\/valitec.co\/sitioweb\/wp-content\/uploads\/2023\/04\/8-2.jpg 500w\" sizes=\"(max-width: 300px) 100vw, 300px\" \/>\t\t\t\t\t\t\t\t\t\t\t\t\t\t\t<\/div>\n\t\t\t\t<\/div>\n\t\t\t\t\t<\/div>\n\t\t<\/div>\n\t\t\t\t\t<\/div>\n\t\t<\/section>\n\t\t\t\t<\/div>\n\t\t","protected":false},"excerpt":{"rendered":"<p>Compatible con Pharmatest Recipientes de alta precisi\u00f3n &#8211; USP&nbsp;Recipientes de la m\u00e1s alta especificaci\u00f3n, con esfericidad precisa, circularidad, concentricidad de la superficie interna, centro vertical y geometr\u00eda uniforme.&nbsp;Reduce las variaciones en los resultados de disoluci\u00f3n y crea mejores condiciones para pasar la USP PVT (Prueba de Verificaci\u00f3n de Desempe\u00f1o) en la Etapa 1 PSHPGLA900-APT Recipiente<\/p>\n<div class=\"klb-readmore\"><a class=\"c-btn\" href=\"https:\/\/valitec.co\/sitioweb\/recipientes-de-alta-precision-pharmatest\/\">Read More <i class=\"far fa-plus\"><\/i><\/a><\/div>\n","protected":false},"author":1,"featured_media":0,"parent":0,"menu_order":0,"comment_status":"closed","ping_status":"closed","template":"","meta":{"_eb_attr":"","footnotes":""},"class_list":["post-3520","page","type-page","status-publish","hentry"],"_links":{"self":[{"href":"https:\/\/valitec.co\/sitioweb\/wp-json\/wp\/v2\/pages\/3520","targetHints":{"allow":["GET"]}}],"collection":[{"href":"https:\/\/valitec.co\/sitioweb\/wp-json\/wp\/v2\/pages"}],"about":[{"href":"https:\/\/valitec.co\/sitioweb\/wp-json\/wp\/v2\/types\/page"}],"author":[{"embeddable":true,"href":"https:\/\/valitec.co\/sitioweb\/wp-json\/wp\/v2\/users\/1"}],"replies":[{"embeddable":true,"href":"https:\/\/valitec.co\/sitioweb\/wp-json\/wp\/v2\/comments?post=3520"}],"version-history":[{"count":5,"href":"https:\/\/valitec.co\/sitioweb\/wp-json\/wp\/v2\/pages\/3520\/revisions"}],"predecessor-version":[{"id":3525,"href":"https:\/\/valitec.co\/sitioweb\/wp-json\/wp\/v2\/pages\/3520\/revisions\/3525"}],"wp:attachment":[{"href":"https:\/\/valitec.co\/sitioweb\/wp-json\/wp\/v2\/media?parent=3520"}],"curies":[{"name":"wp","href":"https:\/\/api.w.org\/{rel}","templated":true}]}}