{"id":3514,"date":"2023-04-05T14:28:08","date_gmt":"2023-04-05T14:28:08","guid":{"rendered":"https:\/\/valitec.co\/sitioweb\/?page_id=3514"},"modified":"2023-04-05T14:36:51","modified_gmt":"2023-04-05T14:36:51","slug":"recipientes-de-alta-precision-logan","status":"publish","type":"page","link":"https:\/\/valitec.co\/sitioweb\/recipientes-de-alta-precision-logan\/","title":{"rendered":"Recipientes de alta precisi\u00f3n Logan"},"content":{"rendered":"\t\t<div data-elementor-type=\"wp-page\" data-elementor-id=\"3514\" class=\"elementor elementor-3514\" data-elementor-post-type=\"page\">\n\t\t\t\t\t\t<section class=\"elementor-section elementor-top-section elementor-element elementor-element-1963898 elementor-section-boxed elementor-section-height-default elementor-section-height-default\" data-id=\"1963898\" data-element_type=\"section\" data-e-type=\"section\">\n\t\t\t\t\t\t<div class=\"elementor-container elementor-column-gap-default\">\n\t\t\t\t\t<div class=\"elementor-column elementor-col-100 elementor-top-column elementor-element elementor-element-b855d2e\" data-id=\"b855d2e\" data-element_type=\"column\" data-e-type=\"column\">\n\t\t\t<div class=\"elementor-widget-wrap elementor-element-populated\">\n\t\t\t\t\t\t<div class=\"elementor-element elementor-element-31c5d47 elementor-position-top elementor-widget elementor-widget-image-box\" data-id=\"31c5d47\" data-element_type=\"widget\" data-e-type=\"widget\" data-widget_type=\"image-box.default\">\n\t\t\t\t<div class=\"elementor-widget-container\">\n\t\t\t\t\t<div class=\"elementor-image-box-wrapper\"><figure class=\"elementor-image-box-img\"><img fetchpriority=\"high\" decoding=\"async\" width=\"500\" height=\"333\" src=\"https:\/\/valitec.co\/sitioweb\/wp-content\/uploads\/2023\/04\/8-2.jpg\" class=\"attachment-full size-full wp-image-3481\" alt=\"\" srcset=\"https:\/\/valitec.co\/sitioweb\/wp-content\/uploads\/2023\/04\/8-2.jpg 500w, https:\/\/valitec.co\/sitioweb\/wp-content\/uploads\/2023\/04\/8-2-300x200.jpg 300w, https:\/\/valitec.co\/sitioweb\/wp-content\/uploads\/2023\/04\/8-2-81x54.jpg 81w\" sizes=\"(max-width: 500px) 100vw, 500px\" \/><\/figure><div class=\"elementor-image-box-content\"><h3 class=\"elementor-image-box-title\">Compatible con Logan<\/h3><\/div><\/div>\t\t\t\t<\/div>\n\t\t\t\t<\/div>\n\t\t\t\t\t<\/div>\n\t\t<\/div>\n\t\t\t\t\t<\/div>\n\t\t<\/section>\n\t\t\t\t<section class=\"elementor-section elementor-top-section elementor-element elementor-element-1c05825 elementor-section-boxed elementor-section-height-default elementor-section-height-default\" data-id=\"1c05825\" data-element_type=\"section\" data-e-type=\"section\">\n\t\t\t\t\t\t<div class=\"elementor-container elementor-column-gap-default\">\n\t\t\t\t\t<div class=\"elementor-column elementor-col-100 elementor-top-column elementor-element elementor-element-c031f15\" data-id=\"c031f15\" data-element_type=\"column\" data-e-type=\"column\">\n\t\t\t<div class=\"elementor-widget-wrap elementor-element-populated\">\n\t\t\t\t\t\t<div class=\"elementor-element elementor-element-8c30441 elementor-widget elementor-widget-spacer\" data-id=\"8c30441\" data-element_type=\"widget\" data-e-type=\"widget\" data-widget_type=\"spacer.default\">\n\t\t\t\t<div class=\"elementor-widget-container\">\n\t\t\t\t\t\t\t<div class=\"elementor-spacer\">\n\t\t\t<div class=\"elementor-spacer-inner\"><\/div>\n\t\t<\/div>\n\t\t\t\t\t\t<\/div>\n\t\t\t\t<\/div>\n\t\t\t\t\t<\/div>\n\t\t<\/div>\n\t\t\t\t\t<\/div>\n\t\t<\/section>\n\t\t\t\t<section class=\"elementor-section elementor-top-section elementor-element elementor-element-002ac4a elementor-section-boxed elementor-section-height-default elementor-section-height-default\" data-id=\"002ac4a\" data-element_type=\"section\" data-e-type=\"section\">\n\t\t\t\t\t\t<div class=\"elementor-container elementor-column-gap-default\">\n\t\t\t\t\t<div class=\"elementor-column elementor-col-100 elementor-top-column elementor-element elementor-element-e80baec\" data-id=\"e80baec\" data-element_type=\"column\" data-e-type=\"column\">\n\t\t\t<div class=\"elementor-widget-wrap elementor-element-populated\">\n\t\t\t\t\t\t<div class=\"elementor-element elementor-element-031e0e7 elementor-widget elementor-widget-text-editor\" data-id=\"031e0e7\" data-element_type=\"widget\" data-e-type=\"widget\" data-widget_type=\"text-editor.default\">\n\t\t\t\t<div class=\"elementor-widget-container\">\n\t\t\t\t\t\t\t\t\t<p>Lore<strong>Recipientes de alta precisi\u00f3n &#8211; USP<\/strong>\u00a0Recipientes de la m\u00e1s alta especificaci\u00f3n, con esfericidad precisa, circularidad, concentricidad de la superficie interna, centro vertical y geometr\u00eda uniforme.\u00a0Reduce las variaciones en los resultados de disoluci\u00f3n y crea mejores condiciones para pasar la USP PVT (Prueba de Verificaci\u00f3n de Desempe\u00f1o) en la Etapa 1.<\/p>\t\t\t\t\t\t\t\t<\/div>\n\t\t\t\t<\/div>\n\t\t\t\t\t<\/div>\n\t\t<\/div>\n\t\t\t\t\t<\/div>\n\t\t<\/section>\n\t\t\t\t<section class=\"elementor-section elementor-top-section elementor-element elementor-element-d53960c elementor-section-boxed elementor-section-height-default elementor-section-height-default\" data-id=\"d53960c\" data-element_type=\"section\" data-e-type=\"section\">\n\t\t\t\t\t\t<div class=\"elementor-container elementor-column-gap-default\">\n\t\t\t\t\t<div class=\"elementor-column elementor-col-100 elementor-top-column elementor-element elementor-element-6fb38b7\" data-id=\"6fb38b7\" data-element_type=\"column\" data-e-type=\"column\">\n\t\t\t<div class=\"elementor-widget-wrap elementor-element-populated\">\n\t\t\t\t\t\t<div class=\"elementor-element elementor-element-2cd04d0 elementor-widget elementor-widget-spacer\" data-id=\"2cd04d0\" data-element_type=\"widget\" data-e-type=\"widget\" data-widget_type=\"spacer.default\">\n\t\t\t\t<div class=\"elementor-widget-container\">\n\t\t\t\t\t\t\t<div class=\"elementor-spacer\">\n\t\t\t<div class=\"elementor-spacer-inner\"><\/div>\n\t\t<\/div>\n\t\t\t\t\t\t<\/div>\n\t\t\t\t<\/div>\n\t\t\t\t\t<\/div>\n\t\t<\/div>\n\t\t\t\t\t<\/div>\n\t\t<\/section>\n\t\t\t\t<section class=\"elementor-section elementor-top-section elementor-element elementor-element-8513cd0 elementor-section-boxed elementor-section-height-default elementor-section-height-default\" data-id=\"8513cd0\" data-element_type=\"section\" data-e-type=\"section\">\n\t\t\t\t\t\t<div class=\"elementor-container elementor-column-gap-default\">\n\t\t\t\t\t<div class=\"elementor-column elementor-col-50 elementor-top-column elementor-element elementor-element-0c2f914\" data-id=\"0c2f914\" data-element_type=\"column\" data-e-type=\"column\">\n\t\t\t<div class=\"elementor-widget-wrap elementor-element-populated\">\n\t\t\t\t\t\t<div class=\"elementor-element elementor-element-816ff21 elementor-widget elementor-widget-text-editor\" data-id=\"816ff21\" data-element_type=\"widget\" data-e-type=\"widget\" data-widget_type=\"text-editor.default\">\n\t\t\t\t<div class=\"elementor-widget-container\">\n\t\t\t\t\t\t\t\t\t<p><strong>PSHPGLA900-ALG<br \/>Recipiente de vidrio \u00e1mbar de alta precisi\u00f3n de 1000 ml para instrumentos Logan<\/strong><\/p><table id=\"kenmerktable\"><tbody><tr><td><strong>N\u00famero de producto \u00a0 \u00a0<\/strong><\/td><td>PSHPGLA900-ALG<\/td><\/tr><tr><td><strong>Referencia OEM \u00a0 \u00a0<\/strong><\/td><td>Accesorios de disoluci\u00f3n Producto innovado<\/td><\/tr><tr><td><strong>OEM \u00a0 \u00a0<\/strong><\/td><td>instrumentos logan<\/td><\/tr><tr><td><strong>Material \u00a0 \u00a0<\/strong><\/td><td>3.3 Vidrio de borosilicato<\/td><\/tr><tr><td><strong>Volumen \u00a0 \u00a0<\/strong><\/td><td>1000ml<\/td><\/tr><tr><td><strong>Color \u00a0 \u00a0<\/strong><\/td><td>\u00c1mbar<\/td><\/tr><tr><td><strong>Estilo de embarcaci\u00f3n \u00a0 \u00a0<\/strong><\/td><td>fondo redondo<\/td><\/tr><\/tbody><\/table><p>Caracter\u00edsticas clave:<\/p><ul><li>Amberizado para protecci\u00f3n contra UV<\/li><li>Se ajusta directamente al ba\u00f1o de disoluci\u00f3n sin el uso de anillos adaptadores.<\/li><li>Viene de serie con un certificado de cumplimiento individual que indica:<strong>&#8211;<\/strong>\u00a0N\u00famero de serie del recipiente<br \/><strong>&#8211;<\/strong>\u00a0Altura del recipiente<br \/><strong>&#8211;<\/strong>\u00a0Di\u00e1metro interior del recipiente a 45 mm, 70 mm y 95 mm<br \/><strong>&#8211;<\/strong>\u00a0Radio del recipiente<\/li><li>Cumple con las normas ASTM, USP, JP, EP, BP.<\/li><li>Reducir\u00e1 la variaci\u00f3n de los datos de disoluci\u00f3n.<\/li><\/ul><p>Fabricante: Dissolution Accessories<\/p>\t\t\t\t\t\t\t\t<\/div>\n\t\t\t\t<\/div>\n\t\t\t\t\t<\/div>\n\t\t<\/div>\n\t\t\t\t<div class=\"elementor-column elementor-col-50 elementor-top-column elementor-element elementor-element-17c486c\" data-id=\"17c486c\" data-element_type=\"column\" data-e-type=\"column\">\n\t\t\t<div class=\"elementor-widget-wrap elementor-element-populated\">\n\t\t\t\t\t\t<div class=\"elementor-element elementor-element-3e1bab7 elementor-widget elementor-widget-text-editor\" data-id=\"3e1bab7\" data-element_type=\"widget\" data-e-type=\"widget\" data-widget_type=\"text-editor.default\">\n\t\t\t\t<div class=\"elementor-widget-container\">\n\t\t\t\t\t\t\t\t\t<p>L<strong>PSHPGLA900-LG<br \/>Recipiente de vidrio transparente de alta precisi\u00f3n de 1000 ml para instrumentos Logan<\/strong><\/p><table id=\"kenmerktable\"><tbody><tr><td><strong>N\u00famero de producto \u00a0 \u00a0<\/strong><\/td><td>PSHPGLA900-LG<\/td><\/tr><tr><td><strong>Referencia OEM \u00a0 \u00a0<\/strong><\/td><td>Accesorios de disoluci\u00f3n producto innovado<\/td><\/tr><tr><td><strong>OEM \u00a0 \u00a0<\/strong><\/td><td>instrumentos logan<\/td><\/tr><tr><td><strong>Material \u00a0 \u00a0<\/strong><\/td><td>3.3 Vidrio de borosilicato<\/td><\/tr><tr><td><strong>Volumen \u00a0 \u00a0<\/strong><\/td><td>1000ml<\/td><\/tr><tr><td><strong>Color \u00a0 \u00a0<\/strong><\/td><td>Claro<\/td><\/tr><tr><td><strong>Estilo de embarcaci\u00f3n \u00a0 \u00a0<\/strong><\/td><td>fondo redondo<\/td><\/tr><\/tbody><\/table><p>Caracter\u00edsticas clave:<\/p><ul><li>Se ajusta directamente al ba\u00f1o de disoluci\u00f3n sin el uso de anillos adaptadores.<\/li><li>Viene de serie con un certificado de cumplimiento individual que indica:<strong>&#8211;<\/strong>\u00a0N\u00famero de serie del recipiente<br \/><strong>&#8211;<\/strong>\u00a0Altura del recipiente<br \/><strong>&#8211;<\/strong>\u00a0Di\u00e1metro interior del recipiente a 45 mm, 70 mm y 95 mm<br \/><strong>&#8211;<\/strong>\u00a0Radio del recipiente<\/li><li>Cumple con las normas ASTM, USP, JP, EP, BP.<\/li><li>Reducir\u00e1 la variaci\u00f3n de los datos de disoluci\u00f3n.<\/li><\/ul><p>Fabricante: Dissolution Accessories<\/p>\t\t\t\t\t\t\t\t<\/div>\n\t\t\t\t<\/div>\n\t\t\t\t\t<\/div>\n\t\t<\/div>\n\t\t\t\t\t<\/div>\n\t\t<\/section>\n\t\t\t\t<section class=\"elementor-section elementor-top-section elementor-element elementor-element-9c1ee1a elementor-section-boxed elementor-section-height-default elementor-section-height-default\" data-id=\"9c1ee1a\" data-element_type=\"section\" data-e-type=\"section\">\n\t\t\t\t\t\t<div class=\"elementor-container elementor-column-gap-default\">\n\t\t\t\t\t<div class=\"elementor-column elementor-col-50 elementor-top-column elementor-element elementor-element-e6439a4\" data-id=\"e6439a4\" data-element_type=\"column\" data-e-type=\"column\">\n\t\t\t<div class=\"elementor-widget-wrap elementor-element-populated\">\n\t\t\t\t\t\t<div class=\"elementor-element elementor-element-8d380f0 elementor-widget elementor-widget-image\" data-id=\"8d380f0\" data-element_type=\"widget\" data-e-type=\"widget\" data-widget_type=\"image.default\">\n\t\t\t\t<div class=\"elementor-widget-container\">\n\t\t\t\t\t\t\t\t\t\t\t\t\t\t\t<img decoding=\"async\" width=\"300\" height=\"200\" src=\"https:\/\/valitec.co\/sitioweb\/wp-content\/uploads\/2023\/04\/7-2-300x200.jpg\" class=\"attachment-medium size-medium wp-image-3480\" alt=\"\" srcset=\"https:\/\/valitec.co\/sitioweb\/wp-content\/uploads\/2023\/04\/7-2-300x200.jpg 300w, https:\/\/valitec.co\/sitioweb\/wp-content\/uploads\/2023\/04\/7-2-81x54.jpg 81w, https:\/\/valitec.co\/sitioweb\/wp-content\/uploads\/2023\/04\/7-2.jpg 500w\" sizes=\"(max-width: 300px) 100vw, 300px\" \/>\t\t\t\t\t\t\t\t\t\t\t\t\t\t\t<\/div>\n\t\t\t\t<\/div>\n\t\t\t\t\t<\/div>\n\t\t<\/div>\n\t\t\t\t<div class=\"elementor-column elementor-col-50 elementor-top-column elementor-element elementor-element-2811168\" data-id=\"2811168\" data-element_type=\"column\" data-e-type=\"column\">\n\t\t\t<div class=\"elementor-widget-wrap elementor-element-populated\">\n\t\t\t\t\t\t<div class=\"elementor-element elementor-element-9b4c832 elementor-widget elementor-widget-image\" data-id=\"9b4c832\" data-element_type=\"widget\" data-e-type=\"widget\" data-widget_type=\"image.default\">\n\t\t\t\t<div class=\"elementor-widget-container\">\n\t\t\t\t\t\t\t\t\t\t\t\t\t\t\t<img decoding=\"async\" width=\"300\" height=\"200\" src=\"https:\/\/valitec.co\/sitioweb\/wp-content\/uploads\/2023\/04\/8-2-300x200.jpg\" class=\"attachment-medium size-medium wp-image-3481\" alt=\"\" srcset=\"https:\/\/valitec.co\/sitioweb\/wp-content\/uploads\/2023\/04\/8-2-300x200.jpg 300w, https:\/\/valitec.co\/sitioweb\/wp-content\/uploads\/2023\/04\/8-2-81x54.jpg 81w, https:\/\/valitec.co\/sitioweb\/wp-content\/uploads\/2023\/04\/8-2.jpg 500w\" sizes=\"(max-width: 300px) 100vw, 300px\" \/>\t\t\t\t\t\t\t\t\t\t\t\t\t\t\t<\/div>\n\t\t\t\t<\/div>\n\t\t\t\t\t<\/div>\n\t\t<\/div>\n\t\t\t\t\t<\/div>\n\t\t<\/section>\n\t\t\t\t<\/div>\n\t\t","protected":false},"excerpt":{"rendered":"<p>Compatible con Logan LoreRecipientes de alta precisi\u00f3n &#8211; USP&nbsp;Recipientes de la m\u00e1s alta especificaci\u00f3n, con esfericidad precisa, circularidad, concentricidad de la superficie interna, centro vertical y geometr\u00eda uniforme.&nbsp;Reduce las variaciones en los resultados de disoluci\u00f3n y crea mejores condiciones para pasar la USP PVT (Prueba de Verificaci\u00f3n de Desempe\u00f1o) en la Etapa 1. PSHPGLA900-ALG Recipiente<\/p>\n<div class=\"klb-readmore\"><a class=\"c-btn\" href=\"https:\/\/valitec.co\/sitioweb\/recipientes-de-alta-precision-logan\/\">Read More <i class=\"far fa-plus\"><\/i><\/a><\/div>\n","protected":false},"author":1,"featured_media":0,"parent":0,"menu_order":0,"comment_status":"closed","ping_status":"closed","template":"","meta":{"_eb_attr":"","footnotes":""},"class_list":["post-3514","page","type-page","status-publish","hentry"],"_links":{"self":[{"href":"https:\/\/valitec.co\/sitioweb\/wp-json\/wp\/v2\/pages\/3514","targetHints":{"allow":["GET"]}}],"collection":[{"href":"https:\/\/valitec.co\/sitioweb\/wp-json\/wp\/v2\/pages"}],"about":[{"href":"https:\/\/valitec.co\/sitioweb\/wp-json\/wp\/v2\/types\/page"}],"author":[{"embeddable":true,"href":"https:\/\/valitec.co\/sitioweb\/wp-json\/wp\/v2\/users\/1"}],"replies":[{"embeddable":true,"href":"https:\/\/valitec.co\/sitioweb\/wp-json\/wp\/v2\/comments?post=3514"}],"version-history":[{"count":5,"href":"https:\/\/valitec.co\/sitioweb\/wp-json\/wp\/v2\/pages\/3514\/revisions"}],"predecessor-version":[{"id":3519,"href":"https:\/\/valitec.co\/sitioweb\/wp-json\/wp\/v2\/pages\/3514\/revisions\/3519"}],"wp:attachment":[{"href":"https:\/\/valitec.co\/sitioweb\/wp-json\/wp\/v2\/media?parent=3514"}],"curies":[{"name":"wp","href":"https:\/\/api.w.org\/{rel}","templated":true}]}}