{"id":3501,"date":"2023-04-05T14:16:22","date_gmt":"2023-04-05T14:16:22","guid":{"rendered":"https:\/\/valitec.co\/sitioweb\/?page_id=3501"},"modified":"2023-04-05T14:19:50","modified_gmt":"2023-04-05T14:19:50","slug":"recipientes-de-alta-precision-erweka","status":"publish","type":"page","link":"https:\/\/valitec.co\/sitioweb\/recipientes-de-alta-precision-erweka\/","title":{"rendered":"Recipientes de alta precisi\u00f3n Erweka"},"content":{"rendered":"\t\t<div data-elementor-type=\"wp-page\" data-elementor-id=\"3501\" class=\"elementor elementor-3501\" data-elementor-post-type=\"page\">\n\t\t\t\t\t\t<section class=\"elementor-section elementor-top-section elementor-element elementor-element-41b3095 elementor-section-boxed elementor-section-height-default elementor-section-height-default\" data-id=\"41b3095\" data-element_type=\"section\" data-e-type=\"section\">\n\t\t\t\t\t\t<div class=\"elementor-container elementor-column-gap-default\">\n\t\t\t\t\t<div class=\"elementor-column elementor-col-100 elementor-top-column elementor-element elementor-element-56c7937\" data-id=\"56c7937\" data-element_type=\"column\" data-e-type=\"column\">\n\t\t\t<div class=\"elementor-widget-wrap elementor-element-populated\">\n\t\t\t\t\t\t<div class=\"elementor-element elementor-element-520cb59 elementor-position-top elementor-widget elementor-widget-image-box\" data-id=\"520cb59\" data-element_type=\"widget\" data-e-type=\"widget\" data-widget_type=\"image-box.default\">\n\t\t\t\t<div class=\"elementor-widget-container\">\n\t\t\t\t\t<div class=\"elementor-image-box-wrapper\"><figure class=\"elementor-image-box-img\"><img fetchpriority=\"high\" decoding=\"async\" width=\"500\" height=\"333\" src=\"https:\/\/valitec.co\/sitioweb\/wp-content\/uploads\/2023\/04\/7-2.jpg\" class=\"attachment-full size-full wp-image-3480\" alt=\"\" srcset=\"https:\/\/valitec.co\/sitioweb\/wp-content\/uploads\/2023\/04\/7-2.jpg 500w, https:\/\/valitec.co\/sitioweb\/wp-content\/uploads\/2023\/04\/7-2-300x200.jpg 300w, https:\/\/valitec.co\/sitioweb\/wp-content\/uploads\/2023\/04\/7-2-81x54.jpg 81w\" sizes=\"(max-width: 500px) 100vw, 500px\" \/><\/figure><div class=\"elementor-image-box-content\"><h3 class=\"elementor-image-box-title\">Compatible con Erweka<\/h3><\/div><\/div>\t\t\t\t<\/div>\n\t\t\t\t<\/div>\n\t\t\t\t\t<\/div>\n\t\t<\/div>\n\t\t\t\t\t<\/div>\n\t\t<\/section>\n\t\t\t\t<section class=\"elementor-section elementor-top-section elementor-element elementor-element-1122207 elementor-section-boxed elementor-section-height-default elementor-section-height-default\" data-id=\"1122207\" data-element_type=\"section\" data-e-type=\"section\">\n\t\t\t\t\t\t<div class=\"elementor-container elementor-column-gap-default\">\n\t\t\t\t\t<div class=\"elementor-column elementor-col-100 elementor-top-column elementor-element elementor-element-358f9db\" data-id=\"358f9db\" data-element_type=\"column\" data-e-type=\"column\">\n\t\t\t<div class=\"elementor-widget-wrap elementor-element-populated\">\n\t\t\t\t\t\t<div class=\"elementor-element elementor-element-2808521 elementor-widget elementor-widget-spacer\" data-id=\"2808521\" data-element_type=\"widget\" data-e-type=\"widget\" data-widget_type=\"spacer.default\">\n\t\t\t\t<div class=\"elementor-widget-container\">\n\t\t\t\t\t\t\t<div class=\"elementor-spacer\">\n\t\t\t<div class=\"elementor-spacer-inner\"><\/div>\n\t\t<\/div>\n\t\t\t\t\t\t<\/div>\n\t\t\t\t<\/div>\n\t\t\t\t\t<\/div>\n\t\t<\/div>\n\t\t\t\t\t<\/div>\n\t\t<\/section>\n\t\t\t\t<section class=\"elementor-section elementor-top-section elementor-element elementor-element-4409cad elementor-section-boxed elementor-section-height-default elementor-section-height-default\" data-id=\"4409cad\" data-element_type=\"section\" data-e-type=\"section\">\n\t\t\t\t\t\t<div class=\"elementor-container elementor-column-gap-default\">\n\t\t\t\t\t<div class=\"elementor-column elementor-col-100 elementor-top-column elementor-element elementor-element-06e4ced\" data-id=\"06e4ced\" data-element_type=\"column\" data-e-type=\"column\">\n\t\t\t<div class=\"elementor-widget-wrap elementor-element-populated\">\n\t\t\t\t\t\t<div class=\"elementor-element elementor-element-c2d7ab7 elementor-widget elementor-widget-text-editor\" data-id=\"c2d7ab7\" data-element_type=\"widget\" data-e-type=\"widget\" data-widget_type=\"text-editor.default\">\n\t\t\t\t<div class=\"elementor-widget-container\">\n\t\t\t\t\t\t\t\t\t<p><span>Recipientes de la m\u00e1s alta especificaci\u00f3n, con esfericidad precisa, circularidad, concentricidad de la superficie interna, centro vertical y geometr\u00eda uniforme.\u00a0<\/span><span>Reduce las variaciones en los resultados de disoluci\u00f3n y crea mejores condiciones para pasar la USP PVT (Prueba de Verificaci\u00f3n de Desempe\u00f1o) en la Etapa 1.<\/span><\/p>\t\t\t\t\t\t\t\t<\/div>\n\t\t\t\t<\/div>\n\t\t\t\t\t<\/div>\n\t\t<\/div>\n\t\t\t\t\t<\/div>\n\t\t<\/section>\n\t\t\t\t<section class=\"elementor-section elementor-top-section elementor-element elementor-element-3c485f7 elementor-section-boxed elementor-section-height-default elementor-section-height-default\" data-id=\"3c485f7\" data-element_type=\"section\" data-e-type=\"section\">\n\t\t\t\t\t\t<div class=\"elementor-container elementor-column-gap-default\">\n\t\t\t\t\t<div class=\"elementor-column elementor-col-100 elementor-top-column elementor-element elementor-element-bd59028\" data-id=\"bd59028\" data-element_type=\"column\" data-e-type=\"column\">\n\t\t\t<div class=\"elementor-widget-wrap elementor-element-populated\">\n\t\t\t\t\t\t<div class=\"elementor-element elementor-element-c40636b elementor-widget elementor-widget-spacer\" data-id=\"c40636b\" data-element_type=\"widget\" data-e-type=\"widget\" data-widget_type=\"spacer.default\">\n\t\t\t\t<div class=\"elementor-widget-container\">\n\t\t\t\t\t\t\t<div class=\"elementor-spacer\">\n\t\t\t<div class=\"elementor-spacer-inner\"><\/div>\n\t\t<\/div>\n\t\t\t\t\t\t<\/div>\n\t\t\t\t<\/div>\n\t\t\t\t\t<\/div>\n\t\t<\/div>\n\t\t\t\t\t<\/div>\n\t\t<\/section>\n\t\t\t\t<section class=\"elementor-section elementor-top-section elementor-element elementor-element-f798925 elementor-section-boxed elementor-section-height-default elementor-section-height-default\" data-id=\"f798925\" data-element_type=\"section\" data-e-type=\"section\">\n\t\t\t\t\t\t<div class=\"elementor-container elementor-column-gap-default\">\n\t\t\t\t\t<div class=\"elementor-column elementor-col-50 elementor-top-column elementor-element elementor-element-47fe800\" data-id=\"47fe800\" data-element_type=\"column\" data-e-type=\"column\">\n\t\t\t<div class=\"elementor-widget-wrap elementor-element-populated\">\n\t\t\t\t\t\t<div class=\"elementor-element elementor-element-184038e elementor-widget elementor-widget-text-editor\" data-id=\"184038e\" data-element_type=\"widget\" data-e-type=\"widget\" data-widget_type=\"text-editor.default\">\n\t\t\t\t<div class=\"elementor-widget-container\">\n\t\t\t\t\t\t\t\t\t<p><strong>PSHPGLA900-AEW<br \/>Recipiente de vidrio \u00e1mbar de alta precisi\u00f3n de 1000 ml para Erweka<\/strong><\/p><table id=\"kenmerktable\"><tbody><tr><td><strong>N\u00famero de producto \u00a0 \u00a0<\/strong><\/td><td>PSHPGLA900-AEW<\/td><\/tr><tr><td><strong>Referencia OEM \u00a0 \u00a0<\/strong><\/td><td>Accesorios de disoluci\u00f3n producto innovado<\/td><\/tr><tr><td><strong>OEM \u00a0 \u00a0<\/strong><\/td><td>Erweka<\/td><\/tr><tr><td><strong>Material \u00a0 \u00a0<\/strong><\/td><td>3.3 Vidrio de borosilicato<\/td><\/tr><tr><td><strong>Volumen \u00a0 \u00a0<\/strong><\/td><td>1000ml<\/td><\/tr><tr><td><strong>Color \u00a0 \u00a0<\/strong><\/td><td>\u00c1mbar<\/td><\/tr><tr><td><strong>Estilo de embarcaci\u00f3n \u00a0 \u00a0<\/strong><\/td><td>fondo redondo<\/td><\/tr><\/tbody><\/table><p>Caracter\u00edsticas clave:<\/p><ul><li>Amberizado para protecci\u00f3n contra UV<\/li><li>Se ajusta directamente al ba\u00f1o de disoluci\u00f3n sin el uso de anillos adaptadores.<\/li><li>Viene de serie con un certificado de cumplimiento individual que indica:<strong>&#8211;<\/strong>\u00a0N\u00famero de serie del recipiente<br \/><strong>&#8211;<\/strong>\u00a0Altura del recipiente<br \/><strong>&#8211;<\/strong>\u00a0Di\u00e1metro interior del recipiente a 45 mm, 70 mm y 95 mm<br \/><strong>&#8211;<\/strong>\u00a0Radio del recipiente<\/li><li>Cumple con las normas ASTM, USP, JP, EP, BP.<\/li><li>Reducir\u00e1 la variaci\u00f3n de los datos de disoluci\u00f3n.<\/li><\/ul><p>Fabricante: Dissolution Accessories<\/p>\t\t\t\t\t\t\t\t<\/div>\n\t\t\t\t<\/div>\n\t\t\t\t\t<\/div>\n\t\t<\/div>\n\t\t\t\t<div class=\"elementor-column elementor-col-50 elementor-top-column elementor-element elementor-element-2014a2b\" data-id=\"2014a2b\" data-element_type=\"column\" data-e-type=\"column\">\n\t\t\t<div class=\"elementor-widget-wrap elementor-element-populated\">\n\t\t\t\t\t\t<div class=\"elementor-element elementor-element-a80f529 elementor-widget elementor-widget-text-editor\" data-id=\"a80f529\" data-element_type=\"widget\" data-e-type=\"widget\" data-widget_type=\"text-editor.default\">\n\t\t\t\t<div class=\"elementor-widget-container\">\n\t\t\t\t\t\t\t\t\t<p><strong>PSHPGLA900-EW<br \/>Recipiente de vidrio transparente de alta precisi\u00f3n de 1000 ml para Erweka<\/strong><\/p><table id=\"kenmerktable\"><tbody><tr><td><strong>N\u00famero de producto \u00a0 \u00a0<\/strong><\/td><td>PSHPGLA900-EW<\/td><\/tr><tr><td><strong>Referencia OEM \u00a0 \u00a0<\/strong><\/td><td>Accesorios de disoluci\u00f3n producto innovado<\/td><\/tr><tr><td><strong>OEM \u00a0 \u00a0<\/strong><\/td><td>Erweka<\/td><\/tr><tr><td><strong>Material \u00a0 \u00a0<\/strong><\/td><td>3.3 Vidrio de borosilicato<\/td><\/tr><tr><td><strong>Volumen \u00a0 \u00a0<\/strong><\/td><td>1000ml<\/td><\/tr><tr><td><strong>Color \u00a0 \u00a0<\/strong><\/td><td>Claro<\/td><\/tr><tr><td><strong>Estilo de embarcaci\u00f3n \u00a0 \u00a0<\/strong><\/td><td>fondo redondo<\/td><\/tr><\/tbody><\/table><p>Caracter\u00edsticas clave:<\/p><ul><li>Se ajusta directamente al ba\u00f1o de disoluci\u00f3n sin el uso de anillos adaptadores.<\/li><li>Viene de serie con un certificado de cumplimiento individual que indica:<strong>&#8211;<\/strong>\u00a0N\u00famero de serie del recipiente<br \/><strong>&#8211;<\/strong>\u00a0Altura del recipiente<br \/><strong>&#8211;<\/strong>\u00a0Di\u00e1metro interior del recipiente a 45 mm, 70 mm y 95 mm<br \/><strong>&#8211;<\/strong>\u00a0Radio del recipiente<\/li><li>Cumple con las normas ASTM, USP, JP, EP, BP.<\/li><li>Reducir\u00e1 la variaci\u00f3n de los datos de disoluci\u00f3n.<\/li><\/ul><p>Fabricante: Dissolution Accessories<\/p>\t\t\t\t\t\t\t\t<\/div>\n\t\t\t\t<\/div>\n\t\t\t\t\t<\/div>\n\t\t<\/div>\n\t\t\t\t\t<\/div>\n\t\t<\/section>\n\t\t\t\t<section class=\"elementor-section elementor-top-section elementor-element elementor-element-dfd7a31 elementor-section-boxed elementor-section-height-default elementor-section-height-default\" data-id=\"dfd7a31\" data-element_type=\"section\" data-e-type=\"section\">\n\t\t\t\t\t\t<div class=\"elementor-container elementor-column-gap-default\">\n\t\t\t\t\t<div class=\"elementor-column elementor-col-50 elementor-top-column elementor-element elementor-element-a01a081\" data-id=\"a01a081\" data-element_type=\"column\" data-e-type=\"column\">\n\t\t\t<div class=\"elementor-widget-wrap elementor-element-populated\">\n\t\t\t\t\t\t<div class=\"elementor-element elementor-element-f154ed3 elementor-widget elementor-widget-image\" data-id=\"f154ed3\" data-element_type=\"widget\" data-e-type=\"widget\" data-widget_type=\"image.default\">\n\t\t\t\t<div class=\"elementor-widget-container\">\n\t\t\t\t\t\t\t\t\t\t\t\t\t\t\t<img decoding=\"async\" width=\"300\" height=\"200\" src=\"https:\/\/valitec.co\/sitioweb\/wp-content\/uploads\/2023\/04\/7-2-300x200.jpg\" class=\"attachment-medium size-medium wp-image-3480\" alt=\"\" srcset=\"https:\/\/valitec.co\/sitioweb\/wp-content\/uploads\/2023\/04\/7-2-300x200.jpg 300w, https:\/\/valitec.co\/sitioweb\/wp-content\/uploads\/2023\/04\/7-2-81x54.jpg 81w, https:\/\/valitec.co\/sitioweb\/wp-content\/uploads\/2023\/04\/7-2.jpg 500w\" sizes=\"(max-width: 300px) 100vw, 300px\" \/>\t\t\t\t\t\t\t\t\t\t\t\t\t\t\t<\/div>\n\t\t\t\t<\/div>\n\t\t\t\t\t<\/div>\n\t\t<\/div>\n\t\t\t\t<div class=\"elementor-column elementor-col-50 elementor-top-column elementor-element elementor-element-a680c7e\" data-id=\"a680c7e\" data-element_type=\"column\" data-e-type=\"column\">\n\t\t\t<div class=\"elementor-widget-wrap elementor-element-populated\">\n\t\t\t\t\t\t<div class=\"elementor-element elementor-element-9f91ce8 elementor-widget elementor-widget-image\" data-id=\"9f91ce8\" data-element_type=\"widget\" data-e-type=\"widget\" data-widget_type=\"image.default\">\n\t\t\t\t<div class=\"elementor-widget-container\">\n\t\t\t\t\t\t\t\t\t\t\t\t\t\t\t<img decoding=\"async\" width=\"300\" height=\"200\" src=\"https:\/\/valitec.co\/sitioweb\/wp-content\/uploads\/2023\/04\/8-2-300x200.jpg\" class=\"attachment-medium size-medium wp-image-3481\" alt=\"\" srcset=\"https:\/\/valitec.co\/sitioweb\/wp-content\/uploads\/2023\/04\/8-2-300x200.jpg 300w, https:\/\/valitec.co\/sitioweb\/wp-content\/uploads\/2023\/04\/8-2-81x54.jpg 81w, https:\/\/valitec.co\/sitioweb\/wp-content\/uploads\/2023\/04\/8-2.jpg 500w\" sizes=\"(max-width: 300px) 100vw, 300px\" \/>\t\t\t\t\t\t\t\t\t\t\t\t\t\t\t<\/div>\n\t\t\t\t<\/div>\n\t\t\t\t\t<\/div>\n\t\t<\/div>\n\t\t\t\t\t<\/div>\n\t\t<\/section>\n\t\t\t\t<\/div>\n\t\t","protected":false},"excerpt":{"rendered":"<p>Compatible con Erweka Recipientes de la m\u00e1s alta especificaci\u00f3n, con esfericidad precisa, circularidad, concentricidad de la superficie interna, centro vertical y geometr\u00eda uniforme.&nbsp;Reduce las variaciones en los resultados de disoluci\u00f3n y crea mejores condiciones para pasar la USP PVT (Prueba de Verificaci\u00f3n de Desempe\u00f1o) en la Etapa 1. PSHPGLA900-AEW Recipiente de vidrio \u00e1mbar de alta<\/p>\n<div class=\"klb-readmore\"><a class=\"c-btn\" href=\"https:\/\/valitec.co\/sitioweb\/recipientes-de-alta-precision-erweka\/\">Read More <i class=\"far fa-plus\"><\/i><\/a><\/div>\n","protected":false},"author":1,"featured_media":0,"parent":0,"menu_order":0,"comment_status":"closed","ping_status":"closed","template":"","meta":{"_eb_attr":"","footnotes":""},"class_list":["post-3501","page","type-page","status-publish","hentry"],"_links":{"self":[{"href":"https:\/\/valitec.co\/sitioweb\/wp-json\/wp\/v2\/pages\/3501","targetHints":{"allow":["GET"]}}],"collection":[{"href":"https:\/\/valitec.co\/sitioweb\/wp-json\/wp\/v2\/pages"}],"about":[{"href":"https:\/\/valitec.co\/sitioweb\/wp-json\/wp\/v2\/types\/page"}],"author":[{"embeddable":true,"href":"https:\/\/valitec.co\/sitioweb\/wp-json\/wp\/v2\/users\/1"}],"replies":[{"embeddable":true,"href":"https:\/\/valitec.co\/sitioweb\/wp-json\/wp\/v2\/comments?post=3501"}],"version-history":[{"count":5,"href":"https:\/\/valitec.co\/sitioweb\/wp-json\/wp\/v2\/pages\/3501\/revisions"}],"predecessor-version":[{"id":3506,"href":"https:\/\/valitec.co\/sitioweb\/wp-json\/wp\/v2\/pages\/3501\/revisions\/3506"}],"wp:attachment":[{"href":"https:\/\/valitec.co\/sitioweb\/wp-json\/wp\/v2\/media?parent=3501"}],"curies":[{"name":"wp","href":"https:\/\/api.w.org\/{rel}","templated":true}]}}