{"id":3486,"date":"2023-04-04T20:14:12","date_gmt":"2023-04-04T20:14:12","guid":{"rendered":"https:\/\/valitec.co\/sitioweb\/?page_id=3486"},"modified":"2023-04-04T20:19:30","modified_gmt":"2023-04-04T20:19:30","slug":"recipientes-de-alta-precision-distek","status":"publish","type":"page","link":"https:\/\/valitec.co\/sitioweb\/recipientes-de-alta-precision-distek\/","title":{"rendered":"Recipientes de alta precisi\u00f3n Distek"},"content":{"rendered":"\t\t<div data-elementor-type=\"wp-page\" data-elementor-id=\"3486\" class=\"elementor elementor-3486\" data-elementor-post-type=\"page\">\n\t\t\t\t\t\t<section class=\"elementor-section elementor-top-section elementor-element elementor-element-54ef878 elementor-section-boxed elementor-section-height-default elementor-section-height-default\" data-id=\"54ef878\" data-element_type=\"section\" data-e-type=\"section\">\n\t\t\t\t\t\t<div class=\"elementor-container elementor-column-gap-default\">\n\t\t\t\t\t<div class=\"elementor-column elementor-col-100 elementor-top-column elementor-element elementor-element-f238784\" data-id=\"f238784\" data-element_type=\"column\" data-e-type=\"column\">\n\t\t\t<div class=\"elementor-widget-wrap elementor-element-populated\">\n\t\t\t\t\t\t<div class=\"elementor-element elementor-element-48dffab elementor-position-top elementor-widget elementor-widget-image-box\" data-id=\"48dffab\" data-element_type=\"widget\" data-e-type=\"widget\" data-widget_type=\"image-box.default\">\n\t\t\t\t<div class=\"elementor-widget-container\">\n\t\t\t\t\t<div class=\"elementor-image-box-wrapper\"><figure class=\"elementor-image-box-img\"><img fetchpriority=\"high\" decoding=\"async\" width=\"500\" height=\"333\" src=\"https:\/\/valitec.co\/sitioweb\/wp-content\/uploads\/2023\/04\/1-1.jpg\" class=\"attachment-full size-full wp-image-3468\" alt=\"\" srcset=\"https:\/\/valitec.co\/sitioweb\/wp-content\/uploads\/2023\/04\/1-1.jpg 500w, https:\/\/valitec.co\/sitioweb\/wp-content\/uploads\/2023\/04\/1-1-300x200.jpg 300w, https:\/\/valitec.co\/sitioweb\/wp-content\/uploads\/2023\/04\/1-1-81x54.jpg 81w\" sizes=\"(max-width: 500px) 100vw, 500px\" \/><\/figure><div class=\"elementor-image-box-content\"><h3 class=\"elementor-image-box-title\">Compatible con Distek<\/h3><\/div><\/div>\t\t\t\t<\/div>\n\t\t\t\t<\/div>\n\t\t\t\t\t<\/div>\n\t\t<\/div>\n\t\t\t\t\t<\/div>\n\t\t<\/section>\n\t\t\t\t<section class=\"elementor-section elementor-top-section elementor-element elementor-element-2232cc4 elementor-section-boxed elementor-section-height-default elementor-section-height-default\" data-id=\"2232cc4\" data-element_type=\"section\" data-e-type=\"section\">\n\t\t\t\t\t\t<div class=\"elementor-container elementor-column-gap-default\">\n\t\t\t\t\t<div class=\"elementor-column elementor-col-100 elementor-top-column elementor-element elementor-element-7a0896b\" data-id=\"7a0896b\" data-element_type=\"column\" data-e-type=\"column\">\n\t\t\t<div class=\"elementor-widget-wrap elementor-element-populated\">\n\t\t\t\t\t\t<div class=\"elementor-element elementor-element-9344e7c elementor-widget elementor-widget-spacer\" data-id=\"9344e7c\" data-element_type=\"widget\" data-e-type=\"widget\" data-widget_type=\"spacer.default\">\n\t\t\t\t<div class=\"elementor-widget-container\">\n\t\t\t\t\t\t\t<div class=\"elementor-spacer\">\n\t\t\t<div class=\"elementor-spacer-inner\"><\/div>\n\t\t<\/div>\n\t\t\t\t\t\t<\/div>\n\t\t\t\t<\/div>\n\t\t\t\t\t<\/div>\n\t\t<\/div>\n\t\t\t\t\t<\/div>\n\t\t<\/section>\n\t\t\t\t<section class=\"elementor-section elementor-top-section elementor-element elementor-element-9eddfbe elementor-section-boxed elementor-section-height-default elementor-section-height-default\" data-id=\"9eddfbe\" data-element_type=\"section\" data-e-type=\"section\">\n\t\t\t\t\t\t<div class=\"elementor-container elementor-column-gap-default\">\n\t\t\t\t\t<div class=\"elementor-column elementor-col-100 elementor-top-column elementor-element elementor-element-4d016c8\" data-id=\"4d016c8\" data-element_type=\"column\" data-e-type=\"column\">\n\t\t\t<div class=\"elementor-widget-wrap elementor-element-populated\">\n\t\t\t\t\t\t<div class=\"elementor-element elementor-element-3af18a1 elementor-widget elementor-widget-text-editor\" data-id=\"3af18a1\" data-element_type=\"widget\" data-e-type=\"widget\" data-widget_type=\"text-editor.default\">\n\t\t\t\t<div class=\"elementor-widget-container\">\n\t\t\t\t\t\t\t\t\t<p><strong><span>Recipientes de alta precisi\u00f3n &#8211; USP<\/span><\/strong><span>\u00a0Recipientes de la m\u00e1s alta especificaci\u00f3n, con esfericidad precisa, circularidad, concentricidad de la superficie interna, centro vertical y geometr\u00eda uniforme.\u00a0Reduce las variaciones en los resultados de disoluci\u00f3n y crea mejores condiciones para pasar la USP PVT (Prueba de Verificaci\u00f3n de Desempe\u00f1o) en la Etapa 1.<\/span><\/p>\t\t\t\t\t\t\t\t<\/div>\n\t\t\t\t<\/div>\n\t\t\t\t\t<\/div>\n\t\t<\/div>\n\t\t\t\t\t<\/div>\n\t\t<\/section>\n\t\t\t\t<section class=\"elementor-section elementor-top-section elementor-element elementor-element-d5636d9 elementor-section-boxed elementor-section-height-default elementor-section-height-default\" data-id=\"d5636d9\" data-element_type=\"section\" data-e-type=\"section\">\n\t\t\t\t\t\t<div class=\"elementor-container elementor-column-gap-default\">\n\t\t\t\t\t<div class=\"elementor-column elementor-col-100 elementor-top-column elementor-element elementor-element-7b3d532\" data-id=\"7b3d532\" data-element_type=\"column\" data-e-type=\"column\">\n\t\t\t<div class=\"elementor-widget-wrap elementor-element-populated\">\n\t\t\t\t\t\t<div class=\"elementor-element elementor-element-f9f1df4 elementor-widget elementor-widget-spacer\" data-id=\"f9f1df4\" data-element_type=\"widget\" data-e-type=\"widget\" data-widget_type=\"spacer.default\">\n\t\t\t\t<div class=\"elementor-widget-container\">\n\t\t\t\t\t\t\t<div class=\"elementor-spacer\">\n\t\t\t<div class=\"elementor-spacer-inner\"><\/div>\n\t\t<\/div>\n\t\t\t\t\t\t<\/div>\n\t\t\t\t<\/div>\n\t\t\t\t\t<\/div>\n\t\t<\/div>\n\t\t\t\t\t<\/div>\n\t\t<\/section>\n\t\t\t\t<section class=\"elementor-section elementor-top-section elementor-element elementor-element-ab858c6 elementor-section-boxed elementor-section-height-default elementor-section-height-default\" data-id=\"ab858c6\" data-element_type=\"section\" data-e-type=\"section\">\n\t\t\t\t\t\t<div class=\"elementor-container elementor-column-gap-default\">\n\t\t\t\t\t<div class=\"elementor-column elementor-col-25 elementor-top-column elementor-element elementor-element-4d103c3\" data-id=\"4d103c3\" data-element_type=\"column\" data-e-type=\"column\">\n\t\t\t<div class=\"elementor-widget-wrap elementor-element-populated\">\n\t\t\t\t\t\t<div class=\"elementor-element elementor-element-6428552 elementor-widget elementor-widget-text-editor\" data-id=\"6428552\" data-element_type=\"widget\" data-e-type=\"widget\" data-widget_type=\"text-editor.default\">\n\t\t\t\t<div class=\"elementor-widget-container\">\n\t\t\t\t\t\t\t\t\t<p><strong><span>PSHPGLA900-ADK<\/span><br \/><span>Recipiente de vidrio \u00e1mbar de alta precisi\u00f3n de 1000 ml para Distek<\/span><\/strong><br \/><br \/><\/p><table id=\"kenmerktable\"><tbody><tr><td><strong><span>N\u00famero de producto \u00a0 \u00a0<\/span><\/strong><\/td><td><span>PSHPGLA900-ADK<\/span><\/td><\/tr><tr><td><strong><span>Referencia OEM \u00a0 \u00a0<\/span><\/strong><\/td><td><span>Accesorios de disoluci\u00f3n producto innovado<\/span><\/td><\/tr><tr><td><strong><span>OEM \u00a0 \u00a0<\/span><\/strong><\/td><td><span>Disteck<\/span><\/td><\/tr><tr><td><strong><span>Material \u00a0 \u00a0<\/span><\/strong><\/td><td><span>3.3 Vidrio de borosilicato<\/span><\/td><\/tr><tr><td><strong><span>Volumen \u00a0 \u00a0<\/span><\/strong><\/td><td><span>1000ml<\/span><\/td><\/tr><tr><td><strong><span>Color \u00a0 \u00a0<\/span><\/strong><\/td><td><span>\u00c1mbar<\/span><\/td><\/tr><tr><td><strong><span>Estilo de embarcaci\u00f3n \u00a0 \u00a0<\/span><\/strong><\/td><td><span>fondo redondo<\/span><\/td><\/tr><\/tbody><\/table><p><br \/><span>Caracter\u00edsticas clave:<\/span><\/p><ul><li><span>Amberizado para protecci\u00f3n contra UV<\/span><\/li><li><span>Se ajusta directamente al ba\u00f1o de disoluci\u00f3n sin el uso de anillos adaptadores.<\/span><\/li><li><span>Viene de serie con un certificado de cumplimiento individual que indica:<\/span><strong><span>&#8211;<\/span><\/strong><span>\u00a0N\u00famero de serie del recipiente<\/span><br \/><strong><span>&#8211;<\/span><\/strong><span>\u00a0Altura del recipiente<\/span><br \/><strong><span>&#8211;<\/span><\/strong><span>\u00a0Di\u00e1metro interior del recipiente a 45 mm, 70 mm y 95 mm<\/span><br \/><strong><span>&#8211;<\/span><\/strong><span>\u00a0Radio del recipiente<\/span><\/li><li><span>Cumple con las normas ASTM, USP, JP, EP, BP.<\/span><\/li><li><span>Reducir\u00e1 la variaci\u00f3n de los datos de disoluci\u00f3n.<\/span><\/li><\/ul>\t\t\t\t\t\t\t\t<\/div>\n\t\t\t\t<\/div>\n\t\t\t\t\t<\/div>\n\t\t<\/div>\n\t\t\t\t<div class=\"elementor-column elementor-col-25 elementor-top-column elementor-element elementor-element-fa490fd\" data-id=\"fa490fd\" data-element_type=\"column\" data-e-type=\"column\">\n\t\t\t<div class=\"elementor-widget-wrap elementor-element-populated\">\n\t\t\t\t\t\t<div class=\"elementor-element elementor-element-95da2bc elementor-widget elementor-widget-text-editor\" data-id=\"95da2bc\" data-element_type=\"widget\" data-e-type=\"widget\" data-widget_type=\"text-editor.default\">\n\t\t\t\t<div class=\"elementor-widget-container\">\n\t\t\t\t\t\t\t\t\t<p><strong><span>PSHPGLA900-DK<\/span><br \/><span>Recipiente de vidrio transparente de alta precisi\u00f3n de 1000 ml para Distek<\/span><\/strong><br \/><br \/><\/p><table id=\"kenmerktable\"><tbody><tr><td><strong><span>N\u00famero de producto \u00a0 \u00a0<\/span><\/strong><\/td><td><span>PSHPGLA900-DK<\/span><\/td><\/tr><tr><td><strong><span>Referencia OEM \u00a0 \u00a0<\/span><\/strong><\/td><td><span>Accesorios de disoluci\u00f3n producto innovado<\/span><\/td><\/tr><tr><td><strong><span>OEM \u00a0 \u00a0<\/span><\/strong><\/td><td><span>Disteck<\/span><\/td><\/tr><tr><td><strong><span>Material \u00a0 \u00a0<\/span><\/strong><\/td><td><span>3.3 Vidrio de borosilicato<\/span><\/td><\/tr><tr><td><strong><span>Volumen \u00a0 \u00a0<\/span><\/strong><\/td><td><span>1000ml<\/span><\/td><\/tr><tr><td><strong><span>Color \u00a0 \u00a0<\/span><\/strong><\/td><td><span>Claro<\/span><\/td><\/tr><tr><td><strong><span>Estilo de embarcaci\u00f3n \u00a0 \u00a0<\/span><\/strong><\/td><td><span>fondo redondo<\/span><\/td><\/tr><\/tbody><\/table><p><br \/><span>Caracter\u00edsticas clave:<\/span><\/p><ul><li><span>Se ajusta directamente al ba\u00f1o de disoluci\u00f3n sin el uso de anillos adaptadores.<\/span><\/li><li><span>Viene de serie con un certificado de cumplimiento individual que indica:<\/span><strong><span>&#8211;<\/span><\/strong><span>\u00a0N\u00famero de serie del recipiente<\/span><br \/><strong><span>&#8211;<\/span><\/strong><span>\u00a0Altura del recipiente<\/span><br \/><strong><span>&#8211;<\/span><\/strong><span>\u00a0Di\u00e1metro interior del recipiente a 45 mm, 70 mm y 95 mm<\/span><br \/><strong><span>&#8211;<\/span><\/strong><span>\u00a0Radio del recipiente<\/span><\/li><li><span>Cumple con las normas ASTM, USP, JP, EP, BP.<\/span><\/li><li><span>Reducir\u00e1 la variaci\u00f3n de los datos de disoluci\u00f3n.<\/span><\/li><\/ul>\t\t\t\t\t\t\t\t<\/div>\n\t\t\t\t<\/div>\n\t\t\t\t\t<\/div>\n\t\t<\/div>\n\t\t\t\t<div class=\"elementor-column elementor-col-25 elementor-top-column elementor-element elementor-element-9a9af32\" data-id=\"9a9af32\" data-element_type=\"column\" data-e-type=\"column\">\n\t\t\t<div class=\"elementor-widget-wrap elementor-element-populated\">\n\t\t\t\t\t\t<div class=\"elementor-element elementor-element-4fc8a52 elementor-widget elementor-widget-text-editor\" data-id=\"4fc8a52\" data-element_type=\"widget\" data-e-type=\"widget\" data-widget_type=\"text-editor.default\">\n\t\t\t\t<div class=\"elementor-widget-container\">\n\t\t\t\t\t\t\t\t\t<p><strong><span>PSHPGLA9CR-ADK<\/span><br \/><span>Recipiente de vidrio \u00e1mbar de alta precisi\u00f3n de 1000 ml con anillo acculign para Distek<\/span><\/strong><br \/><br \/><\/p><table id=\"kenmerktable\"><tbody><tr><td><strong><span>N\u00famero de producto \u00a0 \u00a0<\/span><\/strong><\/td><td><span>PSHPGLA9CR-ADK<\/span><\/td><\/tr><tr><td><strong><span>Referencia OEM \u00a0 \u00a0<\/span><\/strong><\/td><td><span>Accesorios de disoluci\u00f3n producto innovado<\/span><\/td><\/tr><tr><td><strong><span>OEM \u00a0 \u00a0<\/span><\/strong><\/td><td><span>Disteck<\/span><\/td><\/tr><tr><td><strong><span>Material \u00a0 \u00a0<\/span><\/strong><\/td><td><span>3.3 Vidrio de borosilicato<\/span><\/td><\/tr><tr><td><strong><span>Volumen \u00a0 \u00a0<\/span><\/strong><\/td><td><span>1000ml<\/span><\/td><\/tr><tr><td><strong><span>Color \u00a0 \u00a0<\/span><\/strong><\/td><td><span>\u00c1mbar<\/span><\/td><\/tr><tr><td><strong><span>Estilo de embarcaci\u00f3n \u00a0 \u00a0<\/span><\/strong><\/td><td><span>fondo redondo<\/span><\/td><\/tr><\/tbody><\/table><p><br \/><span>Caracter\u00edsticas clave:<\/span><\/p><ul><li><span>Se ajusta directamente al ba\u00f1o de disoluci\u00f3n sin el uso de anillos adaptadores.<\/span><\/li><li><span>Viene de serie con un certificado de cumplimiento individual que indica:<\/span><strong><span>&#8211;<\/span><\/strong><span>\u00a0N\u00famero de serie del recipiente<\/span><br \/><strong><span>&#8211;<\/span><\/strong><span>\u00a0Altura del recipiente<\/span><br \/><strong><span>&#8211;<\/span><\/strong><span>\u00a0Di\u00e1metro interior del recipiente a 45 mm, 70 mm y 95 mm<\/span><br \/><strong><span>&#8211;<\/span><\/strong><span>\u00a0Radio del recipiente<\/span><\/li><li><span>Cumple con las normas ASTM, USP, JP, EP, BP.<\/span><\/li><li><span>Reducir\u00e1 la variaci\u00f3n de los datos de disoluci\u00f3n.<\/span><\/li><\/ul>\t\t\t\t\t\t\t\t<\/div>\n\t\t\t\t<\/div>\n\t\t\t\t\t<\/div>\n\t\t<\/div>\n\t\t\t\t<div class=\"elementor-column elementor-col-25 elementor-top-column elementor-element elementor-element-26ca773\" data-id=\"26ca773\" data-element_type=\"column\" data-e-type=\"column\">\n\t\t\t<div class=\"elementor-widget-wrap elementor-element-populated\">\n\t\t\t\t\t\t<div class=\"elementor-element elementor-element-7c8112d elementor-widget elementor-widget-text-editor\" data-id=\"7c8112d\" data-element_type=\"widget\" data-e-type=\"widget\" data-widget_type=\"text-editor.default\">\n\t\t\t\t<div class=\"elementor-widget-container\">\n\t\t\t\t\t\t\t\t\t<p><strong><span>PSHPGLA9CR-DK<\/span><br \/><span>Recipiente de vidrio transparente de alta precisi\u00f3n de 1000 ml con anillo acculign para Distek<\/span><\/strong><br \/><br \/><\/p><table id=\"kenmerktable\"><tbody><tr><td><strong><span>N\u00famero de producto \u00a0 \u00a0<\/span><\/strong><\/td><td><span>PSHPGLA9CR-DK<\/span><\/td><\/tr><tr><td><strong><span>Referencia OEM \u00a0 \u00a0<\/span><\/strong><\/td><td><span>Accesorios de disoluci\u00f3n producto innovado<\/span><\/td><\/tr><tr><td><strong><span>OEM \u00a0 \u00a0<\/span><\/strong><\/td><td><span>Disteck<\/span><\/td><\/tr><tr><td><strong><span>Material \u00a0 \u00a0<\/span><\/strong><\/td><td><span>3.3 Vidrio de borosilicato<\/span><\/td><\/tr><tr><td><strong><span>Volumen \u00a0 \u00a0<\/span><\/strong><\/td><td><span>1000ml<\/span><\/td><\/tr><tr><td><strong><span>Color \u00a0 \u00a0<\/span><\/strong><\/td><td><span>Claro<\/span><\/td><\/tr><tr><td><strong><span>Estilo de embarcaci\u00f3n \u00a0 \u00a0<\/span><\/strong><\/td><td><span>fondo redondo<\/span><\/td><\/tr><\/tbody><\/table><p><br \/><span>Caracter\u00edsticas clave:<\/span><\/p><ul><li><span>Se ajusta directamente al ba\u00f1o de disoluci\u00f3n sin el uso de anillos adaptadores.<\/span><\/li><li><span>Viene de serie con un certificado de cumplimiento individual que indica:<\/span><strong><span>&#8211;<\/span><\/strong><span>\u00a0N\u00famero de serie del recipiente<\/span><br \/><strong><span>&#8211;<\/span><\/strong><span>\u00a0Altura del recipiente<\/span><br \/><strong><span>&#8211;<\/span><\/strong><span>\u00a0Di\u00e1metro interior del recipiente a 45 mm, 70 mm y 95 mm<\/span><br \/><strong><span>&#8211;<\/span><\/strong><span>\u00a0Radio del recipiente<\/span><\/li><li><span>Cumple con las normas ASTM, USP, JP, EP, BP.<\/span><\/li><li><span>Reducir\u00e1 la variaci\u00f3n de los datos de disoluci\u00f3n.<\/span><\/li><\/ul>\t\t\t\t\t\t\t\t<\/div>\n\t\t\t\t<\/div>\n\t\t\t\t\t<\/div>\n\t\t<\/div>\n\t\t\t\t\t<\/div>\n\t\t<\/section>\n\t\t\t\t<section class=\"elementor-section elementor-top-section elementor-element elementor-element-0e58d81 elementor-section-boxed elementor-section-height-default elementor-section-height-default\" data-id=\"0e58d81\" data-element_type=\"section\" data-e-type=\"section\">\n\t\t\t\t\t\t<div class=\"elementor-container elementor-column-gap-default\">\n\t\t\t\t\t<div class=\"elementor-column elementor-col-25 elementor-top-column elementor-element elementor-element-1c60ac6\" data-id=\"1c60ac6\" data-element_type=\"column\" data-e-type=\"column\">\n\t\t\t<div class=\"elementor-widget-wrap elementor-element-populated\">\n\t\t\t\t\t\t<div class=\"elementor-element elementor-element-6dcb692 elementor-widget elementor-widget-image\" data-id=\"6dcb692\" data-element_type=\"widget\" data-e-type=\"widget\" data-widget_type=\"image.default\">\n\t\t\t\t<div class=\"elementor-widget-container\">\n\t\t\t\t\t\t\t\t\t\t\t\t\t\t\t<img decoding=\"async\" width=\"500\" height=\"333\" src=\"https:\/\/valitec.co\/sitioweb\/wp-content\/uploads\/2023\/04\/7-2.jpg\" class=\"attachment-large size-large wp-image-3480\" alt=\"\" srcset=\"https:\/\/valitec.co\/sitioweb\/wp-content\/uploads\/2023\/04\/7-2.jpg 500w, https:\/\/valitec.co\/sitioweb\/wp-content\/uploads\/2023\/04\/7-2-300x200.jpg 300w, https:\/\/valitec.co\/sitioweb\/wp-content\/uploads\/2023\/04\/7-2-81x54.jpg 81w\" sizes=\"(max-width: 500px) 100vw, 500px\" \/>\t\t\t\t\t\t\t\t\t\t\t\t\t\t\t<\/div>\n\t\t\t\t<\/div>\n\t\t\t\t\t<\/div>\n\t\t<\/div>\n\t\t\t\t<div class=\"elementor-column elementor-col-25 elementor-top-column elementor-element elementor-element-a3875b3\" data-id=\"a3875b3\" data-element_type=\"column\" data-e-type=\"column\">\n\t\t\t<div class=\"elementor-widget-wrap elementor-element-populated\">\n\t\t\t\t\t\t<div class=\"elementor-element elementor-element-efc2915 elementor-widget elementor-widget-image\" data-id=\"efc2915\" data-element_type=\"widget\" data-e-type=\"widget\" data-widget_type=\"image.default\">\n\t\t\t\t<div class=\"elementor-widget-container\">\n\t\t\t\t\t\t\t\t\t\t\t\t\t\t\t<img decoding=\"async\" width=\"500\" height=\"333\" src=\"https:\/\/valitec.co\/sitioweb\/wp-content\/uploads\/2023\/04\/8-2.jpg\" class=\"attachment-large size-large wp-image-3481\" alt=\"\" srcset=\"https:\/\/valitec.co\/sitioweb\/wp-content\/uploads\/2023\/04\/8-2.jpg 500w, https:\/\/valitec.co\/sitioweb\/wp-content\/uploads\/2023\/04\/8-2-300x200.jpg 300w, https:\/\/valitec.co\/sitioweb\/wp-content\/uploads\/2023\/04\/8-2-81x54.jpg 81w\" sizes=\"(max-width: 500px) 100vw, 500px\" \/>\t\t\t\t\t\t\t\t\t\t\t\t\t\t\t<\/div>\n\t\t\t\t<\/div>\n\t\t\t\t\t<\/div>\n\t\t<\/div>\n\t\t\t\t<div class=\"elementor-column elementor-col-25 elementor-top-column elementor-element elementor-element-bd5c187\" data-id=\"bd5c187\" data-element_type=\"column\" data-e-type=\"column\">\n\t\t\t<div class=\"elementor-widget-wrap elementor-element-populated\">\n\t\t\t\t\t\t<div class=\"elementor-element elementor-element-189cd1f elementor-widget elementor-widget-image\" data-id=\"189cd1f\" data-element_type=\"widget\" data-e-type=\"widget\" data-widget_type=\"image.default\">\n\t\t\t\t<div class=\"elementor-widget-container\">\n\t\t\t\t\t\t\t\t\t\t\t\t\t\t\t<img loading=\"lazy\" decoding=\"async\" width=\"500\" height=\"333\" src=\"https:\/\/valitec.co\/sitioweb\/wp-content\/uploads\/2023\/04\/9-2.jpg\" class=\"attachment-large size-large wp-image-3488\" alt=\"\" srcset=\"https:\/\/valitec.co\/sitioweb\/wp-content\/uploads\/2023\/04\/9-2.jpg 500w, https:\/\/valitec.co\/sitioweb\/wp-content\/uploads\/2023\/04\/9-2-300x200.jpg 300w, https:\/\/valitec.co\/sitioweb\/wp-content\/uploads\/2023\/04\/9-2-81x54.jpg 81w\" sizes=\"(max-width: 500px) 100vw, 500px\" \/>\t\t\t\t\t\t\t\t\t\t\t\t\t\t\t<\/div>\n\t\t\t\t<\/div>\n\t\t\t\t\t<\/div>\n\t\t<\/div>\n\t\t\t\t<div class=\"elementor-column elementor-col-25 elementor-top-column elementor-element elementor-element-b8ce52b\" data-id=\"b8ce52b\" data-element_type=\"column\" data-e-type=\"column\">\n\t\t\t<div class=\"elementor-widget-wrap elementor-element-populated\">\n\t\t\t\t\t\t<div class=\"elementor-element elementor-element-a3623a2 elementor-widget elementor-widget-image\" data-id=\"a3623a2\" data-element_type=\"widget\" data-e-type=\"widget\" data-widget_type=\"image.default\">\n\t\t\t\t<div class=\"elementor-widget-container\">\n\t\t\t\t\t\t\t\t\t\t\t\t\t\t\t<img loading=\"lazy\" decoding=\"async\" width=\"500\" height=\"333\" src=\"https:\/\/valitec.co\/sitioweb\/wp-content\/uploads\/2023\/04\/10-1.jpg\" class=\"attachment-large size-large wp-image-3489\" alt=\"\" srcset=\"https:\/\/valitec.co\/sitioweb\/wp-content\/uploads\/2023\/04\/10-1.jpg 500w, https:\/\/valitec.co\/sitioweb\/wp-content\/uploads\/2023\/04\/10-1-300x200.jpg 300w, https:\/\/valitec.co\/sitioweb\/wp-content\/uploads\/2023\/04\/10-1-81x54.jpg 81w\" sizes=\"(max-width: 500px) 100vw, 500px\" \/>\t\t\t\t\t\t\t\t\t\t\t\t\t\t\t<\/div>\n\t\t\t\t<\/div>\n\t\t\t\t\t<\/div>\n\t\t<\/div>\n\t\t\t\t\t<\/div>\n\t\t<\/section>\n\t\t\t\t<\/div>\n\t\t","protected":false},"excerpt":{"rendered":"<p>Compatible con Distek Recipientes de alta precisi\u00f3n &#8211; USP&nbsp;Recipientes de la m\u00e1s alta especificaci\u00f3n, con esfericidad precisa, circularidad, concentricidad de la superficie interna, centro vertical y geometr\u00eda uniforme.&nbsp;Reduce las variaciones en los resultados de disoluci\u00f3n y crea mejores condiciones para pasar la USP PVT (Prueba de Verificaci\u00f3n de Desempe\u00f1o) en la Etapa 1. PSHPGLA900-ADK Recipiente<\/p>\n<div class=\"klb-readmore\"><a class=\"c-btn\" href=\"https:\/\/valitec.co\/sitioweb\/recipientes-de-alta-precision-distek\/\">Read More <i class=\"far fa-plus\"><\/i><\/a><\/div>\n","protected":false},"author":1,"featured_media":0,"parent":0,"menu_order":0,"comment_status":"closed","ping_status":"closed","template":"","meta":{"_eb_attr":"","footnotes":""},"class_list":["post-3486","page","type-page","status-publish","hentry"],"_links":{"self":[{"href":"https:\/\/valitec.co\/sitioweb\/wp-json\/wp\/v2\/pages\/3486","targetHints":{"allow":["GET"]}}],"collection":[{"href":"https:\/\/valitec.co\/sitioweb\/wp-json\/wp\/v2\/pages"}],"about":[{"href":"https:\/\/valitec.co\/sitioweb\/wp-json\/wp\/v2\/types\/page"}],"author":[{"embeddable":true,"href":"https:\/\/valitec.co\/sitioweb\/wp-json\/wp\/v2\/users\/1"}],"replies":[{"embeddable":true,"href":"https:\/\/valitec.co\/sitioweb\/wp-json\/wp\/v2\/comments?post=3486"}],"version-history":[{"count":5,"href":"https:\/\/valitec.co\/sitioweb\/wp-json\/wp\/v2\/pages\/3486\/revisions"}],"predecessor-version":[{"id":3493,"href":"https:\/\/valitec.co\/sitioweb\/wp-json\/wp\/v2\/pages\/3486\/revisions\/3493"}],"wp:attachment":[{"href":"https:\/\/valitec.co\/sitioweb\/wp-json\/wp\/v2\/media?parent=3486"}],"curies":[{"name":"wp","href":"https:\/\/api.w.org\/{rel}","templated":true}]}}