{"id":3422,"date":"2023-04-04T00:30:26","date_gmt":"2023-04-04T00:30:26","guid":{"rendered":"https:\/\/valitec.co\/sitioweb\/?page_id=3422"},"modified":"2023-04-04T01:18:28","modified_gmt":"2023-04-04T01:18:28","slug":"acc","status":"publish","type":"page","link":"https:\/\/valitec.co\/sitioweb\/acc\/","title":{"rendered":"PRUEBA DE DESINTEGRACI\u00d3N"},"content":{"rendered":"\t\t<div data-elementor-type=\"wp-page\" data-elementor-id=\"3422\" class=\"elementor elementor-3422\" data-elementor-post-type=\"page\">\n\t\t\t\t\t\t<section class=\"elementor-section elementor-top-section elementor-element elementor-element-1ea230f elementor-section-boxed elementor-section-height-default elementor-section-height-default\" data-id=\"1ea230f\" data-element_type=\"section\" data-e-type=\"section\">\n\t\t\t\t\t\t<div class=\"elementor-container elementor-column-gap-default\">\n\t\t\t\t\t<div class=\"elementor-column elementor-col-100 elementor-top-column elementor-element elementor-element-29d0717\" data-id=\"29d0717\" data-element_type=\"column\" data-e-type=\"column\">\n\t\t\t<div class=\"elementor-widget-wrap elementor-element-populated\">\n\t\t\t\t\t\t<div class=\"elementor-element elementor-element-9e9321c elementor-position-top elementor-widget elementor-widget-image-box\" data-id=\"9e9321c\" data-element_type=\"widget\" data-e-type=\"widget\" data-widget_type=\"image-box.default\">\n\t\t\t\t<div class=\"elementor-widget-container\">\n\t\t\t\t\t<div class=\"elementor-image-box-wrapper\"><figure class=\"elementor-image-box-img\"><img fetchpriority=\"high\" decoding=\"async\" width=\"500\" height=\"333\" src=\"https:\/\/valitec.co\/sitioweb\/wp-content\/uploads\/2023\/04\/19.jpg\" class=\"attachment-full size-full wp-image-3363\" alt=\"\" srcset=\"https:\/\/valitec.co\/sitioweb\/wp-content\/uploads\/2023\/04\/19.jpg 500w, https:\/\/valitec.co\/sitioweb\/wp-content\/uploads\/2023\/04\/19-300x200.jpg 300w, https:\/\/valitec.co\/sitioweb\/wp-content\/uploads\/2023\/04\/19-81x54.jpg 81w\" sizes=\"(max-width: 500px) 100vw, 500px\" \/><\/figure><div class=\"elementor-image-box-content\"><h3 class=\"elementor-image-box-title\">PRUEBA DE DESINTEGRACI\u00d3N<\/h3><\/div><\/div>\t\t\t\t<\/div>\n\t\t\t\t<\/div>\n\t\t\t\t\t<\/div>\n\t\t<\/div>\n\t\t\t\t\t<\/div>\n\t\t<\/section>\n\t\t\t\t<section class=\"elementor-section elementor-top-section elementor-element elementor-element-a04cdb8 elementor-section-boxed elementor-section-height-default elementor-section-height-default\" data-id=\"a04cdb8\" data-element_type=\"section\" data-e-type=\"section\">\n\t\t\t\t\t\t<div class=\"elementor-container elementor-column-gap-default\">\n\t\t\t\t\t<div class=\"elementor-column elementor-col-100 elementor-top-column elementor-element elementor-element-40e9bb8\" data-id=\"40e9bb8\" data-element_type=\"column\" data-e-type=\"column\">\n\t\t\t<div class=\"elementor-widget-wrap elementor-element-populated\">\n\t\t\t\t\t\t<div class=\"elementor-element elementor-element-0d965c2 elementor-widget elementor-widget-spacer\" data-id=\"0d965c2\" data-element_type=\"widget\" data-e-type=\"widget\" data-widget_type=\"spacer.default\">\n\t\t\t\t<div class=\"elementor-widget-container\">\n\t\t\t\t\t\t\t<div class=\"elementor-spacer\">\n\t\t\t<div class=\"elementor-spacer-inner\"><\/div>\n\t\t<\/div>\n\t\t\t\t\t\t<\/div>\n\t\t\t\t<\/div>\n\t\t\t\t\t<\/div>\n\t\t<\/div>\n\t\t\t\t\t<\/div>\n\t\t<\/section>\n\t\t\t\t<section class=\"elementor-section elementor-top-section elementor-element elementor-element-ea2a787 elementor-section-boxed elementor-section-height-default elementor-section-height-default\" data-id=\"ea2a787\" data-element_type=\"section\" data-e-type=\"section\">\n\t\t\t\t\t\t<div class=\"elementor-container elementor-column-gap-default\">\n\t\t\t\t\t<div class=\"elementor-column elementor-col-100 elementor-top-column elementor-element elementor-element-fd75183\" data-id=\"fd75183\" data-element_type=\"column\" data-e-type=\"column\">\n\t\t\t<div class=\"elementor-widget-wrap elementor-element-populated\">\n\t\t\t\t\t\t<div class=\"elementor-element elementor-element-fb63e71 elementor-widget elementor-widget-text-editor\" data-id=\"fb63e71\" data-element_type=\"widget\" data-e-type=\"widget\" data-widget_type=\"text-editor.default\">\n\t\t\t\t<div class=\"elementor-widget-container\">\n\t\t\t\t\t\t\t\t\t<p><strong><span>PRUEBA DE DESINTEGRACI\u00d3N<\/span><\/strong><span>\u00a0El aparato actual descrito en las Farmacopeas fue dise\u00f1ado para proporcionar un m\u00e9todo reproducible y estandarizado para garantizar que se ha producido la desintegraci\u00f3n.\u00a0Cada una de las tabletas a probar se coloca en uno de los 6 tubos verticales dispuestos en una disposici\u00f3n de canasta circular.\u00a0El extremo inferior de los tubos est\u00e1 cubierto por una malla tamiz.<\/span><\/p>\t\t\t\t\t\t\t\t<\/div>\n\t\t\t\t<\/div>\n\t\t\t\t\t<\/div>\n\t\t<\/div>\n\t\t\t\t\t<\/div>\n\t\t<\/section>\n\t\t\t\t<section class=\"elementor-section elementor-top-section elementor-element elementor-element-c3b86db elementor-section-boxed elementor-section-height-default elementor-section-height-default\" data-id=\"c3b86db\" data-element_type=\"section\" data-e-type=\"section\">\n\t\t\t\t\t\t<div class=\"elementor-container elementor-column-gap-default\">\n\t\t\t\t\t<div class=\"elementor-column elementor-col-100 elementor-top-column elementor-element elementor-element-8a635d6\" data-id=\"8a635d6\" data-element_type=\"column\" data-e-type=\"column\">\n\t\t\t<div class=\"elementor-widget-wrap elementor-element-populated\">\n\t\t\t\t\t\t<div class=\"elementor-element elementor-element-af7bb20 elementor-widget elementor-widget-spacer\" data-id=\"af7bb20\" data-element_type=\"widget\" data-e-type=\"widget\" data-widget_type=\"spacer.default\">\n\t\t\t\t<div class=\"elementor-widget-container\">\n\t\t\t\t\t\t\t<div class=\"elementor-spacer\">\n\t\t\t<div class=\"elementor-spacer-inner\"><\/div>\n\t\t<\/div>\n\t\t\t\t\t\t<\/div>\n\t\t\t\t<\/div>\n\t\t\t\t\t<\/div>\n\t\t<\/div>\n\t\t\t\t\t<\/div>\n\t\t<\/section>\n\t\t\t\t<section class=\"elementor-section elementor-top-section elementor-element elementor-element-593bba3 elementor-section-boxed elementor-section-height-default elementor-section-height-default\" data-id=\"593bba3\" data-element_type=\"section\" data-e-type=\"section\">\n\t\t\t\t\t\t<div class=\"elementor-container elementor-column-gap-default\">\n\t\t\t\t\t<div class=\"elementor-column elementor-col-50 elementor-top-column elementor-element elementor-element-e71f443\" data-id=\"e71f443\" data-element_type=\"column\" data-e-type=\"column\">\n\t\t\t<div class=\"elementor-widget-wrap elementor-element-populated\">\n\t\t\t\t\t\t<div class=\"elementor-element elementor-element-1af1ee1 elementor-widget elementor-widget-text-editor\" data-id=\"1af1ee1\" data-element_type=\"widget\" data-e-type=\"widget\" data-widget_type=\"text-editor.default\">\n\t\t\t\t<div class=\"elementor-widget-container\">\n\t\t\t\t\t\t\t\t\t<p><strong>PSBEAK1L-PS<br \/>Vaso de desintegraci\u00f3n de vidrio transparente de 1L<\/strong><\/p><table id=\"kenmerktable\"><tbody><tr><td><strong>N\u00famero de producto \u00a0 \u00a0<\/strong><\/td><td>PSBEAK1L-PS<\/td><\/tr><tr><td><strong>Material \u00a0 \u00a0<\/strong><\/td><td>Vidrio de borosilicato<\/td><\/tr><\/tbody><\/table><p>Fabrincante: Dissolution Accessories<\/p>\t\t\t\t\t\t\t\t<\/div>\n\t\t\t\t<\/div>\n\t\t\t\t\t<\/div>\n\t\t<\/div>\n\t\t\t\t<div class=\"elementor-column elementor-col-50 elementor-top-column elementor-element elementor-element-075fb15\" data-id=\"075fb15\" data-element_type=\"column\" data-e-type=\"column\">\n\t\t\t<div class=\"elementor-widget-wrap elementor-element-populated\">\n\t\t\t\t\t\t<div class=\"elementor-element elementor-element-8526f36 elementor-widget elementor-widget-text-editor\" data-id=\"8526f36\" data-element_type=\"widget\" data-e-type=\"widget\" data-widget_type=\"text-editor.default\">\n\t\t\t\t<div class=\"elementor-widget-container\">\n\t\t\t\t\t\t\t\t\t<p><strong>PSFDISK-PS6<br \/>Discos de pl\u00e1stico acanalados USP \u00abB\u00bb (Juego\/6)<\/strong><\/p><table id=\"kenmerktable\"><tbody><tr><td><strong>N\u00famero de producto \u00a0 \u00a0<\/strong><\/td><td>PSFDISK-PS6<\/td><\/tr><\/tbody><\/table><p>Fabrincante: Dissolution Accessories<\/p>\t\t\t\t\t\t\t\t<\/div>\n\t\t\t\t<\/div>\n\t\t\t\t\t<\/div>\n\t\t<\/div>\n\t\t\t\t\t<\/div>\n\t\t<\/section>\n\t\t\t\t<section class=\"elementor-section elementor-top-section elementor-element elementor-element-af08e3e elementor-section-boxed elementor-section-height-default elementor-section-height-default\" data-id=\"af08e3e\" data-element_type=\"section\" data-e-type=\"section\">\n\t\t\t\t\t\t<div class=\"elementor-container elementor-column-gap-default\">\n\t\t\t\t\t<div class=\"elementor-column elementor-col-50 elementor-top-column elementor-element elementor-element-8593e8e\" data-id=\"8593e8e\" data-element_type=\"column\" data-e-type=\"column\">\n\t\t\t<div class=\"elementor-widget-wrap elementor-element-populated\">\n\t\t\t\t\t\t<div class=\"elementor-element elementor-element-b3227ea elementor-widget elementor-widget-image\" data-id=\"b3227ea\" data-element_type=\"widget\" data-e-type=\"widget\" data-widget_type=\"image.default\">\n\t\t\t\t<div class=\"elementor-widget-container\">\n\t\t\t\t\t\t\t\t\t\t\t\t\t\t\t<img decoding=\"async\" width=\"300\" height=\"200\" src=\"https:\/\/valitec.co\/sitioweb\/wp-content\/uploads\/2023\/04\/19-300x200.jpg\" class=\"attachment-medium size-medium wp-image-3363\" alt=\"\" srcset=\"https:\/\/valitec.co\/sitioweb\/wp-content\/uploads\/2023\/04\/19-300x200.jpg 300w, https:\/\/valitec.co\/sitioweb\/wp-content\/uploads\/2023\/04\/19-81x54.jpg 81w, https:\/\/valitec.co\/sitioweb\/wp-content\/uploads\/2023\/04\/19.jpg 500w\" sizes=\"(max-width: 300px) 100vw, 300px\" \/>\t\t\t\t\t\t\t\t\t\t\t\t\t\t\t<\/div>\n\t\t\t\t<\/div>\n\t\t\t\t\t<\/div>\n\t\t<\/div>\n\t\t\t\t<div class=\"elementor-column elementor-col-50 elementor-top-column elementor-element elementor-element-df59ce6\" data-id=\"df59ce6\" data-element_type=\"column\" data-e-type=\"column\">\n\t\t\t<div class=\"elementor-widget-wrap elementor-element-populated\">\n\t\t\t\t\t\t<div class=\"elementor-element elementor-element-eeaa381 elementor-widget elementor-widget-image\" data-id=\"eeaa381\" data-element_type=\"widget\" data-e-type=\"widget\" data-widget_type=\"image.default\">\n\t\t\t\t<div class=\"elementor-widget-container\">\n\t\t\t\t\t\t\t\t\t\t\t\t\t\t\t<img decoding=\"async\" width=\"300\" height=\"200\" src=\"https:\/\/valitec.co\/sitioweb\/wp-content\/uploads\/2023\/04\/13-1-300x200.jpg\" class=\"attachment-medium size-medium wp-image-3423\" alt=\"\" srcset=\"https:\/\/valitec.co\/sitioweb\/wp-content\/uploads\/2023\/04\/13-1-300x200.jpg 300w, https:\/\/valitec.co\/sitioweb\/wp-content\/uploads\/2023\/04\/13-1-81x54.jpg 81w, https:\/\/valitec.co\/sitioweb\/wp-content\/uploads\/2023\/04\/13-1.jpg 500w\" sizes=\"(max-width: 300px) 100vw, 300px\" \/>\t\t\t\t\t\t\t\t\t\t\t\t\t\t\t<\/div>\n\t\t\t\t<\/div>\n\t\t\t\t\t<\/div>\n\t\t<\/div>\n\t\t\t\t\t<\/div>\n\t\t<\/section>\n\t\t\t\t<\/div>\n\t\t","protected":false},"excerpt":{"rendered":"<p>PRUEBA DE DESINTEGRACI\u00d3N PRUEBA DE DESINTEGRACI\u00d3N&nbsp;El aparato actual descrito en las Farmacopeas fue dise\u00f1ado para proporcionar un m\u00e9todo reproducible y estandarizado para garantizar que se ha producido la desintegraci\u00f3n.&nbsp;Cada una de las tabletas a probar se coloca en uno de los 6 tubos verticales dispuestos en una disposici\u00f3n de canasta circular.&nbsp;El extremo inferior de los<\/p>\n<div class=\"klb-readmore\"><a class=\"c-btn\" href=\"https:\/\/valitec.co\/sitioweb\/acc\/\">Read More <i class=\"far fa-plus\"><\/i><\/a><\/div>\n","protected":false},"author":1,"featured_media":0,"parent":0,"menu_order":0,"comment_status":"closed","ping_status":"closed","template":"","meta":{"_eb_attr":"","footnotes":""},"class_list":["post-3422","page","type-page","status-publish","hentry"],"_links":{"self":[{"href":"https:\/\/valitec.co\/sitioweb\/wp-json\/wp\/v2\/pages\/3422","targetHints":{"allow":["GET"]}}],"collection":[{"href":"https:\/\/valitec.co\/sitioweb\/wp-json\/wp\/v2\/pages"}],"about":[{"href":"https:\/\/valitec.co\/sitioweb\/wp-json\/wp\/v2\/types\/page"}],"author":[{"embeddable":true,"href":"https:\/\/valitec.co\/sitioweb\/wp-json\/wp\/v2\/users\/1"}],"replies":[{"embeddable":true,"href":"https:\/\/valitec.co\/sitioweb\/wp-json\/wp\/v2\/comments?post=3422"}],"version-history":[{"count":4,"href":"https:\/\/valitec.co\/sitioweb\/wp-json\/wp\/v2\/pages\/3422\/revisions"}],"predecessor-version":[{"id":3427,"href":"https:\/\/valitec.co\/sitioweb\/wp-json\/wp\/v2\/pages\/3422\/revisions\/3427"}],"wp:attachment":[{"href":"https:\/\/valitec.co\/sitioweb\/wp-json\/wp\/v2\/media?parent=3422"}],"curies":[{"name":"wp","href":"https:\/\/api.w.org\/{rel}","templated":true}]}}