{"id":3409,"date":"2023-04-03T23:33:52","date_gmt":"2023-04-03T23:33:52","guid":{"rendered":"https:\/\/valitec.co\/sitioweb\/?page_id=3409"},"modified":"2023-04-03T23:38:02","modified_gmt":"2023-04-03T23:38:02","slug":"pruebas-de-desintegracion-pharmatron","status":"publish","type":"page","link":"https:\/\/valitec.co\/sitioweb\/pruebas-de-desintegracion-pharmatron\/","title":{"rendered":"PRUEBAS DE DESINTEGRACI\u00d3N PHARMATRON"},"content":{"rendered":"\t\t<div data-elementor-type=\"wp-page\" data-elementor-id=\"3409\" class=\"elementor elementor-3409\" data-elementor-post-type=\"page\">\n\t\t\t\t\t\t<section class=\"elementor-section elementor-top-section elementor-element elementor-element-36b3dc9 elementor-section-boxed elementor-section-height-default elementor-section-height-default\" data-id=\"36b3dc9\" data-element_type=\"section\" data-e-type=\"section\">\n\t\t\t\t\t\t<div class=\"elementor-container elementor-column-gap-default\">\n\t\t\t\t\t<div class=\"elementor-column elementor-col-100 elementor-top-column elementor-element elementor-element-c5ffa17\" data-id=\"c5ffa17\" data-element_type=\"column\" data-e-type=\"column\">\n\t\t\t<div class=\"elementor-widget-wrap elementor-element-populated\">\n\t\t\t\t\t\t<div class=\"elementor-element elementor-element-ebfe10c elementor-position-top elementor-widget elementor-widget-image-box\" data-id=\"ebfe10c\" data-element_type=\"widget\" data-e-type=\"widget\" data-widget_type=\"image-box.default\">\n\t\t\t\t<div class=\"elementor-widget-container\">\n\t\t\t\t\t<div class=\"elementor-image-box-wrapper\"><figure class=\"elementor-image-box-img\"><img fetchpriority=\"high\" decoding=\"async\" width=\"500\" height=\"333\" src=\"https:\/\/valitec.co\/sitioweb\/wp-content\/uploads\/2023\/04\/18-1.jpg\" class=\"attachment-full size-full wp-image-3356\" alt=\"\" srcset=\"https:\/\/valitec.co\/sitioweb\/wp-content\/uploads\/2023\/04\/18-1.jpg 500w, https:\/\/valitec.co\/sitioweb\/wp-content\/uploads\/2023\/04\/18-1-300x200.jpg 300w, https:\/\/valitec.co\/sitioweb\/wp-content\/uploads\/2023\/04\/18-1-81x54.jpg 81w\" sizes=\"(max-width: 500px) 100vw, 500px\" \/><\/figure><div class=\"elementor-image-box-content\"><h3 class=\"elementor-image-box-title\">Compatible con Pharmaton<\/h3><\/div><\/div>\t\t\t\t<\/div>\n\t\t\t\t<\/div>\n\t\t\t\t\t<\/div>\n\t\t<\/div>\n\t\t\t\t\t<\/div>\n\t\t<\/section>\n\t\t\t\t<section class=\"elementor-section elementor-top-section elementor-element elementor-element-facef30 elementor-section-boxed elementor-section-height-default elementor-section-height-default\" data-id=\"facef30\" data-element_type=\"section\" data-e-type=\"section\">\n\t\t\t\t\t\t<div class=\"elementor-container elementor-column-gap-default\">\n\t\t\t\t\t<div class=\"elementor-column elementor-col-100 elementor-top-column elementor-element elementor-element-48d37e1\" data-id=\"48d37e1\" data-element_type=\"column\" data-e-type=\"column\">\n\t\t\t<div class=\"elementor-widget-wrap\">\n\t\t\t\t\t\t\t<\/div>\n\t\t<\/div>\n\t\t\t\t\t<\/div>\n\t\t<\/section>\n\t\t\t\t<section class=\"elementor-section elementor-top-section elementor-element elementor-element-d452a2f elementor-section-boxed elementor-section-height-default elementor-section-height-default\" data-id=\"d452a2f\" data-element_type=\"section\" data-e-type=\"section\">\n\t\t\t\t\t\t<div class=\"elementor-container elementor-column-gap-default\">\n\t\t\t\t\t<div class=\"elementor-column elementor-col-100 elementor-top-column elementor-element elementor-element-a2862b2\" data-id=\"a2862b2\" data-element_type=\"column\" data-e-type=\"column\">\n\t\t\t<div class=\"elementor-widget-wrap elementor-element-populated\">\n\t\t\t\t\t\t<div class=\"elementor-element elementor-element-c534887 elementor-widget elementor-widget-text-editor\" data-id=\"c534887\" data-element_type=\"widget\" data-e-type=\"widget\" data-widget_type=\"text-editor.default\">\n\t\t\t\t<div class=\"elementor-widget-container\">\n\t\t\t\t\t\t\t\t\t<p><strong><span>PRUEBAS DE DESINTEGRACI\u00d3N PHARMATRON<\/span><\/strong><span>\u00a0Accesorios equivalentes para probadores de desintegraci\u00f3n Pharmatron.\u00a0Todos los accesorios se fabrican seg\u00fan las especificaciones de Pharmatron.\u00a0El aparato actual descrito en las Farmacopeas se dise\u00f1\u00f3 para proporcionar un m\u00e9todo reproducible y estandarizado para asegurar que se ha producido la desintegraci\u00f3n.\u00a0Cada una de las tabletas a probar se coloca en uno de los 6 tubos verticales dispuestos en una disposici\u00f3n de canasta circular.\u00a0El extremo inferior de los tubos est\u00e1 cubierto por una malla tamiz.<\/span><\/p>\t\t\t\t\t\t\t\t<\/div>\n\t\t\t\t<\/div>\n\t\t\t\t\t<\/div>\n\t\t<\/div>\n\t\t\t\t\t<\/div>\n\t\t<\/section>\n\t\t\t\t<section class=\"elementor-section elementor-top-section elementor-element elementor-element-86b5f85 elementor-section-boxed elementor-section-height-default elementor-section-height-default\" data-id=\"86b5f85\" data-element_type=\"section\" data-e-type=\"section\">\n\t\t\t\t\t\t<div class=\"elementor-container elementor-column-gap-default\">\n\t\t\t\t\t<div class=\"elementor-column elementor-col-100 elementor-top-column elementor-element elementor-element-42f2960\" data-id=\"42f2960\" data-element_type=\"column\" data-e-type=\"column\">\n\t\t\t<div class=\"elementor-widget-wrap elementor-element-populated\">\n\t\t\t\t\t\t<div class=\"elementor-element elementor-element-6c19450 elementor-widget elementor-widget-spacer\" data-id=\"6c19450\" data-element_type=\"widget\" data-e-type=\"widget\" data-widget_type=\"spacer.default\">\n\t\t\t\t<div class=\"elementor-widget-container\">\n\t\t\t\t\t\t\t<div class=\"elementor-spacer\">\n\t\t\t<div class=\"elementor-spacer-inner\"><\/div>\n\t\t<\/div>\n\t\t\t\t\t\t<\/div>\n\t\t\t\t<\/div>\n\t\t\t\t\t<\/div>\n\t\t<\/div>\n\t\t\t\t\t<\/div>\n\t\t<\/section>\n\t\t\t\t<section class=\"elementor-section elementor-top-section elementor-element elementor-element-106af5f elementor-section-boxed elementor-section-height-default elementor-section-height-default\" data-id=\"106af5f\" data-element_type=\"section\" data-e-type=\"section\">\n\t\t\t\t\t\t<div class=\"elementor-container elementor-column-gap-default\">\n\t\t\t\t\t<div class=\"elementor-column elementor-col-50 elementor-top-column elementor-element elementor-element-4a13586\" data-id=\"4a13586\" data-element_type=\"column\" data-e-type=\"column\">\n\t\t\t<div class=\"elementor-widget-wrap elementor-element-populated\">\n\t\t\t\t\t\t<div class=\"elementor-element elementor-element-41d77de elementor-widget elementor-widget-text-editor\" data-id=\"41d77de\" data-element_type=\"widget\" data-e-type=\"widget\" data-widget_type=\"text-editor.default\">\n\t\t\t\t<div class=\"elementor-widget-container\">\n\t\t\t\t\t\t\t\t\t<p><strong>PSDISTUB-SC03<br \/>Tubos de vidrio de desintegraci\u00f3n para Secom (Set\/3)<\/strong><\/p><table id=\"kenmerktable\"><tbody><tr><td><strong>N\u00famero de producto \u00a0 \u00a0<\/strong><\/td><td>PSDISTUB-SC03<\/td><\/tr><tr><td><strong>OEM \u00a0 \u00a0<\/strong><\/td><td>farmatr\u00f3n<\/td><\/tr><tr><td><strong>Material \u00a0 \u00a0<\/strong><\/td><td>Vidrio de borosilicato<\/td><\/tr><\/tbody><\/table><p>Fabricante: Dissolution Accessories<\/p>\t\t\t\t\t\t\t\t<\/div>\n\t\t\t\t<\/div>\n\t\t\t\t\t<\/div>\n\t\t<\/div>\n\t\t\t\t<div class=\"elementor-column elementor-col-50 elementor-top-column elementor-element elementor-element-8572201\" data-id=\"8572201\" data-element_type=\"column\" data-e-type=\"column\">\n\t\t\t<div class=\"elementor-widget-wrap elementor-element-populated\">\n\t\t\t\t\t\t<div class=\"elementor-element elementor-element-655a7cc elementor-widget elementor-widget-text-editor\" data-id=\"655a7cc\" data-element_type=\"widget\" data-e-type=\"widget\" data-widget_type=\"text-editor.default\">\n\t\t\t\t<div class=\"elementor-widget-container\">\n\t\t\t\t\t\t\t\t\t<p><strong>PSDISTUB-SC06<br \/>Tubos de vidrio de desintegraci\u00f3n para Secom (Set\/6)<\/strong><\/p><table id=\"kenmerktable\"><tbody><tr><td><strong>N\u00famero de producto \u00a0 \u00a0<\/strong><\/td><td>PSDISTUB-SC06<\/td><\/tr><tr><td><strong>OEM \u00a0 \u00a0<\/strong><\/td><td>farmatr\u00f3n<\/td><\/tr><tr><td><strong>Material \u00a0 \u00a0<\/strong><\/td><td>Vidrio de borosilicato<\/td><\/tr><\/tbody><\/table><p>Fabricante: Dissolution Accessories<\/p>\t\t\t\t\t\t\t\t<\/div>\n\t\t\t\t<\/div>\n\t\t\t\t\t<\/div>\n\t\t<\/div>\n\t\t\t\t\t<\/div>\n\t\t<\/section>\n\t\t\t\t<section class=\"elementor-section elementor-top-section elementor-element elementor-element-66a8e46 elementor-section-boxed elementor-section-height-default elementor-section-height-default\" data-id=\"66a8e46\" data-element_type=\"section\" data-e-type=\"section\">\n\t\t\t\t\t\t<div class=\"elementor-container elementor-column-gap-default\">\n\t\t\t\t\t<div class=\"elementor-column elementor-col-50 elementor-top-column elementor-element elementor-element-e31f6ea\" data-id=\"e31f6ea\" data-element_type=\"column\" data-e-type=\"column\">\n\t\t\t<div class=\"elementor-widget-wrap elementor-element-populated\">\n\t\t\t\t\t\t<div class=\"elementor-element elementor-element-24edc0c elementor-widget elementor-widget-image\" data-id=\"24edc0c\" data-element_type=\"widget\" data-e-type=\"widget\" data-widget_type=\"image.default\">\n\t\t\t\t<div class=\"elementor-widget-container\">\n\t\t\t\t\t\t\t\t\t\t\t\t\t\t\t<img decoding=\"async\" width=\"500\" height=\"333\" src=\"https:\/\/valitec.co\/sitioweb\/wp-content\/uploads\/2023\/04\/18-1.jpg\" class=\"attachment-large size-large wp-image-3356\" alt=\"\" srcset=\"https:\/\/valitec.co\/sitioweb\/wp-content\/uploads\/2023\/04\/18-1.jpg 500w, https:\/\/valitec.co\/sitioweb\/wp-content\/uploads\/2023\/04\/18-1-300x200.jpg 300w, https:\/\/valitec.co\/sitioweb\/wp-content\/uploads\/2023\/04\/18-1-81x54.jpg 81w\" sizes=\"(max-width: 500px) 100vw, 500px\" \/>\t\t\t\t\t\t\t\t\t\t\t\t\t\t\t<\/div>\n\t\t\t\t<\/div>\n\t\t\t\t\t<\/div>\n\t\t<\/div>\n\t\t\t\t<div class=\"elementor-column elementor-col-50 elementor-top-column elementor-element elementor-element-108b4d9\" data-id=\"108b4d9\" data-element_type=\"column\" data-e-type=\"column\">\n\t\t\t<div class=\"elementor-widget-wrap elementor-element-populated\">\n\t\t\t\t\t\t<div class=\"elementor-element elementor-element-83d7888 elementor-widget elementor-widget-image\" data-id=\"83d7888\" data-element_type=\"widget\" data-e-type=\"widget\" data-widget_type=\"image.default\">\n\t\t\t\t<div class=\"elementor-widget-container\">\n\t\t\t\t\t\t\t\t\t\t\t\t\t\t\t<img decoding=\"async\" width=\"500\" height=\"333\" src=\"https:\/\/valitec.co\/sitioweb\/wp-content\/uploads\/2023\/04\/18-1.jpg\" class=\"attachment-large size-large wp-image-3356\" alt=\"\" srcset=\"https:\/\/valitec.co\/sitioweb\/wp-content\/uploads\/2023\/04\/18-1.jpg 500w, https:\/\/valitec.co\/sitioweb\/wp-content\/uploads\/2023\/04\/18-1-300x200.jpg 300w, https:\/\/valitec.co\/sitioweb\/wp-content\/uploads\/2023\/04\/18-1-81x54.jpg 81w\" sizes=\"(max-width: 500px) 100vw, 500px\" \/>\t\t\t\t\t\t\t\t\t\t\t\t\t\t\t<\/div>\n\t\t\t\t<\/div>\n\t\t\t\t\t<\/div>\n\t\t<\/div>\n\t\t\t\t\t<\/div>\n\t\t<\/section>\n\t\t\t\t<\/div>\n\t\t","protected":false},"excerpt":{"rendered":"<p>Compatible con Pharmaton PRUEBAS DE DESINTEGRACI\u00d3N PHARMATRON\u00a0Accesorios equivalentes para probadores de desintegraci\u00f3n Pharmatron.\u00a0Todos los accesorios se fabrican seg\u00fan las especificaciones de Pharmatron.\u00a0El aparato actual descrito en las Farmacopeas se dise\u00f1\u00f3 para proporcionar un m\u00e9todo reproducible y estandarizado para asegurar que se ha producido la desintegraci\u00f3n.\u00a0Cada una de las tabletas a probar se coloca en uno<\/p>\n<div class=\"klb-readmore\"><a class=\"c-btn\" href=\"https:\/\/valitec.co\/sitioweb\/pruebas-de-desintegracion-pharmatron\/\">Read More <i class=\"far fa-plus\"><\/i><\/a><\/div>\n","protected":false},"author":1,"featured_media":0,"parent":0,"menu_order":0,"comment_status":"closed","ping_status":"closed","template":"","meta":{"_eb_attr":"","footnotes":""},"class_list":["post-3409","page","type-page","status-publish","hentry"],"_links":{"self":[{"href":"https:\/\/valitec.co\/sitioweb\/wp-json\/wp\/v2\/pages\/3409","targetHints":{"allow":["GET"]}}],"collection":[{"href":"https:\/\/valitec.co\/sitioweb\/wp-json\/wp\/v2\/pages"}],"about":[{"href":"https:\/\/valitec.co\/sitioweb\/wp-json\/wp\/v2\/types\/page"}],"author":[{"embeddable":true,"href":"https:\/\/valitec.co\/sitioweb\/wp-json\/wp\/v2\/users\/1"}],"replies":[{"embeddable":true,"href":"https:\/\/valitec.co\/sitioweb\/wp-json\/wp\/v2\/comments?post=3409"}],"version-history":[{"count":4,"href":"https:\/\/valitec.co\/sitioweb\/wp-json\/wp\/v2\/pages\/3409\/revisions"}],"predecessor-version":[{"id":3413,"href":"https:\/\/valitec.co\/sitioweb\/wp-json\/wp\/v2\/pages\/3409\/revisions\/3413"}],"wp:attachment":[{"href":"https:\/\/valitec.co\/sitioweb\/wp-json\/wp\/v2\/media?parent=3409"}],"curies":[{"name":"wp","href":"https:\/\/api.w.org\/{rel}","templated":true}]}}